{"id":383,"date":"2025-10-09T10:07:31","date_gmt":"2025-10-09T10:07:31","guid":{"rendered":"https:\/\/mueckinvest.de\/?page_id=383"},"modified":"2026-01-05T08:02:19","modified_gmt":"2026-01-05T07:02:19","slug":"porownanie-tematycznych-wikifoliow","status":"publish","type":"page","link":"https:\/\/mueckinvest.com\/pl\/vergleich-der-themenwikifolios\/","title":{"rendered":"Por\u00f3wnanie tematycznych Wikifolios"},"content":{"rendered":"<div class=\"tabelle-vollbild\">\n  <table class=\"info-tabelle vergleich has-fixed-layout\">\n    <thead>\n      <tr>\n        <th class=\"kategorie\">kategoria<\/th>\n\n        <th class=\"wikifolio\">\n          <a href=\"https:\/\/mueckinvest.com\/pl\/beyond-trends-global-growth\/\" target=\"_blank\" rel=\"noopener\">\n            Poza trendami \u2013 globalny wzrost\n          <\/a>\n        <\/th>\n\n        <th class=\"wikifolio\">\n          <a href=\"https:\/\/mueckinvest.com\/pl\/powiazanie-innowacji\/\" target=\"_blank\" rel=\"noopener\">\n            Nexus innowacji\n          <\/a>\n        <\/th>\n\n        <th class=\"wikifolio\">\n          <a href=\"https:\/\/mueckinvest.com\/pl\/hidden-gems-nischenabdeckung\/\" target=\"_blank\" rel=\"noopener\">\n            Ukryte pere\u0142ki \u2013 niszowe relacje\n          <\/a>\n        <\/th>\n      <\/tr>\n    <\/thead>\n\n    <tbody>\n\n      <tr>\n        <td class=\"highlight\">wyr\u00f3wnanie<\/td>\n        <td>Og\u00f3lne megatrendy (technologia, zr\u00f3wnowa\u017cony rozw\u00f3j, opieka zdrowotna, inteligentne miasta)<\/td>\n        <td>Skupienie si\u0119 na cyfryzacji + mobilno\u015bci + surowcach<\/td>\n        <td>Tematy specjalistyczne i niszowe (podr\u00f3\u017ce kosmiczne, cyberbezpiecze\u0144stwo, rolnictwo, metale, infrastruktura)<\/td>\n      <\/tr>\n\n      <tr>\n        <td class=\"highlight\">Klasa ryzyka<\/td>\n        <td class=\"risiko-chancenorientiert\">zorientowany na mo\u017cliwo\u015bci<\/td>\n        <td class=\"risiko-chancenorientiert\">zorientowany na mo\u017cliwo\u015bci<\/td>\n        <td class=\"risiko-chancenorientiert\">zorientowany na mo\u017cliwo\u015bci<\/td>\n      <\/tr>\n\n      <tr>\n        <td class=\"highlight\">Op\u0142ata za wykonanie<\/td>\n        <td>15%<\/td>\n        <td>15%<\/td>\n        <td>15%<\/td>\n      <\/tr>\n\n      <tr>\n        <td class=\"highlight\">Wszech\u015bwiat inwestycyjny<\/td>\n        <td>Wszystkie akcje, fundusze ETF i fundusze akcyjne dost\u0119pne na Wikifolio.com<\/td>\n        <td>Wszystkie fundusze ETF i fundusze akcyjne oparte na akcjach i towarach dost\u0119pne na Wikifolio.com<\/td>\n        <td>Wszystkie ETF-y na akcje i towary dost\u0119pne na Wikifolio.com<\/td>\n      <\/tr>\n\n      <tr>\n        <td class=\"highlight\">Rebalancing<\/td>\n        <td>Kwartalny<\/td>\n        <td>Kwartalny<\/td>\n        <td>Kwartalny<\/td>\n      <\/tr>\n\n      <tr>\n        <td class=\"highlight\">Dzia\u0142<\/td>\n        <td>oko\u0142o 750 firm<\/td>\n        <td>oko\u0142o 600 firm<br>oko\u0142o 17 % rynku towarowego<\/td>\n        <td>oko\u0142o 700 firm<br>oko\u0142o 1200 obligacji infrastrukturalnych<br>oko\u0142o 18 % rynku towarowego<\/td>\n      <\/tr>\n\n      <tr>\n        <td class=\"highlight\">technologia<\/td>\n        <td>Robotyka, AI, technologia prze\u0142omowa, rozrywka cyfrowa, technologia opieki zdrowotnej, biorewolucja (~50 %)<\/td>\n        <td>P\u00f3\u0142przewodniki, technologie prze\u0142omowe, centra danych (~40 %)<\/td>\n        <td>Megatrendy technologiczne, kosmos, cyberbezpiecze\u0144stwo (~45 %)<\/td>\n      <\/tr>\n\n      <tr>\n        <td class=\"highlight\">Zr\u00f3wnowa\u017cony rozw\u00f3j i \u015brodowisko<\/td>\n        <td>Woda, gospodarka o obiegu zamkni\u0119tym, czysta energia, pojazdy elektryczne i technologia jazdy (~38 %)<\/td>\n        <td>Inteligentne sieci, inteligentna mobilno\u015b\u0107, wod\u00f3r (~30 %)<\/td>\n        <td>Przysz\u0142o\u015b\u0107 \u017cywno\u015bci, agrobiznesu, genomiki i biotechnologii (~24 %)<\/td>\n      <\/tr>\n\n      <tr>\n        <td class=\"highlight\">Surowce i materia\u0142y<\/td>\n        <td>ledwo (tylko po\u015brednio poprzez Czyst\u0105 Energi\u0119)<\/td>\n        <td>Lit, mied\u017a, metale ziem rzadkich, metale przemys\u0142owe (~30 %)<\/td>\n        <td>Pierwiastki ziem rzadkich, metale przemys\u0142owe (~10 %)<\/td>\n      <\/tr>\n\n      <tr>\n        <td class=\"highlight\">Infrastruktura i nieruchomo\u015bci<\/td>\n        <td>Inteligentne miasta (~12 %)<\/td>\n        <td>Centra danych, inteligentne sieci (~25 %)<\/td>\n        <td>Globalny fundusz infrastrukturalny Multi-Asset, NAREIT Global ETF (~21 %)<\/td>\n      <\/tr>\n\n      <tr>\n        <td class=\"highlight\">Dywersyfikacja<\/td>\n        <td>Bardzo szeroki, obejmuj\u0105cy wiele megatrend\u00f3w<\/td>\n        <td>Wi\u0119ksze skupienie na technologii + przysz\u0142ej mobilno\u015bci + surowcach<\/td>\n        <td>Wiele nisz, mieszanka technologii, biotechnologii, rolnictwa, surowc\u00f3w<\/td>\n      <\/tr>\n\n    <\/tbody>\n  <\/table>\n<\/div>\n\n<!-- Wrapper f\u00fcr die mobilen Spalten-Cards -->\n<div class=\"vergleich-cards\"><\/div>\n\n\n\n\n<section id=\"important-note\">\n<div class=\"note-container\">\n<p>Informacje te maj\u0105 charakter wy\u0142\u0105cznie orientacyjny i nie zast\u0119puj\u0105 porady inwestycyjnej.<\/p>\n<\/div>\n<\/section>","protected":false},"excerpt":{"rendered":"<p>Kategorie Beyond Trends \u2013 Global Growth Innovation Nexus Hidden Gems \u2013 Nischenabdeckung Ausrichtung Breite Megatrends (Technik, Nachhaltigkeit, Healthcare, Smart Cities) Fokus auf Digitalisierung + Mobilit\u00e4t + Rohstoffe Nischen- und Spezialthemen (Raumfahrt, Cybersecurity, Agrar, Metalle, Infrastruktur) Risikoklasse chancenorientiert chancenorientiert chancenorientiert Performance Geb\u00fchr 15% 15% 15% Anlageuniversum Alle auf Wikifolio.com verf\u00fcgbaren Aktien, Aktien ETFs und Aktien Fonds [&hellip;]<\/p>\n","protected":false},"author":1,"featured_media":0,"parent":0,"menu_order":0,"comment_status":"closed","ping_status":"closed","template":"page-no-sidebar","meta":{"pmpro_default_level":"","_monsterinsights_skip_tracking":false,"_monsterinsights_sitenote_active":false,"_monsterinsights_sitenote_note":"","_monsterinsights_sitenote_category":0,"footnotes":""},"class_list":["post-383","page","type-page","status-publish","hentry","pmpro-has-access"],"aioseo_notices":[],"_links":{"self":[{"href":"https:\/\/mueckinvest.com\/pl\/wp-json\/wp\/v2\/pages\/383","targetHints":{"allow":["GET"]}}],"collection":[{"href":"https:\/\/mueckinvest.com\/pl\/wp-json\/wp\/v2\/pages"}],"about":[{"href":"https:\/\/mueckinvest.com\/pl\/wp-json\/wp\/v2\/types\/page"}],"author":[{"embeddable":true,"href":"https:\/\/mueckinvest.com\/pl\/wp-json\/wp\/v2\/users\/1"}],"replies":[{"embeddable":true,"href":"https:\/\/mueckinvest.com\/pl\/wp-json\/wp\/v2\/comments?post=383"}],"version-history":[{"count":0,"href":"https:\/\/mueckinvest.com\/pl\/wp-json\/wp\/v2\/pages\/383\/revisions"}],"wp:attachment":[{"href":"https:\/\/mueckinvest.com\/pl\/wp-json\/wp\/v2\/media?parent=383"}],"curies":[{"name":"wp","href":"https:\/\/api.w.org\/{rel}","templated":true}]}}