{"id":380,"date":"2025-10-09T10:03:20","date_gmt":"2025-10-09T10:03:20","guid":{"rendered":"https:\/\/mueckinvest.de\/?page_id=380"},"modified":"2026-01-05T07:00:00","modified_gmt":"2026-01-05T06:00:00","slug":"kernwikifolio-vergleich","status":"publish","type":"page","link":"https:\/\/mueckinvest.com\/pl\/kernwikifolio-vergleich\/","title":{"rendered":"Por\u00f3wnanie g\u0142\u00f3wnych Wikifolios"},"content":{"rendered":"<div class=\"tabelle-vollbild\">\n  <table class=\"info-tabelle vergleich has-fixed-layout\">\n    <thead>\n      <tr>\n        <th class=\"kategorie\">kategoria<\/th>\n        <th class=\"wikifolio\">\n          <a href=\"https:\/\/mueckinvest.com\/pl\/inteligentne-inwestycje-na-calym-swiecie\/\" target=\"_blank\" rel=\"noopener\">\n            Globalnie inteligentne inwestycje\n          <\/a>\n        <\/th>\n        <th class=\"wikifolio\">\n          <a href=\"https:\/\/mueckinvest.com\/pl\/globalne-jadro-i-trendy\/\" target=\"_blank\" rel=\"noopener\">\n            Globalne j\u0105dro i trendy\n          <\/a>\n        <\/th>\n        <th class=\"wikifolio\">\n          <a href=\"https:\/\/mueckinvest.com\/pl\/global-shield\/\" target=\"_blank\" rel=\"noopener\">\n            Globalna Tarcza\n          <\/a>\n        <\/th>\n      <\/tr>\n    <\/thead>\n\n    <tbody>\n      <tr>\n        <td class=\"highlight\">wyr\u00f3wnanie<\/td>\n        <td>Globales Multi-Asset mit ESG, Multifaktor &amp; Krypto<\/td>\n        <td>Reines Aktienportfolio &amp; Faktorstrategien<\/td>\n        <td>Defensives Multi-Asset mit Fokus Anleihen, Rohstoffe &amp; Gold<\/td>\n      <\/tr>\n\n      <tr>\n        <td class=\"highlight\">Klasa ryzyka<\/td>\n        <td class=\"risiko-ausgewogen\">zr\u00f3wnowa\u017cony<\/td>\n        <td class=\"risiko-chancenorientiert\">zorientowany na mo\u017cliwo\u015bci<\/td>\n        <td class=\"risiko-defensiv\">defensiv<\/td>\n      <\/tr>\n\n      <tr>\n        <td class=\"highlight\">Op\u0142ata za wykonanie<\/td>\n        <td>10%<\/td>\n        <td>10%<\/td>\n        <td>15%<\/td>\n      <\/tr>\n\n      <tr>\n        <td class=\"highlight\">Wszech\u015bwiat inwestycyjny<\/td>\n        <td>Wszystkie ETF-y dost\u0119pne na Wikifolio.com<\/td>\n        <td>Wszystkie fundusze ETF dost\u0119pne na Wikifolio.com<\/td>\n        <td>Wszystkie ETF-y dost\u0119pne na Wikifolio.com<\/td>\n      <\/tr>\n\n      <tr>\n        <td class=\"highlight\">Rebalancing<\/td>\n        <td>Kwartalny<\/td>\n        <td>Kwartalny<\/td>\n        <td>Kwartalny<\/td>\n      <\/tr>\n\n      <tr>\n        <td class=\"highlight\">Akcje<\/td>\n        <td>~ 60 % (ESG + Multifaktor)<br>ca. 5.800 Unternehmen<\/td>\n        <td>100 % (inkl. Small Caps, EM, Faktoren)<br>ca. 8.500 Unternehmen<\/td>\n        <td>~ 30 % (defensiv: ESG, Konsumg\u00fcter, Minimum Volatility)<br>oko\u0142o 600 firm<\/td>\n      <\/tr>\n\n      <tr>\n        <td class=\"highlight\">Obligacje<\/td>\n        <td>~ 25 % (Aggregate, HY, EM, Inflation Linked)<br>ca. 21.500 Anleihen<\/td>\n        <td>\u2013<\/td>\n        <td>~ 50 % (Aggregate, HY, EM, Inflation Linked, Ultrashort)<br>ca. 22.000 Anleihen<\/td>\n      <\/tr>\n\n      <tr>\n        <td class=\"highlight\">Surowce<\/td>\n        <td>~ 6 % (breiter Rohstoffkorb)<br>ca. 90% des Rohstoffmarktes<\/td>\n        <td>\u2013<\/td>\n        <td>~ 10 % (breiter Rohstoffkorb)<br>ca. 90% des Rohstoffmarktes<\/td>\n      <\/tr>\n\n      <tr>\n        <td class=\"highlight\">Z\u0142oto<\/td>\n        <td>~ 4 %<\/td>\n        <td>\u2013<\/td>\n        <td>~ 10 %<\/td>\n      <\/tr>\n\n      <tr>\n        <td class=\"highlight\">Krypto<\/td>\n        <td>~ 5 % (Top 20 Kryptow\u00e4hrungen)<\/td>\n        <td>\u2013<\/td>\n        <td>\u2013<\/td>\n      <\/tr>\n\n      <tr>\n        <td class=\"highlight\">Faktor Strategien<\/td>\n        <td>Multifaktor (~20 %)<\/td>\n        <td>Multifaktor, Momentum, Value, Small Caps (~37 %)<\/td>\n        <td>Minimum Volatility (EM), Defensive Sektoren<\/td>\n      <\/tr>\n\n      <tr>\n        <td class=\"highlight\">ESG-Integration<\/td>\n        <td>Stark (Aktien + Anleihen)<\/td>\n        <td>Teilweise (\u00fcber Multifaktor-ETF)<\/td>\n        <td>Stark (ESG-Bonds, ESG-Equity)<\/td>\n      <\/tr>\n    <\/tbody>\n  <\/table>\n<\/div>\n\n<!-- Wrapper f\u00fcr die mobilen Spalten-Cards -->\n<div class=\"vergleich-cards\"><\/div>\n\n\n\n\n<section id=\"important-note\">\n<div class=\"note-container\">\n<p>Informacje te maj\u0105 charakter wy\u0142\u0105cznie orientacyjny i nie zast\u0119puj\u0105 porady inwestycyjnej.<\/p>\n<\/div>\n<\/section>","protected":false},"excerpt":{"rendered":"<p>Kategorie Weltweit Smart Investiert Global Core and Trends Global Shield Ausrichtung Globales Multi-Asset mit ESG, Multifaktor &amp; Krypto Reines Aktienportfolio &amp; Faktorstrategien Defensives Multi-Asset mit Fokus Anleihen, Rohstoffe &amp; Gold Risikoklasse ausgewogen chancenorientiert defensiv Performance Geb\u00fchr 10% 10% 15% Anlageuniversum Alle auf Wikifolio.com verf\u00fcgbaren ETFs Alle auf Wikifolio.com verf\u00fcgbaren Aktien ETFs Alle auf Wikifolio.com verf\u00fcgbaren [&hellip;]<\/p>\n","protected":false},"author":1,"featured_media":0,"parent":0,"menu_order":0,"comment_status":"closed","ping_status":"closed","template":"page-no-sidebar","meta":{"pmpro_default_level":"","_monsterinsights_skip_tracking":false,"_monsterinsights_sitenote_active":false,"_monsterinsights_sitenote_note":"","_monsterinsights_sitenote_category":0,"footnotes":""},"class_list":["post-380","page","type-page","status-publish","hentry","pmpro-has-access"],"aioseo_notices":[],"_links":{"self":[{"href":"https:\/\/mueckinvest.com\/pl\/wp-json\/wp\/v2\/pages\/380","targetHints":{"allow":["GET"]}}],"collection":[{"href":"https:\/\/mueckinvest.com\/pl\/wp-json\/wp\/v2\/pages"}],"about":[{"href":"https:\/\/mueckinvest.com\/pl\/wp-json\/wp\/v2\/types\/page"}],"author":[{"embeddable":true,"href":"https:\/\/mueckinvest.com\/pl\/wp-json\/wp\/v2\/users\/1"}],"replies":[{"embeddable":true,"href":"https:\/\/mueckinvest.com\/pl\/wp-json\/wp\/v2\/comments?post=380"}],"version-history":[{"count":0,"href":"https:\/\/mueckinvest.com\/pl\/wp-json\/wp\/v2\/pages\/380\/revisions"}],"wp:attachment":[{"href":"https:\/\/mueckinvest.com\/pl\/wp-json\/wp\/v2\/media?parent=380"}],"curies":[{"name":"wp","href":"https:\/\/api.w.org\/{rel}","templated":true}]}}