{"id":3735,"date":"2026-02-06T12:05:13","date_gmt":"2026-02-06T11:05:13","guid":{"rendered":"https:\/\/mueckinvest.de\/?page_id=3735"},"modified":"2026-03-18T16:00:00","modified_gmt":"2026-03-18T15:00:00","slug":"mueckinvest-ki","status":"publish","type":"page","link":"https:\/\/mueckinvest.com\/pl\/mueckinvest-ki\/","title":{"rendered":"Mueckinvest AI"},"content":{"rendered":"\n<p><strong>Wie die Mueckinvest\u2011KI arbeitet<\/strong><\/p>\n\n\n\n<p>Die KI basiert ausschlie\u00dflich auf gepr\u00fcften Inhalten aus meiner eigenen Wissensbasis sowie ausgew\u00e4hlten, verl\u00e4sslichen Quellen. Alle Informationen werden strukturiert aufbereitet und \u00fcber moderne Such\u2011 und Einbettungsverfahren verkn\u00fcpft. So erhalten Sie neutrale, verst\u00e4ndliche Erkl\u00e4rungen \u2013 ohne Empfehlungen, Spekulationen oder ungepr\u00fcfte Aussagen.<\/p>\n\n\n\n<p>Pro Tag sind <strong>2 Anfragen kostenlos<\/strong>. F\u00fcr weitere Anfragen steht das <strong><a href=\"https:\/\/mueckinvest.com\/registrierung\/\" data-type=\"page\" data-id=\"2780\">Premium\u2011Paket<\/a><\/strong> zur Verf\u00fcgung.<\/p>\n\n\n<section id=\"important-note\">\n<div class=\"note-container\">\n<p>Hinweis: Die Mueckinvest KI dient ausschlie\u00dflich allgemeinen Informationszwecken.\nIch gebe keine Finanzberatung und keine Handlungsempfehlungen.\nF\u00fcr die Richtigkeit, Vollst\u00e4ndigkeit und Aktualit\u00e4t der bereitgestellten Informationen \u00fcbernehme ich keine Gew\u00e4hr.<\/p>\n<\/div>\n<\/section>\n\n\n    <div id=\"mueckinvest-ki-root\" class=\"ki-root notranslate\" data-no-translate=\"true\"><\/div>\n\n    <script>\n        document.addEventListener(\"DOMContentLoaded\", function () {\n\n            let API_URL = \"https:\/\/mueckinvest.com\/ki-pipeline\/ki_app_endpoint.php\";\n            API_URL = API_URL.replace(\/([^:]\\\/)\\\/+\/g, \"$1\");\n\nfunction t(key, lang) {\n    const dict = {\n        \"title\": {\n            \"de\": \"Mueckinvest KI\",\n            \"en\": \"Mueckinvest AI\",\n            \"es\": \"Mueckinvest IA\",\n            \"fr\": \"Mueckinvest IA\",\n            \"pt\": \"Mueckinvest IA\",\n            \"ar\": \"Mueckinvest \u0627\u0644\u0630\u0643\u0627\u0621 \u0627\u0644\u0627\u0635\u0637\u0646\u0627\u0639\u064a\",\n            \"hi\": \"Mueckinvest \u090f\u0906\u0908\",\n            \"id\": \"Mueckinvest AI\",\n            \"zh\": \"Mueckinvest \u667a\u80fd\u52a9\u624b\",\n            \"ru\": \"Mueckinvest \u0418\u0418\",\n            \"ja\": \"Mueckinvest AI\",\n            \"bn\": \"Mueckinvest \u098f\u0986\u0987\",\n            \"ur\": \"Mueckinvest \u0627\u06d2 \u0622\u0626\u06cc\",\n            \"tr\": \"Mueckinvest Yapay Zeka\",\n            \"vi\": \"Mueckinvest AI\",\n            \"it\": \"Mueckinvest IA\",\n            \"ko\": \"Mueckinvest AI\",\n            \"pl\": \"Mueckinvest AI\",\n            \"sw\": \"Mueckinvest AI\",\n            \"th\": \"Mueckinvest AI\"\n        },\n        \"thinking\": {\n            \"de\": \"Denke nach...\",\n            \"en\": \"Thinking...\",\n            \"es\": \"Pensando...\",\n            \"fr\": \"R\u00e9flexion...\",\n            \"pt\": \"Pensando...\",\n            \"ar\": \"\u062c\u0627\u0631\u064d \u0627\u0644\u062a\u0641\u0643\u064a\u0631...\",\n            \"hi\": \"\u0938\u094b\u091a \u0930\u0939\u093e \u0939\u0942\u0901...\",\n            \"id\": \"Sedang berpikir...\",\n            \"zh\": \"\u601d\u8003\u4e2d...\",\n            \"ru\": \"\u0414\u0443\u043c\u0430\u044e...\",\n            \"ja\": \"\u8003\u3048\u3066\u3044\u307e\u3059...\",\n            \"bn\": \"\u09ad\u09be\u09ac\u099b\u09c7...\",\n            \"ur\": \"\u0633\u0648\u0686\u0627 \u062c\u0627 \u0631\u06c1\u0627 \u06c1\u06d2...\",\n            \"tr\": \"D\u00fc\u015f\u00fcn\u00fcyor...\",\n            \"vi\": \"\u0110ang suy ngh\u0129...\",\n            \"it\": \"Sto pensando...\",\n            \"ko\": \"\uc0dd\uac01 \uc911...\",\n            \"pl\": \"Zastanawiam si\u0119...\",\n            \"sw\": \"Inafikiria...\",\n            \"th\": \"\u0e01\u0e33\u0e25\u0e31\u0e07\u0e04\u0e34\u0e14...\"\n        },\n        \"error\": {\n            \"de\": \"Fehler bei der Anfrage.\",\n            \"en\": \"An error occurred.\",\n            \"es\": \"Ocurri\u00f3 un error.\",\n            \"fr\": \"Une erreur s'est produite.\",\n            \"pt\": \"Ocorreu um erro.\",\n            \"ar\": \"\u062d\u062f\u062b \u062e\u0637\u0623.\",\n            \"hi\": \"\u090f\u0915 \u0924\u094d\u0930\u0941\u091f\u093f \u0939\u0941\u0908\u0964\",\n            \"id\": \"Terjadi kesalahan.\",\n            \"zh\": \"\u53d1\u751f\u9519\u8bef\u3002\",\n            \"ru\": \"\u041f\u0440\u043e\u0438\u0437\u043e\u0448\u043b\u0430 \u043e\u0448\u0438\u0431\u043a\u0430.\",\n            \"ja\": \"\u30a8\u30e9\u30fc\u304c\u767a\u751f\u3057\u307e\u3057\u305f\u3002\",\n            \"bn\": \"\u098f\u0995\u099f\u09bf \u09a4\u09cd\u09b0\u09c1\u099f\u09bf \u0998\u099f\u09c7\u099b\u09c7\u0964\",\n            \"ur\": \"\u0627\u06cc\u06a9 \u062e\u0631\u0627\u0628\u06cc \u067e\u06cc\u0634 \u0622\u06af\u0626\u06cc\u06d4\",\n            \"tr\": \"Bir hata olu\u015ftu.\",\n            \"vi\": \"\u0110\u00e3 x\u1ea3y ra l\u1ed7i.\",\n            \"it\": \"Si \u00e8 verificato un errore.\",\n            \"ko\": \"\uc624\ub958\uac00 \ubc1c\uc0dd\ud588\uc2b5\ub2c8\ub2e4.\",\n            \"pl\": \"Wyst\u0105pi\u0142 b\u0142\u0105d.\",\n            \"sw\": \"Kumetokea hitilafu.\",\n            \"th\": \"\u0e40\u0e01\u0e34\u0e14\u0e02\u0e49\u0e2d\u0e1c\u0e34\u0e14\u0e1e\u0e25\u0e32\u0e14\"\n        },\n        \"no_answer\": {\n            \"de\": \"Keine Antwort m\u00f6glich.\",\n            \"en\": \"No answer available.\",\n            \"es\": \"No hay respuesta disponible.\",\n            \"fr\": \"Aucune r\u00e9ponse disponible.\",\n            \"pt\": \"Nenhuma resposta dispon\u00edvel.\",\n            \"ar\": \"\u0644\u0627 \u062a\u0648\u062c\u062f \u0625\u062c\u0627\u0628\u0629 \u0645\u062a\u0627\u062d\u0629.\",\n            \"hi\": \"\u0915\u094b\u0908 \u0909\u0924\u094d\u0924\u0930 \u0909\u092a\u0932\u092c\u094d\u0927 \u0928\u0939\u0940\u0902 \u0939\u0948\u0964\",\n            \"id\": \"Tidak ada jawaban tersedia.\",\n            \"zh\": \"\u6ca1\u6709\u53ef\u7528\u7684\u56de\u7b54\u3002\",\n            \"ru\": \"\u041d\u0435\u0442 \u0434\u043e\u0441\u0442\u0443\u043f\u043d\u043e\u0433\u043e \u043e\u0442\u0432\u0435\u0442\u0430.\",\n            \"ja\": \"\u56de\u7b54\u304c\u3042\u308a\u307e\u305b\u3093\u3002\",\n            \"bn\": \"\u0995\u09cb\u09a8\u09cb \u0989\u09a4\u09cd\u09a4\u09b0 \u0989\u09aa\u09b2\u09ac\u09cd\u09a7 \u09a8\u09c7\u0987\u0964\",\n            \"ur\": \"\u06a9\u0648\u0626\u06cc \u062c\u0648\u0627\u0628 \u062f\u0633\u062a\u06cc\u0627\u0628 \u0646\u06c1\u06cc\u06ba\u06d4\",\n            \"tr\": \"Yan\u0131t mevcut de\u011fil.\",\n            \"vi\": \"Kh\u00f4ng c\u00f3 c\u00e2u tr\u1ea3 l\u1eddi.\",\n            \"it\": \"Nessuna risposta disponibile.\",\n            \"ko\": \"\uc0ac\uc6a9 \uac00\ub2a5\ud55c \ub2f5\ubcc0\uc774 \uc5c6\uc2b5\ub2c8\ub2e4.\",\n            \"pl\": \"Brak dost\u0119pnej odpowiedzi.\",\n            \"sw\": \"Hakuna jibu linalopatikana.\",\n            \"th\": \"\u0e44\u0e21\u0e48\u0e21\u0e35\u0e04\u0e33\u0e15\u0e2d\u0e1a\"\n        },\n        \"placeholder\": {\n            \"de\": \"Ihre Frage eingeben...\",\n            \"en\": \"Enter your question...\",\n            \"es\": \"Escribe tu pregunta...\",\n            \"fr\": \"Entrez votre question...\",\n            \"pt\": \"Digite sua pergunta...\",\n            \"ar\": \"\u0627\u0643\u062a\u0628 \u0633\u0624\u0627\u0644\u0643...\",\n            \"hi\": \"\u0905\u092a\u0928\u093e \u092a\u094d\u0930\u0936\u094d\u0928 \u0926\u0930\u094d\u091c \u0915\u0930\u0947\u0902...\",\n            \"id\": \"Masukkan pertanyaan Anda...\",\n            \"zh\": \"\u8f93\u5165\u4f60\u7684\u95ee\u9898...\",\n            \"ru\": \"\u0412\u0432\u0435\u0434\u0438\u0442\u0435 \u0432\u0430\u0448 \u0432\u043e\u043f\u0440\u043e\u0441...\",\n            \"ja\": \"\u8cea\u554f\u3092\u5165\u529b\u3057\u3066\u304f\u3060\u3055\u3044...\",\n            \"bn\": \"\u0986\u09aa\u09a8\u09be\u09b0 \u09aa\u09cd\u09b0\u09b6\u09cd\u09a8 \u09b2\u09bf\u0996\u09c1\u09a8...\",\n            \"ur\": \"\u0627\u067e\u0646\u0627 \u0633\u0648\u0627\u0644 \u062f\u0631\u062c \u06a9\u0631\u06cc\u06ba...\",\n            \"tr\": \"Sorunuzu yaz\u0131n...\",\n            \"vi\": \"Nh\u1eadp c\u00e2u h\u1ecfi c\u1ee7a b\u1ea1n...\",\n            \"it\": \"Inserisci la tua domanda...\",\n            \"ko\": \"\uc9c8\ubb38\uc744 \uc785\ub825\ud558\uc138\uc694...\",\n            \"pl\": \"Wpisz swoje pytanie...\",\n            \"sw\": \"Ingiza swali lako...\",\n            \"th\": \"\u0e1e\u0e34\u0e21\u0e1e\u0e4c\u0e04\u0e33\u0e16\u0e32\u0e21\u0e02\u0e2d\u0e07\u0e04\u0e38\u0e13...\"\n        },\n        \"send\": {\n            \"de\": \"Senden\",\n            \"en\": \"Send\",\n            \"es\": \"Enviar\",\n            \"fr\": \"Envoyer\",\n            \"pt\": \"Enviar\",\n            \"ar\": \"\u0625\u0631\u0633\u0627\u0644\",\n            \"hi\": \"\u092d\u0947\u091c\u0947\u0902\",\n            \"id\": \"Kirim\",\n            \"zh\": \"\u53d1\u9001\",\n            \"ru\": \"\u041e\u0442\u043f\u0440\u0430\u0432\u0438\u0442\u044c\",\n            \"ja\": \"\u9001\u4fe1\",\n            \"bn\": \"\u09aa\u09be\u09a0\u09be\u09a8\",\n            \"ur\": \"\u0628\u06be\u06cc\u062c\u06cc\u06ba\",\n            \"tr\": \"G\u00f6nder\",\n            \"vi\": \"G\u1eedi\",\n            \"it\": \"Invia\",\n            \"ko\": \"\ubcf4\ub0b4\uae30\",\n            \"pl\": \"Wy\u015blij\",\n            \"sw\": \"Tuma\",\n            \"th\": \"\u0e2a\u0e48\u0e07\"\n        },\n        \"advice_warning\": {\n            \"de\": \"Hinweis: Ich darf keine Finanzberatung geben. Ich kann Ihnen aber neutral erkl\u00e4ren, wie etwas funktioniert.\",\n            \"en\": \"Note: I cannot provide financial advice, but I can explain how things work.\",\n            \"es\": \"Nota: No puedo dar asesoramiento financiero, pero puedo explicar c\u00f3mo funcionan las cosas.\",\n            \"fr\": \"Note : Je ne peux pas fournir de conseils financiers, mais je peux expliquer comment les choses fonctionnent.\",\n            \"pt\": \"Nota: N\u00e3o posso fornecer aconselhamento financeiro, mas posso explicar como as coisas funcionam.\",\n            \"ar\": \"\u0645\u0644\u0627\u062d\u0638\u0629: \u0644\u0627 \u064a\u0645\u0643\u0646\u0646\u064a \u062a\u0642\u062f\u064a\u0645 \u0627\u0633\u062a\u0634\u0627\u0631\u0627\u062a \u0645\u0627\u0644\u064a\u0629\u060c \u0644\u0643\u0646 \u064a\u0645\u0643\u0646\u0646\u064a \u0634\u0631\u062d \u0643\u064a\u0641\u064a\u0629 \u0639\u0645\u0644 \u0627\u0644\u0623\u0645\u0648\u0631 \u0628\u0634\u0643\u0644 \u0645\u062d\u0627\u064a\u062f.\",\n            \"hi\": \"\u0928\u094b\u091f: \u092e\u0948\u0902 \u0935\u093f\u0924\u094d\u0924\u0940\u092f \u0938\u0932\u093e\u0939 \u0928\u0939\u0940\u0902 \u0926\u0947 \u0938\u0915\u0924\u093e, \u0932\u0947\u0915\u093f\u0928 \u092e\u0948\u0902 \u0938\u092e\u091d\u093e \u0938\u0915\u0924\u093e \u0939\u0942\u0901 \u0915\u093f \u091a\u0940\u091c\u0947\u0902 \u0915\u0948\u0938\u0947 \u0915\u093e\u092e \u0915\u0930\u0924\u0940 \u0939\u0948\u0902\u0964\",\n            \"id\": \"Catatan: Saya tidak dapat memberikan nasihat keuangan, tetapi saya dapat menjelaskan cara kerjanya.\",\n            \"zh\": \"\u6ce8\u610f\uff1a\u6211\u4e0d\u80fd\u63d0\u4f9b\u8d22\u52a1\u5efa\u8bae\uff0c\u4f46\u6211\u53ef\u4ee5\u4e2d\u7acb\u5730\u89e3\u91ca\u5176\u8fd0\u4f5c\u65b9\u5f0f\u3002\",\n            \"ru\": \"\u041f\u0440\u0438\u043c\u0435\u0447\u0430\u043d\u0438\u0435: \u042f \u043d\u0435 \u043c\u043e\u0433\u0443 \u0434\u0430\u0432\u0430\u0442\u044c \u0444\u0438\u043d\u0430\u043d\u0441\u043e\u0432\u044b\u0435 \u0441\u043e\u0432\u0435\u0442\u044b, \u043d\u043e \u043c\u043e\u0433\u0443 \u043d\u0435\u0439\u0442\u0440\u0430\u043b\u044c\u043d\u043e \u043e\u0431\u044a\u044f\u0441\u043d\u0438\u0442\u044c, \u043a\u0430\u043a \u0432\u0441\u0451 \u0440\u0430\u0431\u043e\u0442\u0430\u0435\u0442.\",\n            \"ja\": \"\u6ce8\u610f\uff1a\u91d1\u878d\u30a2\u30c9\u30d0\u30a4\u30b9\u306f\u3067\u304d\u307e\u305b\u3093\u304c\u3001\u4ed5\u7d44\u307f\u3092\u4e2d\u7acb\u7684\u306b\u8aac\u660e\u3067\u304d\u307e\u3059\u3002\",\n            \"bn\": \"\u09a8\u09cb\u099f: \u0986\u09ae\u09bf \u0986\u09b0\u09cd\u09a5\u09bf\u0995 \u09aa\u09b0\u09be\u09ae\u09b0\u09cd\u09b6 \u09a6\u09bf\u09a4\u09c7 \u09aa\u09be\u09b0\u09bf \u09a8\u09be, \u09a4\u09ac\u09c7 \u09a8\u09bf\u09b0\u09aa\u09c7\u0995\u09cd\u09b7\u09ad\u09be\u09ac\u09c7 \u09ac\u09cd\u09af\u09be\u0996\u09cd\u09af\u09be \u0995\u09b0\u09a4\u09c7 \u09aa\u09be\u09b0\u09bf\u0964\",\n            \"ur\": \"\u0646\u0648\u0679: \u0645\u06cc\u06ba \u0645\u0627\u0644\u06cc \u0645\u0634\u0648\u0631\u06c1 \u0646\u06c1\u06cc\u06ba \u062f\u06d2 \u0633\u06a9\u062a\u0627\u060c \u0644\u06cc\u06a9\u0646 \u063a\u06cc\u0631 \u062c\u0627\u0646\u0628\u062f\u0627\u0631\u0627\u0646\u06c1 \u0637\u0648\u0631 \u067e\u0631 \u0633\u0645\u062c\u06be\u0627 \u0633\u06a9\u062a\u0627 \u06c1\u0648\u06ba \u06a9\u06c1 \u0686\u06cc\u0632\u06cc\u06ba \u06a9\u06cc\u0633\u06d2 \u06a9\u0627\u0645 \u06a9\u0631\u062a\u06cc \u06c1\u06cc\u06ba\u06d4\",\n            \"tr\": \"Not: Finansal tavsiye veremem, ancak bir \u015feylerin nas\u0131l \u00e7al\u0131\u015ft\u0131\u011f\u0131n\u0131 tarafs\u0131zca a\u00e7\u0131klayabilirim.\",\n            \"vi\": \"L\u01b0u \u00fd: T\u00f4i kh\u00f4ng th\u1ec3 \u0111\u01b0a ra l\u1eddi khuy\u00ean t\u00e0i ch\u00ednh, nh\u01b0ng t\u00f4i c\u00f3 th\u1ec3 gi\u1ea3i th\u00edch c\u00e1ch m\u1ecdi th\u1ee9 ho\u1ea1t \u0111\u1ed9ng.\",\n            \"it\": \"Nota: Non posso fornire consulenza finanziaria, ma posso spiegare in modo neutrale come funzionano le cose.\",\n            \"ko\": \"\ucc38\uace0: \uae08\uc735 \uc870\uc5b8\uc740 \uc81c\uacf5\ud560 \uc218 \uc5c6\uc9c0\ub9cc, \uc791\ub3d9 \ubc29\uc2dd\uc744 \uc911\ub9bd\uc801\uc73c\ub85c \uc124\uba85\ud560 \uc218 \uc788\uc2b5\ub2c8\ub2e4.\",\n            \"pl\": \"Uwaga: Nie mog\u0119 udziela\u0107 porad finansowych, ale mog\u0119 neutralnie wyja\u015bni\u0107, jak co\u015b dzia\u0142a.\",\n            \"sw\": \"Tanbihi: Siwezi kutoa ushauri wa kifedha, lakini naweza kueleza kwa njia isiyoegemea upande wowote jinsi mambo yanavyofanya kazi.\",\n            \"th\": \"\u0e2b\u0e21\u0e32\u0e22\u0e40\u0e2b\u0e15\u0e38: \u0e09\u0e31\u0e19\u0e44\u0e21\u0e48\u0e2a\u0e32\u0e21\u0e32\u0e23\u0e16\u0e43\u0e2b\u0e49\u0e04\u0e33\u0e41\u0e19\u0e30\u0e19\u0e33\u0e17\u0e32\u0e07\u0e01\u0e32\u0e23\u0e40\u0e07\u0e34\u0e19\u0e44\u0e14\u0e49 \u0e41\u0e15\u0e48\u0e09\u0e31\u0e19\u0e2a\u0e32\u0e21\u0e32\u0e23\u0e16\u0e2d\u0e18\u0e34\u0e1a\u0e32\u0e22\u0e01\u0e32\u0e23\u0e17\u0e33\u0e07\u0e32\u0e19\u0e02\u0e2d\u0e07\u0e2a\u0e34\u0e48\u0e07\u0e15\u0e48\u0e32\u0e07 \u0e46 \u0e44\u0e14\u0e49\u0e2d\u0e22\u0e48\u0e32\u0e07\u0e40\u0e1b\u0e47\u0e19\u0e01\u0e25\u0e32\u0e07\"\n        }\n    };\n\n    return dict[key]?.[lang] || dict[key]?.[\"en\"];\n}\n\nfunction getLang() {\n    const path = window.location.pathname.toLowerCase();\n\n    if (path.startsWith(\"\/en\/\")) return \"en\";\n    if (path.startsWith(\"\/es\/\")) return \"es\";\n    if (path.startsWith(\"\/fr\/\")) return \"fr\";\n    if (path.startsWith(\"\/pt\/\")) return \"pt\";\n    if (path.startsWith(\"\/ar\/\")) return \"ar\";\n    if (path.startsWith(\"\/hi\/\")) return \"hi\";\n    if (path.startsWith(\"\/id\/\")) return \"id\";\n    if (path.startsWith(\"\/zh\/\")) return \"zh\";\n    if (path.startsWith(\"\/ru\/\")) return \"ru\";\n    if (path.startsWith(\"\/ja\/\")) return \"ja\";\n    if (path.startsWith(\"\/bn\/\")) return \"bn\";\n    if (path.startsWith(\"\/ur\/\")) return \"ur\";\n    if (path.startsWith(\"\/tr\/\")) return \"tr\";\n    if (path.startsWith(\"\/vi\/\")) return \"vi\";\n\n    \/\/ Neue Sprachen\n    if (path.startsWith(\"\/it\/\")) return \"it\";\n    if (path.startsWith(\"\/ko\/\")) return \"ko\";\n    if (path.startsWith(\"\/pl\/\")) return \"pl\";\n    if (path.startsWith(\"\/sw\/\")) return \"sw\";\n    if (path.startsWith(\"\/th\/\")) return \"th\";\n\n    return \"de\"; \/\/ Default fallback = Deutsch\n}\n\nconst lang = getLang();\n\n            const root = document.getElementById(\"mueckinvest-ki-root\");\n            root.setAttribute(\"data-no-translate\", \"true\");\n            root.classList.add(\"notranslate\");\n\n            root.innerHTML = `\n                <div class=\"ki-wrapper\">\n                    <div class=\"ki-header\">${t(\"title\", lang)}<\/div>\n                    <div id=\"chat\" class=\"ki-chat\"><\/div>\n                    <div class=\"ki-input-area\">\n                        <input id=\"ki_input\" type=\"text\" class=\"ki-input\">\n                        <button id=\"ki_send\" class=\"ki-button\"><\/button>\n                    <\/div>\n                <\/div>\n            `;\n\n            const chat    = document.getElementById(\"chat\");\n            const input   = document.getElementById(\"ki_input\");\n            const sendBtn = document.getElementById(\"ki_send\");\n\n            input.placeholder = t(\"placeholder\", lang);\n            sendBtn.textContent = t(\"send\", lang);\n\nfunction isFinancialAdviceQuestion(q, lang) {\n    q = q.toLowerCase();\n    const triggers = {\n        \"de\": [\"kaufen\",\"verkaufen\",\"halten\",\"soll ich\",\"investieren\",\"anlage\",\"anlegen\",\"welcher etf\",\"empfehlung\",\"portfolio\"],\n        \"en\": [\"buy\",\"sell\",\"hold\",\"should i\",\"invest\",\"investment\",\"which etf\",\"recommendation\",\"portfolio\"],\n        \"es\": [\"comprar\",\"vender\",\"mantener\",\"deber\u00eda\",\"invertir\",\"inversi\u00f3n\",\"qu\u00e9 etf\",\"recomendaci\u00f3n\",\"cartera\"],\n        \"fr\": [\"acheter\",\"vendre\",\"conserver\",\"devrais-je\",\"investir\",\"investissement\",\"quel etf\",\"recommandation\",\"portefeuille\"],\n        \"pt\": [\"comprar\",\"vender\",\"manter\",\"devo\",\"investir\",\"investimento\",\"qual etf\",\"recomenda\u00e7\u00e3o\",\"portf\u00f3lio\"],\n        \"ar\": [\"\u0634\u0631\u0627\u0621\",\"\u0628\u064a\u0639\",\"\u0627\u062d\u062a\u0641\u0627\u0638\",\"\u0647\u0644 \u064a\u062c\u0628\",\"\u0627\u0633\u062a\u062b\u0645\u0627\u0631\",\"\u0645\u062d\u0641\u0638\u0629\",\"\u062a\u0648\u0635\u064a\u0629\",\"\u0635\u0646\u062f\u0648\u0642\",\"etf\"],\n        \"hi\": [\"\u0916\u0930\u0940\u0926\",\"\u092c\u0947\u091a\",\"\u0930\u0916\u0928\u093e\",\"\u0915\u094d\u092f\u093e \u092e\u0941\u091d\u0947\",\"\u0928\u093f\u0935\u0947\u0936\",\"\u092a\u094b\u0930\u094d\u091f\u092b\u094b\u0932\u093f\u092f\u094b\",\"\u0938\u093f\u092b\u093e\u0930\u093f\u0936\",\"etf\"],\n        \"id\": [\"beli\",\"jual\",\"tahan\",\"haruskah\",\"investasi\",\"portofolio\",\"rekomendasi\",\"etf\"],\n\n        \/\/ --- Existing extended languages ---\n\n        \"zh\": [\"\u4e70\",\"\u5356\",\"\u6301\u6709\",\"\u5e94\u8be5\",\"\u6295\u8d44\",\"\u6295\u8d44\u7ec4\u5408\",\"\u63a8\u8350\",\"etf\"],\n        \"ru\": [\"\u043a\u0443\u043f\u0438\u0442\u044c\",\"\u043f\u0440\u043e\u0434\u0430\u0442\u044c\",\"\u0434\u0435\u0440\u0436\u0430\u0442\u044c\",\"\u0441\u0442\u043e\u0438\u0442 \u043b\u0438\",\"\u0438\u043d\u0432\u0435\u0441\u0442\u0438\u0440\u043e\u0432\u0430\u0442\u044c\",\"\u0438\u043d\u0432\u0435\u0441\u0442\u0438\u0446\u0438\u044f\",\"\u043a\u0430\u043a\u043e\u0439 etf\",\"\u0440\u0435\u043a\u043e\u043c\u0435\u043d\u0434\u0430\u0446\u0438\u044f\",\"\u043f\u043e\u0440\u0442\u0444\u0435\u043b\u044c\"],\n        \"ja\": [\"\u8cb7\u3046\",\"\u58f2\u308b\",\"\u30db\u30fc\u30eb\u30c9\",\"\u3059\u3079\u304d\",\"\u6295\u8cc7\",\"\u30dd\u30fc\u30c8\u30d5\u30a9\u30ea\u30aa\",\"\u304a\u3059\u3059\u3081\",\"etf\"],\n        \"bn\": [\"\u0995\u09bf\u09a8\u09ac\",\"\u09ac\u09bf\u0995\u09cd\u09b0\u09bf\",\"\u09a7\u09b0\u09c7 \u09b0\u09be\u0996\u09be\",\"\u0989\u099a\u09bf\u09a4 \u0995\u09bf\",\"\u09ac\u09bf\u09a8\u09bf\u09af\u09bc\u09cb\u0997\",\"\u09aa\u09cb\u09b0\u09cd\u099f\u09ab\u09cb\u09b2\u09bf\u0993\",\"\u09b8\u09c1\u09aa\u09be\u09b0\u09bf\u09b6\",\"etf\"],\n        \"ur\": [\"\u062e\u0631\u06cc\u062f\",\"\u0641\u0631\u0648\u062e\u062a\",\"\u0631\u06a9\u06be\u0648\u06ba\",\"\u06a9\u06cc\u0627 \u0645\u062c\u06be\u06d2\",\"\u0633\u0631\u0645\u0627\u06cc\u06c1 \u06a9\u0627\u0631\u06cc\",\"\u067e\u0648\u0631\u0679 \u0641\u0648\u0644\u06cc\u0648\",\"\u062a\u062c\u0648\u06cc\u0632\",\"etf\"],\n        \"tr\": [\"al\",\"sat\",\"tut\",\"mal\u0131 m\u0131y\u0131m\",\"yat\u0131r\u0131m\",\"portf\u00f6y\",\"\u00f6neri\",\"hangi etf\"],\n        \"vi\": [\"mua\",\"b\u00e1n\",\"gi\u1eef\",\"c\u00f3 n\u00ean\",\"\u0111\u1ea7u t\u01b0\",\"danh m\u1ee5c\",\"g\u1ee3i \u00fd\",\"etf\"],\n\n        \/\/ --- NEW LANGUAGES ---\n\n        \/\/ Italienisch\n        \"it\": [\"comprare\",\"vendere\",\"tenere\",\"dovrei\",\"investire\",\"investimento\",\"quale etf\",\"raccomandazione\",\"portafoglio\"],\n\n        \/\/ Koreanisch\n        \"ko\": [\"\ub9e4\uc218\",\"\ub9e4\ub3c4\",\"\ubcf4\uc720\",\"\uc0ac\uc57c\",\"\ud314\uc544\uc57c\",\"\ud22c\uc790\",\"\ud3ec\ud2b8\ud3f4\ub9ac\uc624\",\"\ucd94\ucc9c\",\"etf\"],\n\n        \/\/ Polnisch\n        \"pl\": [\"kupi\u0107\",\"sprzeda\u0107\",\"trzyma\u0107\",\"czy powinienem\",\"inwestowa\u0107\",\"inwestycja\",\"jaki etf\",\"rekomendacja\",\"portfel\"],\n\n        \/\/ Suaheli\n        \"sw\": [\"kununua\",\"kuuza\",\"kushikilia\",\"je ninapaswa\",\"kuwekeza\",\"uwekezaji\",\"mapendekezo\",\"etf\",\"mfuko\"],\n\n        \/\/ Thai\n        \"th\": [\"\u0e0b\u0e37\u0e49\u0e2d\",\"\u0e02\u0e32\u0e22\",\"\u0e16\u0e37\u0e2d\",\"\u0e04\u0e27\u0e23\u0e44\u0e2b\u0e21\",\"\u0e25\u0e07\u0e17\u0e38\u0e19\",\"\u0e1e\u0e2d\u0e23\u0e4c\u0e15\",\"\u0e04\u0e33\u0e41\u0e19\u0e30\u0e19\u0e33\",\"etf\"]\n    };\n\n    const list = triggers[lang] || triggers[\"en\"];\n    return list.some(tg => q.includes(tg));\n}\n\n            function addMessage(text, type) {\n                const div = document.createElement(\"div\");\n                div.classList.add(\"ki-bubble\");\n                div.classList.add(type === \"user\" ? \"ki-bubble-user\" : \"ki-bubble-ai\");\n                div.innerHTML = String(text).replace(\/\\n\/g, \"<br>\");\n                chat.appendChild(div);\n                chat.scrollTop = chat.scrollHeight;\n            }\n\n            function b64(str) {\n                return btoa(unescape(encodeURIComponent(str)));\n            }\n\n            async function sendMessage() {\n                const question = input.value.trim();\n                if (!question) return;\n\n                if (isFinancialAdviceQuestion(question, lang)) {\n                    addMessage(t(\"advice_warning\", lang), \"bot\");\n                }\n\n                addMessage(question, \"user\");\n                input.value = \"\";\n                input.focus();\n\n                const loading = document.createElement(\"div\");\n                loading.textContent = t(\"thinking\", lang);\n                loading.classList.add(\"ki-loading\");\n                chat.appendChild(loading);\n                chat.scrollTop = chat.scrollHeight;\n\n                sendBtn.disabled = true;\n\n                try {\n                    const response = await fetch(API_URL, {\n                        method: \"POST\",\n                        body: new URLSearchParams({\n                            payload: b64(JSON.stringify({\n                                question: question,\n                                lang: \"auto\"\n                            }))\n                        })\n                    });\n\n                    let raw = await response.text();\n                    console.log(\"RAW KI Response:\", raw);\n\n                    let jsonStart = raw.indexOf(\"{\");\n                    let jsonEnd   = raw.lastIndexOf(\"}\");\n\n                    if (jsonStart === -1 || jsonEnd === -1) {\n                        loading.remove();\n                        addMessage(t(\"error\", lang), \"bot\");\n                        sendBtn.disabled = false;\n                        return;\n                    }\n\n                    let clean = raw.substring(jsonStart, jsonEnd + 1);\n\n                    let data;\n                    try {\n                        data = JSON.parse(clean);\n                    } catch (e) {\n                        console.error(\"JSON parse error:\", e, clean);\n                        loading.remove();\n                        addMessage(t(\"error\", lang), \"bot\");\n                        sendBtn.disabled = false;\n                        return;\n                    }\n\n                    loading.remove();\n                    addMessage(data.answer || t(\"no_answer\", lang), \"bot\");\n\n                } catch (e) {\n                    console.error(\"Fetch error:\", e);\n                    loading.remove();\n                    addMessage(t(\"error\", lang), \"bot\");\n                }\n\n                sendBtn.disabled = false;\n            }\n\n            sendBtn.addEventListener(\"click\", sendMessage);\n            input.addEventListener(\"keydown\", function (e) {\n                if (e.key === \"Enter\") sendMessage();\n            });\n        });\n    <\/script>\n\n    \n\n\n\n<p><\/p>\n","protected":false},"excerpt":{"rendered":"<p>Wie die Mueckinvest\u2011KI arbeitet Die KI basiert ausschlie\u00dflich auf gepr\u00fcften Inhalten aus meiner eigenen Wissensbasis sowie ausgew\u00e4hlten, verl\u00e4sslichen Quellen. Alle Informationen werden strukturiert aufbereitet und \u00fcber moderne Such\u2011 und Einbettungsverfahren verkn\u00fcpft. So erhalten Sie neutrale, verst\u00e4ndliche Erkl\u00e4rungen \u2013 ohne Empfehlungen, Spekulationen oder ungepr\u00fcfte Aussagen. Pro Tag sind 2 Anfragen kostenlos. F\u00fcr weitere Anfragen steht das [&hellip;]<\/p>\n","protected":false},"author":1,"featured_media":0,"parent":0,"menu_order":0,"comment_status":"closed","ping_status":"closed","template":"","meta":{"pmpro_default_level":"","_monsterinsights_skip_tracking":false,"_monsterinsights_sitenote_active":false,"_monsterinsights_sitenote_note":"","_monsterinsights_sitenote_category":0,"footnotes":""},"class_list":["post-3735","page","type-page","status-publish","hentry","pmpro-has-access"],"aioseo_notices":[],"_links":{"self":[{"href":"https:\/\/mueckinvest.com\/pl\/wp-json\/wp\/v2\/pages\/3735","targetHints":{"allow":["GET"]}}],"collection":[{"href":"https:\/\/mueckinvest.com\/pl\/wp-json\/wp\/v2\/pages"}],"about":[{"href":"https:\/\/mueckinvest.com\/pl\/wp-json\/wp\/v2\/types\/page"}],"author":[{"embeddable":true,"href":"https:\/\/mueckinvest.com\/pl\/wp-json\/wp\/v2\/users\/1"}],"replies":[{"embeddable":true,"href":"https:\/\/mueckinvest.com\/pl\/wp-json\/wp\/v2\/comments?post=3735"}],"version-history":[{"count":7,"href":"https:\/\/mueckinvest.com\/pl\/wp-json\/wp\/v2\/pages\/3735\/revisions"}],"predecessor-version":[{"id":4051,"href":"https:\/\/mueckinvest.com\/pl\/wp-json\/wp\/v2\/pages\/3735\/revisions\/4051"}],"wp:attachment":[{"href":"https:\/\/mueckinvest.com\/pl\/wp-json\/wp\/v2\/media?parent=3735"}],"curies":[{"name":"wp","href":"https:\/\/api.w.org\/{rel}","templated":true}]}}