{"id":3336,"date":"2026-02-01T22:00:00","date_gmt":"2026-02-01T21:00:00","guid":{"rendered":"https:\/\/mueckinvest.de\/?page_id=3336"},"modified":"2026-03-18T15:17:14","modified_gmt":"2026-03-18T14:17:14","slug":"zasady-obietnicy","status":"publish","type":"page","link":"https:\/\/mueckinvest.com\/pl\/prinzipien-versprechen\/","title":{"rendered":"Zasady \/ Obietnica"},"content":{"rendered":"<h2 class=\"wp-block-heading\"><strong>Moje zasady<\/strong><\/h2>\n\n\n\n<h3 class=\"wp-block-heading\"><strong>Inwestuj\u0119 d\u0142ugoterminowo<\/strong><\/h3>\n\n\n\n<p>Nie podejmuj\u0119 decyzji na dzi\u015b ani na jutro, ale na najbli\u017csze dziesi\u0119ciolecia.<\/p>\n\n\n\n<h3 class=\"wp-block-heading\"><strong>Zachowuj\u0119 spok\u00f3j<\/strong><\/h3>\n\n\n\n<p>Nie pozwalam, aby trendy, nag\u0142\u00f3wki i kr\u00f3tkotrwa\u0142e szumy informacyjne rozprasza\u0142y moj\u0105 uwag\u0119.<\/p>\n\n\n\n<h3 class=\"wp-block-heading\"><strong>Stawiam na prostot\u0119.<\/strong><\/h3>\n\n\n\n<p>Skupiam si\u0119 na jasnych strukturach, zrozumia\u0142ych strategiach i solidnych fundamentach.<\/p>\n\n\n\n<hr class=\"wp-block-separator has-alpha-channel-opacity\"\/>\n\n\n\n<h1 class=\"wp-block-heading\">\u2b50 <strong>Moje zasady<\/strong><\/h1>\n\n\n\n<h3 class=\"wp-block-heading\"><strong>Ufam danym, nie uczuciom.<\/strong><\/h3>\n\n\n\n<p>Moje decyzje opieraj\u0105 si\u0119 na faktach, nie na uczuciach.<\/p>\n\n\n\n<h3 class=\"wp-block-heading\"><strong>Pozostan\u0119 niezale\u017cny.<\/strong><\/h3>\n\n\n\n<p>Pracuj\u0119 bez reklam, bez prowizji i bez ukrytych interes\u00f3w.<\/p>\n\n\n\n<h3 class=\"wp-block-heading\"><strong>Czas jest moim najsilniejszym sprzymierze\u0144cem.<\/strong><\/h3>\n\n\n\n<p>Polegam na sile procentu sk\u0142adanego, a nie na czasie czy spekulacji.<\/p>\n\n\n\n<hr class=\"wp-block-separator has-alpha-channel-opacity\"\/>\n\n\n\n<h1 class=\"wp-block-heading\">\u2b50 <strong>Czego celowo nie robi\u0119<\/strong><\/h1>\n\n\n\n<h3 class=\"wp-block-heading\"><strong>Nie udzielam porad dotycz\u0105cych poszczeg\u00f3lnych akcji.<\/strong><\/h3>\n\n\n\n<p>Nie jestem analitykiem i nie daj\u0119 sygna\u0142\u00f3w kupna ani sprzeda\u017cy.<\/p>\n\n\n\n<h3 class=\"wp-block-heading\"><strong>Nie zajmuj\u0119 si\u0119 handlem.<\/strong><\/h3>\n\n\n\n<p>Nie pod\u0105\u017cam za trendami, akcjami-memami ani kr\u00f3tkoterminowymi zyskami.<\/p>\n\n\n\n<h3 class=\"wp-block-heading\"><strong>Obiecuj\u0119, \u017ce nie b\u0119dzie \u017cadnych skr\u00f3t\u00f3w.<\/strong><\/h3>\n\n\n\n<p>Nie sprzedaj\u0119 cud\u00f3w zwi\u0105zanych ze zmian\u0105 nastawienia, motywacyjnych bana\u0142\u00f3w ani iluzji.<\/p>\n\n\n\n<h3 class=\"wp-block-heading\"><strong>Nie reklamuj\u0119 si\u0119.<\/strong><\/h3>\n\n\n\n<p>Nie korzystam z link\u00f3w afiliacyjnych ani partnerstw komercyjnych.<\/p>\n\n\n\n<h3 class=\"wp-block-heading\"><strong>Nie przyt\u0142aczam.<\/strong><\/h3>\n\n\n\n<p>Zmniejszam z\u0142o\u017cono\u015b\u0107 zamiast j\u0105 zwi\u0119ksza\u0107.<\/p>","protected":false},"excerpt":{"rendered":"<p>Meine Prinzipien Ich investiere langfristig Ich treffe Entscheidungen nicht f\u00fcr heute oder morgen, sondern f\u00fcr die n\u00e4chsten Jahrzehnte. Ich bleibe ruhig Ich lasse mich nicht von Trends, Schlagzeilen oder kurzfristigem L\u00e4rm ablenken. Ich halte Dinge einfach Ich setze auf klare Strukturen, verst\u00e4ndliche Strategien und robuste Grundlagen. \u2b50 Meine Grunds\u00e4tze Ich vertraue auf Daten, nicht auf [&hellip;]<\/p>\n","protected":false},"author":1,"featured_media":0,"parent":0,"menu_order":0,"comment_status":"closed","ping_status":"closed","template":"","meta":{"pmpro_default_level":"","_monsterinsights_skip_tracking":false,"_monsterinsights_sitenote_active":false,"_monsterinsights_sitenote_note":"","_monsterinsights_sitenote_category":0,"footnotes":""},"class_list":["post-3336","page","type-page","status-publish","hentry","pmpro-has-access"],"aioseo_notices":[],"_links":{"self":[{"href":"https:\/\/mueckinvest.com\/pl\/wp-json\/wp\/v2\/pages\/3336","targetHints":{"allow":["GET"]}}],"collection":[{"href":"https:\/\/mueckinvest.com\/pl\/wp-json\/wp\/v2\/pages"}],"about":[{"href":"https:\/\/mueckinvest.com\/pl\/wp-json\/wp\/v2\/types\/page"}],"author":[{"embeddable":true,"href":"https:\/\/mueckinvest.com\/pl\/wp-json\/wp\/v2\/users\/1"}],"replies":[{"embeddable":true,"href":"https:\/\/mueckinvest.com\/pl\/wp-json\/wp\/v2\/comments?post=3336"}],"version-history":[{"count":2,"href":"https:\/\/mueckinvest.com\/pl\/wp-json\/wp\/v2\/pages\/3336\/revisions"}],"predecessor-version":[{"id":4030,"href":"https:\/\/mueckinvest.com\/pl\/wp-json\/wp\/v2\/pages\/3336\/revisions\/4030"}],"wp:attachment":[{"href":"https:\/\/mueckinvest.com\/pl\/wp-json\/wp\/v2\/media?parent=3336"}],"curies":[{"name":"wp","href":"https:\/\/api.w.org\/{rel}","templated":true}]}}