{"id":3,"date":"2025-09-09T17:11:37","date_gmt":"2025-09-09T17:11:37","guid":{"rendered":"https:\/\/mueckinvest.de\/?page_id=3"},"modified":"2026-03-08T19:20:48","modified_gmt":"2026-03-08T18:20:48","slug":"privacy-policy","status":"publish","type":"page","link":"https:\/\/mueckinvest.com\/pl\/privacy-policy\/","title":{"rendered":"Datenschutzbestimmungen"},"content":{"rendered":"<h2 class=\"wp-block-heading\"><strong>1. Wprowadzenie<\/strong><\/h2>\n\n\n\n<p>Niniejsza polityka prywatno\u015bci wyja\u015bnia, w jaki spos\u00f3b witryna mueckinvest.com (zwana dalej \u201eWitryn\u0105\u201c) i aplikacje mueckinvest przetwarzaj\u0105 dane osobowe odwiedzaj\u0105cych (\u201eU\u017cytkownik\u00f3w\u201c). Ochrona Twoich danych jest naszym najwy\u017cszym priorytetem. Wszystkie dane s\u0105 przetwarzane zgodnie z og\u00f3lnym rozporz\u0105dzeniem o ochronie danych (RODO) oraz obowi\u0105zuj\u0105cymi przepisami o ochronie danych.<\/p>\n\n\n\n<p>W\u0142a\u015bciwy organ nadzorczy: Komisarz ds. ochrony danych i wolno\u015bci informacji Nadrenia-Palatynat \u27a1 <a href=\"https:\/\/www.datenschutz.rlp.de\">https:\/\/www.datenschutz.rlp.de<\/a><\/p>\n\n\n\n<hr class=\"wp-block-separator has-alpha-channel-opacity\"\/>\n\n\n\n<h2 class=\"wp-block-heading\"><strong>2. Prawa u\u017cytkownika<\/strong><\/h2>\n\n\n\n<p>Zgodnie z RODO przys\u0142uguj\u0105 Ci w szczeg\u00f3lno\u015bci nast\u0119puj\u0105ce prawa:<\/p>\n\n\n\n<ul class=\"wp-block-list\">\n<li>Informacje o przechowywanych danych osobowych (art. 15 RODO)<\/li>\n\n\n\n<li>Sprostowanie danych nieprawid\u0142owych lub niekompletnych (art. 16 RODO)<\/li>\n\n\n\n<li>Usuni\u0119cie danych (\u201eprawo do bycia zapomnianym\u201c, art. 17 RODO)<\/li>\n\n\n\n<li>Ograniczenie przetwarzania (art. 18 RODO)<\/li>\n\n\n\n<li>Prawo do sprzeciwu wobec przetwarzania (art. 21 RODO)<\/li>\n\n\n\n<li>Przenoszenie danych (art. 20 RODO)<\/li>\n\n\n\n<li>Prawo do wniesienia skargi do organu nadzorczego (art. 77 RODO)<\/li>\n<\/ul>\n\n\n\n<p>Aby skorzysta\u0107 ze swoich praw, skontaktuj si\u0119 z nami za po\u015brednictwem poczty elektronicznej pod adresem: \ud83d\udce7 <strong><a href=\"mailto:kontakt@mueckinvest.de\"><\/a><a href=\"https:\/\/mein.ionos.de\/email-account-details\/mailbox\/17798553002\">contact@mueckinvest.com<\/a><\/strong><\/p>\n\n\n\n<hr class=\"wp-block-separator has-alpha-channel-opacity\"\/>\n\n\n\n<h2 class=\"wp-block-heading\">3. Hosting<\/h2>\n\n\n\n<p>Moj\u0105 aplikacj\u0119 i powi\u0105zane z ni\u0105 serwery hostuje firma IONOS SE (Elgendorfer Str. 57, 56410 Montabaur, Niemcy). Dane osobowe przetwarzane za po\u015brednictwem aplikacji s\u0105 przechowywane na serwerach IONOS. Dotyczy to w szczeg\u00f3lno\u015bci plik\u00f3w dziennika serwera, danych technicznych dotycz\u0105cych u\u017cytkowania oraz danych generowanych podczas korzystania z naszych us\u0142ug.<\/p>\n\n\n\n<p>Przetwarzanie odbywa si\u0119 na podstawie art. 6 ust. 1 lit. f) RODO, poniewa\u017c mam uzasadniony interes w bezpiecznym i niezawodnym dzia\u0142aniu naszej aplikacji. W zakresie, w jakim przechowywanie lub przetwarzanie jest niezb\u0119dne do realizacji cel\u00f3w umownych, odbywa si\u0119 to na podstawie art. 6 ust. 1 lit. b) RODO.<\/p>\n\n\n\n<p>Zawarli\u015bmy z IONOS umow\u0119 o przetwarzaniu danych osobowych zgodn\u0105 z artyku\u0142em 28 RODO, kt\u00f3ra gwarantuje, \u017ce dane osobowe b\u0119d\u0105 przetwarzane wy\u0142\u0105cznie zgodnie z naszymi instrukcjami i wymogami prawnymi.<\/p>\n\n\n\n<hr class=\"wp-block-separator has-alpha-channel-opacity\"\/>\n\n\n\n<h2 class=\"wp-block-heading\"><strong>4. Przechowywanie i usuwanie<\/strong><\/h2>\n\n\n\n<p>Dane osobowe s\u0105 przechowywane wy\u0142\u0105cznie tak d\u0142ugo, jak jest to niezb\u0119dne do \u015bwiadczenia us\u0142ug, wype\u0142nienia obowi\u0105zk\u00f3w prawnych lub dochodzenia lub obrony roszcze\u0144. Gdy cel, dla kt\u00f3rego dane zosta\u0142y zebrane, przestaje obowi\u0105zywa\u0107, dane s\u0105 usuwane lub anonimizowane.<\/p>\n\n\n\n<hr class=\"wp-block-separator has-alpha-channel-opacity\"\/>\n\n\n\n<h2 class=\"wp-block-heading\"><strong>5. Zebrane dane<\/strong><\/h2>\n\n\n\n<h3 class=\"wp-block-heading\"><strong>a) Dane nieosobowe<\/strong><\/h3>\n\n\n\n<p>Kiedy odwiedzasz nasz\u0105 stron\u0119 internetow\u0105, automatycznie zbierane s\u0105 informacje techniczne, np.:<\/p>\n\n\n\n<ul class=\"wp-block-list\">\n<li>Typ i wersja przegl\u0105darki<\/li>\n\n\n\n<li>system operacyjny<\/li>\n\n\n\n<li>Ustawienia j\u0119zyka<\/li>\n\n\n\n<li>Data i godzina dost\u0119pu<\/li>\n\n\n\n<li>Odwiedzone strony i \u015bcie\u017cki klikni\u0119\u0107<\/li>\n<\/ul>\n\n\n\n<p>Dane te s\u0105 przechowywane anonimowo i wykorzystywane wy\u0142\u0105cznie w celu ulepszenia witryny.<\/p>\n\n\n\n<h3 class=\"wp-block-heading\"><strong>b) Dane osobowe<\/strong><\/h3>\n\n\n\n<p>Zbierane b\u0119d\u0105 wy\u0142\u0105cznie dane, kt\u00f3re aktywnie przekazujesz \u2013 na przyk\u0142ad:<\/p>\n\n\n\n<ul class=\"wp-block-list\">\n<li>Adres IP<\/li>\n\n\n\n<li>Identyfikatory urz\u0105dze\u0144<\/li>\n\n\n\n<li>Informacje z formularza kontaktowego (imi\u0119, adres e-mail, wiadomo\u015b\u0107)<\/li>\n<\/ul>\n\n\n\n<p>Dane te zostan\u0105 wykorzystane wy\u0142\u0105cznie w celu realizacji Twojego zapytania.<\/p>\n\n\n\n<hr class=\"wp-block-separator has-alpha-channel-opacity\"\/>\n\n\n\n<h2 class=\"wp-block-heading\"><strong>6. Podstawa prawna przetwarzania<\/strong><\/h2>\n\n\n\n<p>Przetwarzanie danych osobowych odbywa si\u0119 na podstawie:<\/p>\n\n\n\n<ul class=\"wp-block-list\">\n<li>Artyku\u0142 6 ust. 1 lit. a RODO \u2013 Zgoda<\/li>\n\n\n\n<li>Artyku\u0142 6 ust. 1 lit. b RODO \u2013 Wykonanie umowy<\/li>\n\n\n\n<li>Artyku\u0142 6(1)(c) RODO \u2013 obowi\u0105zki prawne<\/li>\n\n\n\n<li>Artyku\u0142 6 ust. 1 lit. f RODO \u2013 uzasadniony interes (eksploatacja, bezpiecze\u0144stwo, optymalizacja)<\/li>\n<\/ul>\n\n\n\n<hr class=\"wp-block-separator has-alpha-channel-opacity\"\/>\n\n\n\n<h2 class=\"wp-block-heading\"><strong>7. Wykorzystanie i ujawnianie danych<\/strong><\/h2>\n\n\n\n<p>Dane osobowe b\u0119d\u0105 wykorzystywane wy\u0142\u0105cznie do wskazanych cel\u00f3w. B\u0119d\u0105 udost\u0119pniane osobom trzecim wy\u0142\u0105cznie w przypadku:<\/p>\n\n\n\n<ul class=\"wp-block-list\">\n<li>do dostawc\u00f3w us\u0142ug technicznych (hosting, analiza, konserwacja), kt\u00f3rzy dzia\u0142aj\u0105 zgodnie z RODO.<\/li>\n\n\n\n<li>do w\u0142adz, je\u017celi istnieje obowi\u0105zek prawny<\/li>\n<\/ul>\n\n\n\n<p>Twoje dane nie b\u0119d\u0105 udost\u0119pniane w celach reklamowych ani profilowania.<\/p>\n\n\n\n<hr class=\"wp-block-separator has-alpha-channel-opacity\"\/>\n\n\n\n<h2 class=\"wp-block-heading\"><strong>8. Pliki cookie i \u015bledzenie<\/strong><\/h2>\n\n\n\n<p>Ta strona internetowa wykorzystuje pliki cookie i podobne technologie w celu u\u0142atwienia u\u017cytkownikom korzystania z niej oraz w celu przeprowadzania analiz.<\/p>\n\n\n\n<p>Rodzaje plik\u00f3w cookie:<\/p>\n\n\n\n<ul class=\"wp-block-list\">\n<li>Pliki cookie sesji<\/li>\n\n\n\n<li>Trwa\u0142e pliki cookie<\/li>\n\n\n\n<li>Pliki cookie stron trzecich<\/li>\n<\/ul>\n\n\n\n<p>Zarz\u0105dzanie zgodami odbywa si\u0119 za po\u015brednictwem <strong>Prawdziwy baner z ciasteczkami<\/strong> (dedowl.io). Wi\u0119cej informacji: <a href=\"https:\/\/devowl.io\/de\/rcb\/datenverarbeitung\/\">https:\/\/devowl.io\/de\/rcb\/datenverarbeitung\/<\/a><\/p>\n\n\n\n<hr class=\"wp-block-separator has-alpha-channel-opacity\"\/>\n\n\n\n<h2 class=\"wp-block-heading\"><strong>9. Narz\u0119dzia analityczne<\/strong><\/h2>\n\n\n\n<h3 class=\"wp-block-heading\"><strong>Analityka od\u015bnie\u017carek<\/strong><\/h3>\n\n\n\n<p>Snowplow Analytics s\u0142u\u017cy do anonimowego gromadzenia danych o u\u017cytkowaniu. Nie s\u0105 tworzone \u017cadne profile osobiste.<\/p>\n\n\n\n<h3 class=\"wp-block-heading\"><strong>Google Analytics<\/strong><\/h3>\n\n\n\n<p>Google Analytics jest u\u017cywane wy\u0142\u0105cznie za Twoj\u0105 wyra\u017an\u0105 zgod\u0105. Anonimizacja adresu IP jest aktywna. Dane mog\u0105 by\u0107 przesy\u0142ane do USA (standardowe klauzule umowne).<\/p>\n\n\n\n<hr class=\"wp-block-separator has-alpha-channel-opacity\"\/>\n\n\n\n<h2 class=\"wp-block-heading\"><strong>10. Tre\u015bci i us\u0142ugi zewn\u0119trzne<\/strong><\/h2>\n\n\n\n<h3 class=\"wp-block-heading\"><strong>Czcionki internetowe Google<\/strong><\/h3>\n\n\n\n<p>Czcionki Google Web Fonts s\u0142u\u017c\u0105 do sp\u00f3jnego wy\u015bwietlania czcionek. Zaleca si\u0119 instalacj\u0119 lokaln\u0105, aby unikn\u0105\u0107 przesy\u0142ania danych do Google.<\/p>\n\n\n\n<h3 class=\"wp-block-heading\"><strong>Wi\u0119cej tre\u015bci zewn\u0119trznych<\/strong><\/h3>\n\n\n\n<p>Osadzone tre\u015bci (np. filmy, mapy, posty w mediach spo\u0142eczno\u015bciowych) mog\u0105 przesy\u0142a\u0107 dane do odpowiednich dostawc\u00f3w. Prosimy o zapoznanie si\u0119 z politykami prywatno\u015bci tych zewn\u0119trznych dostawc\u00f3w.<\/p>\n\n\n\n<hr class=\"wp-block-separator has-alpha-channel-opacity\"\/>\n\n\n\n<h1 class=\"wp-block-heading\"><strong>11. Przetwarzanie mowy, formatowanie daty, funkcja udost\u0119pniania i powiadomienia push<\/strong><\/h1>\n\n\n\n<h3 class=\"wp-block-heading\"><strong>a) Automatyczne rozpoznawanie j\u0119zyka i formatowanie daty<\/strong><\/h3>\n\n\n\n<p>Strona internetowa rozpoznaje ustawienia j\u0119zykowe przesy\u0142ane przez przegl\u0105dark\u0119 (nag\u0142\u00f3wek \u201eAccept-Language\u201d), aby automatycznie wy\u015bwietla\u0107 tre\u015bci i daty w odpowiednim j\u0119zyku. Informacje te s\u0105 <strong>nie zapisano<\/strong>, niepowi\u0105zane i nieu\u017cywane do profilowania. Podstawa prawna: art. 6 ust. 1 lit. f RODO.<\/p>\n\n\n\n<h3 class=\"wp-block-heading\"><strong>b) R\u0119czny wyb\u00f3r j\u0119zyka<\/strong><\/h3>\n\n\n\n<p>Podczas korzystania z prze\u0142\u0105cznika j\u0119zyka, wybrany j\u0119zyk jest przetwarzany wy\u0142\u0105cznie za po\u015brednictwem adresu URL (np. \/en\/). <strong>Nie przechowujemy \u017cadnych danych osobowych<\/strong>. Podstawa prawna: Art. 6 ust. 1 lit. f RODO.<\/p>\n\n\n\n<h3 class=\"wp-block-heading\"><strong>c) Funkcja udost\u0119pniania (Web Share API)<\/strong><\/h3>\n\n\n\n<p>Strona korzysta z wbudowanej funkcji udost\u0119pniania przegl\u0105darki. Wi\u0105\u017ce si\u0119 to z... <strong>\u017badne dane nie s\u0105 przekazywane do witryny internetowej ani os\u00f3b trzecich.<\/strong>. Funkcja realizowana jest wy\u0142\u0105cznie lokalnie na urz\u0105dzeniu. Podstawa prawna: Art. 6 ust. 1 lit. f RODO.<\/p>\n\n\n\n<h3 class=\"wp-block-heading\"><strong>d) Powiadomienia push (tylko w aplikacji Mueckinvest)<\/strong><\/h3>\n\n\n\n<p>Powiadomienia push s\u0105 wysy\u0142ane wy\u0142\u0105cznie za po\u015brednictwem <strong>Aplikacja Mueckinvest<\/strong> Dostarczane, a nie za po\u015brednictwem strony internetowej. Do dostarczania wiadomo\u015bci u\u017cywana jest us\u0142uga Firebase Cloud Messaging (Google Ireland Ltd.).<\/p>\n\n\n\n<p>Powiadomienia push <strong>tylko za wyra\u017an\u0105 zgod\u0105 w aplikacji<\/strong> Aktywowano. Anonimowy, specyficzny dla urz\u0105dzenia token push jest generowany i przesy\u0142any do Firebase. Ten token jest u\u017cywany wy\u0142\u0105cznie do technicznej obs\u0142ugi powiadomie\u0144.<\/p>\n\n\n\n<p>Firebase mo\u017ce przesy\u0142a\u0107 dane do Stan\u00f3w Zjednoczonych. Przetwarzanie odbywa si\u0119 na podstawie standardowych klauzul umownych UE.<\/p>\n\n\n\n<p>Wi\u0119cej informacji: <a href=\"https:\/\/firebase.google.com\/support\/privacy\">https:\/\/firebase.google.com\/support\/privacy<\/a><\/p>\n\n\n\n<p>Podstawa prawna: Art. 6 ust. 1 lit. a RODO (zgoda).<\/p>\n\n\n\n<hr class=\"wp-block-separator has-alpha-channel-opacity\"\/>\n\n\n\n<h2 class=\"wp-block-heading\"><strong>12. Wykorzystanie sztucznej inteligencji Mueckinvest AI<\/strong><\/h2>\n\n\n\n<p>Na mojej stronie internetowej i w aplikacji Mueckinvest AI udost\u0119pniam interaktywn\u0105 funkcj\u0119 sztucznej inteligencji (\u201eMueckinvest AI\u201c). U\u017cytkownicy mog\u0105 zadawa\u0107 pytania i otrzymywa\u0107 automatyczne odpowiedzi. Sztuczna inteligencja s\u0142u\u017cy wy\u0142\u0105cznie celom informacyjnym i edukacyjnym i nie zapewnia\u2026 <strong>Nie jest to porada finansowa<\/strong> dar.<\/p>\n\n\n\n<h2 class=\"wp-block-heading\"><strong>Jakie dane s\u0105 przetwarzane<\/strong><\/h2>\n\n\n\n<p>Podczas korzystania ze sztucznej inteligencji przetwarzane s\u0105 nast\u0119puj\u0105ce dane:<\/p>\n\n\n\n<ul class=\"wp-block-list\">\n<li><strong>Dane wej\u015bciowe u\u017cytkownika<\/strong> (Pytanie lub wiadomo\u015b\u0107)<\/li>\n\n\n\n<li><strong>metadane techniczne<\/strong>, np. czas \u017c\u0105dania, informacje o przegl\u0105darce lub urz\u0105dzeniu, skr\u00f3cony adres IP<\/li>\n\n\n\n<li><strong>wewn\u0119trzne dane systemowe<\/strong>, kt\u00f3re s\u0105 wymagane do dzia\u0142ania technicznego (np. dzienniki b\u0142\u0119d\u00f3w, mechanizmy bezpiecze\u0144stwa)<\/li>\n<\/ul>\n\n\n\n<p>Wyra\u017anie o to prosz\u0119, <strong>brak danych osobowych<\/strong> aby wpisa\u0107 dane do pola wej\u015bciowego.<\/p>\n\n\n\n<h2 class=\"wp-block-heading\"><strong>Przekazano do OpenAI (USA)<\/strong><\/h2>\n\n\n\n<p>Korzystam z us\u0142ugi w celu przetwarzania \u017c\u0105da\u0144. <strong>OpenAI<\/strong> (OpenAI, LLC, USA). Wprowadzony tekst jest przesy\u0142any do OpenAI w celu wygenerowania odpowiedniej odpowiedzi.<\/p>\n\n\n\n<p>OpenAI przetwarza dane wy\u0142\u0105cznie w celu udzielenia odpowiedzi i zgodnie z w\u0142asn\u0105 polityk\u0105 prywatno\u015bci: <a href=\"https:\/\/openai.com\/policies\/privacy-policy\">https:\/\/openai.com\/policies\/privacy-policy<\/a><\/p>\n\n\n\n<p>Nie b\u0119d\u0119 wykorzystywa\u0107 tych danych w \u017cadnym innym celu.<\/p>\n\n\n\n<h2 class=\"wp-block-heading\"><strong>Podstawa prawna przetwarzania<\/strong><\/h2>\n\n\n\n<p>Przetwarzanie odbywa si\u0119 na podstawie <strong>Artyku\u0142 6 ust. 1 lit. f RODO<\/strong>. M\u00f3j uzasadniony interes polega na dostarczaniu u\u017cytkownikom nowoczesnej, wydajnej i przydatnej funkcji informacyjnej.<\/p>\n\n\n\n<h2 class=\"wp-block-heading\"><strong>Czas przechowywania<\/strong><\/h2>\n\n\n\n<p>Wprowadzone pytania b\u0119d\u0105 przechowywane tylko tak d\u0142ugo, jak b\u0119dzie to konieczne w celu:<\/p>\n\n\n\n<ul class=\"wp-block-list\">\n<li>przepis techniczny,<\/li>\n\n\n\n<li>stabilno\u015b\u0107 funkcji,<\/li>\n\n\n\n<li>zapewnienie jako\u015bci i<\/li>\n\n\n\n<li>dalszy rozw\u00f3j sztucznej inteligencji<\/li>\n<\/ul>\n\n\n\n<p>jest wymagane. <strong>trwa\u0142e przechowywanie danych osobowych<\/strong> To si\u0119 nie dzieje.<\/p>\n\n\n\n<h2 class=\"wp-block-heading\"><strong>Brak zautomatyzowanych decyzji w rozumieniu prawnym.<\/strong><\/h2>\n\n\n\n<p>Sztuczna inteligencja generuje jednak automatyczne odpowiedzi <strong>brak decyzji maj\u0105cych skutek prawny<\/strong> spotka\u0142em. Odbywa si\u0119 <strong>brak profilowania<\/strong> zamiast.<\/p>\n\n\n\n<h2 class=\"wp-block-heading\"><strong>Uwaga dotycz\u0105ca odpowiedzialno\u015bci osobistej<\/strong><\/h2>\n\n\n\n<p>Sztuczna inteligencja dostarcza jedynie og\u00f3lnych informacji. Zast\u0119puje <strong>Brak indywidualnych porad finansowych<\/strong>, <strong>Brak porad podatkowych<\/strong> I <strong>Brak porady prawnej<\/strong>.<\/p>\n\n\n\n<p>Wszystkie decyzje podejmowane na podstawie dostarczonych informacji s\u0105 <strong>na w\u0142asn\u0105 odpowiedzialno\u015b\u0107<\/strong> u\u017cytkownik.<\/p>\n\n\n\n<hr class=\"wp-block-separator has-alpha-channel-opacity\"\/>\n\n\n\n<h2 class=\"wp-block-heading\"><strong>13. Bezpiecze\u0144stwo danych<\/strong><\/h2>\n\n\n\n<p>Strona mueckinvest.de stosuje standardowe w bran\u017cy \u015brodki techniczne i organizacyjne w celu ochrony danych osobowych przed utrat\u0105, niew\u0142a\u015bciwym wykorzystaniem lub nieautoryzowanym dost\u0119pem. Dane wra\u017cliwe s\u0105 przesy\u0142ane za pomoc\u0105 szyfrowania (SSL\/TLS).<\/p>\n\n\n\n<hr class=\"wp-block-separator has-alpha-channel-opacity\"\/>\n\n\n\n<h2 class=\"wp-block-heading\"><strong>14. Nieletni<\/strong><\/h2>\n\n\n\n<p>Oferta przeznaczona jest wy\u0142\u0105cznie dla os\u00f3b pe\u0142noletnich. Korzystanie przez osoby niepe\u0142noletnie jest dozwolone wy\u0142\u0105cznie za zgod\u0105 rodzic\u00f3w lub opiekun\u00f3w prawnych.<\/p>\n\n\n\n<hr class=\"wp-block-separator has-alpha-channel-opacity\"\/>\n\n\n\n<h2 class=\"wp-block-heading\"><strong>15. Przekazywanie danych poza EOG<\/strong><\/h2>\n\n\n\n<p>Dane osobowe b\u0119d\u0105 przekazywane do pa\u0144stw trzecich wy\u0142\u0105cznie w przypadku zapewnienia odpowiedniego poziomu ochrony danych zgodnie z art. 45 i nast. RODO (np. standardowe klauzule umowne UE).<\/p>\n\n\n\n<hr class=\"wp-block-separator has-alpha-channel-opacity\"\/>\n\n\n\n<h2 class=\"wp-block-heading\"><strong>16. Zmiany w niniejszej Polityce Prywatno\u015bci<\/strong><\/h2>\n\n\n\n<p>Zastrzegam sobie prawo do zmiany niniejszej polityki prywatno\u015bci w dowolnym momencie, aby uwzgl\u0119dni\u0107 zmiany prawne lub techniczne. Aktualna wersja jest zawsze dost\u0119pna na tej stronie internetowej.<\/p>\n\n\n\n<hr class=\"wp-block-separator has-alpha-channel-opacity\"\/>\n\n\n\n<h2 class=\"wp-block-heading\"><strong>17. Kontakt<\/strong><\/h2>\n\n\n\n<p>W przypadku pyta\u0144 dotycz\u0105cych ochrony danych prosimy o kontakt: \ud83d\udce7 <strong><strong><a href=\"mailto:kontakt@mueckinvest.de\"><a href=\"https:\/\/mein.ionos.de\/email-account-details\/mailbox\/17798553002\">contact@mueckinvest.com<\/a><\/a><\/strong><\/strong><\/p>\n\n\n\n<hr class=\"wp-block-separator has-alpha-channel-opacity\"\/>\n\n\n\n<p>\ud83d\udca1 <strong>Og\u0142oszenie:<\/strong> Niniejsze postanowienia dotycz\u0105ce ochrony danych wype\u0142niaj\u0105 obowi\u0105zki informacyjne okre\u015blone w artyku\u0142ach 13 i 14 RODO i s\u0105 specjalnie dostosowane do prywatnej witryny internetowej zawieraj\u0105cej informacje finansowe o charakterze niedoradczym, takiej jak mueckinvest.de.<\/p>\n\n\n\n<p><\/p>\n\n\n\n<p><strong>Stan na marzec 2026 r.<\/strong><\/p>","protected":false},"excerpt":{"rendered":"","protected":false},"author":1,"featured_media":0,"parent":0,"menu_order":0,"comment_status":"closed","ping_status":"open","template":"page-no-sidebar","meta":{"pmpro_default_level":"","_monsterinsights_skip_tracking":false,"_monsterinsights_sitenote_active":false,"_monsterinsights_sitenote_note":"","_monsterinsights_sitenote_category":0,"footnotes":""},"class_list":["post-3","page","type-page","status-publish","hentry","pmpro-has-access"],"aioseo_notices":[],"_links":{"self":[{"href":"https:\/\/mueckinvest.com\/pl\/wp-json\/wp\/v2\/pages\/3","targetHints":{"allow":["GET"]}}],"collection":[{"href":"https:\/\/mueckinvest.com\/pl\/wp-json\/wp\/v2\/pages"}],"about":[{"href":"https:\/\/mueckinvest.com\/pl\/wp-json\/wp\/v2\/types\/page"}],"author":[{"embeddable":true,"href":"https:\/\/mueckinvest.com\/pl\/wp-json\/wp\/v2\/users\/1"}],"replies":[{"embeddable":true,"href":"https:\/\/mueckinvest.com\/pl\/wp-json\/wp\/v2\/comments?post=3"}],"version-history":[{"count":6,"href":"https:\/\/mueckinvest.com\/pl\/wp-json\/wp\/v2\/pages\/3\/revisions"}],"predecessor-version":[{"id":3947,"href":"https:\/\/mueckinvest.com\/pl\/wp-json\/wp\/v2\/pages\/3\/revisions\/3947"}],"wp:attachment":[{"href":"https:\/\/mueckinvest.com\/pl\/wp-json\/wp\/v2\/media?parent=3"}],"curies":[{"name":"wp","href":"https:\/\/api.w.org\/{rel}","templated":true}]}}