{"id":2969,"date":"2026-01-23T08:00:00","date_gmt":"2026-01-23T07:00:00","guid":{"rendered":"https:\/\/mueckinvest.de\/?page_id=2969"},"modified":"2026-03-30T10:00:00","modified_gmt":"2026-03-30T08:00:00","slug":"%f0%9f%8c%90-spolecznosc-mediow-spolecznosciowych","status":"publish","type":"page","link":"https:\/\/mueckinvest.com\/pl\/%f0%9f%8c%90-social-media-community\/","title":{"rendered":"Media spo\u0142eczno\u015bciowe i spo\u0142eczno\u015b\u0107 \ud83c\udf10"},"content":{"rendered":"<h2 class=\"wp-block-heading\">Zawsze blisko akcji na wszystkich kana\u0142ach<\/h2>\n\n\n\n<p>Aby umo\u017cliwi\u0107 Ci wygodne \u015bledzenie moich analiz i aktualizacji, gdziekolwiek chcesz, publikuj\u0119 r\u00f3wnie\u017c wybrane tre\u015bci na moich kana\u0142ach w mediach spo\u0142eczno\u015bciowych. <strong>Tre\u015b\u0107 wszystkich post\u00f3w odpowiada dok\u0142adnie tre\u015bci zamieszczonej na tej stronie internetowej.<\/strong> \u017badnych dodatkowych o\u015bwiadcze\u0144, \u017cadnych odbiegaj\u0105cych od normy informacji \u2013 pe\u0142na przejrzysto\u015b\u0107.<\/p>\n\n\n\n<div style=\"height:20px\" aria-hidden=\"true\" class=\"wp-block-spacer\"><\/div>\n\n\n\n<hr class=\"wp-block-separator has-alpha-channel-opacity\"\/>\n\n\n\n<div style=\"height:20px\" aria-hidden=\"true\" class=\"wp-block-spacer\"><\/div>\n\n\n\n<h2 class=\"wp-block-heading\">\ud83d\udcf1 Kana\u0142 WhatsApp<\/h2>\n\n\n\n<p>W naszym kanale WhatsApp otrzymasz zwi\u0119z\u0142e powiadomienia o nowych artyku\u0142ach i wa\u017cnych aktualizacjach. Tre\u015bci s\u0105 identyczne z publikacjami na stronie internetowej i s\u0142u\u017c\u0105 wy\u0142\u0105cznie Twojej wygodzie.<\/p>\n\n\n\n<div class=\"wp-block-buttons is-layout-flex wp-block-buttons-is-layout-flex\">\n<div class=\"wp-block-button\"><a class=\"wp-block-button__link wp-element-button\" href=\"https:\/\/whatsapp.com\/channel\/0029VbAgHt2FnSz8koFrbi3e\">Kana\u0142 WhatsApp<\/a><\/div>\n<\/div>\n\n\n\n<div style=\"height:20px\" aria-hidden=\"true\" class=\"wp-block-spacer\"><\/div>\n\n\n\n<hr class=\"wp-block-separator has-alpha-channel-opacity\"\/>\n\n\n\n<div style=\"height:20px\" aria-hidden=\"true\" class=\"wp-block-spacer\"><\/div>\n\n\n\n<h2 class=\"wp-block-heading\">\ud83d\udcf8Instagram<\/h2>\n\n\n\n<p>Na Instagramie mo\u017cesz znale\u017a\u0107 wizualne fragmenty tre\u015bci z mojej strony internetowej:<\/p>\n\n\n\n<ul class=\"wp-block-list\">\n<li>Kr\u00f3tkie podsumowania nowych post\u00f3w<\/li>\n\n\n\n<li>Odniesienia do nowo opublikowanych informacji<\/li>\n<\/ul>\n\n\n\n<p>To samo dotyczy tutaj: <strong>\u017badnych dodatkowych informacji \u2013 wszystko opiera si\u0119 na tre\u015bci tej strony internetowej.<\/strong><\/p>\n\n\n\n<div class=\"wp-block-buttons is-layout-flex wp-block-buttons-is-layout-flex\">\n<div class=\"wp-block-button\"><a class=\"wp-block-button__link wp-element-button\" href=\"https:\/\/www.instagram.com\/mueckinvest\/\">Instagram<\/a><\/div>\n<\/div>\n\n\n\n<div style=\"height:20px\" aria-hidden=\"true\" class=\"wp-block-spacer\"><\/div>\n\n\n\n<hr class=\"wp-block-separator has-alpha-channel-opacity\"\/>\n\n\n\n<div style=\"height:20px\" aria-hidden=\"true\" class=\"wp-block-spacer\"><\/div>\n\n\n\n<h2 class=\"wp-block-heading\">\ud83d\udcd8 Facebook<\/h2>\n\n\n\n<p>Auf Facebook finden Sie ausgew\u00e4hlte Inhalte meiner Website in textorientierter Form:<\/p>\n\n\n\n<ul class=\"wp-block-list\">\n<li>Kurze Hinweise auf neue Beitr\u00e4ge<\/li>\n\n\n\n<li>Kompakte Zusammenfassungen aktueller Ver\u00f6ffentlichungen<\/li>\n\n\n\n<li>Gelegentliche Hervorhebungen wichtiger Themen<\/li>\n<\/ul>\n\n\n\n<p>Auch hier gilt: Es erscheinen ausschlie\u00dflich Inhalte, die auf dieser Website basieren \u2013 ohne zus\u00e4tzliche Informationen.<\/p>\n\n\n\n<div class=\"wp-block-buttons is-layout-flex wp-block-buttons-is-layout-flex\">\n<div class=\"wp-block-button\"><a class=\"wp-block-button__link wp-element-button\" href=\"https:\/\/www.facebook.com\/profile.php?id=61575444270604\">Facebook<\/a><\/div>\n<\/div>\n\n\n\n<div style=\"height:20px\" aria-hidden=\"true\" class=\"wp-block-spacer\"><\/div>\n\n\n\n<hr class=\"wp-block-separator has-alpha-channel-opacity\"\/>\n\n\n\n<div style=\"height:20px\" aria-hidden=\"true\" class=\"wp-block-spacer\"><\/div>\n\n\n\n<h2 class=\"wp-block-heading\">\ud83d\udc26 X (ehemals Twitter)<\/h2>\n\n\n\n<p>Auf X erhalten Sie pr\u00e4gnante, stark verdichtete Ausz\u00fcge meiner Website\u2011Inhalte:<\/p>\n\n\n\n<ul class=\"wp-block-list\">\n<li>Kurze Hinweise auf neue Artikel<\/li>\n\n\n\n<li>Kompakte Kernbotschaften aktueller Ver\u00f6ffentlichungen<\/li>\n\n\n\n<li>Fokus auf Klarheit und Relevanz<\/li>\n<\/ul>\n\n\n\n<p>Wie \u00fcberall: Keine zus\u00e4tzlichen Informationen \u2013 alle Beitr\u00e4ge basieren ausschlie\u00dflich auf den Inhalten dieser Website.<\/p>\n\n\n\n<div class=\"wp-block-buttons is-layout-flex wp-block-buttons-is-layout-flex\">\n<div class=\"wp-block-button\"><a class=\"wp-block-button__link wp-element-button\" href=\"https:\/\/x.com\/mueckinvest\">Zum X Profil<\/a><\/div>\n<\/div>\n\n\n\n<div style=\"height:20px\" aria-hidden=\"true\" class=\"wp-block-spacer\"><\/div>\n\n\n\n<hr class=\"wp-block-separator has-alpha-channel-opacity\"\/>\n\n\n\n<div style=\"height:20px\" aria-hidden=\"true\" class=\"wp-block-spacer\"><\/div>\n\n\n\n<h2 class=\"wp-block-heading\">\ud83d\udcc8 Wikifolio.com<\/h2>\n\n\n\n<p>Moje Wikifolios oferuj\u0105 przejrzysty wgl\u0105d w praktyczn\u0105 realizacj\u0119 mojej strategii. Zawarte tam komentarze i wyja\u015bnienia r\u00f3wnie\u017c opieraj\u0105 si\u0119 na tre\u015bciach, kt\u00f3re znajdziesz na tej stronie.<\/p>\n\n\n\n<div class=\"wp-block-buttons is-layout-flex wp-block-buttons-is-layout-flex\">\n<div class=\"wp-block-button\"><a class=\"wp-block-button__link wp-element-button\" href=\"https:\/\/www.wikifolio.com\/de\/de\/p\/mueckinvest?tab=wikifolios\">Wikifolio.com<\/a><\/div>\n<\/div>\n\n\n\n<div style=\"height:20px\" aria-hidden=\"true\" class=\"wp-block-spacer\"><\/div>\n\n\n\n<hr class=\"wp-block-separator has-alpha-channel-opacity\"\/>\n\n\n\n<div style=\"height:20px\" aria-hidden=\"true\" class=\"wp-block-spacer\"><\/div>\n\n\n\n<h2 class=\"wp-block-heading\">\ud83d\udcf1Aplikacja Mueckinvest na Androida + aplikacja Mueckinvest AI<\/h2>\n\n\n\n<p>Tutaj znajdziesz wszystkie informacje o aplikacjach Mueckinvest.<\/p>\n\n\n\n<div class=\"wp-block-buttons is-layout-flex wp-block-buttons-is-layout-flex\">\n<div class=\"wp-block-button\"><a class=\"wp-block-button__link wp-element-button\" href=\"https:\/\/mueckinvest.com\/pl\/aplikacja-na-androida\/\">Aplikacja Mueckinvest<\/a><\/div>\n\n\n\n<div class=\"wp-block-button\"><a class=\"wp-block-button__link wp-element-button\" href=\"https:\/\/mueckinvest.com\/pl\/mueckinvest-ki-app\/\">Aplikacja Mueckinvest AI<\/a><\/div>\n<\/div>","protected":false},"excerpt":{"rendered":"<p>Immer nah dran auf allen Kan\u00e4len Damit Sie meine Analysen und Updates bequem dort verfolgen k\u00f6nnen, wo Sie m\u00f6chten, ver\u00f6ffentliche ich ausgew\u00e4hlte Inhalte zus\u00e4tzlich auf meinen Social\u2011Media\u2011Kan\u00e4len. Alle Beitr\u00e4ge entsprechen inhaltlich exakt dem, was auch auf dieser Website erscheint. Keine zus\u00e4tzlichen Aussagen, keine abweichenden Informationen \u2013 volle Transparenz. \ud83d\udcf1 WhatsApp\u2011Kanal Im WhatsApp\u2011Kanal erhalten Sie kompakte [&hellip;]<\/p>\n","protected":false},"author":1,"featured_media":0,"parent":0,"menu_order":0,"comment_status":"closed","ping_status":"closed","template":"page-no-sidebar","meta":{"pmpro_default_level":"","_monsterinsights_skip_tracking":false,"_monsterinsights_sitenote_active":false,"_monsterinsights_sitenote_note":"","_monsterinsights_sitenote_category":0,"footnotes":""},"class_list":["post-2969","page","type-page","status-publish","hentry","pmpro-has-access"],"aioseo_notices":[],"_links":{"self":[{"href":"https:\/\/mueckinvest.com\/pl\/wp-json\/wp\/v2\/pages\/2969","targetHints":{"allow":["GET"]}}],"collection":[{"href":"https:\/\/mueckinvest.com\/pl\/wp-json\/wp\/v2\/pages"}],"about":[{"href":"https:\/\/mueckinvest.com\/pl\/wp-json\/wp\/v2\/types\/page"}],"author":[{"embeddable":true,"href":"https:\/\/mueckinvest.com\/pl\/wp-json\/wp\/v2\/users\/1"}],"replies":[{"embeddable":true,"href":"https:\/\/mueckinvest.com\/pl\/wp-json\/wp\/v2\/comments?post=2969"}],"version-history":[{"count":8,"href":"https:\/\/mueckinvest.com\/pl\/wp-json\/wp\/v2\/pages\/2969\/revisions"}],"predecessor-version":[{"id":4299,"href":"https:\/\/mueckinvest.com\/pl\/wp-json\/wp\/v2\/pages\/2969\/revisions\/4299"}],"wp:attachment":[{"href":"https:\/\/mueckinvest.com\/pl\/wp-json\/wp\/v2\/media?parent=2969"}],"curies":[{"name":"wp","href":"https:\/\/api.w.org\/{rel}","templated":true}]}}