{"id":2435,"date":"2026-01-09T07:13:49","date_gmt":"2026-01-09T06:13:49","guid":{"rendered":"https:\/\/mueckinvest.de\/?page_id=2435"},"modified":"2026-02-04T10:00:00","modified_gmt":"2026-02-04T09:00:00","slug":"wspieraj-mueckinvest","status":"publish","type":"page","link":"https:\/\/mueckinvest.com\/pl\/unterstuetze-mueckinvest\/","title":{"rendered":"Wesprzyj Mueckinvest"},"content":{"rendered":"<p>Mueckinvest jest niezale\u017cny, bez reklam i zaprojektowany tak, aby zapewni\u0107 Ci przejrzysty przegl\u0105d Twoich finans\u00f3w. Je\u015bli cenisz sobie ide\u0119 platformy, mo\u017cesz dobrowolnie wesprze\u0107 jej dalszy rozw\u00f3j \u2013 wp\u0142acaj\u0105c jednorazow\u0105 lub comiesi\u0119czn\u0105 sk\u0142adk\u0119.<\/p>\n\n\n\n<div style=\"height:20px\" aria-hidden=\"true\" class=\"wp-block-spacer\"><\/div>\n\n\n\n<hr class=\"wp-block-separator has-alpha-channel-opacity\"\/>\n\n\n\n<div style=\"height:20px\" aria-hidden=\"true\" class=\"wp-block-spacer\"><\/div>\n\n\n\n<h2 class=\"wp-block-heading\">Dlaczego dost\u0119pne s\u0105 opcje wsparcia?<\/h2>\n\n\n\n<p>Zamiast reklamowa\u0107 lub sprzedawa\u0107 dane, Mueckinvest opiera si\u0119 na prostym modelu:<br>Zach\u0119camy wszystkich, kt\u00f3rzy korzystaj\u0105 z platformy i mog\u0105 sobie na to pozwoli\u0107, do jej dobrowolnego wsparcia.<br>Dzi\u0119ki temu Mueckinvest zachowuje niezale\u017cno\u015b\u0107, przejrzysto\u015b\u0107 i stabilno\u015b\u0107 w perspektywie d\u0142ugoterminowej.<\/p>\n\n\n\n<div style=\"height:20px\" aria-hidden=\"true\" class=\"wp-block-spacer\"><\/div>\n\n\n\n<hr class=\"wp-block-separator has-alpha-channel-opacity\"\/>\n\n\n\n<div style=\"height:20px\" aria-hidden=\"true\" class=\"wp-block-spacer\"><\/div>\n\n\n\n<h2 class=\"wp-block-heading\">Wsparcie miesi\u0119czne<\/h2>\n\n\n\n<p>Twoja miesi\u0119czna sk\u0142adka pomaga pokry\u0107 koszty serwera, dalszy rozw\u00f3j i nowe funkcje. P\u0142atno\u015b\u0107 jest przetwarzana automatycznie za po\u015brednictwem systemu PayPal i mo\u017cna j\u0105 anulowa\u0107 w dowolnym momencie.<\/p>\n\n\n\n<div class=\"wp-block-columns is-layout-flex wp-container-core-columns-is-layout-28f84493 wp-block-columns-is-layout-flex\">\n<div class=\"wp-block-column is-layout-flow wp-block-column-is-layout-flow\" style=\"flex-basis:66.66%\">\n<p><strong>Wspieraj\u0105cy \u2013 2 \u20ac\/miesi\u0105c<\/strong><\/p>\n\n\n\n<p>Dzi\u0119ki temu Mueckinvest zachowuje niezale\u017cno\u015b\u0107 i brak reklam.<\/p>\n<\/div>\n\n\n\n<div class=\"wp-block-column is-layout-flow wp-block-column-is-layout-flow\" style=\"flex-basis:33.33%\">\n<div class=\"wp-block-buttons is-layout-flex wp-block-buttons-is-layout-flex\">\n<div class=\"wp-block-button\"><a class=\"wp-block-button__link wp-element-button\" href=\"https:\/\/buy.stripe.com\/00wfZa8Jo8Krfw13ZZ6Na03\">Zosta\u0144 darczy\u0144c\u0105<\/a><\/div>\n<\/div>\n<\/div>\n<\/div>\n\n\n\n<div class=\"wp-block-columns is-layout-flex wp-container-core-columns-is-layout-28f84493 wp-block-columns-is-layout-flex\">\n<div class=\"wp-block-column is-layout-flow wp-block-column-is-layout-flow\" style=\"flex-basis:66.66%\">\n<p><strong>Wsparcie Premium \u2013 5 \u20ac\/miesi\u0105c<\/strong><\/p>\n\n\n\n<p>Wspiera dalszy rozw\u00f3j, hosting i nowe funkcje<\/p>\n<\/div>\n\n\n\n<div class=\"wp-block-column is-layout-flow wp-block-column-is-layout-flow\" style=\"flex-basis:33.33%\">\n<div class=\"wp-block-buttons is-layout-flex wp-block-buttons-is-layout-flex\">\n<div class=\"wp-block-button\"><a class=\"wp-block-button__link wp-element-button\" href=\"https:\/\/buy.stripe.com\/14A5kw3p4e4L6Zv7cb6Na04\">Zosta\u0144 Wspieraj\u0105cym Premium<\/a><\/div>\n<\/div>\n<\/div>\n<\/div>\n\n\n\n<div class=\"wp-block-columns is-layout-flex wp-container-core-columns-is-layout-28f84493 wp-block-columns-is-layout-flex\">\n<div class=\"wp-block-column is-layout-flow wp-block-column-is-layout-flow\" style=\"flex-basis:66.66%\">\n<p><strong>Inwestor Wspieraj\u0105cy \u2013 10 \u20ac \/ miesi\u0105c<\/strong><\/p>\n\n\n\n<p>Aktywnie wsp\u00f3\u0142tw\u00f3rz przysz\u0142o\u015b\u0107 Mueckinvest.<\/p>\n<\/div>\n\n\n\n<div class=\"wp-block-column is-layout-flow wp-block-column-is-layout-flow\" style=\"flex-basis:33.33%\">\n<div class=\"wp-block-buttons is-layout-flex wp-block-buttons-is-layout-flex\">\n<div class=\"wp-block-button\"><a class=\"wp-block-button__link wp-element-button\" href=\"https:\/\/buy.stripe.com\/00w00c5xc1hZ97D9kj6Na05\">Zosta\u0144 inwestorem wspieraj\u0105cym<\/a><\/div>\n<\/div>\n<\/div>\n<\/div>\n\n\n\n<div style=\"height:20px\" aria-hidden=\"true\" class=\"wp-block-spacer\"><\/div>\n\n\n\n<hr class=\"wp-block-separator has-alpha-channel-opacity\"\/>\n\n\n\n<div style=\"height:20px\" aria-hidden=\"true\" class=\"wp-block-spacer\"><\/div>\n\n\n\n<h2 class=\"wp-block-heading\">Jednorazowe wsparcie<\/h2>\n\n\n\n<div class=\"wp-block-columns is-layout-flex wp-container-core-columns-is-layout-28f84493 wp-block-columns-is-layout-flex\">\n<div class=\"wp-block-column is-layout-flow wp-block-column-is-layout-flow\" style=\"flex-basis:66.66%\">\n<p>Je\u015bli nie chcesz wykupi\u0107 subskrypcji, mo\u017cesz wesprze\u0107 Mueckinvest jednorazow\u0105 darowizn\u0105. Kwota mo\u017ce by\u0107 dowolna.<\/p>\n<\/div>\n\n\n\n<div class=\"wp-block-column is-layout-flow wp-block-column-is-layout-flow\" style=\"flex-basis:33.33%\">\n<div class=\"wp-block-buttons is-layout-flex wp-block-buttons-is-layout-flex\">\n<div class=\"wp-block-button\"><a class=\"wp-block-button__link wp-element-button\" href=\"https:\/\/buy.stripe.com\/fZu4gsbVA0dV3Nj7cb6Na06\">Jednorazowe wsparcie<\/a><\/div>\n<\/div>\n<\/div>\n<\/div>\n\n\n\n<div style=\"height:20px\" aria-hidden=\"true\" class=\"wp-block-spacer\"><\/div>\n\n\n\n<hr class=\"wp-block-separator has-alpha-channel-opacity\"\/>\n\n\n\n<div style=\"height:20px\" aria-hidden=\"true\" class=\"wp-block-spacer\"><\/div>\n\n\n\n<h2 class=\"wp-block-heading\">Przejrzysto\u015b\u0107 i rozwi\u0105zanie umowy<\/h2>\n\n\n\n<p>Twoje wsparcie jest dobrowolne i mo\u017cesz je anulowa\u0107 w dowolnym momencie.<br>Mo\u017cesz anulowa\u0107 miesi\u0119czn\u0105 subskrypcj\u0119 bezpo\u015brednio na swoim koncie PayPal.<br>Nie ma \u017cadnych ukrytych warunk\u00f3w \u2013 Tw\u00f3j wk\u0142ad jest podzi\u0119kowaniem za platform\u0119, kt\u00f3ra oferuje Ci rzeczywist\u0105 warto\u015b\u0107 dodan\u0105.<\/p>","protected":false},"excerpt":{"rendered":"<p>Mueckinvest ist unabh\u00e4ngig, werbefrei und darauf ausgelegt, Ihnen einen klaren \u00dcberblick \u00fcber Ihre Finanzen zu geben. Wenn Sie die Idee dahinter wertvoll finden, k\u00f6nnen Sie die Weiterentwicklung freiwillig unterst\u00fctzen \u2013 einmalig oder monatlich. Warum gibt es Unterst\u00fctzungsm\u00f6glichkeiten? Statt Werbung oder Datenverkauf setzt Mueckinvest auf ein einfaches Modell:Wer die Plattform gerne nutzt und sich das leisten [&hellip;]<\/p>\n","protected":false},"author":1,"featured_media":0,"parent":0,"menu_order":0,"comment_status":"closed","ping_status":"closed","template":"page-no-sidebar","meta":{"pmpro_default_level":"","_monsterinsights_skip_tracking":false,"_monsterinsights_sitenote_active":false,"_monsterinsights_sitenote_note":"","_monsterinsights_sitenote_category":0,"footnotes":""},"class_list":["post-2435","page","type-page","status-publish","hentry","pmpro-has-access"],"aioseo_notices":[],"_links":{"self":[{"href":"https:\/\/mueckinvest.com\/pl\/wp-json\/wp\/v2\/pages\/2435","targetHints":{"allow":["GET"]}}],"collection":[{"href":"https:\/\/mueckinvest.com\/pl\/wp-json\/wp\/v2\/pages"}],"about":[{"href":"https:\/\/mueckinvest.com\/pl\/wp-json\/wp\/v2\/types\/page"}],"author":[{"embeddable":true,"href":"https:\/\/mueckinvest.com\/pl\/wp-json\/wp\/v2\/users\/1"}],"replies":[{"embeddable":true,"href":"https:\/\/mueckinvest.com\/pl\/wp-json\/wp\/v2\/comments?post=2435"}],"version-history":[{"count":9,"href":"https:\/\/mueckinvest.com\/pl\/wp-json\/wp\/v2\/pages\/2435\/revisions"}],"predecessor-version":[{"id":3538,"href":"https:\/\/mueckinvest.com\/pl\/wp-json\/wp\/v2\/pages\/2435\/revisions\/3538"}],"wp:attachment":[{"href":"https:\/\/mueckinvest.com\/pl\/wp-json\/wp\/v2\/media?parent=2435"}],"curies":[{"name":"wp","href":"https:\/\/api.w.org\/{rel}","templated":true}]}}