{"id":2,"date":"2025-09-09T17:11:37","date_gmt":"2025-09-09T17:11:37","guid":{"rendered":"https:\/\/mueckinvest.de\/?page_id=2"},"modified":"2026-03-17T18:00:53","modified_gmt":"2026-03-17T17:00:53","slug":"odcisk","status":"publish","type":"page","link":"https:\/\/mueckinvest.com\/pl\/impressum\/","title":{"rendered":"odcisk"},"content":{"rendered":"<h4 class=\"wp-block-heading\"><strong>Informacje zgodnie z art. 5 Ustawy o us\u0142ugach cyfrowych (DDG)<\/strong><\/h4>\n\n\n\n<div class=\"wp-block-columns is-layout-flex wp-container-core-columns-is-layout-28f84493 wp-block-columns-is-layout-flex\">\n<div class=\"wp-block-column is-layout-flow wp-block-column-is-layout-flow\" style=\"flex-basis:66.66%\">\n<p>Mueckinvest<br>c\/o flexdienst \u2013 #Q1 1145&nbsp;<br>Kurt-Schumacher-Stra\u00dfe 76&nbsp;<br>67663 Kaiserslautern&nbsp;<br>Niemcy<\/p>\n\n\n\n<p>\ud83d\udce7 E-mail: info@mueckinvest.com<br>\ud83d\udcc4 Formularz kontaktowy: <a data-type=\"page\" data-id=\"178\" href=\"https:\/\/mueckinvest.com\/pl\/kontakt\/\">kontakt<\/a><\/p>\n<\/div>\n\n\n\n<div class=\"wp-block-column is-layout-flow wp-block-column-is-layout-flow\" style=\"flex-basis:33.33%\"><div style=\"margin-bottom:6px;\" class=\"is-default-size alignleft wp-block-site-logo\"><a href=\"https:\/\/mueckinvest.com\/pl\/\" class=\"custom-logo-link\" rel=\"home\"><img loading=\"lazy\" decoding=\"async\" width=\"1024\" height=\"1024\" src=\"https:\/\/mueckinvest.com\/wp-content\/uploads\/2026\/01\/copilot_image_1768500733470-1.png\" class=\"custom-logo\" alt=\"mueckinvest\" srcset=\"https:\/\/mueckinvest.com\/wp-content\/uploads\/2026\/01\/copilot_image_1768500733470-1.png 1024w, https:\/\/mueckinvest.com\/wp-content\/uploads\/2026\/01\/copilot_image_1768500733470-1-300x300.png 300w, https:\/\/mueckinvest.com\/wp-content\/uploads\/2026\/01\/copilot_image_1768500733470-1-150x150.png 150w, https:\/\/mueckinvest.com\/wp-content\/uploads\/2026\/01\/copilot_image_1768500733470-1-768x768.png 768w, https:\/\/mueckinvest.com\/wp-content\/uploads\/2026\/01\/copilot_image_1768500733470-1-12x12.png 12w\" sizes=\"auto, (max-width: 1024px) 100vw, 1024px\" \/><\/a><\/div><\/div>\n<\/div>\n\n\n\n<p><strong>Odpowiedzialny za tre\u015b\u0107 zgodnie z \u00a7 18 ust. 2 MStV<\/strong><\/p>\n\n\n\n<p>Steffen M\u00fcck<br>c\/o flexdienst \u2013 #Q1 1145&nbsp;<br>Kurt-Schumacher-Stra\u00dfe 76&nbsp;<br>67663 Kaiserslautern&nbsp;<br>Niemcy<\/p>\n\n\n\n<div style=\"height:20px\" aria-hidden=\"true\" class=\"wp-block-spacer\"><\/div>\n\n\n\n<hr class=\"wp-block-separator has-alpha-channel-opacity\"\/>\n\n\n\n<div style=\"height:20px\" aria-hidden=\"true\" class=\"wp-block-spacer\"><\/div>\n\n\n\n<h2 class=\"wp-block-heading\">Ochrona danych<\/h2>\n\n\n\n<p>Polityk\u0119 prywatno\u015bci zgodn\u0105 z RODO mo\u017cna znale\u017a\u0107 pod adresem: <a href=\"https:\/\/mueckinvest.com\/pl\/privacy-policy\/\" data-type=\"page\" data-id=\"3\">Ochrona danych<\/a><\/p>\n\n\n\n<div style=\"height:20px\" aria-hidden=\"true\" class=\"wp-block-spacer\"><\/div>\n\n\n\n<hr class=\"wp-block-separator has-alpha-channel-opacity\"\/>\n\n\n\n<div style=\"height:20px\" aria-hidden=\"true\" class=\"wp-block-spacer\"><\/div>\n\n\n\n<h2 class=\"wp-block-heading\"><strong>KAD\u0179<\/strong><\/h2>\n\n\n\n<p>To le\u017cy <strong>brak numeru identyfikacyjnego VAT<\/strong> wcze\u015bniej. Ma\u0142e firmy wed\u0142ug <strong>\u00a7 19 niemieckiej ustawy o VAT<\/strong>.<\/p>\n\n\n\n<div style=\"height:20px\" aria-hidden=\"true\" class=\"wp-block-spacer\"><\/div>\n\n\n\n<hr class=\"wp-block-separator has-alpha-channel-opacity\"\/>\n\n\n\n<div style=\"height:20px\" aria-hidden=\"true\" class=\"wp-block-spacer\"><\/div>\n\n\n\n<h1 class=\"wp-block-heading\">\u2b50 <strong>Informacja prawna<\/strong><\/h1>\n\n\n\n<p>Ich bin zur Teilnahme an einem Streitbeilegungsverfahren vor einer Verbraucherschlichtungsstelle weder verpflichtet noch bereit.<\/p>\n\n\n\n<div style=\"height:20px\" aria-hidden=\"true\" class=\"wp-block-spacer\"><\/div>\n\n\n\n<hr class=\"wp-block-separator has-alpha-channel-opacity\"\/>\n\n\n\n<div style=\"height:20px\" aria-hidden=\"true\" class=\"wp-block-spacer\"><\/div>\n\n\n\n<h2 class=\"wp-block-heading\"><strong>Nie jest to porada inwestycyjna<\/strong><\/h2>\n\n\n\n<p>Tre\u015bci zawarte na tej stronie internetowej, w aplikacji Mueckinvest AI oraz w aplikacji Mueckinvest AI s\u0142u\u017c\u0105 wy\u0142\u0105cznie celom informacyjnym i edukacyjnym. Nie stanowi\u0105 one <strong>Nie jest to porada inwestycyjna<\/strong>, <strong>Brak rekomendacji<\/strong> I <strong>Nie jest to zach\u0119ta do kupna lub sprzeda\u017cy.<\/strong> instrument\u00f3w finansowych.<\/p>\n\n\n\n<p>To b\u0119dzie <strong>brak indywidualnych decyzji inwestycyjnych<\/strong> przygotowany lub spe\u0142niony.<\/p>\n\n\n\n<div style=\"height:20px\" aria-hidden=\"true\" class=\"wp-block-spacer\"><\/div>\n\n\n\n<hr class=\"wp-block-separator has-alpha-channel-opacity\"\/>\n\n\n\n<div style=\"height:20px\" aria-hidden=\"true\" class=\"wp-block-spacer\"><\/div>\n\n\n\n<h2 class=\"wp-block-heading\"><strong>Ostrze\u017cenie o ryzyku dla certyfikat\u00f3w Wikifolio<\/strong><\/h2>\n\n\n\n<p>Certyfikaty Wikifolio to zabezpieczone certyfikaty indeksowe. Obr\u00f3t instrumentami finansowymi wi\u0105\u017ce si\u0119 ze znacznym ryzykiem. Ceny mog\u0105 ulega\u0107 znacznym wahaniom; nie ma gwarancji wcze\u015bniejszych wynik\u00f3w. <strong>brak wiarygodnego wska\u017anika<\/strong> na przysz\u0142e wyniki. Mo\u017cliwa jest ca\u0142kowita utrata zainwestowanego kapita\u0142u.<\/p>\n\n\n\n<div style=\"height:20px\" aria-hidden=\"true\" class=\"wp-block-spacer\"><\/div>\n\n\n\n<hr class=\"wp-block-separator has-alpha-channel-opacity\"\/>\n\n\n\n<div style=\"height:20px\" aria-hidden=\"true\" class=\"wp-block-spacer\"><\/div>\n\n\n\n<h2 class=\"wp-block-heading\"><strong>Informacje o produkcie i wystawcy<\/strong><\/h2>\n\n\n\n<p>Certyfikaty Wikifolio s\u0105 produktami <strong>Lang &amp; Schwarz Aktiengesellschaft<\/strong>, kt\u00f3re s\u0105 pod nadzorem <strong>BaFin<\/strong> Obowi\u0105zuj\u0105 poni\u017csze warunki. Wi\u0105\u017c\u0105ce s\u0105 wy\u0142\u0105cznie oficjalne informacje o produkcie (podstawowy prospekt, ostateczne warunki).<\/p>\n\n\n\n<div style=\"height:20px\" aria-hidden=\"true\" class=\"wp-block-spacer\"><\/div>\n\n\n\n<hr class=\"wp-block-separator has-alpha-channel-opacity\"\/>\n\n\n\n<div style=\"height:20px\" aria-hidden=\"true\" class=\"wp-block-spacer\"><\/div>\n\n\n\n<h1 class=\"wp-block-heading\">\u2b50 <strong>Zastrze\u017cenie dotycz\u0105ce funkcji AI (strona internetowa i aplikacja AI)<\/strong><\/h1>\n\n\n\n<p>Publikuj\u0119 na swojej stronie internetowej, jak r\u00f3wnie\u017c w <strong>Aplikacja Mueckinvest AI<\/strong> (Android + iOS) oferuje funkcj\u0119 informacyjn\u0105 opart\u0105 na sztucznej inteligencji. Wygenerowane odpowiedzi maj\u0105 charakter wy\u0142\u0105cznie og\u00f3lnoinformacyjny i edukacyjny.<\/p>\n\n\n\n<ul class=\"wp-block-list\">\n<li>brak zalece\u0144 dotycz\u0105cych dzia\u0142a\u0144<\/li>\n\n\n\n<li>Nie jest to porada inwestycyjna<\/li>\n\n\n\n<li>Brak porad podatkowych i prawnych.<\/li>\n\n\n\n<li>Nie udzielamy \u017cadnej gwarancji co do dok\u0142adno\u015bci, kompletno\u015bci ani aktualno\u015bci.<\/li>\n<\/ul>\n\n\n\n<p>Wszystkie decyzje podejmowane na podstawie dostarczonych informacji s\u0105 <strong>na w\u0142asn\u0105 odpowiedzialno\u015b\u0107<\/strong> U\u017cytkownik. Nie ponosz\u0119 odpowiedzialno\u015bci za jakiekolwiek szkody lub straty wynikaj\u0105ce bezpo\u015brednio lub po\u015brednio z korzystania z funkcji AI.<\/p>\n\n\n\n<div style=\"height:20px\" aria-hidden=\"true\" class=\"wp-block-spacer\"><\/div>\n\n\n\n<hr class=\"wp-block-separator has-alpha-channel-opacity\"\/>\n\n\n\n<div style=\"height:20px\" aria-hidden=\"true\" class=\"wp-block-spacer\"><\/div>\n\n\n\n<h2 class=\"wp-block-heading\"><strong>T\u0142umaczenia<\/strong><\/h2>\n\n\n\n<p>T\u0142umaczenia automatyczne mog\u0105 zawiera\u0107 b\u0142\u0119dy. Obowi\u0105zuje zawsze wersja autorytatywna. <strong>Oryginalna wersja niemiecka<\/strong>.<\/p>\n\n\n\n<div style=\"height:20px\" aria-hidden=\"true\" class=\"wp-block-spacer\"><\/div>\n\n\n\n<hr class=\"wp-block-separator has-alpha-channel-opacity\"\/>\n\n\n\n<div style=\"height:20px\" aria-hidden=\"true\" class=\"wp-block-spacer\"><\/div>\n\n\n\n<h2 class=\"wp-block-heading\"><strong>zdatno\u015b\u0107<\/strong><\/h2>\n\n\n\n<p>Przedstawione produkty nie s\u0105 odpowiednie dla wszystkich inwestor\u00f3w i s\u0105 przeznaczone wy\u0142\u0105cznie dla os\u00f3b, kt\u00f3re rozumiej\u0105 zwi\u0105zane z nimi ryzyko i mog\u0105 je ponie\u015b\u0107.<\/p>\n\n\n\n<div style=\"height:20px\" aria-hidden=\"true\" class=\"wp-block-spacer\"><\/div>\n\n\n\n<hr class=\"wp-block-separator has-alpha-channel-opacity\"\/>\n\n\n\n<div style=\"height:20px\" aria-hidden=\"true\" class=\"wp-block-spacer\"><\/div>\n\n\n\n<h2 class=\"wp-block-heading\"><strong>Uwaga dotycz\u0105ca grafik i ilustracji<\/strong><\/h2>\n\n\n\n<p>O ile nie zaznaczono inaczej, grafiki i ilustracje zosta\u0142y stworzone przy u\u017cyciu aplikacji opartych na sztucznej inteligencji (np. Microsoft Copilot, ChatGPT). Nie s\u0105 to zdj\u0119cia prawdziwych os\u00f3b ani miejsc.<\/p>\n\n\n\n<p><strong>Prawo autorskie:<\/strong> O ile nie zaznaczono inaczej, prawa do stworzonych grafik nale\u017c\u0105 do operatora tej strony internetowej. Korzystanie z nich jest dozwolone wy\u0142\u0105cznie po uzyskaniu uprzedniej pisemnej zgody.<\/p>\n\n\n\n<p><strong>Zastrze\u017cenie:<\/strong> Mimo dok\u0142adnej analizy nie mo\u017cna wykluczy\u0107, \u017ce tre\u015bci generowane przez sztuczn\u0105 inteligencj\u0119 mog\u0105 w niezamierzony spos\u00f3b przypomina\u0107 istniej\u0105ce dzie\u0142a lub prawdziwe osoby.<\/p>\n\n\n\n<div style=\"height:20px\" aria-hidden=\"true\" class=\"wp-block-spacer\"><\/div>\n\n\n\n<hr class=\"wp-block-separator has-alpha-channel-opacity\"\/>\n\n\n\n<div style=\"height:20px\" aria-hidden=\"true\" class=\"wp-block-spacer\"><\/div>\n\n\n\n<h2 class=\"wp-block-heading\"><strong>Odniesienie do \u017ar\u00f3d\u0142a<\/strong><\/h2>\n\n\n\n<p>Dane dotycz\u0105ce sk\u0142adu, wa\u017cenia, koncepcji handlowej i \u015brodk\u00f3w rebalansowania pochodz\u0105 z publicznie dost\u0119pnych informacji na temat <strong>wikifolio.com<\/strong>.<\/p>\n\n\n\n<div style=\"height:20px\" aria-hidden=\"true\" class=\"wp-block-spacer\"><\/div>\n\n\n\n<hr class=\"wp-block-separator has-alpha-channel-opacity\"\/>\n\n\n\n<div style=\"height:20px\" aria-hidden=\"true\" class=\"wp-block-spacer\"><\/div>\n\n\n\n<h2 class=\"wp-block-heading\"><strong>Zakres<\/strong><\/h2>\n\n\n\n<p>Niniejsza informacja prawna ma zastosowanie do:<\/p>\n\n\n\n<ul class=\"wp-block-list\">\n<li><strong>mueckinvest.de<\/strong><\/li>\n\n\n\n<li><strong>mueckinvest.com<\/strong><\/li>\n\n\n\n<li>wszystkie powi\u0105zane podstrony<\/li>\n\n\n\n<li>ten <strong>Mueckinvest AI<\/strong> (Sie\u0107)<\/li>\n\n\n\n<li>ten <strong>Aplikacja Mueckinvest AI<\/strong> (Android + iOS)<\/li>\n\n\n\n<li>ten <strong>Aplikacja Mueckinvest<\/strong> (Android + iOS)<\/li>\n<\/ul>","protected":false},"excerpt":{"rendered":"","protected":false},"author":1,"featured_media":0,"parent":0,"menu_order":0,"comment_status":"closed","ping_status":"closed","template":"page-no-sidebar","meta":{"pmpro_default_level":"","_monsterinsights_skip_tracking":false,"_monsterinsights_sitenote_active":false,"_monsterinsights_sitenote_note":"","_monsterinsights_sitenote_category":0,"footnotes":""},"class_list":["post-2","page","type-page","status-publish","hentry","pmpro-has-access"],"aioseo_notices":[],"_links":{"self":[{"href":"https:\/\/mueckinvest.com\/pl\/wp-json\/wp\/v2\/pages\/2","targetHints":{"allow":["GET"]}}],"collection":[{"href":"https:\/\/mueckinvest.com\/pl\/wp-json\/wp\/v2\/pages"}],"about":[{"href":"https:\/\/mueckinvest.com\/pl\/wp-json\/wp\/v2\/types\/page"}],"author":[{"embeddable":true,"href":"https:\/\/mueckinvest.com\/pl\/wp-json\/wp\/v2\/users\/1"}],"replies":[{"embeddable":true,"href":"https:\/\/mueckinvest.com\/pl\/wp-json\/wp\/v2\/comments?post=2"}],"version-history":[{"count":16,"href":"https:\/\/mueckinvest.com\/pl\/wp-json\/wp\/v2\/pages\/2\/revisions"}],"predecessor-version":[{"id":4027,"href":"https:\/\/mueckinvest.com\/pl\/wp-json\/wp\/v2\/pages\/2\/revisions\/4027"}],"wp:attachment":[{"href":"https:\/\/mueckinvest.com\/pl\/wp-json\/wp\/v2\/media?parent=2"}],"curies":[{"name":"wp","href":"https:\/\/api.w.org\/{rel}","templated":true}]}}