{"id":1508,"date":"2025-12-09T08:00:00","date_gmt":"2025-12-09T08:00:00","guid":{"rendered":"https:\/\/mueckinvest.de\/?page_id=1508"},"modified":"2026-01-28T12:00:00","modified_gmt":"2026-01-28T11:00:00","slug":"wartosc-dodana-w-porownaniu-do-etf-ow","status":"publish","type":"page","link":"https:\/\/mueckinvest.com\/pl\/mehrwert-gegenueber-etfs\/","title":{"rendered":"Warto\u015b\u0107 dodana w por\u00f3wnaniu do ETF-\u00f3w"},"content":{"rendered":"<p>Portfel ETF to zazwyczaj dobry punkt wyj\u015bcia. Jednak wielu inwestor\u00f3w nie docenia, jak bardzo portfel mo\u017ce si\u0119 zmienia\u0107 w czasie \u2013 i jak trudno jest zachowa\u0107 dyscyplin\u0119 w d\u0142u\u017cszej perspektywie. W\u0142a\u015bnie tutaj pojawia si\u0119 MueckInvest: z jasnymi zasadami, globaln\u0105 dywersyfikacj\u0105 i transparentn\u0105, wdra\u017can\u0105 na \u017cywo strategi\u0105.<\/p>\n\n\n\n<div style=\"height:20px\" aria-hidden=\"true\" class=\"wp-block-spacer\"><\/div>\n\n\n\n<hr class=\"wp-block-separator has-alpha-channel-opacity\"\/>\n\n\n\n<div style=\"height:20px\" aria-hidden=\"true\" class=\"wp-block-spacer\"><\/div>\n\n\n\n<h2 class=\"wp-block-heading\"><strong>\ud83d\udd0d Typowe wyzwania zwi\u0105zane z klasycznymi portfelami ETF<\/strong><\/h2>\n\n\n\n<h3 class=\"wp-block-heading\"><strong>\ud83d\udcc9 1. Niezauwa\u017cone zmiany ryzyka (dryf portfela)<\/strong><\/h3>\n\n\n\n<p>Je\u015bli niekt\u00f3re regiony lub sektory radz\u0105 sobie lepiej ni\u017c inne, profil ryzyka zmienia si\u0119 automatycznie. Portfel, kt\u00f3ry pocz\u0105tkowo by\u0142 defensywny (70\/30), mo\u017ce po kilku latach sta\u0107 si\u0119 znacznie bardziej przesuni\u0119ty w stron\u0119 akcji \u2013 bez \u017cadnej \u015bwiadomej decyzji.<\/p>\n\n\n\n<h3 class=\"wp-block-heading\"><strong>\u23f3 2. Rebalancing rzadko jest wdra\u017cany konsekwentnie.<\/strong><\/h3>\n\n\n\n<p>Wiele os\u00f3b wie, \u017ce regularne rebalansowanie jest wa\u017cne. W praktyce jednak cz\u0119sto si\u0119 o tym zapomina, odk\u0142ada na p\u00f3\u017aniej lub kieruje si\u0119 emocjami. W d\u0142u\u017cszej perspektywie portfel traci swoj\u0105 struktur\u0119 i stabilno\u015b\u0107.<\/p>\n\n\n\n<h3 class=\"wp-block-heading\"><strong>\ud83e\udde0 3. Decyzje podejmowane pod wp\u0142ywem emocji kosztuj\u0105 Ci\u0119 zyski w d\u0142u\u017cszej perspektywie<\/strong><\/h3>\n\n\n\n<p>Emocje r\u00f3wnie\u017c odgrywaj\u0105 rol\u0119 w przypadku ETF-\u00f3w: ludzie kupuj\u0105 zbyt p\u00f3\u017ano, sprzedaj\u0105 zbyt wcze\u015bnie lub reaguj\u0105 na nag\u0142\u00f3wki. Te b\u0142\u0119dy behawioralne stanowi\u0105 jedn\u0105 z najwi\u0119kszych przeszk\u00f3d dla inwestor\u00f3w indywidualnych w osi\u0105ganiu zysk\u00f3w.<\/p>\n\n\n\n<div style=\"height:20px\" aria-hidden=\"true\" class=\"wp-block-spacer\"><\/div>\n\n\n\n<hr class=\"wp-block-separator has-alpha-channel-opacity\"\/>\n\n\n\n<div style=\"height:20px\" aria-hidden=\"true\" class=\"wp-block-spacer\"><\/div>\n\n\n\n<h2 class=\"wp-block-heading\"><strong>\ud83e\udded Co sprawia, \u017ce Mueckinvest jest lepszy<\/strong><\/h2>\n\n\n\n<h3 class=\"wp-block-heading\"><strong>\ud83d\udcd8 1. Jasne, przejrzyste zasady<\/strong><\/h3>\n\n\n\n<p>Strategie opieraj\u0105 si\u0119 na sta\u0142ych, zrozumia\u0142ych zasadach. \u017badnych spontanicznych decyzji, \u017cadnego wyczucia rynku, \u017cadnych przeczu\u0107. Wszystko jest udokumentowane i sp\u00f3jne.<\/p>\n\n\n\n<h3 class=\"wp-block-heading\"><strong>\ud83d\udd04 2. Regularne, oparte na regu\u0142ach rebalansowanie<\/strong><\/h3>\n\n\n\n<p>Wagi s\u0105 weryfikowane i dostosowywane w okre\u015blonych odst\u0119pach czasu. Dzi\u0119ki temu ryzyko pozostaje stabilne \u2013 niezale\u017cnie od kr\u00f3tkoterminowych waha\u0144 rynkowych.<\/p>\n\n\n\n<h3 class=\"wp-block-heading\"><strong>\ud83c\udf0d 3. Globalna dywersyfikacja w jednym portfelu<\/strong><\/h3>\n\n\n\n<p>Zamiast \u0142\u0105czy\u0107 kilka ETF-\u00f3w, MueckInvest \u0142\u0105czy globaln\u0105 dywersyfikacj\u0119 w ramach jasno ustrukturyzowanego podej\u015bcia:<\/p>\n\n\n\n<ul class=\"wp-block-list\">\n<li>Akcje z rynk\u00f3w rozwini\u0119tych i wschodz\u0105cych<\/li>\n\n\n\n<li>Obszary zainteresowania regionalnego, takie jak USA, Europa i Azja<\/li>\n\n\n\n<li>W zale\u017cno\u015bci od strategii: obligacje lub inne elementy sk\u0142adowe zarz\u0105dzania ryzykiem<\/li>\n<\/ul>\n\n\n\n<p>Efekt: sp\u00f3jny, profesjonalnie skonstruowany portfel zamiast losowo tworzonego zbioru ETF-\u00f3w.<\/p>\n\n\n\n<h3 class=\"wp-block-heading\"><strong>\ud83e\udde9 4. Mniej wysi\u0142ku \u2013 mniej b\u0142\u0119d\u00f3w<\/strong><\/h3>\n\n\n\n<p>Nie musisz martwi\u0107 si\u0119 o czas, wagi ani fazy rynku. Zasady s\u0105 sta\u0142e i konsekwentnie egzekwowane. To ogranicza typowe b\u0142\u0119dy behawioralne i zapewnia d\u0142ugoterminow\u0105 stabilno\u015b\u0107.<\/p>\n\n\n\n<h2 class=\"wp-block-heading\"><strong>\ud83d\udca1 Co to dla Ciebie oznacza<\/strong><\/h2>\n\n\n\n<p>Portfel oparty na regu\u0142ach oferuje nie tylko korzy\u015bci strukturalne, ale tak\u017ce psychologiczne:<\/p>\n\n\n\n<ul class=\"wp-block-list\">\n<li>Mniejszy stres podczas ruch\u00f3w rynkowych<\/li>\n\n\n\n<li>Nie obawiaj si\u0119, \u017ce przegapisz wa\u017cne decyzje.<\/li>\n\n\n\n<li>Portfel trwale dopasowany do Twojej klasy ryzyka<\/li>\n\n\n\n<li>Mniejsza presja podejmowania decyzji w \u017cyciu codziennym<\/li>\n\n\n\n<li>Prostota zamiast z\u0142o\u017cono\u015bci<\/li>\n<\/ul>\n\n\n\n<p>Prawdziwa warto\u015b\u0107 dodana nie le\u017cy zatem wy\u0142\u0105cznie w budowie portfela, ale w jego konsekwentnej, zdyscyplinowanej realizacji na przestrzeni wielu lat.<\/p>\n\n\n\n<div style=\"height:20px\" aria-hidden=\"true\" class=\"wp-block-spacer\"><\/div>\n\n\n\n<hr class=\"wp-block-separator has-alpha-channel-opacity\"\/>\n\n\n\n<div style=\"height:20px\" aria-hidden=\"true\" class=\"wp-block-spacer\"><\/div>\n\n\n\n<h2 class=\"wp-block-heading\"><strong>\ud83d\udcca Przejrzysta implementacja poprzez Wikifolio<\/strong><\/h2>\n\n\n\n<p>Strategie MueckInvest s\u0105 wdra\u017cane na \u017cywo za po\u015brednictwem Wikifolio. Mo\u017cesz je tam \u015bledzi\u0107 w dowolnym momencie.<\/p>\n\n\n\n<ul class=\"wp-block-list\">\n<li>aktualne wagi i sk\u0142ad<\/li>\n\n\n\n<li>wszystkie regulacje i kroki rebalansowania<\/li>\n\n\n\n<li>Wska\u017aniki ryzyka i rozw\u00f3j historyczny<\/li>\n\n\n\n<li>ka\u017cda pojedyncza transakcja<\/li>\n<\/ul>\n\n\n\n<p>Jak to dzia\u0142a <a href=\"https:\/\/mueckinvest.com\/pl\/%f0%9f%93%88-wikifolios\/\" title=\"Wikifolios\">Wikifolio<\/a> jak r\u00f3wnie\u017c szanse i zagro\u017cenia s\u0105 szczeg\u00f3\u0142owo om\u00f3wione w <a href=\"https:\/\/mueckinvest.com\/pl\/doglebne-tematy\/\" title=\"Tematy dog\u0142\u0119bne\">G\u0142\u0119bokie tematy nurkowe<\/a> i w <a href=\"https:\/\/mueckinvest.com\/pl\/faq\/\" title=\"FAQ \u2013 Najcz\u0119\u015bciej zadawane pytania\">Cz\u0119sto zadawane pytania <\/a>wyja\u015bnione.<\/p>\n\n\n\n<div style=\"height:20px\" aria-hidden=\"true\" class=\"wp-block-spacer\"><\/div>\n\n\n\n<hr class=\"wp-block-separator has-alpha-channel-opacity\"\/>\n\n\n\n<div style=\"height:20px\" aria-hidden=\"true\" class=\"wp-block-spacer\"><\/div>\n\n\n\n<figure class=\"wp-block-table\">\n  <table class=\"info-tabelle mehrwert has-fixed-layout\">\n    <thead>\n      <tr>\n        <th>kryterium<\/th>\n        <th>Portfel ETF<\/th>\n        <th>Umbrella Wikifolio: Warstwy globalne<\/th>\n      <\/tr>\n    <\/thead>\n    <tbody>\n      <tr>\n        <td>Budowa<\/td>\n        <td>3\u20137 indywidualnych ETF-\u00f3w, wa\u017cenie r\u0119czne<\/td>\n        <td>Jedno stanowisko, wszystkie elementy sk\u0142adowe zintegrowane<\/td>\n      <\/tr>\n      <tr>\n        <td>dzia\u0142alno\u015b\u0107<\/td>\n        <td>Czysto biernie, bez \u017cadnych dostosowa\u0144<\/td>\n        <td>Aktywna, r\u00f3wnowa\u017c\u0105ca i oparta na regu\u0142ach logika trend\u00f3w<\/td>\n      <\/tr>\n      <tr>\n        <td>Dywersyfikacja<\/td>\n        <td>Globalny, ale cz\u0119sto tylko 2-3 regiony<\/td>\n        <td>Globalne + Czynniki + Trendy + Tematy<\/td>\n      <\/tr>\n      <tr>\n        <td>Koszt<\/td>\n        <td>Regularne rebalansowanie, decyzje selekcyjne<\/td>\n        <td>W pe\u0142ni zautomatyzowany, nie wymaga konserwacji<\/td>\n      <\/tr>\n      <tr>\n        <td>elastyczno\u015b\u0107<\/td>\n        <td>Sztywno przywi\u0105zany do indeksu<\/td>\n        <td>Mo\u017cliwo\u015b\u0107 dostosowania do faz rynkowych i nowych trend\u00f3w<\/td>\n      <\/tr>\n      <tr>\n        <td>przezroczysto\u015b\u0107<\/td>\n        <td>Zasady indeksowania, ale ma\u0142o wyja\u015bnie\u0144<\/td>\n        <td>Przejrzyste aktualizacje, zrozumia\u0142e decyzje<\/td>\n      <\/tr>\n      <tr>\n        <td>Percepcja koszt\u00f3w<\/td>\n        <td>Niski TER, ale koszty pocz\u0105tkowe<\/td>\n        <td>Wy\u017csze op\u0142aty, ale pe\u0142ne wsparcie<\/td>\n      <\/tr>\n    <\/tbody>\n    <tfoot>\n      <tr>\n        <td class=\"has-text-align-center\" data-align=\"center\" colspan=\"3\">\n          Portfele ETF to dobry punkt wyj\u015bcia. Moja strategia to kolejny krok.\n        <\/td>\n      <\/tr>\n    <\/tfoot>\n  <\/table>\n<\/figure>\n\n<!-- Wrapper f\u00fcr die mobilen Spalten-Cards -->\n<div class=\"mehrwert-cards\"><\/div>\n\n\n\n<div class=\"wp-block-columns is-layout-flex wp-container-core-columns-is-layout-28f84493 wp-block-columns-is-layout-flex\">\n<div class=\"wp-block-column is-layout-flow wp-block-column-is-layout-flow\">\n<div class=\"wp-block-buttons is-layout-flex wp-block-buttons-is-layout-flex\">\n<div class=\"wp-block-button\"><a class=\"wp-block-button__link wp-element-button\" href=\"https:\/\/mueckinvest.com\/pl\/warstwy-globalne\/\">Do parasola Wikifolio Global Layers<\/a><\/div>\n<\/div>\n<\/div>\n\n\n\n<div class=\"wp-block-column is-layout-flow wp-block-column-is-layout-flow\">\n<div class=\"wp-block-buttons is-layout-flex wp-block-buttons-is-layout-flex\">\n<div class=\"wp-block-button\"><a class=\"wp-block-button__link wp-element-button\" href=\"https:\/\/mueckinvest.com\/pl\/wikifolios\/\">Odkryj wi\u0119cej strategii<\/a><\/div>\n<\/div>\n<\/div>\n<\/div>\n\n\n\n<div class=\"wp-block-buttons is-layout-flex wp-block-buttons-is-layout-flex\"><\/div>","protected":false},"excerpt":{"rendered":"<p>Ein ETF\u2011Portfolio ist grunds\u00e4tzlich ein guter Start. Doch viele Anlegerinnen und Anleger untersch\u00e4tzen, wie stark sich ein Portfolio im Laufe der Zeit ver\u00e4ndert \u2013 und wie schwierig es ist, langfristig diszipliniert zu bleiben. Genau hier setzt MueckInvest an: mit klaren Regeln, globaler Diversifikation und einer transparenten, live umgesetzten Strategie. \ud83d\udd0d Typische Herausforderungen bei klassischen ETF\u2011Portfolios [&hellip;]<\/p>\n","protected":false},"author":1,"featured_media":0,"parent":0,"menu_order":0,"comment_status":"closed","ping_status":"closed","template":"page-no-sidebar","meta":{"pmpro_default_level":"","_monsterinsights_skip_tracking":false,"_monsterinsights_sitenote_active":false,"_monsterinsights_sitenote_note":"","_monsterinsights_sitenote_category":0,"footnotes":""},"class_list":["post-1508","page","type-page","status-publish","hentry","pmpro-has-access"],"aioseo_notices":[],"_links":{"self":[{"href":"https:\/\/mueckinvest.com\/pl\/wp-json\/wp\/v2\/pages\/1508","targetHints":{"allow":["GET"]}}],"collection":[{"href":"https:\/\/mueckinvest.com\/pl\/wp-json\/wp\/v2\/pages"}],"about":[{"href":"https:\/\/mueckinvest.com\/pl\/wp-json\/wp\/v2\/types\/page"}],"author":[{"embeddable":true,"href":"https:\/\/mueckinvest.com\/pl\/wp-json\/wp\/v2\/users\/1"}],"replies":[{"embeddable":true,"href":"https:\/\/mueckinvest.com\/pl\/wp-json\/wp\/v2\/comments?post=1508"}],"version-history":[{"count":2,"href":"https:\/\/mueckinvest.com\/pl\/wp-json\/wp\/v2\/pages\/1508\/revisions"}],"predecessor-version":[{"id":3201,"href":"https:\/\/mueckinvest.com\/pl\/wp-json\/wp\/v2\/pages\/1508\/revisions\/3201"}],"wp:attachment":[{"href":"https:\/\/mueckinvest.com\/pl\/wp-json\/wp\/v2\/media?parent=1508"}],"curies":[{"name":"wp","href":"https:\/\/api.w.org\/{rel}","templated":true}]}}