{"id":1134,"date":"2025-11-12T09:16:37","date_gmt":"2025-11-12T09:16:37","guid":{"rendered":"https:\/\/mueckinvest.de\/?page_id=1134"},"modified":"2026-03-18T15:18:00","modified_gmt":"2026-03-18T14:18:00","slug":"tlo-powstania-mueckinvest","status":"publish","type":"page","link":"https:\/\/mueckinvest.com\/pl\/hintergrund-zur-entstehung-von-mueckinvest\/","title":{"rendered":"Od wizji do realizacji"},"content":{"rendered":"<p>Mueckinvest powsta\u0142 w oparciu o jasny cel: zapewnienie inwestorom prostego sposobu dost\u0119pu do rynku globalnego w zaledwie <strong>pojedyncza pozycja portfelowa<\/strong> reprezentowa\u0107. Klasyczne strategie cz\u0119sto sk\u0142adaj\u0105 si\u0119 z wielu pojedynczych akcji lub funduszy \u2013 skomplikowanych w zarz\u0105dzaniu i podatnych na przewa\u017cenie lub niedowa\u017cenie.<\/p>\n\n\n\n<p>Moje podej\u015bcie ma zatem jasny cel: <strong>ustrukturyzowany, globalnie zdywersyfikowany portfel w jednej pozycji<\/strong>, uzupe\u0142nione o przejrzy\u015bcie przedstawion\u0105 wiedz\u0119 finansow\u0105, dzi\u0119ki kt\u00f3rej podstawowe zasady staj\u0105 si\u0119 zrozumia\u0142e.<\/p>\n\n\n\n<p>Obejmuje to dwa kluczowe elementy:<\/p>\n\n\n\n<ul class=\"wp-block-list\">\n<li><strong>Strategie Wikifolio oparte na regu\u0142ach<\/strong>, kt\u00f3re \u0142\u0105cz\u0105 dywersyfikacj\u0119, struktur\u0119 i zarz\u0105dzanie ryzykiem<\/li>\n\n\n\n<li><strong>G\u0142\u0119bokie zanurzenie w konkretne tematy i wiedz\u0119 finansow\u0105<\/strong>, kt\u00f3re wyja\u015bniaj\u0105, jak dzia\u0142aj\u0105 rynki, jaki wp\u0142yw maj\u0105 na nie czynniki i jakie tematy s\u0105 istotne w d\u0142u\u017cszej perspektywie<\/li>\n<\/ul>\n\n\n\n<p>Dog\u0142\u0119bne analizy rzucaj\u0105 \u015bwiat\u0142o na kluczowe tematy inwestycyjne, mechanizmy rynkowe i odkrycia naukowe \u2013 w zwi\u0119z\u0142y, zrozumia\u0142y i mo\u017cliwy do bezpo\u015bredniego zastosowania spos\u00f3b. Pomagaj\u0105 inwestorom dostrzega\u0107 powi\u0105zania, kontekstualizowa\u0107 decyzje i lepiej rozumie\u0107 strategie.<\/p>\n\n\n\n<p>Z parasolem wikifolio <strong>Warstwy globalne<\/strong> Cel globalnego portfolio rynkowego zosta\u0142 konsekwentnie zrealizowany w ramach jednej pozycji. Jako bardziej kompaktow\u0105 alternatyw\u0119, dost\u0119pne jest podstawowe Wikifolio. <strong>Globalnie inteligentne inwestycje<\/strong> rodzaj \u201e\u015bwiat\u0142a Globalnych Warstw\u201c.<\/p>\n\n\n\n<p>Mueckinvest jest zatem skierowany zar\u00f3wno do do\u015bwiadczonych inwestor\u00f3w, kt\u00f3rzy szukaj\u0105 efektywnego uzupe\u0142nienia istniej\u0105cych portfeli, jak i do pocz\u0105tkuj\u0105cych, kt\u00f3rzy chc\u0105 uzyska\u0107 dost\u0119p do szeroko zdywersyfikowanego portfela rynkowego za pomoc\u0105 jednej inwestycji \u2013 i jednocze\u015bnie zdoby\u0107 wiedz\u0119, kt\u00f3ra pozwoli im go zrozumie\u0107.<\/p>\n\n\n\n<div style=\"height:100px\" aria-hidden=\"true\" class=\"wp-block-spacer\"><\/div>\n\n\n\n<p>Uwaga: Inwestycje w Wikifolios wi\u0105\u017c\u0105 si\u0119 z ryzykiem. Wyniki z przesz\u0142o\u015bci nie s\u0105 wiarygodnym wska\u017anikiem przysz\u0142ych rezultat\u00f3w. Szczeg\u00f3\u0142y w [link\/dokument\/sekcja]. <strong><a href=\"https:\/\/mueckinvest.com\/pl\/odcisk\/\" data-type=\"page\" data-id=\"2\">odcisk<\/a>.<\/strong><\/p>","protected":false},"excerpt":{"rendered":"<p>Mueckinvest entstand aus einem klaren Anspruch: Anlegern eine einfache M\u00f6glichkeit zu bieten, den globalen Markt in nur einer einzigen Depotposition abzubilden. Klassische Strategien bestehen oft aus vielen Einzelwerten oder Fonds \u2013 komplex in der Verwaltung und anf\u00e4llig f\u00fcr \u00dcber\u2011 oder Untergewichtungen. Mein Ansatz verfolgt deshalb ein eindeutiges Ziel: ein strukturiertes, global diversifiziertes Portfolio in einer [&hellip;]<\/p>\n","protected":false},"author":1,"featured_media":0,"parent":0,"menu_order":0,"comment_status":"closed","ping_status":"closed","template":"page-no-sidebar","meta":{"pmpro_default_level":"","_monsterinsights_skip_tracking":false,"_monsterinsights_sitenote_active":false,"_monsterinsights_sitenote_note":"","_monsterinsights_sitenote_category":0,"footnotes":""},"class_list":["post-1134","page","type-page","status-publish","hentry","pmpro-has-access"],"aioseo_notices":[],"_links":{"self":[{"href":"https:\/\/mueckinvest.com\/pl\/wp-json\/wp\/v2\/pages\/1134","targetHints":{"allow":["GET"]}}],"collection":[{"href":"https:\/\/mueckinvest.com\/pl\/wp-json\/wp\/v2\/pages"}],"about":[{"href":"https:\/\/mueckinvest.com\/pl\/wp-json\/wp\/v2\/types\/page"}],"author":[{"embeddable":true,"href":"https:\/\/mueckinvest.com\/pl\/wp-json\/wp\/v2\/users\/1"}],"replies":[{"embeddable":true,"href":"https:\/\/mueckinvest.com\/pl\/wp-json\/wp\/v2\/comments?post=1134"}],"version-history":[{"count":2,"href":"https:\/\/mueckinvest.com\/pl\/wp-json\/wp\/v2\/pages\/1134\/revisions"}],"predecessor-version":[{"id":4031,"href":"https:\/\/mueckinvest.com\/pl\/wp-json\/wp\/v2\/pages\/1134\/revisions\/4031"}],"wp:attachment":[{"href":"https:\/\/mueckinvest.com\/pl\/wp-json\/wp\/v2\/media?parent=1134"}],"curies":[{"name":"wp","href":"https:\/\/api.w.org\/{rel}","templated":true}]}}