{"id":448,"date":"2025-10-21T08:00:00","date_gmt":"2025-10-21T08:00:00","guid":{"rendered":"https:\/\/mueckinvest.de\/?page_id=448"},"modified":"2026-01-07T08:13:21","modified_gmt":"2026-01-07T07:13:21","slug":"%ec%96%b4%eb%96%a4-%ec%9c%84%ed%82%a4%ed%8f%b4%eb%a6%ac%ec%98%a4%ea%b0%80-%eb%82%98%ec%97%90%ea%b2%8c-%ec%a0%81%ed%95%a9%ed%95%a0%ea%b9%8c%ec%9a%94","status":"publish","type":"page","link":"https:\/\/mueckinvest.com\/ko\/welches-wikifolio-passt-zu-mir\/","title":{"rendered":"\uc5b4\ub5a4 \uc704\ud0a4\ud3f4\ub9ac\uc624\uac00 \ub2f9\uc2e0\uc758 \uc704\ud5d8 \ub4f1\uae09\uc5d0 \uc801\ud569\ud569\ub2c8\uae4c?"},"content":{"rendered":"\n<hr class=\"wp-block-separator has-alpha-channel-opacity\"\/>\n\n\n\n<p>Beantworten Sie die folgenden Fragen, um einen Eindruck davon zu gewinnen, welche Wikifolios beispielhaft zu unterschiedlichen Risikoprofilen und Interessenbereichen passen k\u00f6nnten.<\/p>\n\n\n\n<div class=\"question\">\n  <label>1. Wie w\u00fcrden Sie Ihr Risikoprofil einsch\u00e4tzen?<\/label><br \/>\n  <label><input name=\"risk\" type=\"radio\" value=\"defensiv\" \/> Defensiv<\/label><br \/>\n  <label><input name=\"risk\" type=\"radio\" value=\"ausgewogen\" \/> Ausgewogen<\/label><br \/>\n  <label><input name=\"risk\" type=\"radio\" value=\"chancen\" \/> Chancenorientiert<\/label><br \/>\n  <label><input name=\"risk\" type=\"radio\" value=\"trends\" \/> Trend &amp; Nischen<\/label>\n<\/div>\n\n<div class=\"question\">\n  <label>2. M\u00f6chten Sie eher eine Basisanlage oder gezielt Themen\/Nischen beimischen?<\/label><br \/>\n  <label><input name=\"focus\" type=\"radio\" value=\"basis\" \/> Basisanlage (Kernbaustein)<\/label><br \/>\n  <label><input name=\"focus\" type=\"radio\" value=\"themen\" \/> Themen &amp; Nischen (Erg\u00e4nzung)<\/label>\n<\/div>\n\n<p><button id=\"findBtn\" style=\"background: var(--color-bg-table-head); color: #fff;\">\nM\u00f6gliche Wikifolios anzeigen<\/button><\/p>\n\n<div id=\"result\" class=\"result\"><\/div>\n <\/div>\n\n<style>\n  .question {\n    margin-bottom: 20px; \/* Abstand zwischen den Fragen *\/\n  }\n\n  #findBtn {\n    background-color: #0077B6;\n    color: #fff;\n    font-size: 18px;       \/* Schriftgr\u00f6\u00dfe gr\u00f6\u00dfer *\/\n    padding: 12px 24px;    \/* mehr Innenabstand *\/\n    border: none;\n    border-radius: 6px;    \/* abgerundete Ecken *\/\n    cursor: pointer;\n    margin-top: 20px;      \/* Abstand oberhalb des Buttons *\/\n  }\n\n  #findBtn:hover {\n    background-color: #005f8d; \/* etwas dunkler beim Hover *\/\n  }\n<\/style>\n\n<script>\n  document.addEventListener('DOMContentLoaded', function () {\n    const findBtn = document.getElementById('findBtn');\n    const resultDiv = document.getElementById('result');\n\n    findBtn.addEventListener('click', function () {\n      const risk = document.querySelector('input[name=\"risk\"]:checked');\n      const focus = document.querySelector('input[name=\"focus\"]:checked');\n\n      if (!risk || !focus) {\n        alert(\"Bitte beantworten Sie alle Fragen.\");\n        return;\n      }\n\n      const LINKS = {\n        shield: \"https:\/\/mueckinvest.com\/global-shield\/\",\n        core: \"https:\/\/mueckinvest.com\/weltweit-smart-investiert\/\",\n        coreTrends: \"https:\/\/mueckinvest.com\/global-core-and-trends\/\",\n        layers: \"https:\/\/mueckinvest.com\/global-layers\/\",\n        genius: \"https:\/\/mueckinvest.com\/global-genius\/\",\n        gems: \"https:\/\/mueckinvest.com\/hidden-gems-nischenabdeckung\/\",\n        beyond: \"https:\/\/mueckinvest.com\/beyond-trends-global-growth\/\",\n        nexus: \"https:\/\/mueckinvest.com\/innovation-nexus\/\"\n      };\n\n      let html = `\n        <p>Die folgenden Wikifolios sind als Beispiele aufgef\u00fchrt, die zu Ihrer Auswahl passen k\u00f6nnten. \n        Diese Darstellung dient ausschlie\u00dflich der allgemeinen Information und stellt keine Empfehlung oder Anlageberatung dar.<\/p>\n      `;\n\n      if (risk.value === \"defensiv\") {\n        html += `<a href=\"${LINKS.shield}\" target=\"_blank\">Global Shield<\/a><br \/>`;\n      } else if (risk.value === \"ausgewogen\") {\n        if (focus.value === \"basis\") {\n          html += `<a href=\"${LINKS.core}\" target=\"_blank\">Weltweit Smart Investiert<\/a><br \/>`;\n        } else {\n          html += `<a href=\"${LINKS.layers}\" target=\"_blank\">Global Layers<\/a><br \/>`;\n        }\n      } else if (risk.value === \"chancen\") {\n        if (focus.value === \"basis\") {\n          html += `<a href=\"${LINKS.coreTrends}\" target=\"_blank\">Global Core and Trends<\/a><br \/>`;\n        } else {\n          html += `<a href=\"${LINKS.genius}\" target=\"_blank\">Global Genius<\/a><br \/>`;\n        }\n      } else if (risk.value === \"trends\") {\n        if (focus.value === \"basis\") {\n          html += `<a href=\"${LINKS.beyond}\" target=\"_blank\">Beyond Trends<\/a><br \/>`;\n        } else {\n          html += `\n            <a href=\"${LINKS.nexus}\" target=\"_blank\">Innovation Nexus<\/a><br \/>\n            <a href=\"${LINKS.gems}\" target=\"_blank\">Hidden Gems<\/a><br \/>\n          `;\n        }\n      }\n\n      resultDiv.style.display = \"block\";\n      resultDiv.innerHTML = html;\n    });\n  });\n<\/script>\n\n\n\n<section id=\"important-note\">\n<div class=\"note-container\">\n<p>Diese Darstellung ist nur als Orientierung gedacht und ersetzt keine Anlageberatung.<\/p>\n<\/div>\n<\/section>\n\n\n\n<p><style>\n  .question {<br \/>\n    margin-bottom: 20px; \/* Abstand zwischen den Fragen *\/<br \/>\n  }<\/p>\n<p>  #findBtn {<br \/>\n    background-color: #0077B6;<br \/>\n    color: #fff;<br \/>\n    font-size: 18px;       \/* Schriftgr\u00f6\u00dfe gr\u00f6\u00dfer *\/<br \/>\n    padding: 12px 24px;    \/* mehr Innenabstand *\/<br \/>\n    border: none;<br \/>\n    border-radius: 6px;    \/* abgerundete Ecken *\/<br \/>\n    cursor: pointer;<br \/>\n    margin-top: 20px;      \/* Abstand oberhalb des Buttons *\/<br \/>\n  }<\/p>\n<p>  #findBtn:hover {<br \/>\n    background-color: #005f8d; \/* etwas dunkler beim Hover *\/<br \/>\n  }<br \/>\n<\/style><\/p>\n\n\n\n<p><script><br \/>\n  document.addEventListener('DOMContentLoaded', function () {<br \/>\n    const findBtn = document.getElementById('findBtn');<br \/>\n    const resultDiv = document.getElementById('result');<\/p>\n<p>    findBtn.addEventListener('click', function () {<br \/>\n      const risk = document.querySelector('input[name=\"risk\"]:checked');<br \/>\n      const focus = document.querySelector('input[name=\"focus\"]:checked');<\/p>\n<p>      if (!risk || !focus) {<br \/>\n        alert(\"Bitte beantworten Sie alle Fragen.\");<br \/>\n        return;<br \/>\n      }<\/p>\n<p>      const LINKS = {<br \/>\n        shield: \"https:\/\/mueckinvest.com\/global-shield\/\",<br \/>\n        core: \"https:\/\/mueckinvest.com\/weltweit-smart-investiert\/\",<br \/>\n        coreTrends: \"https:\/\/mueckinvest.com\/global-core-and-trends\/\",<br \/>\n        layers: \"https:\/\/mueckinvest.com\/global-layers\/\",<br \/>\n        genius: \"https:\/\/mueckinvest.com\/global-genius\/\",<br \/>\n        gems: \"https:\/\/mueckinvest.com\/hidden-gems-nischenabdeckung\/\",<br \/>\n        beyond: \"https:\/\/mueckinvest.com\/beyond-trends-global-growth\/\",<br \/>\n        nexus: \"https:\/\/mueckinvest.com\/innovation-nexus\/\"<br \/>\n      };<\/p>\n<p>      let html = `<\/p>\n<p>Die folgenden Wikifolios sind als Beispiele aufgef\u00fchrt, die zu Ihrer Auswahl passen k\u00f6nnten.<br \/>\n        Diese Darstellung dient ausschlie\u00dflich der allgemeinen Information und stellt keine Empfehlung oder Anlageberatung dar.<\/p>\n<p>      `;<\/p>\n<p>      if (risk.value === \"defensiv\") {<br \/>\n        html += `<a href=\"${LINKS.shield}\" target=\"_blank\">Global Shield<\/a><br \/>`;<br \/>\n      } else if (risk.value === \"ausgewogen\") {<br \/>\n        if (focus.value === \"basis\") {<br \/>\n          html += `<a href=\"${LINKS.core}\" target=\"_blank\">Weltweit Smart Investiert<\/a><br \/>`;<br \/>\n        } else {<br \/>\n          html += `<a href=\"${LINKS.layers}\" target=\"_blank\">Global Layers<\/a><br \/>`;<br \/>\n        }<br \/>\n      } else if (risk.value === \"chancen\") {<br \/>\n        if (focus.value === \"basis\") {<br \/>\n          html += `<a href=\"${LINKS.coreTrends}\" target=\"_blank\">Global Core and Trends<\/a><br \/>`;<br \/>\n        } else {<br \/>\n          html += `<a href=\"${LINKS.genius}\" target=\"_blank\">Global Genius<\/a><br \/>`;<br \/>\n        }<br \/>\n      } else if (risk.value === \"trends\") {<br \/>\n        if (focus.value === \"basis\") {<br \/>\n          html += `<a href=\"${LINKS.beyond}\" target=\"_blank\">Beyond Trends<\/a><br \/>`;<br \/>\n        } else {<br \/>\n          html += `<br \/>\n            <a href=\"${LINKS.nexus}\" target=\"_blank\">Innovation Nexus<\/a><br \/>\n            <a href=\"${LINKS.gems}\" target=\"_blank\">Hidden Gems<\/a><br \/>\n          `;<br \/>\n        }<br \/>\n      }<\/p>\n<p>      resultDiv.style.display = \"block\";<br \/>\n      resultDiv.innerHTML = html;<br \/>\n    });<br \/>\n  });<br \/>\n<\/script><\/p>\n","protected":false},"excerpt":{"rendered":"<p>Beantworten Sie die folgenden Fragen, um einen Eindruck davon zu gewinnen, welche Wikifolios beispielhaft zu unterschiedlichen Risikoprofilen und Interessenbereichen passen k\u00f6nnten. 1. Wie w\u00fcrden Sie Ihr Risikoprofil einsch\u00e4tzen? Defensiv Ausgewogen Chancenorientiert Trend &amp; Nischen 2. M\u00f6chten Sie eher eine Basisanlage oder gezielt Themen\/Nischen beimischen? Basisanlage (Kernbaustein) Themen &amp; Nischen (Erg\u00e4nzung) M\u00f6gliche Wikifolios anzeigen Diese Darstellung [&hellip;]<\/p>\n","protected":false},"author":1,"featured_media":0,"parent":0,"menu_order":0,"comment_status":"closed","ping_status":"closed","template":"page-no-sidebar","meta":{"pmpro_default_level":"","_monsterinsights_skip_tracking":false,"_monsterinsights_sitenote_active":false,"_monsterinsights_sitenote_note":"","_monsterinsights_sitenote_category":0,"footnotes":""},"class_list":["post-448","page","type-page","status-publish","hentry","pmpro-has-access"],"aioseo_notices":[],"_links":{"self":[{"href":"https:\/\/mueckinvest.com\/ko\/wp-json\/wp\/v2\/pages\/448","targetHints":{"allow":["GET"]}}],"collection":[{"href":"https:\/\/mueckinvest.com\/ko\/wp-json\/wp\/v2\/pages"}],"about":[{"href":"https:\/\/mueckinvest.com\/ko\/wp-json\/wp\/v2\/types\/page"}],"author":[{"embeddable":true,"href":"https:\/\/mueckinvest.com\/ko\/wp-json\/wp\/v2\/users\/1"}],"replies":[{"embeddable":true,"href":"https:\/\/mueckinvest.com\/ko\/wp-json\/wp\/v2\/comments?post=448"}],"version-history":[{"count":0,"href":"https:\/\/mueckinvest.com\/ko\/wp-json\/wp\/v2\/pages\/448\/revisions"}],"wp:attachment":[{"href":"https:\/\/mueckinvest.com\/ko\/wp-json\/wp\/v2\/media?parent=448"}],"curies":[{"name":"wp","href":"https:\/\/api.w.org\/{rel}","templated":true}]}}