{"id":3984,"date":"2026-03-13T11:00:00","date_gmt":"2026-03-13T10:00:00","guid":{"rendered":"https:\/\/mueckinvest.com\/?page_id=3984"},"modified":"2026-03-17T17:00:00","modified_gmt":"2026-03-17T16:00:00","slug":"%ec%9d%b4%ec%95%bc%ea%b8%b0","status":"publish","type":"page","link":"https:\/\/mueckinvest.com\/ko\/geschichte\/","title":{"rendered":"\uc5ed\uc0ac, \ubc1c\uc804 \uacfc\uc815 \ubc0f \ub85c\ub4dc\ub9f5"},"content":{"rendered":"<p><strong>\uc81c\uac00 \uc81c \uc131\uc7a5 \uacfc\uc815\uc744 \uacf5\uac1c\uc801\uc73c\ub85c \ubcf4\uc5ec\uc8fc\ub294 \uc774\uc720<\/strong><\/p>\n\n\n\n<p>\uc800\ub294 \ubba4\ud0a8\ubca0\uc2a4\ud2b8\uac00 \uc5b4\ub5bb\uac8c \ub2e8\uacc4\uc801\uc73c\ub85c \ubc1c\uc804\ud574 \uc654\ub294\uc9c0 \ud22c\uba85\ud558\uac8c \ubcf4\uc5ec\uc8fc\ub294 \uac83\uc774 \uc911\uc694\ud558\ub2e4\uace0 \uc0dd\uac01\ud569\ub2c8\ub2e4. \ud2b9\ud788 \uae08\uc735 \ubd84\uc57c\uc5d0\uc11c\ub294 \uc2e0\ub8b0\uac00 \ub9e4\uc6b0 \uc911\uc694\ud558\uba70, \uc2e0\ub8b0\ub294 \uc81c\ud488\uc774 \uc5b4\ub5bb\uac8c \ub9cc\ub4e4\uc5b4\uc9c0\uace0, \uc131\uc7a5\ud558\uace0, \uac1c\uc120\ub418\ub294\uc9c0 \uc774\ud574\ud560 \uc218 \uc788\uc744 \ub54c \uad6c\ucd95\ub429\ub2c8\ub2e4. \uadf8\ub807\uae30 \ub54c\ubb38\uc5d0 \uc800\ub294 2025\ub144\ubd80\ud130 \uc81c \uc5ec\uc815\uc744 \uae30\ub85d\ud574 \uc654\uc73c\uba70, \uc81c\uac00 \ubb34\uc5c7\uc744 \ud558\uace0 \uc788\ub294\uc9c0, \uc774\ubbf8 \ubb34\uc5c7\uc744 \ub2ec\uc131\ud588\ub294\uc9c0, \uadf8\ub9ac\uace0 \uc55e\uc73c\ub85c\uc758 \uacc4\ud68d\uc740 \ubb34\uc5c7\uc778\uc9c0 \uba85\ud655\ud558\uac8c \ubcf4\uc5ec\ub4dc\ub9ac\uace0 \uc788\uc2b5\ub2c8\ub2e4.<\/p>\n\n\n\n<details class=\"wp-block-details is-layout-flow wp-block-details-is-layout-flow\"><summary><strong>2025<\/strong><\/summary>\n<h2 class=\"wp-block-heading\">2025\ub144 8\uc6d4 \u2013 \ubd84\uc11d \ub2e8\uacc4: \uc704\ud0a4\ud3f4\ub9ac\uc624\uc2a4 \uc9d1\uc911 \ubd84\uc11d<\/h2>\n\n\n\n<p>\ubba4\ud0a8\ubca0\uc2a4\ud2b8\uc758 \ucd9c\ubc1c\uc810\uc785\ub2c8\ub2e4. \uc774 \ub2e8\uacc4\uc5d0\uc11c\ub294 \uc704\ud0a4\ud3f4\ub9ac\uc624, \ud22c\uc790 \uc804\ub7b5, \uadf8\ub9ac\uace0 \ud22c\uc790\uc790\ub4e4\uc774 \ud754\ud788 \uc800\uc9c0\ub974\ub294 \uc2e4\uc218\uc5d0 \ub300\ud55c \uc0c1\uc138\ud55c \ubd84\uc11d\uc5d0 \uc9d1\uc911\ud588\uc2b5\ub2c8\ub2e4. \uc774\ub7ec\ud55c \ubd84\uc11d\uc744 \ud1b5\ud574 \uc5bb\uc740 \ud1b5\ucc30\ub825\uc740 \uba85\ud655\ud558\uace0 \uc774\ud574\ud558\uae30 \uc26c\uc6b0\uba70 \uc7a5\uae30\uc801\uc778 \uad00\uc810\uc744 \uac00\uc9c4 \uae08\uc735 \ud50c\ub7ab\ud3fc\uc744 \uad6c\ucd95\ud558\ub824\ub294 \ud6c4\uc18d \uc544\uc774\ub514\uc5b4\uc758 \ud1a0\ub300\uac00 \ub418\uc5c8\uc2b5\ub2c8\ub2e4.<\/p>\n\n\n\n<h2 class=\"wp-block-heading\">2025\ub144 10\uc6d4 \u2013 \uccab \uc6f9\uc0ac\uc774\ud2b8 \ubc0f \ube0c\ub79c\ub4dc \uad6c\ucd95<\/h2>\n\n\n\n<p>\ubba4\ud0a8\ubca0\uc2a4\ud2b8 \uc6f9\uc0ac\uc774\ud2b8\uc758 \uccab \ubc88\uc9f8 \ubc84\uc804\uc774 \uc628\ub77c\uc778\uc5d0 \uacf5\uac1c\ub418\uc5c8\uc2b5\ub2c8\ub2e4. \ubaa9\ud45c\ub294 \uae08\uc735 \uc9c0\uc2dd\uc744 \uccb4\uacc4\uc801\uc774\uace0 \uc774\ud574\ud558\uae30 \uc26c\uc6b4 \ubc29\uc2dd\uc73c\ub85c \uc81c\uacf5\ud558\ub294 \uac83\uc774\uc5c8\uc2b5\ub2c8\ub2e4. \ub3d9\uc2dc\uc5d0, \ubbf8\ub2c8\uba40\ub9ac\uc998\uc801\uc774\uace0, \uc0ac\uc2e4\uc5d0 \uae30\ubc18\ud558\uba70, \uc7a5\uae30\uc801\uc778 \uad00\uc810\uc744 \uac00\uc9c4 \ube0c\ub79c\ub4dc \uc544\uc774\ub374\ud2f0\ud2f0\uac00 \uac1c\ubc1c\ub418\uc5c8\uc2b5\ub2c8\ub2e4.<\/p>\n\n\n\n<h2 class=\"wp-block-heading\">2025\ub144 12\uc6d4 \u2013 \uc8fc\uc81c\ubcc4 \uc2ec\uce35 \ubd84\uc11d<\/h2>\n\n\n\n<p>\ucf58\ud150\uce20 \uc81c\uc791\uc5d0 \ub300\ud55c \uc9d1\uc911\uc801\uc778 \uc791\uc5c5\uc774 \uc2dc\uc791\ub418\uc5c8\ub2e4. \ud3ec\uad04\uc801\uc778 \ud504\ub85c\uc81d\ud2b8\uac00 \uc218\ub9bd\ub418\uc5c8\ub2e4. <a href=\"https:\/\/mueckinvest.com\/ko\/themen-deep-dive\/\" title=\"\uc8fc\uc81c \uc2ec\uce35 \ubd84\uc11d\">\uc2ec\uce35 \ubd84\uc11d<\/a> ETF, \uc704\ud5d8, \ubd84\uc0b0 \ud22c\uc790, <a href=\"https:\/\/mueckinvest.com\/ko\/rebalancing\/\" title=\"\uc7ac\uade0\ud615 \uc870\uc815\">\uc7ac\uade0\ud615 \uc870\uc815 <\/a>\uadf8\ub9ac\uace0 \uc7a5\uae30 \ud22c\uc790 \uc804\ub7b5\uc5d0 \uad00\ud55c \ub0b4\uc6a9\uc785\ub2c8\ub2e4. \uc774 \ucf58\ud150\uce20\ub294 \ub098\uc911\uc5d0 Mueckinvest AI\uc758 \uc9c0\uc2dd \uae30\ubc18\uc774 \ub418\uc5c8\uc2b5\ub2c8\ub2e4.<\/p>\n<\/details>\n\n\n\n<details class=\"wp-block-details is-layout-flow wp-block-details-is-layout-flow\"><summary><strong>2026<\/strong><\/summary>\n<h2 class=\"wp-block-heading\">2026\ub144 1\uc6d4 - \uc548\ub4dc\ub85c\uc774\ub4dc \uc571 \uac1c\ubc1c \uc2dc\uc791<\/h2>\n\n\n\n<p>\uae30\uc220 \uad6c\ud604\uc774 \uacf5\uc2dd\uc801\uc73c\ub85c \uc2dc\uc791\ub418\uc5c8\uc2b5\ub2c8\ub2e4. \uc544\ud0a4\ud14d\ucc98\ub294 \uc758\ub3c4\uc801\uc73c\ub85c \uac04\uacb0\ud558\uace0 \ud655\uc7a5 \uac00\ub2a5\ud558\uba70 \uc804 \uc138\uacc4\uc801\uc73c\ub85c \uc801\uc6a9 \uac00\ub2a5\ud558\ub3c4\ub85d \uc124\uacc4\ub418\uc5c8\uc2b5\ub2c8\ub2e4. \ucd08\uae30 UI \ud504\ub85c\ud1a0\ud0c0\uc785\uacfc ETF \uc815\ubcf4 \ub370\uc774\ud130 \ubaa8\ub378\uc774 \uac1c\ubc1c\ub418\uc5c8\uc2b5\ub2c8\ub2e4.<\/p>\n\n\n\n<h2 class=\"wp-block-heading\">2026\ub144 2\uc6d4 \u2013 AI \uc124\ub9bd<\/h2>\n\n\n\n<p>\uc2dc\uc791 <a href=\"https:\/\/mueckinvest.com\/ko\/%eb%ae%a4%ed%82%a8%eb%b2%a0%ec%8a%a4%ed%8a%b8-%ed%82%a4\/\" title=\"\ubba4\ud0a8\ubca0\uc2a4\ud2b8 AI\">AI \ud1b5\ud569<\/a> \uc77c\ubc18\uc801\uc778 \ub2f5\ubcc0\ubcf4\ub2e4\ub294 \uc9c4\uc815\ud55c \uc124\uba85 \uc804\ubb38\uc131\uc5d0 \ucd08\uc810\uc744 \ub9de\ucd94\uc5c8\uc2b5\ub2c8\ub2e4. RAG \ud30c\uc774\ud504\ub77c\uc778, \ucd08\uae30 \uc784\ubca0\ub529 \ubc0f \ubca1\ud130 \ub370\uc774\ud130\ubca0\uc774\uc2a4 \uad6c\uc870\ub97c \uac1c\ubc1c\ud588\uc2b5\ub2c8\ub2e4. \ub3d9\uc2dc\uc5d0 \uae00\ub85c\ubc8c \ubc30\ud3ec\ub97c \uc704\ud55c \ub2e4\uad6d\uc5b4 \uc9c0\uc6d0 \uacc4\ud68d\uc744 \uc218\ub9bd\ud558\uae30 \uc2dc\uc791\ud588\uc2b5\ub2c8\ub2e4.<\/p>\n\n\n\n<h2 class=\"wp-block-heading\">2026\ub144 3\uc6d4 17\uc77c \u2013 \ubc1c\uc0ac\uac00 \uc644\ub8cc\ub418\uc5c8\uc2b5\ub2c8\ub2e4 \ud83c\udf0d<\/h2>\n\n\n\n<p>\uc548\ub4dc\ub85c\uc774\ub4dc <a href=\"https:\/\/mueckinvest.com\/ko\/%ec%95%88%eb%93%9c%eb%a1%9c%ec%9d%b4%eb%93%9c-%ec%95%b1\/\" title=\"\ubba4\ud0a8\ubca0\uc2a4\ud2b8 \uc571\">\ubba4\ud0a8\ubca0\uc2a4\ud2b8 \uc571<\/a> \uc774\uc81c \uc11c\ube44\uc2a4\uac00 \uc2dc\uc791\ub418\uc5c8\uc2b5\ub2c8\ub2e4. \uc9d1\uc911\uc801\uc778 \uc900\ube44 \ub05d\uc5d0 \uae00\ub85c\ubc8c \uc778\ud504\ub77c\uac00 \uad6c\ucd95\ub418\uc5c8\uace0, \uc11c\ubc84\ub294 \uc6d0\ud65c\ud558\uac8c \uac00\ub3d9 \uc911\uc774\uba70, AI\ub294 \uc774\ubbf8 \ub6f0\uc5b4\ub09c \uc131\uacfc\ub97c \ubcf4\uc5ec\uc8fc\uace0 \uc788\uc2b5\ub2c8\ub2e4.<\/p>\n<\/details>\n\n\n\n<details class=\"wp-block-details is-layout-flow wp-block-details-is-layout-flow\"><summary><strong>\uacc4\ud68d\/\ub85c\ub4dc\ub9f5<\/strong><\/summary>\n<h2 class=\"wp-block-heading\">2026\ub144 4\uc6d4~6\uc6d4<\/h2>\n\n\n\n<p>\u201eMueckinvest\u201c\uc640 \u201eMueckinvest AI\u201c\uc758 iOS \ub124\uc774\ud2f0\ube0c \ubc84\uc804 \uac1c\ubc1c\uc774 \uc2dc\uc791\ub418\uc5c8\uc2b5\ub2c8\ub2e4. \ubaa9\ud45c\ub294 \uae30\uc874 \uc6f9 \ubc0f \uc548\ub4dc\ub85c\uc774\ub4dc \ud658\uacbd\uc744 \uc644\ubcbd\ud558\uac8c \ubcf4\uc644\ud558\ub294 \uc548\uc815\uc801\uc774\uace0 \ube60\ub974\uba70 \uc9c1\uad00\uc801\uc778 \uc571\uc744 \ub9cc\ub4dc\ub294 \uac83\uc785\ub2c8\ub2e4.<\/p>\n\n\n\n<p>\uc548\ub4dc\ub85c\uc774\ub4dc \uc571(&quot;Mueckinvest&quot;)\uacfc \ud568\uaed8 \ub3c5\ub9bd\ud615 \uc571\uc778 &quot;Mueckinvest AI&quot;\ub3c4 \ucd9c\uc2dc\ub420 \uc608\uc815\uc785\ub2c8\ub2e4. \uc774 \uc571\uc740 ETF, \uc7a5\uae30 \ud22c\uc790 \ubc0f \uae08\uc735 \uad50\uc721\uc5d0 \ub300\ud55c \uc804\ubb38\uc801\uc778 AI \ucc44\ud305 \uae30\ub2a5\uc744 \uc81c\uacf5\ud558\uba70, 20\uac1c \uc5b8\uc5b4\ub97c \uc9c0\uc6d0\ud558\uace0 \uc804 \uc138\uacc4 \uc0ac\uc6a9\uc790\ub97c \uc704\ud574 \ucd5c\uc801\ud654\ub418\uc5b4 \uc788\uc2b5\ub2c8\ub2e4.<\/p>\n\n\n\n<h2 class=\"wp-block-heading\">2026\ub144 \ub9d0\uae4c\uc9c0<\/h2>\n\n\n\n<p><strong>\uac74\ucd95\ubb3c\uc758 \uc548\uc815\uc131<\/strong>\uc5f0\ub9d0\uae4c\uc9c0 Mueckinvest\uc758 \uae30\uc220 \uae30\ubc18\uc744 \ub354\uc6b1 \uac15\ud654\ud558\ub294 \ub370 \uc9d1\uc911\ud560 \uac83\uc785\ub2c8\ub2e4. \uae30\uc874 \uc11c\ubc84 \ubc0f \ub370\uc774\ud130\ubca0\uc774\uc2a4 \uc544\ud0a4\ud14d\ucc98\ub294 \uc2e4\uc81c \uc0ac\uc6a9\uc790 \ud658\uacbd\uc5d0\uc11c \uc9c0\uc18d\uc801\uc73c\ub85c \ubaa8\ub2c8\ud130\ub9c1, \ucd5c\uc801\ud654 \ubc0f \ud14c\uc2a4\ud2b8\ub420 \uac83\uc785\ub2c8\ub2e4. \ubaa9\ud45c\ub294 \ubaa8\ub4e0 \uad6d\uc81c \uc2dc\uc7a5\uc744 \uc704\ud55c \uc548\uc815\uc801\uc774\uace0 \ud655\uc7a5 \uac00\ub2a5\ud558\uba70 \uc2e0\ub8b0\ud560 \uc218 \uc788\ub294 \ud50c\ub7ab\ud3fc\uc744 \uc601\uad6c\uc801\uc73c\ub85c \uad6c\ucd95\ud558\ub294 \uac83\uc785\ub2c8\ub2e4.<\/p>\n\n\n\n<p><strong>\ubc84\uadf8 \uc218\uc815 \uc9c4\ud589 \uc911<\/strong>\uae30\ub2a5\uc774 \ub2e4\uc591\ud574\uc9c0\uace0 \ucd08\uae30 \uc0ac\uc6a9\uc790 \ud53c\ub4dc\ubc31\uc774 \ucd95\uc801\ub428\uc5d0 \ub530\ub77c \uc774\uc81c\ub294 \uccb4\uacc4\uc801\uc778 \uc624\ub958 \ubd84\uc11d\uc5d0 \uc9d1\uc911\ud558\uace0 \uc788\uc2b5\ub2c8\ub2e4. \ubc1c\uacac\ub41c \ubc84\uadf8\ub294 \uc2e0\uc18d\ud558\uac8c \uc218\uc815\ub418\uace0, \ud504\ub85c\uc138\uc2a4\uac00 \uac1c\uc120\ub418\uba70, \uc571\uc758 \uc804\ubc18\uc801\uc778 \uc131\ub2a5\uc774 \ub354\uc6b1 \ud5a5\uc0c1\ub429\ub2c8\ub2e4.<\/p>\n\n\n\n<p><strong>\ud488\uc9c8 \ubcf4\uc99d \ubc0f \ubbf8\uc138 \uc870\uc815<\/strong>\uae30\uc220\uc801 \uc870\uc815 \uc678\uc5d0\ub3c4 \uc0ac\uc6a9\uc790 \uc778\ud130\ud398\uc774\uc2a4 \uc138\ubd80 \uc0ac\ud56d, \ub85c\ub529 \uc2dc\uac04, AI \uc751\ub2f5 \ud488\uc9c8 \ubc0f \ub2e4\uad6d\uc5b4 \uc9c0\uc6d0\uc774 \uc9c0\uc18d\uc801\uc73c\ub85c \ucd5c\uc801\ud654\ub418\uace0 \uc788\uc2b5\ub2c8\ub2e4. \uc5f0\ub9d0\uae4c\uc9c0 Mueckinvest\ub97c \uc548\uc815\uc801\uc774\uace0 \uc6d0\ud65c\ud558\uac8c \uc791\ub3d9\ud558\uba70 \uad6d\uc81c\uc801\uc73c\ub85c \ubc30\ud3ec \uac00\ub2a5\ud55c \uae08\uc735 AI \ud50c\ub7ab\ud3fc\uc73c\ub85c \uc804\ud658\ud558\ub294 \ub370 \uc911\uc810\uc744 \ub450\uace0 \uc788\uc2b5\ub2c8\ub2e4.<\/p>\n<\/details>","protected":false},"excerpt":{"rendered":"<p>Warum ich meine Entwicklung offen zeige F\u00fcr mich ist es wichtig, transparent zu zeigen, wie sich Mueckinvest Schritt f\u00fcr Schritt entwickelt hat. Gerade im Finanzbereich z\u00e4hlt Vertrauen \u2013 und Vertrauen entsteht, wenn man nachvollziehen kann, wie ein Produkt entsteht, w\u00e4chst und sich verbessert. Deshalb dokumentiere ich meinen Weg seit 2025 und zeige klar, woran ich [&hellip;]<\/p>\n","protected":false},"author":1,"featured_media":0,"parent":0,"menu_order":0,"comment_status":"closed","ping_status":"closed","template":"","meta":{"pmpro_default_level":"","_monsterinsights_skip_tracking":false,"_monsterinsights_sitenote_active":false,"_monsterinsights_sitenote_note":"","_monsterinsights_sitenote_category":0,"footnotes":""},"class_list":["post-3984","page","type-page","status-publish","hentry","pmpro-has-access"],"aioseo_notices":[],"_links":{"self":[{"href":"https:\/\/mueckinvest.com\/ko\/wp-json\/wp\/v2\/pages\/3984","targetHints":{"allow":["GET"]}}],"collection":[{"href":"https:\/\/mueckinvest.com\/ko\/wp-json\/wp\/v2\/pages"}],"about":[{"href":"https:\/\/mueckinvest.com\/ko\/wp-json\/wp\/v2\/types\/page"}],"author":[{"embeddable":true,"href":"https:\/\/mueckinvest.com\/ko\/wp-json\/wp\/v2\/users\/1"}],"replies":[{"embeddable":true,"href":"https:\/\/mueckinvest.com\/ko\/wp-json\/wp\/v2\/comments?post=3984"}],"version-history":[{"count":13,"href":"https:\/\/mueckinvest.com\/ko\/wp-json\/wp\/v2\/pages\/3984\/revisions"}],"predecessor-version":[{"id":4021,"href":"https:\/\/mueckinvest.com\/ko\/wp-json\/wp\/v2\/pages\/3984\/revisions\/4021"}],"wp:attachment":[{"href":"https:\/\/mueckinvest.com\/ko\/wp-json\/wp\/v2\/media?parent=3984"}],"curies":[{"name":"wp","href":"https:\/\/api.w.org\/{rel}","templated":true}]}}