{"id":380,"date":"2025-10-09T10:03:20","date_gmt":"2025-10-09T10:03:20","guid":{"rendered":"https:\/\/mueckinvest.de\/?page_id=380"},"modified":"2026-01-05T07:00:00","modified_gmt":"2026-01-05T06:00:00","slug":"%ec%bd%94%ec%96%b4%ec%9c%84%ed%82%a4%ed%8f%b4%eb%a6%ac%ec%98%a4-%eb%b9%84%ea%b5%90","status":"publish","type":"page","link":"https:\/\/mueckinvest.com\/ko\/kernwikifolio-vergleich\/","title":{"rendered":"\ud575\uc2ec \uc704\ud0a4\ud3f4\ub9ac\uc624 \ube44\uad50"},"content":{"rendered":"<div class=\"tabelle-vollbild\">\n  <table class=\"info-tabelle vergleich has-fixed-layout\">\n    <thead>\n      <tr>\n        <th class=\"kategorie\">\ubc94\uc8fc<\/th>\n        <th class=\"wikifolio\">\n          <a href=\"https:\/\/mueckinvest.com\/ko\/%ec%a0%84-%ec%84%b8%ea%b3%84-%ec%8a%a4%eb%a7%88%ed%8a%b8-%ed%88%ac%ec%9e%90\/\" target=\"_blank\" rel=\"noopener\">\n            \uae00\ub85c\ubc8c \uc2a4\ub9c8\ud2b8 \ud22c\uc790\n          <\/a>\n        <\/th>\n        <th class=\"wikifolio\">\n          <a href=\"https:\/\/mueckinvest.com\/ko\/%ea%b8%80%eb%a1%9c%eb%b2%8c-%ed%95%b5%ec%8b%ac-%eb%b0%8f-%ed%8a%b8%eb%a0%8c%eb%93%9c\/\" target=\"_blank\" rel=\"noopener\">\n            \uae00\ub85c\ubc8c \ud575\uc2ec \ubc0f \ud2b8\ub80c\ub4dc\n          <\/a>\n        <\/th>\n        <th class=\"wikifolio\">\n          <a href=\"https:\/\/mueckinvest.com\/ko\/%ea%b8%80%eb%a1%9c%eb%b2%8c-%ec%89%b4%eb%93%9c\/\" target=\"_blank\" rel=\"noopener\">\n            \uae00\ub85c\ubc8c \uc274\ub4dc\n          <\/a>\n        <\/th>\n      <\/tr>\n    <\/thead>\n\n    <tbody>\n      <tr>\n        <td class=\"highlight\">\uc870\uc815<\/td>\n        <td>ESG, \ub2e4\uc911\uc694\uc18c \ubc0f \uc554\ud638\ud654\ud3d0\ub97c \ud65c\uc6a9\ud55c \uae00\ub85c\ubc8c \uba40\ud2f0\uc790\uc0b0 \ud22c\uc790<\/td>\n        <td>\uc21c\uc218 \uc8fc\uc2dd \ud3ec\ud2b8\ud3f4\ub9ac\uc624 \ubc0f \ud329\ud130 \uc804\ub7b5<\/td>\n        <td>\ucc44\uad8c, \uc6d0\uc790\uc7ac \ubc0f \uae08\uc5d0 \uc9d1\uc911\ud558\ub294 \ubc29\uc5b4\uc801\uc778 \ub2e4\uc911 \uc790\uc0b0 \ud3ec\ud2b8\ud3f4\ub9ac\uc624<\/td>\n      <\/tr>\n\n      <tr>\n        <td class=\"highlight\">\uc704\ud5d8 \ub4f1\uae09<\/td>\n        <td class=\"risiko-ausgewogen\">\uade0\ud615<\/td>\n        <td class=\"risiko-chancenorientiert\">\uae30\ud68c \uc9c0\ud5a5\uc801<\/td>\n        <td class=\"risiko-defensiv\">\uc218\ube44<\/td>\n      <\/tr>\n\n      <tr>\n        <td class=\"highlight\">\uc218\ud589 \uc218\uc218\ub8cc<\/td>\n        <td>10%<\/td>\n        <td>10%<\/td>\n        <td>15%<\/td>\n      <\/tr>\n\n      <tr>\n        <td class=\"highlight\">\ud22c\uc790 \ub300\uc0c1<\/td>\n        <td>Wikifolio.com\uc5d0\uc11c \uc774\uc6a9 \uac00\ub2a5\ud55c \ubaa8\ub4e0 ETF<\/td>\n        <td>Wikifolio.com\uc5d0\uc11c \uc774\uc6a9 \uac00\ub2a5\ud55c \ubaa8\ub4e0 \uc8fc\uc2dd ETF<\/td>\n        <td>Wikifolio.com\uc5d0\uc11c \uc774\uc6a9 \uac00\ub2a5\ud55c \ubaa8\ub4e0 ETF<\/td>\n      <\/tr>\n\n      <tr>\n        <td class=\"highlight\">\uc7ac\uade0\ud615 \uc870\uc815<\/td>\n        <td>\uacc4\uac04\uc9c0<\/td>\n        <td>\uacc4\uac04\uc9c0<\/td>\n        <td>\uacc4\uac04\uc9c0<\/td>\n      <\/tr>\n\n      <tr>\n        <td class=\"highlight\">\uc8fc\uc2dd<\/td>\n        <td>~ 60 % (ESG + \ub2e4\uc911\uc778\uc790)<br>\uc57d 5,800\uac1c \ud68c\uc0ac<\/td>\n        <td>100 % (\uc18c\ud615\uc8fc, \uc2e0\ud765\uc2dc\uc7a5, \ud329\ud130 \ud3ec\ud568)<br>\uc57d 8,500\uac1c \ud68c\uc0ac<\/td>\n        <td>~ 30 % (\ubc29\uc5b4\uc801: ESG, \uc18c\ube44\uc7ac, \ucd5c\uc18c \ubcc0\ub3d9\uc131)<br>\uc57d 600\uac1c \ud68c\uc0ac<\/td>\n      <\/tr>\n\n      <tr>\n        <td class=\"highlight\">\ucc44\uad8c<\/td>\n        <td>~25 % (\uc9d1\uacc4, \uace0\uc218\uc775 \ucc44\uad8c, \uc2e0\ud765 \uc2dc\uc7a5 \ucc44\uad8c, \ubb3c\uac00\uc5f0\ub3d9 \ucc44\uad8c)<br>\uc57d 21,500\uac1c\uc758 \ucc44\uad8c<\/td>\n        <td>\u2013<\/td>\n        <td>~ 50 % (\uc9d1\uacc4, \uace0\uc218\uc775 \ucc44\uad8c, \uc2e0\ud765 \uc2dc\uc7a5 \ucc44\uad8c, \uc778\ud50c\ub808\uc774\uc158 \uc5f0\ub3d9 \ucc44\uad8c, \ucd08\ub2e8\uae30 \ucc44\uad8c)<br>\uc57d 22,000\uac1c\uc758 \ucc44\uad8c<\/td>\n      <\/tr>\n\n      <tr>\n        <td class=\"highlight\">\uc6d0\uc790\uc7ac<\/td>\n        <td>~ 6 % (\uad11\ubc94\uc704\ud55c \uc6d0\uc790\uc7ac \ubc14\uad6c\ub2c8)<br>\uc0c1\ud488 \uc2dc\uc7a5\uc758 \uc57d 90%<\/td>\n        <td>\u2013<\/td>\n        <td>~ 10 % (\uad11\ubc94\uc704\ud55c \uc6d0\uc790\uc7ac \ubc14\uad6c\ub2c8)<br>\uc0c1\ud488 \uc2dc\uc7a5\uc758 \uc57d 90%<\/td>\n      <\/tr>\n\n      <tr>\n        <td class=\"highlight\">\uae08<\/td>\n        <td>~ 4 %<\/td>\n        <td>\u2013<\/td>\n        <td>~ 10 %<\/td>\n      <\/tr>\n\n      <tr>\n        <td class=\"highlight\">\uc554\ud638\ud654\ud3d0<\/td>\n        <td>~ 5 % (\uc0c1\uc704 20\uac1c \uc554\ud638\ud654\ud3d0)<\/td>\n        <td>\u2013<\/td>\n        <td>\u2013<\/td>\n      <\/tr>\n\n      <tr>\n        <td class=\"highlight\">\uc694\uc778 \uc804\ub7b5<\/td>\n        <td>\ub2e4\uc911\uc778\uc790(~20 %)<\/td>\n        <td>\ub2e4\uc911 \uc694\uc778, \ubaa8\uba58\ud140, \uac00\uce58, \uc18c\ud615\uc8fc (~37 %)<\/td>\n        <td>\ucd5c\uc18c \ubcc0\ub3d9\uc131(EM), \ubc29\uc5b4\uc801 \uc139\ud130<\/td>\n      <\/tr>\n\n      <tr>\n        <td class=\"highlight\">ESG \ud1b5\ud569<\/td>\n        <td>\uc2a4\ud0c0\ud06c(\uc8fc\uc2dd + \ucc44\uad8c)<\/td>\n        <td>\ubd80\ubd84\uc801\uc73c\ub85c (\ub2e4\uc911 \uc694\uc18c ETF\ub97c \ud1b5\ud574)<\/td>\n        <td>\uc2a4\ud0c0\ud06c(ESG \ucc44\uad8c, ESG \uc8fc\uc2dd)<\/td>\n      <\/tr>\n    <\/tbody>\n  <\/table>\n<\/div>\n\n<!-- Wrapper f\u00fcr die mobilen Spalten-Cards -->\n<div class=\"vergleich-cards\"><\/div>\n\n\n\n\n<section id=\"important-note\">\n<div class=\"note-container\">\n<p>\ubcf8 \uc815\ubcf4\ub294 \ucc38\uace0\uc6a9\uc73c\ub85c\ub9cc \uc81c\uacf5\ub418\uba70 \ud22c\uc790 \uc790\ubb38\uc744 \ub300\uccb4\ud560 \uc218 \uc5c6\uc2b5\ub2c8\ub2e4.<\/p>\n<\/div>\n<\/section>","protected":false},"excerpt":{"rendered":"<p>Kategorie Weltweit Smart Investiert Global Core and Trends Global Shield Ausrichtung Globales Multi-Asset mit ESG, Multifaktor &amp; Krypto Reines Aktienportfolio &amp; Faktorstrategien Defensives Multi-Asset mit Fokus Anleihen, Rohstoffe &amp; Gold Risikoklasse ausgewogen chancenorientiert defensiv Performance Geb\u00fchr 10% 10% 15% Anlageuniversum Alle auf Wikifolio.com verf\u00fcgbaren ETFs Alle auf Wikifolio.com verf\u00fcgbaren Aktien ETFs Alle auf Wikifolio.com verf\u00fcgbaren [&hellip;]<\/p>\n","protected":false},"author":1,"featured_media":0,"parent":0,"menu_order":0,"comment_status":"closed","ping_status":"closed","template":"page-no-sidebar","meta":{"pmpro_default_level":"","_monsterinsights_skip_tracking":false,"_monsterinsights_sitenote_active":false,"_monsterinsights_sitenote_note":"","_monsterinsights_sitenote_category":0,"footnotes":""},"class_list":["post-380","page","type-page","status-publish","hentry","pmpro-has-access"],"aioseo_notices":[],"_links":{"self":[{"href":"https:\/\/mueckinvest.com\/ko\/wp-json\/wp\/v2\/pages\/380","targetHints":{"allow":["GET"]}}],"collection":[{"href":"https:\/\/mueckinvest.com\/ko\/wp-json\/wp\/v2\/pages"}],"about":[{"href":"https:\/\/mueckinvest.com\/ko\/wp-json\/wp\/v2\/types\/page"}],"author":[{"embeddable":true,"href":"https:\/\/mueckinvest.com\/ko\/wp-json\/wp\/v2\/users\/1"}],"replies":[{"embeddable":true,"href":"https:\/\/mueckinvest.com\/ko\/wp-json\/wp\/v2\/comments?post=380"}],"version-history":[{"count":0,"href":"https:\/\/mueckinvest.com\/ko\/wp-json\/wp\/v2\/pages\/380\/revisions"}],"wp:attachment":[{"href":"https:\/\/mueckinvest.com\/ko\/wp-json\/wp\/v2\/media?parent=380"}],"curies":[{"name":"wp","href":"https:\/\/api.w.org\/{rel}","templated":true}]}}