{"id":3336,"date":"2026-02-01T22:00:00","date_gmt":"2026-02-01T21:00:00","guid":{"rendered":"https:\/\/mueckinvest.de\/?page_id=3336"},"modified":"2026-03-18T15:17:14","modified_gmt":"2026-03-18T14:17:14","slug":"%ec%9b%90%ec%b9%99%ec%9d%80-%ec%95%bd%ec%86%8d%ed%95%a9%eb%8b%88%eb%8b%a4","status":"publish","type":"page","link":"https:\/\/mueckinvest.com\/ko\/prinzipien-versprechen\/","title":{"rendered":"\uc6d0\uce59\/\uc57d\uc18d"},"content":{"rendered":"<h2 class=\"wp-block-heading\"><strong>\ub098\uc758 \uc6d0\uce59\ub4e4<\/strong><\/h2>\n\n\n\n<h3 class=\"wp-block-heading\"><strong>\uc800\ub294 \uc7a5\uae30 \ud22c\uc790\ub97c \ud569\ub2c8\ub2e4.<\/strong><\/h3>\n\n\n\n<p>\uc800\ub294 \uc624\ub298\uc774\ub098 \ub0b4\uc77c\uc744 \uc704\ud55c \uacb0\uc815\uc744 \ub0b4\ub9ac\ub294 \uac83\uc774 \uc544\ub2c8\ub77c, \uc55e\uc73c\ub85c \uc218\uc2ed \ub144\uc744 \ub0b4\ub2e4\ubcf4\uace0 \uacb0\uc815\uc744 \ub0b4\ub9bd\ub2c8\ub2e4.<\/p>\n\n\n\n<h3 class=\"wp-block-heading\"><strong>\ub098\ub294 \uce68\ucc29\ud568\uc744 \uc720\uc9c0\ud55c\ub2e4.<\/strong><\/h3>\n\n\n\n<p>\uc800\ub294 \uc720\ud589\uc774\ub098 \ud5e4\ub4dc\ub77c\uc778, \ub2e8\uae30\uc801\uc778 \uc18c\uc74c\uc5d0 \ud718\ub458\ub9ac\uc9c0 \uc54a\uc73c\ub824\uace0 \ub178\ub825\ud569\ub2c8\ub2e4.<\/p>\n\n\n\n<h3 class=\"wp-block-heading\"><strong>\uc800\ub294 \ubaa8\ub4e0 \uac78 \uac04\ub2e8\ud558\uac8c \ucc98\ub9ac\ud569\ub2c8\ub2e4.<\/strong><\/h3>\n\n\n\n<p>\uc800\ub294 \uba85\ud655\ud55c \uad6c\uc870, \uc774\ud574\ud558\uae30 \uc26c\uc6b4 \uc804\ub7b5, \uadf8\ub9ac\uace0 \uacac\uace0\ud55c \uae30\ubc18\uc5d0 \uc9d1\uc911\ud569\ub2c8\ub2e4.<\/p>\n\n\n\n<hr class=\"wp-block-separator has-alpha-channel-opacity\"\/>\n\n\n\n<h1 class=\"wp-block-heading\">\u2b50 <strong>\ub098\uc758 \uc6d0\uce59\ub4e4<\/strong><\/h1>\n\n\n\n<h3 class=\"wp-block-heading\"><strong>\ub098\ub294 \uac10\uc815\ubcf4\ub2e4\ub294 \ub370\uc774\ud130\ub97c \uc2e0\ub8b0\ud55c\ub2e4.<\/strong><\/h3>\n\n\n\n<p>\uc81c \uacb0\uc815\uc740 \uac10\uc815\uc774 \uc544\ub2cc \uc0ac\uc2e4\uc5d0 \uadfc\uac70\ud569\ub2c8\ub2e4.<\/p>\n\n\n\n<h3 class=\"wp-block-heading\"><strong>\uc800\ub294 \ub3c5\ub9bd\uc801\uc778 \uc785\uc7a5\uc744 \uc720\uc9c0\ud560 \uac83\uc785\ub2c8\ub2e4.<\/strong><\/h3>\n\n\n\n<p>\uc800\ub294 \uad11\uace0\ub098 \uc218\uc218\ub8cc, \uc228\uaca8\uc9c4 \uc774\ud574\uad00\uacc4 \uc5c6\uc774 \uc77c\ud569\ub2c8\ub2e4.<\/p>\n\n\n\n<h3 class=\"wp-block-heading\"><strong>\ub098\ub294 \uc2dc\uac04\uc744 \uac00\uc7a5 \uac15\ub825\ud55c \uc544\uad70\uc73c\ub85c \ud65c\uc6a9\ud55c\ub2e4.<\/strong><\/h3>\n\n\n\n<p>\uc800\ub294 \ud0c0\uc774\ubc0d\uc774\ub098 \ud22c\uae30\uac00 \uc544\ub2c8\ub77c \ubcf5\ub9ac \ud6a8\uacfc\uc758 \ud798\uc5d0 \uc758\uc874\ud569\ub2c8\ub2e4.<\/p>\n\n\n\n<hr class=\"wp-block-separator has-alpha-channel-opacity\"\/>\n\n\n\n<h1 class=\"wp-block-heading\">\u2b50 <strong>\ub0b4\uac00 \uc758\ub3c4\uc801\uc73c\ub85c \ud558\uc9c0 \uc54a\ub294 \uac83<\/strong><\/h1>\n\n\n\n<h3 class=\"wp-block-heading\"><strong>\uc800\ub294 \uac1c\ubcc4 \uc8fc\uc2dd \ud22c\uc790 \uc870\uc5b8\uc740 \ud558\uc9c0 \uc54a\uc2b5\ub2c8\ub2e4.<\/strong><\/h3>\n\n\n\n<p>\uc800\ub294 \ubd84\uc11d\uac00 \uc5ed\ud560\uc744 \ud558\uc9c0 \uc54a\uc73c\uba70 \ub9e4\uc218 \ub610\ub294 \ub9e4\ub3c4 \uc2e0\ud638\ub97c \uc81c\uacf5\ud558\uc9c0 \uc54a\uc2b5\ub2c8\ub2e4.<\/p>\n\n\n\n<h3 class=\"wp-block-heading\"><strong>\uc800\ub294 \uac70\ub798\ub294 \uc804\ud600 \ud558\uc9c0 \uc54a\uc2b5\ub2c8\ub2e4.<\/strong><\/h3>\n\n\n\n<p>\uc800\ub294 \uc720\ud589\uc774\ub098 \ubc08 \uc8fc\uc2dd, \ub2e8\uae30\uc801\uc778 \uc218\uc775\uc744 \ucad3\uc9c0 \uc54a\uc2b5\ub2c8\ub2e4.<\/p>\n\n\n\n<h3 class=\"wp-block-heading\"><strong>\uc800\ub294 \uc808\ub300 \uc9c0\ub984\uae38\uc744 \ud0dd\ud558\uc9c0 \uc54a\uaca0\uc2b5\ub2c8\ub2e4.<\/strong><\/h3>\n\n\n\n<p>\uc800\ub294 \ub9c8\uc74c\uac00\uc9d0\uc758 \uae30\uc801\uc774\ub098 \ubed4\ud55c \ub3d9\uae30 \ubd80\uc5ec \ubb38\uad6c, \ub610\ub294 \ud5c8\ud669\ub41c \uc774\uc57c\uae30\ub97c \ud314\uc9c0 \uc54a\uc2b5\ub2c8\ub2e4.<\/p>\n\n\n\n<h3 class=\"wp-block-heading\"><strong>\uc800\ub294 \uad11\uace0\ub97c \ud558\uc9c0 \uc54a\uc2b5\ub2c8\ub2e4.<\/strong><\/h3>\n\n\n\n<p>\uc800\ub294 \uc81c\ud734 \ub9c1\ud06c\ub098 \uc0c1\uc5c5\uc801 \ud30c\ud2b8\ub108\uc2ed\uc744 \uc774\uc6a9\ud558\uc9c0 \uc54a\uc2b5\ub2c8\ub2e4.<\/p>\n\n\n\n<h3 class=\"wp-block-heading\"><strong>\uc800\ub294 \uc0ac\ub78c\ub4e4\uc744 \uc555\ub3c4\ud558\uc9c0 \uc54a\uc544\uc694.<\/strong><\/h3>\n\n\n\n<p>\uc800\ub294 \ubcf5\uc7a1\uc131\uc744 \uc99d\uac00\uc2dc\ud0a4\ub294 \ub300\uc2e0 \uc904\uc785\ub2c8\ub2e4.<\/p>","protected":false},"excerpt":{"rendered":"<p>Meine Prinzipien Ich investiere langfristig Ich treffe Entscheidungen nicht f\u00fcr heute oder morgen, sondern f\u00fcr die n\u00e4chsten Jahrzehnte. Ich bleibe ruhig Ich lasse mich nicht von Trends, Schlagzeilen oder kurzfristigem L\u00e4rm ablenken. Ich halte Dinge einfach Ich setze auf klare Strukturen, verst\u00e4ndliche Strategien und robuste Grundlagen. \u2b50 Meine Grunds\u00e4tze Ich vertraue auf Daten, nicht auf [&hellip;]<\/p>\n","protected":false},"author":1,"featured_media":0,"parent":0,"menu_order":0,"comment_status":"closed","ping_status":"closed","template":"","meta":{"pmpro_default_level":"","_monsterinsights_skip_tracking":false,"_monsterinsights_sitenote_active":false,"_monsterinsights_sitenote_note":"","_monsterinsights_sitenote_category":0,"footnotes":""},"class_list":["post-3336","page","type-page","status-publish","hentry","pmpro-has-access"],"aioseo_notices":[],"_links":{"self":[{"href":"https:\/\/mueckinvest.com\/ko\/wp-json\/wp\/v2\/pages\/3336","targetHints":{"allow":["GET"]}}],"collection":[{"href":"https:\/\/mueckinvest.com\/ko\/wp-json\/wp\/v2\/pages"}],"about":[{"href":"https:\/\/mueckinvest.com\/ko\/wp-json\/wp\/v2\/types\/page"}],"author":[{"embeddable":true,"href":"https:\/\/mueckinvest.com\/ko\/wp-json\/wp\/v2\/users\/1"}],"replies":[{"embeddable":true,"href":"https:\/\/mueckinvest.com\/ko\/wp-json\/wp\/v2\/comments?post=3336"}],"version-history":[{"count":2,"href":"https:\/\/mueckinvest.com\/ko\/wp-json\/wp\/v2\/pages\/3336\/revisions"}],"predecessor-version":[{"id":4030,"href":"https:\/\/mueckinvest.com\/ko\/wp-json\/wp\/v2\/pages\/3336\/revisions\/4030"}],"wp:attachment":[{"href":"https:\/\/mueckinvest.com\/ko\/wp-json\/wp\/v2\/media?parent=3336"}],"curies":[{"name":"wp","href":"https:\/\/api.w.org\/{rel}","templated":true}]}}