{"id":1508,"date":"2025-12-09T08:00:00","date_gmt":"2025-12-09T08:00:00","guid":{"rendered":"https:\/\/mueckinvest.de\/?page_id=1508"},"modified":"2026-01-28T12:00:00","modified_gmt":"2026-01-28T11:00:00","slug":"etf-%eb%8c%80%eb%b9%84-%eb%b6%80%ea%b0%80%ea%b0%80%ec%b9%98","status":"publish","type":"page","link":"https:\/\/mueckinvest.com\/ko\/mehrwert-gegenueber-etfs\/","title":{"rendered":"ETF \ub300\ube44 \ubd80\uac00\uac00\uce58"},"content":{"rendered":"<p>ETF \ud3ec\ud2b8\ud3f4\ub9ac\uc624\ub294 \uc77c\ubc18\uc801\uc73c\ub85c \uc88b\uc740 \ucd9c\ubc1c\uc810\uc785\ub2c8\ub2e4. \uadf8\ub7ec\ub098 \ub9ce\uc740 \ud22c\uc790\uc790\ub4e4\uc740 \ud3ec\ud2b8\ud3f4\ub9ac\uc624\uac00 \uc2dc\uac04\uc774 \uc9c0\ub0a8\uc5d0 \ub530\ub77c \uc5bc\ub9c8\ub098 \ud06c\uac8c \ubcc0\ud560 \uc218 \uc788\ub294\uc9c0, \uadf8\ub9ac\uace0 \uc7a5\uae30\uc801\uc73c\ub85c \uaddc\uc728\uc744 \uc720\uc9c0\ud558\ub294 \uac83\uc774 \uc5bc\ub9c8\ub098 \uc5b4\ub824\uc6b4\uc9c0\ub97c \uacfc\uc18c\ud3c9\uac00\ud569\ub2c8\ub2e4. \ubc14\ub85c \uc774 \uc810\uc5d0\uc11c MueckInvest\uac00 \ucc28\ubcc4\ud654\ub429\ub2c8\ub2e4. MueckInvest\ub294 \uba85\ud655\ud55c \uaddc\uce59, \uae00\ub85c\ubc8c \ubd84\uc0b0 \ud22c\uc790, \uadf8\ub9ac\uace0 \ud22c\uba85\ud558\uace0 \uc2e4\uc2dc\uac04\uc73c\ub85c \uc2e4\ud589\ub418\ub294 \uc804\ub7b5\uc744 \uc81c\uacf5\ud569\ub2c8\ub2e4.<\/p>\n\n\n\n<div style=\"height:20px\" aria-hidden=\"true\" class=\"wp-block-spacer\"><\/div>\n\n\n\n<hr class=\"wp-block-separator has-alpha-channel-opacity\"\/>\n\n\n\n<div style=\"height:20px\" aria-hidden=\"true\" class=\"wp-block-spacer\"><\/div>\n\n\n\n<h2 class=\"wp-block-heading\"><strong>\ud83d\udd0d \uc77c\ubc18\uc801\uc778 ETF \ud3ec\ud2b8\ud3f4\ub9ac\uc624 \uad6c\uc131 \uc2dc \ubc1c\uc0dd\ud558\ub294 \ubb38\uc81c\uc810<\/strong><\/h2>\n\n\n\n<h3 class=\"wp-block-heading\"><strong>\ud83d\udcc9 1. \ubbf8\ucc98 \uc778\uc9c0\ud558\uc9c0 \ubabb\ud55c \uc704\ud5d8 \ubcc0\ub3d9(\ud3ec\ud2b8\ud3f4\ub9ac\uc624 \ubcc0\ub3d9)<\/strong><\/h3>\n\n\n\n<p>\ud2b9\uc815 \uc9c0\uc5ed\uc774\ub098 \ubd80\ubb38\uc774 \ub2e4\ub978 \uacf3\ubcf4\ub2e4 \uc2e4\uc801\uc774 \uc88b\uc73c\uba74 \uc704\ud5d8 \ud504\ub85c\ud544\uc774 \uc790\ub3d9\uc73c\ub85c \ubc14\ub01d\ub2c8\ub2e4. \ucc98\uc74c\uc5d0\ub294 \ubc29\uc5b4\uc801\uc778 \ud3ec\ud2b8\ud3f4\ub9ac\uc624(70\/30)\uc600\ub358 \uac83\ub3c4 \uba87 \ub144 \ud6c4\uc5d0\ub294 \uc758\uc2dd\uc801\uc778 \uacb0\uc815 \uc5c6\uc774 \uc8fc\uc2dd \ube44\uc911\uc774 \ud6e8\uc52c \ub354 \ub192\uc544\uc9c8 \uc218 \uc788\uc2b5\ub2c8\ub2e4.<\/p>\n\n\n\n<h3 class=\"wp-block-heading\"><strong>\u23f3 2. \ub9ac\ubc38\ub7f0\uc2f1\uc740 \uc77c\uad00\ub418\uac8c \uad6c\ud604\ub418\ub294 \uacbd\uc6b0\uac00 \ub4dc\ubb45\ub2c8\ub2e4.<\/strong><\/h3>\n\n\n\n<p>\uc815\uae30\uc801\uc778 \ud3ec\ud2b8\ud3f4\ub9ac\uc624 \uc7ac\uc870\uc815\uc774 \uc911\uc694\ud558\ub2e4\ub294 \uac83\uc740 \ub9ce\uc740 \uc0ac\ub78c\ub4e4\uc774 \uc54c\uace0 \uc788\uc2b5\ub2c8\ub2e4. \ud558\uc9c0\ub9cc \uc2e4\uc81c\ub85c\ub294 \uc885\uc885 \uc78a\ud788\uac70\ub098, \ubbf8\ub904\uc9c0\uac70\ub098, \uac10\uc815\uc5d0 \ud718\ub458\ub9ac\ub294 \uacbd\uc6b0\uac00 \ub9ce\uc2b5\ub2c8\ub2e4. \uc7a5\uae30\uc801\uc73c\ub85c \ubcf4\uba74 \uc774\ub7ec\ud55c \uc0c1\ud669\uc740 \ud3ec\ud2b8\ud3f4\ub9ac\uc624\uc758 \uad6c\uc870\uc640 \uc548\uc815\uc131\uc744 \ubb34\ub108\ub728\ub9bd\ub2c8\ub2e4.<\/p>\n\n\n\n<h3 class=\"wp-block-heading\"><strong>\ud83e\udde0 3. \uac10\uc815\uc801\uc778 \uacb0\uc815\uc740 \uc7a5\uae30\uc801\uc73c\ub85c \uc218\uc775\uc5d0 \uc190\ud574\ub97c \ub07c\uce69\ub2c8\ub2e4.<\/strong><\/h3>\n\n\n\n<p>\uac10\uc815 \ub610\ud55c ETF \ud22c\uc790\uc5d0 \uc911\uc694\ud55c \uc5ed\ud560\uc744 \ud569\ub2c8\ub2e4. \uc0ac\ub78c\ub4e4\uc740 \ub108\ubb34 \ub2a6\uac8c \ub9e4\uc218\ud558\uac70\ub098 \ub108\ubb34 \uc77c\ucc0d \ub9e4\ub3c4\ud558\uac70\ub098, \ub274\uc2a4 \ud5e4\ub4dc\ub77c\uc778\uc5d0 \ubc18\uc751\ud558\ub294 \uacbd\ud5a5\uc774 \uc788\uc2b5\ub2c8\ub2e4. \uc774\ub7ec\ud55c \ud589\ub3d9 \uc624\ub958\ub294 \uac1c\uc778 \ud22c\uc790\uc790\ub4e4\uc758 \uc218\uc775\ub960\uc744 \uc800\ud574\ud558\ub294 \uac00\uc7a5 \ud070 \uc694\uc778 \uc911 \ud558\ub098\uc785\ub2c8\ub2e4.<\/p>\n\n\n\n<div style=\"height:20px\" aria-hidden=\"true\" class=\"wp-block-spacer\"><\/div>\n\n\n\n<hr class=\"wp-block-separator has-alpha-channel-opacity\"\/>\n\n\n\n<div style=\"height:20px\" aria-hidden=\"true\" class=\"wp-block-spacer\"><\/div>\n\n\n\n<h2 class=\"wp-block-heading\"><strong>\ud83e\udded \ubba4\ud0a8\ubca0\uc2a4\ud2b8\uac00 \ub354 \ub098\uc740 \uc774\uc720\ub294 \ubb34\uc5c7\uc77c\uae4c\uc694?<\/strong><\/h2>\n\n\n\n<h3 class=\"wp-block-heading\"><strong>\ud83d\udcd8 1. \uba85\ud655\ud558\uace0 \ud22c\uba85\ud55c \uaddc\uce59<\/strong><\/h3>\n\n\n\n<p>\uc774 \uc804\ub7b5\ub4e4\uc740 \uc815\ud574\uc9c4, \uc774\ud574\ud558\uae30 \uc26c\uc6b4 \uaddc\uce59\uc744 \ub530\ub985\ub2c8\ub2e4. \uc989\ud765\uc801\uc778 \uacb0\uc815\uc774\ub098 \uc2dc\uc7a5 \ud0c0\uc774\ubc0d, \uc9c1\uac10\uc5d0 \uc758\uc874\ud558\ub294 \uac83\uc740 \uc5c6\uc2b5\ub2c8\ub2e4. \ubaa8\ub4e0 \uac83\uc774 \ubb38\uc11c\ud654\ub418\uc5b4 \uc788\uace0 \uc77c\uad00\uc131\uc774 \uc788\uc2b5\ub2c8\ub2e4.<\/p>\n\n\n\n<h3 class=\"wp-block-heading\"><strong>\ud83d\udd04 2. \uc815\uae30\uc801\uc778 \uaddc\uce59 \uae30\ubc18 \ub9ac\ubc38\ub7f0\uc2f1<\/strong><\/h3>\n\n\n\n<p>\uac00\uc911\uce58\ub294 \uc815\ud574\uc9c4 \uac04\uaca9\uc73c\ub85c \uac80\ud1a0 \ubc0f \uc870\uc815\ub429\ub2c8\ub2e4. \uc774\ub97c \ud1b5\ud574 \ub2e8\uae30\uc801\uc778 \uc2dc\uc7a5 \ubcc0\ub3d9\uc5d0 \uad00\uacc4\uc5c6\uc774 \uc704\ud5d8\uc744 \uc548\uc815\uc801\uc73c\ub85c \uc720\uc9c0\ud560 \uc218 \uc788\uc2b5\ub2c8\ub2e4.<\/p>\n\n\n\n<h3 class=\"wp-block-heading\"><strong>\ud83c\udf0d 3. \ub2e8\uc77c \ud3ec\ud2b8\ud3f4\ub9ac\uc624\ub97c \ud1b5\ud55c \uae00\ub85c\ubc8c \ubd84\uc0b0 \ud22c\uc790<\/strong><\/h3>\n\n\n\n<p>MueckInvest\ub294 \uc5ec\ub7ec ETF\ub97c \uc9c1\uc811 \uc870\ud569\ud558\ub294 \ub300\uc2e0, \uae00\ub85c\ubc8c \ubd84\uc0b0 \ud22c\uc790\ub97c \uba85\ud655\ud558\uac8c \uad6c\uc870\ud654\ub41c \uc811\uadfc \ubc29\uc2dd\uc73c\ub85c \ud1b5\ud569\ud569\ub2c8\ub2e4.<\/p>\n\n\n\n<ul class=\"wp-block-list\">\n<li>\uc120\uc9c4\uad6d \ubc0f \uc2e0\ud765 \uc2dc\uc7a5\uc758 \uc8fc\uc2dd<\/li>\n\n\n\n<li>\ubbf8\uad6d, \uc720\ub7fd, \uc544\uc2dc\uc544\uc640 \uac19\uc740 \uc9c0\uc5ed\ubcc4 \uc911\uc810 \ubd84\uc57c<\/li>\n\n\n\n<li>\uc804\ub7b5\uc5d0 \ub530\ub77c \ucc44\uad8c \ub610\ub294 \uae30\ud0c0 \uc704\ud5d8 \uad00\ub9ac \uad6c\uc131 \uc694\uc18c\ub97c \ud65c\uc6a9\ud560 \uc218 \uc788\uc2b5\ub2c8\ub2e4.<\/li>\n<\/ul>\n\n\n\n<p>\uadf8 \uacb0\uacfc, \ubb34\uc791\uc704\ub85c \uad6c\uc131\ub41c ETF \uceec\ub809\uc158\uc774 \uc544\ub2cc \uc77c\uad00\uc131 \uc788\uace0 \uc804\ubb38\uc801\uc73c\ub85c \uad6c\uc131\ub41c \ud3ec\ud2b8\ud3f4\ub9ac\uc624\ub97c \uac16\uac8c \ub418\uc5c8\uc2b5\ub2c8\ub2e4.<\/p>\n\n\n\n<h3 class=\"wp-block-heading\"><strong>\ud83e\udde9 4. \ub178\ub825\uc774 \ub35c \ub4e4\uc218\ub85d \uc2e4\uc218\ub3c4 \uc904\uc5b4\ub4ed\ub2c8\ub2e4<\/strong><\/h3>\n\n\n\n<p>\ud0c0\uc774\ubc0d, \uac00\uc911\uce58, \uc2dc\uc7a5 \uc0c1\ud669\uc5d0 \ub300\ud574 \uac71\uc815\ud560 \ud544\uc694\uac00 \uc5c6\uc2b5\ub2c8\ub2e4. \uaddc\uce59\uc740 \uace0\uc815\ub418\uc5b4 \uc788\uc73c\uba70 \uc77c\uad00\ub418\uac8c \uc801\uc6a9\ub429\ub2c8\ub2e4. \uc774\ub294 \uc77c\ubc18\uc801\uc778 \ud589\ub3d9 \uc624\ub958\ub97c \uc904\uc774\uace0 \uc7a5\uae30\uc801\uc778 \uc548\uc815\uc131\uc744 \ubcf4\uc7a5\ud569\ub2c8\ub2e4.<\/p>\n\n\n\n<h2 class=\"wp-block-heading\"><strong>\ud83d\udca1 \uc774\uac83\uc774 \ub2f9\uc2e0\uc5d0\uac8c \uc758\ubbf8\ud558\ub294 \ubc14\ub294 \ubb34\uc5c7\uc77c\uae4c\uc694?<\/strong><\/h2>\n\n\n\n<p>\uaddc\uce59 \uae30\ubc18 \ud3ec\ud2b8\ud3f4\ub9ac\uc624\ub294 \uad6c\uc870\uc801 \uc774\uc810\ubfd0\ub9cc \uc544\ub2c8\ub77c \uc2ec\ub9ac\uc801 \uc774\uc810\ub3c4 \uc81c\uacf5\ud569\ub2c8\ub2e4.<\/p>\n\n\n\n<ul class=\"wp-block-list\">\n<li>\uc2dc\uc7a5 \ubcc0\ub3d9 \uc2dc \uc2a4\ud2b8\ub808\uc2a4 \uac10\uc18c<\/li>\n\n\n\n<li>\uc911\uc694\ud55c \uacb0\uc815\uc744 \ub193\uce58\ub294 \uac83\uc744 \ub450\ub824\uc6cc\ud558\uc9c0 \ub9c8\uc138\uc694.<\/li>\n\n\n\n<li>\uadc0\ud558\uc758 \uc704\ud5d8 \ub4f1\uae09\uc5d0 \uc601\uad6c\uc801\uc73c\ub85c \ub9de\ucdb0\uc9c0\ub294 \ud3ec\ud2b8\ud3f4\ub9ac\uc624<\/li>\n\n\n\n<li>\uc77c\uc0c1\uc0dd\ud65c\uc5d0\uc11c \uacb0\uc815\uc744 \ub0b4\ub824\uc57c \ud558\ub294 \ubd80\ub2f4\uc774 \uc904\uc5b4\ub4e0\ub2e4<\/li>\n\n\n\n<li>\ubcf5\uc7a1\ud568 \ub300\uc2e0 \ub2e8\uc21c\ud568<\/li>\n<\/ul>\n\n\n\n<p>\ub530\ub77c\uc11c \uc9c4\uc815\ud55c \ubd80\uac00\uac00\uce58\ub294 \ud3ec\ud2b8\ud3f4\ub9ac\uc624 \uad6c\uc131 \uc790\uccb4\uc5d0 \uc788\ub294 \uac83\uc774 \uc544\ub2c8\ub77c, \uc218\ub144\uc5d0 \uac78\uccd0 \uc77c\uad00\ub418\uace0 \uccb4\uacc4\uc801\uc778 \uc2e4\ud589\uc744 \ud1b5\ud574 \ub2ec\uc131\ub418\ub294 \ub370 \uc788\uc2b5\ub2c8\ub2e4.<\/p>\n\n\n\n<div style=\"height:20px\" aria-hidden=\"true\" class=\"wp-block-spacer\"><\/div>\n\n\n\n<hr class=\"wp-block-separator has-alpha-channel-opacity\"\/>\n\n\n\n<div style=\"height:20px\" aria-hidden=\"true\" class=\"wp-block-spacer\"><\/div>\n\n\n\n<h2 class=\"wp-block-heading\"><strong>\ud83d\udcca \uc704\ud0a4\ud3f4\ub9ac\uc624\ub97c \ud1b5\ud55c \ud22c\uba85\ud55c \uad6c\ud604<\/strong><\/h2>\n\n\n\n<p>MueckInvest\uc758 \uc804\ub7b5\uc740 Wikifolio\ub97c \ud1b5\ud574 \uc2e4\uc2dc\uac04\uc73c\ub85c \uc2e4\ud589\ub429\ub2c8\ub2e4. \uc5b8\uc81c\ub4e0\uc9c0 Wikifolio\uc5d0\uc11c \ud574\ub2f9 \uc804\ub7b5\uc744 \ud655\uc778\ud560 \uc218 \uc788\uc2b5\ub2c8\ub2e4.<\/p>\n\n\n\n<ul class=\"wp-block-list\">\n<li>\ud604\uc7ac \uac00\uc911\uce58 \ubc0f \uad6c\uc131<\/li>\n\n\n\n<li>\ubaa8\ub4e0 \uc870\uc815 \ubc0f \uc7ac\uade0\ud615 \ub2e8\uacc4<\/li>\n\n\n\n<li>\uc704\ud5d8 \uc9c0\ud45c \ubc0f \uc5ed\uc0ac\uc801 \ubc1c\uc804 \uacfc\uc815<\/li>\n\n\n\n<li>\ubaa8\ub4e0 \uac70\ub798<\/li>\n<\/ul>\n\n\n\n<p>\uc791\ub3d9 \ubc29\uc2dd <a href=\"https:\/\/mueckinvest.com\/ko\/%f0%9f%93%88-wikifolios\/\" title=\"\uc704\ud0a4\ud3f4\ub9ac\uc624\uc2a4\">\uc704\ud0a4\ud3f4\ub9ac\uc624<\/a> \uae30\ud68c\uc640 \uc704\ud5d8\uc5d0 \ub300\ud574\uc11c\ub3c4 \uc790\uc138\ud788 \ub17c\uc758\ud569\ub2c8\ub2e4. <a href=\"https:\/\/mueckinvest.com\/ko\/themen-deep-dive\/\" title=\"\uc8fc\uc81c \uc2ec\uce35 \ubd84\uc11d\">\uc2ec\uce35 \ubd84\uc11d \uc8fc\uc81c<\/a> \uadf8\ub9ac\uace0 \uadf8 \uc548\uc5d0\uc11c <a href=\"https:\/\/mueckinvest.com\/ko\/%ec%9e%90%ec%a3%bc-%eb%ac%bb%eb%8a%94-%ec%a7%88%eb%ac%b8\/\" title=\"FAQ \u2013 \uc790\uc8fc \ubb3b\ub294 \uc9c8\ubb38\">\uc790\uc8fc \ubb3b\ub294 \uc9c8\ubb38 <\/a>\uc124\uba85\ud588\uc2b5\ub2c8\ub2e4.<\/p>\n\n\n\n<div style=\"height:20px\" aria-hidden=\"true\" class=\"wp-block-spacer\"><\/div>\n\n\n\n<hr class=\"wp-block-separator has-alpha-channel-opacity\"\/>\n\n\n\n<div style=\"height:20px\" aria-hidden=\"true\" class=\"wp-block-spacer\"><\/div>\n\n\n\n<figure class=\"wp-block-table\">\n  <table class=\"info-tabelle mehrwert has-fixed-layout\">\n    <thead>\n      <tr>\n        <th>\ud45c\uc900<\/th>\n        <th>ETF \ud3ec\ud2b8\ud3f4\ub9ac\uc624<\/th>\n        <th>\uc5c4\ube0c\ub810\ub77c \uc704\ud0a4\ud3f4\ub9ac\uc624: \uae00\ub85c\ubc8c \ub808\uc774\uc5b4<\/th>\n      <\/tr>\n    <\/thead>\n    <tbody>\n      <tr>\n        <td>\uac74\uc124<\/td>\n        <td>3~7\uac1c\uc758 \uac1c\ubcc4 ETF, \uc218\ub3d9 \uac00\uc911\uce58 \ubd80\uc5ec<\/td>\n        <td>\ub2e8\uc77c \uc704\uce58\uc5d0 \ubaa8\ub4e0 \uad6c\uc131 \uc694\uc18c\uac00 \ud1b5\ud569\ub429\ub2c8\ub2e4.<\/td>\n      <\/tr>\n      <tr>\n        <td>\ud65c\ub3d9<\/td>\n        <td>\uc644\uc804\ud788 \uc218\ub3d9\uc801\uc774\uba70, \uc870\uc815\uc774 \ud544\uc694 \uc5c6\uc2b5\ub2c8\ub2e4.<\/td>\n        <td>\uaddc\uce59 \uae30\ubc18 \uc561\ud2f0\ube0c, \ub9ac\ubc38\ub7f0\uc2f1 \ubc0f \ud2b8\ub80c\ub4dc \ub85c\uc9c1<\/td>\n      <\/tr>\n      <tr>\n        <td>\ub2e4\uac01\ud654<\/td>\n        <td>\uc804 \uc138\uacc4\uc801\uc73c\ub85c, \ud558\uc9c0\ub9cc \ub300\uac1c 2~3\uac1c \uc9c0\uc5ed\uc5d0\ub9cc \uad6d\ud55c\ub429\ub2c8\ub2e4.<\/td>\n        <td>\uae00\ub85c\ubc8c \uc694\uc778, \ud2b8\ub80c\ub4dc, \uc8fc\uc81c<\/td>\n      <\/tr>\n      <tr>\n        <td>\ube44\uc6a9<\/td>\n        <td>\uc815\uae30\uc801\uc778 \ub9ac\ubc38\ub7f0\uc2f1, \uc120\ud0dd \uacb0\uc815<\/td>\n        <td>\uc644\uc804 \uc790\ub3d9\ud654, \uc720\uc9c0\ubcf4\uc218 \ubd88\ud544\uc694<\/td>\n      <\/tr>\n      <tr>\n        <td>\uc720\uc5f0\uc131<\/td>\n        <td>\uc778\ub371\uc2a4\uc5d0 \ub2e8\ub2e8\ud788 \uace0\uc815\ub418\uc5b4 \uc788\uc74c<\/td>\n        <td>\uc2dc\uc7a5 \uc0c1\ud669 \ubc0f \uc0c8\ub85c\uc6b4 \ud2b8\ub80c\ub4dc\uc5d0 \uc801\uc751 \uac00\ub2a5<\/td>\n      <\/tr>\n      <tr>\n        <td>\ud22c\uba85\ub3c4<\/td>\n        <td>\uc0c9\uc778 \uaddc\uce59\uc740 \uc788\uc9c0\ub9cc \uc124\uba85\uc740 \ubd80\uc871\ud569\ub2c8\ub2e4.<\/td>\n        <td>\uba85\ud655\ud55c \uc5c5\ub370\uc774\ud2b8, \uc774\ud574\ud558\uae30 \uc26c\uc6b4 \uacb0\uc815<\/td>\n      <\/tr>\n      <tr>\n        <td>\ube44\uc6a9 \uc778\uc2dd<\/td>\n        <td>\ub0ae\uc740 TER, \ud558\uc9c0\ub9cc \ucd08\uae30 \ube44\uc6a9 \ubd80\ub2f4<\/td>\n        <td>\uc218\uc218\ub8cc\ub294 \ub354 \ub192\uc9c0\ub9cc, \uc804\ud3ed\uc801\uc778 \uc9c0\uc6d0\uc744 \uc81c\uacf5\ud569\ub2c8\ub2e4.<\/td>\n      <\/tr>\n    <\/tbody>\n    <tfoot>\n      <tr>\n        <td class=\"has-text-align-center\" data-align=\"center\" colspan=\"3\">\n          ETF \ud3ec\ud2b8\ud3f4\ub9ac\uc624\ub294 \uc88b\uc740 \ucd9c\ubc1c\uc810\uc785\ub2c8\ub2e4. \uc81c \uc804\ub7b5\uc740 \uadf8 \ub2e4\uc74c \ub2e8\uacc4\uc785\ub2c8\ub2e4.\n        <\/td>\n      <\/tr>\n    <\/tfoot>\n  <\/table>\n<\/figure>\n\n<!-- Wrapper f\u00fcr die mobilen Spalten-Cards -->\n<div class=\"mehrwert-cards\"><\/div>\n\n\n\n<div class=\"wp-block-columns is-layout-flex wp-container-core-columns-is-layout-28f84493 wp-block-columns-is-layout-flex\">\n<div class=\"wp-block-column is-layout-flow wp-block-column-is-layout-flow\">\n<div class=\"wp-block-buttons is-layout-flex wp-block-buttons-is-layout-flex\">\n<div class=\"wp-block-button\"><a class=\"wp-block-button__link wp-element-button\" href=\"https:\/\/mueckinvest.com\/ko\/global-layers\/\">\uc6b0\uc0b0 \uc704\ud0a4\ud3f4\ub9ac\uc624 \uae00\ub85c\ubc8c \ub808\uc774\uc5b4\ub85c \uc774\ub3d9<\/a><\/div>\n<\/div>\n<\/div>\n\n\n\n<div class=\"wp-block-column is-layout-flow wp-block-column-is-layout-flow\">\n<div class=\"wp-block-buttons is-layout-flex wp-block-buttons-is-layout-flex\">\n<div class=\"wp-block-button\"><a class=\"wp-block-button__link wp-element-button\" href=\"https:\/\/mueckinvest.com\/ko\/%ec%9c%84%ed%82%a4%ed%8f%b4%eb%a6%ac%ec%98%a4%ec%8a%a4\/\">\ub354 \ub9ce\uc740 \uc804\ub7b5\uc744 \uc54c\uc544\ubcf4\uc138\uc694<\/a><\/div>\n<\/div>\n<\/div>\n<\/div>\n\n\n\n<div class=\"wp-block-buttons is-layout-flex wp-block-buttons-is-layout-flex\"><\/div>","protected":false},"excerpt":{"rendered":"<p>Ein ETF\u2011Portfolio ist grunds\u00e4tzlich ein guter Start. Doch viele Anlegerinnen und Anleger untersch\u00e4tzen, wie stark sich ein Portfolio im Laufe der Zeit ver\u00e4ndert \u2013 und wie schwierig es ist, langfristig diszipliniert zu bleiben. Genau hier setzt MueckInvest an: mit klaren Regeln, globaler Diversifikation und einer transparenten, live umgesetzten Strategie. \ud83d\udd0d Typische Herausforderungen bei klassischen ETF\u2011Portfolios [&hellip;]<\/p>\n","protected":false},"author":1,"featured_media":0,"parent":0,"menu_order":0,"comment_status":"closed","ping_status":"closed","template":"page-no-sidebar","meta":{"pmpro_default_level":"","_monsterinsights_skip_tracking":false,"_monsterinsights_sitenote_active":false,"_monsterinsights_sitenote_note":"","_monsterinsights_sitenote_category":0,"footnotes":""},"class_list":["post-1508","page","type-page","status-publish","hentry","pmpro-has-access"],"aioseo_notices":[],"_links":{"self":[{"href":"https:\/\/mueckinvest.com\/ko\/wp-json\/wp\/v2\/pages\/1508","targetHints":{"allow":["GET"]}}],"collection":[{"href":"https:\/\/mueckinvest.com\/ko\/wp-json\/wp\/v2\/pages"}],"about":[{"href":"https:\/\/mueckinvest.com\/ko\/wp-json\/wp\/v2\/types\/page"}],"author":[{"embeddable":true,"href":"https:\/\/mueckinvest.com\/ko\/wp-json\/wp\/v2\/users\/1"}],"replies":[{"embeddable":true,"href":"https:\/\/mueckinvest.com\/ko\/wp-json\/wp\/v2\/comments?post=1508"}],"version-history":[{"count":2,"href":"https:\/\/mueckinvest.com\/ko\/wp-json\/wp\/v2\/pages\/1508\/revisions"}],"predecessor-version":[{"id":3201,"href":"https:\/\/mueckinvest.com\/ko\/wp-json\/wp\/v2\/pages\/1508\/revisions\/3201"}],"wp:attachment":[{"href":"https:\/\/mueckinvest.com\/ko\/wp-json\/wp\/v2\/media?parent=1508"}],"curies":[{"name":"wp","href":"https:\/\/api.w.org\/{rel}","templated":true}]}}