{"id":1134,"date":"2025-11-12T09:16:37","date_gmt":"2025-11-12T09:16:37","guid":{"rendered":"https:\/\/mueckinvest.de\/?page_id=1134"},"modified":"2026-03-18T15:18:00","modified_gmt":"2026-03-18T14:18:00","slug":"%eb%ae%a4%ed%82%a8%eb%b2%a0%ec%8a%a4%ed%8a%b8-%ec%84%a4%eb%a6%bd-%eb%b0%b0%ea%b2%bd","status":"publish","type":"page","link":"https:\/\/mueckinvest.com\/ko\/hintergrund-zur-entstehung-von-mueckinvest\/","title":{"rendered":"\ube44\uc804 \uc218\ub9bd\ubd80\ud130 \uc2e4\ud589\uae4c\uc9c0"},"content":{"rendered":"<p>Mueckinvest\ub294 \ud22c\uc790\uc790\ub4e4\uc5d0\uac8c \uac04\ub2e8\ud55c \ubc29\ubc95\uc73c\ub85c \uae00\ub85c\ubc8c \uc2dc\uc7a5\uc5d0 \uc811\uadfc\ud560 \uc218 \uc788\ub3c4\ub85d \ud55c\ub2e4\ub294 \uba85\ud655\ud55c \ubaa9\ud45c\ub97c \uac00\uc9c0\uace0 \uc124\ub9bd\ub418\uc5c8\uc2b5\ub2c8\ub2e4. <strong>\ub2e8\uc77c \ud3ec\ud2b8\ud3f4\ub9ac\uc624 \ud3ec\uc9c0\uc158<\/strong> \ud45c\ud604\ud558\uae30 \uc704\ud574\uc11c\uc785\ub2c8\ub2e4. \uace0\uc804\uc801\uc778 \uc804\ub7b5\uc740 \uc885\uc885 \ub9ce\uc740 \uac1c\ubcc4 \uc8fc\uc2dd\uc774\ub098 \ud380\ub4dc\ub85c \uad6c\uc131\ub418\ub294\ub370, \uc774\ub294 \uad00\ub9ac\ud558\uae30 \ubcf5\uc7a1\ud558\uace0 \uacfc\ub300 \ub610\ub294 \uacfc\uc18c \ube44\uc911 \ud3b8\ud5a5\uc758 \uc704\ud5d8\uc774 \uc788\uc2b5\ub2c8\ub2e4.<\/p>\n\n\n\n<p>\ub530\ub77c\uc11c \uc81c \uc811\uadfc \ubc29\uc2dd\uc740 \uba85\ud655\ud55c \ubaa9\ud45c\ub97c \ucd94\uad6c\ud569\ub2c8\ub2e4. <strong>\uad6c\uc870\ud654\ub418\uace0 \uc804 \uc138\uacc4\uc801\uc73c\ub85c \ubd84\uc0b0\ub41c \ud3ec\ud2b8\ud3f4\ub9ac\uc624\ub97c \ud55c \uacf3\uc5d0 \ud22c\uc790\ud569\ub2c8\ub2e4.<\/strong>, \ub610\ud55c, \uae30\ubcf8 \uc6d0\uce59\uc744 \uc774\ud574\ud560 \uc218 \uc788\ub3c4\ub85d \uba85\ud655\ud558\uac8c \uc81c\uc2dc\ub41c \uae08\uc735 \uc9c0\uc2dd\uc774 \ud568\uaed8 \uc81c\uacf5\ub429\ub2c8\ub2e4.<\/p>\n\n\n\n<p>\uc5ec\uae30\uc5d0\ub294 \ub450 \uac00\uc9c0 \ud575\uc2ec \uad6c\uc131 \uc694\uc18c\uac00 \ud3ec\ud568\ub429\ub2c8\ub2e4.<\/p>\n\n\n\n<ul class=\"wp-block-list\">\n<li><strong>\uaddc\uce59 \uae30\ubc18 \uc704\ud0a4\ud3f4\ub9ac\uc624 \uc804\ub7b5<\/strong>, \ubd84\uc0b0 \ud22c\uc790, \uad6c\uc870\ud654 \ubc0f \uc704\ud5d8 \uad00\ub9ac\ub97c \uacb0\ud569\ud55c \uac83\uc785\ub2c8\ub2e4.<\/li>\n\n\n\n<li><strong>\ud2b9\uc815 \uc8fc\uc81c \ubc0f \uae08\uc735 \uc9c0\uc2dd\uc5d0 \ub300\ud55c \uc2ec\uce35 \ubd84\uc11d<\/strong>, \uc774\ub294 \uc2dc\uc7a5\uc774 \uc5b4\ub5bb\uac8c \uc791\ub3d9\ud558\ub294\uc9c0, \uc5b4\ub5a4 \uc694\uc778\ub4e4\uc774 \uc2dc\uc7a5\uc5d0 \uc601\ud5a5\uc744 \ubbf8\uce58\ub294\uc9c0, \uadf8\ub9ac\uace0 \uc7a5\uae30\uc801\uc73c\ub85c \uc5b4\ub5a4 \uc8fc\uc81c\ub4e4\uc774 \uc911\uc694\ud55c\uc9c0\ub97c \uc124\uba85\ud569\ub2c8\ub2e4.<\/li>\n<\/ul>\n\n\n\n<p>\uc2ec\uce35 \ubd84\uc11d\uc744 \ud1b5\ud574 \uc8fc\uc694 \ud22c\uc790 \ud14c\ub9c8, \uc2dc\uc7a5 \uba54\ucee4\ub2c8\uc998 \ubc0f \uacfc\ud559\uc801 \ubc1c\uacac\uc744 \uac04\uacb0\ud558\uace0 \uc774\ud574\ud558\uae30 \uc26c\uc6b0\uba70 \uc9c1\uc811 \uc801\uc6a9 \uac00\ub2a5\ud55c \ubc29\uc2dd\uc73c\ub85c \uc870\uba85\ud569\ub2c8\ub2e4. \uc774\ub97c \ud1b5\ud574 \ud22c\uc790\uc790\ub4e4\uc740 \uc5f0\uad00\uc131\uc744 \ud30c\uc545\ud558\uace0, \uc758\uc0ac\uacb0\uc815\uc758 \ub9e5\ub77d\uc744 \uc774\ud574\ud558\uba70, \uc804\ub7b5\uc744 \ub354\uc6b1 \ud6a8\uacfc\uc801\uc73c\ub85c \uc218\ub9bd\ud560 \uc218 \uc788\uc2b5\ub2c8\ub2e4.<\/p>\n\n\n\n<p>\uc6b0\uc0b0 \uc704\ud0a4\ud3f4\ub9ac\uc624\uc640 \ud568\uaed8 <strong>\uae00\ub85c\ubc8c \ub808\uc774\uc5b4<\/strong> \uae00\ub85c\ubc8c \uc2dc\uc7a5 \ud3ec\ud2b8\ud3f4\ub9ac\uc624\uc758 \ubaa9\ud45c\ub294 \ub2e8\uc77c \ud3ec\uc9c0\uc158\uc5d0\uc11c \uc77c\uad00\ub418\uac8c \uad6c\ud604\ub418\uc5c8\uc2b5\ub2c8\ub2e4. \ubcf4\ub2e4 \uac04\ud3b8\ud55c \ub300\uc548\uc73c\ub85c, \ud575\uc2ec \uc704\ud0a4\ud3f4\ub9ac\uc624(Wikifolio)\ub3c4 \uc774\uc6a9 \uac00\ub2a5\ud569\ub2c8\ub2e4. <strong>\uae00\ub85c\ubc8c \uc2a4\ub9c8\ud2b8 \ud22c\uc790<\/strong> \uc77c\uc885\uc758 &quot;\uae00\ub85c\ubc8c \ub808\uc774\uc5b4\uc2a4 \ub77c\uc774\ud2b8&quot;\ub77c\uace0 \ud560 \uc218 \uc788\uc2b5\ub2c8\ub2e4.<\/p>\n\n\n\n<p>Mueckinvest\ub294 \uae30\uc874 \ud3ec\ud2b8\ud3f4\ub9ac\uc624\uc5d0 \ud6a8\uc728\uc801\uc778 \ucd94\uac00 \ud22c\uc790\ub97c \uc6d0\ud558\ub294 \uacbd\ud5d8 \ub9ce\uc740 \ud22c\uc790\uc790\uc640 \ub2e8\uc77c \ud22c\uc790\ub85c \uad11\ubc94\uc704\ud558\uac8c \ubd84\uc0b0\ub41c \uc2dc\uc7a5 \ud3ec\ud2b8\ud3f4\ub9ac\uc624\uc5d0 \uc811\uadfc\ud558\uace0 \ub3d9\uc2dc\uc5d0 \uc774\ub97c \uc774\ud574\ud558\ub294 \ub370 \ud544\uc694\ud55c \uc9c0\uc2dd\uc744 \uc5bb\uace0\uc790 \ud558\ub294 \ucd08\ubcf4 \ud22c\uc790\uc790 \ubaa8\ub450\ub97c \ub300\uc0c1\uc73c\ub85c \ud569\ub2c8\ub2e4.<\/p>\n\n\n\n<div style=\"height:100px\" aria-hidden=\"true\" class=\"wp-block-spacer\"><\/div>\n\n\n\n<p>\uc8fc\uc758: \uc704\ud0a4\ud3f4\ub9ac\uc624 \ud22c\uc790\ub294 \uc704\ud5d8\uc744 \uc218\ubc18\ud569\ub2c8\ub2e4. \uacfc\uac70 \uc2e4\uc801\uc740 \ubbf8\ub798 \uacb0\uacfc\ub97c \ubcf4\uc7a5\ud558\uc9c0 \uc54a\uc2b5\ub2c8\ub2e4. \uc790\uc138\ud55c \ub0b4\uc6a9\uc740 [\ub9c1\ud06c\/\ubb38\uc11c\/\uc139\uc158]\uc744 \ucc38\uc870\ud558\uc2ed\uc2dc\uc624. <strong><a href=\"https:\/\/mueckinvest.com\/ko\/%eb%82%a0%ec%9d%b8\/\" data-type=\"page\" data-id=\"2\">\ub0a0\uc778<\/a>.<\/strong><\/p>","protected":false},"excerpt":{"rendered":"<p>Mueckinvest entstand aus einem klaren Anspruch: Anlegern eine einfache M\u00f6glichkeit zu bieten, den globalen Markt in nur einer einzigen Depotposition abzubilden. Klassische Strategien bestehen oft aus vielen Einzelwerten oder Fonds \u2013 komplex in der Verwaltung und anf\u00e4llig f\u00fcr \u00dcber\u2011 oder Untergewichtungen. Mein Ansatz verfolgt deshalb ein eindeutiges Ziel: ein strukturiertes, global diversifiziertes Portfolio in einer [&hellip;]<\/p>\n","protected":false},"author":1,"featured_media":0,"parent":0,"menu_order":0,"comment_status":"closed","ping_status":"closed","template":"page-no-sidebar","meta":{"pmpro_default_level":"","_monsterinsights_skip_tracking":false,"_monsterinsights_sitenote_active":false,"_monsterinsights_sitenote_note":"","_monsterinsights_sitenote_category":0,"footnotes":""},"class_list":["post-1134","page","type-page","status-publish","hentry","pmpro-has-access"],"aioseo_notices":[],"_links":{"self":[{"href":"https:\/\/mueckinvest.com\/ko\/wp-json\/wp\/v2\/pages\/1134","targetHints":{"allow":["GET"]}}],"collection":[{"href":"https:\/\/mueckinvest.com\/ko\/wp-json\/wp\/v2\/pages"}],"about":[{"href":"https:\/\/mueckinvest.com\/ko\/wp-json\/wp\/v2\/types\/page"}],"author":[{"embeddable":true,"href":"https:\/\/mueckinvest.com\/ko\/wp-json\/wp\/v2\/users\/1"}],"replies":[{"embeddable":true,"href":"https:\/\/mueckinvest.com\/ko\/wp-json\/wp\/v2\/comments?post=1134"}],"version-history":[{"count":2,"href":"https:\/\/mueckinvest.com\/ko\/wp-json\/wp\/v2\/pages\/1134\/revisions"}],"predecessor-version":[{"id":4031,"href":"https:\/\/mueckinvest.com\/ko\/wp-json\/wp\/v2\/pages\/1134\/revisions\/4031"}],"wp:attachment":[{"href":"https:\/\/mueckinvest.com\/ko\/wp-json\/wp\/v2\/media?parent=1134"}],"curies":[{"name":"wp","href":"https:\/\/api.w.org\/{rel}","templated":true}]}}