{"id":753,"date":"2025-11-05T11:00:00","date_gmt":"2025-11-05T11:00:00","guid":{"rendered":"https:\/\/mueckinvest.de\/?page_id=753"},"modified":"2026-01-23T08:08:01","modified_gmt":"2026-01-23T07:08:01","slug":"%e7%94%a8%e8%aa%9e%e9%9b%86","status":"publish","type":"page","link":"https:\/\/mueckinvest.com\/ja\/glossar\/","title":{"rendered":"\u7528\u8a9e\u96c6"},"content":{"rendered":"<figure class=\"wp-block-table\"><table class=\"has-fixed-layout\"><thead><tr><th><strong>\u8868\u73fe<\/strong><\/th><th><strong>\u610f\u5473<\/strong><\/th><\/tr><\/thead><tbody><tr><td>\u6e90\u6cc9\u5fb4\u53ce\u7a0e<\/td><td>\u30c9\u30a4\u30c4\u306b\u304a\u3051\u308b\u30ad\u30e3\u30d4\u30bf\u30eb\u30b2\u30a4\u30f3\u306b\u5bfe\u3059\u308b\u4e00\u5f8b\u7a0e\u7387\u3002.<\/td><\/tr><tr><td>\u5171\u6709<\/td><td>\u6240\u6709\u6a29\u3068\u682a\u4fa1\u4e0a\u6607\u306b\u3088\u308b\u5229\u76ca\u306e\u53ef\u80fd\u6027\u3092\u63d0\u4f9b\u3059\u308b\u4f01\u696d\u306e\u682a\u5f0f\u3002.<\/td><\/tr><tr><td>\u682a\u4fa1\u6307\u6570<\/td><td>\u5e02\u5834\u306e\u30d1\u30d5\u30a9\u30fc\u30de\u30f3\u30b9\u3092\u6e2c\u308b\u6307\u6a19\u3068\u306a\u308b\u3001\u8907\u6570\u306e\u9298\u67c4\u3067\u69cb\u6210\u3055\u308c\u308b\u30d0\u30b9\u30b1\u30c3\u30c8\u3002.<\/td><\/tr><tr><td>\u30a2\u30eb\u30d5\u30a1<\/td><td>\u30dd\u30fc\u30c8\u30d5\u30a9\u30ea\u30aa\u306e\u5e02\u5834\u5e73\u5747\u306b\u5bfe\u3059\u308b\u8d85\u904e\u53ce\u76ca\u7387\u3002.<\/td><\/tr><tr><td>\u6295\u8cc7\u671f\u9593<\/td><td>\u6295\u8cc7\u5bb6\u304c\u6295\u8cc7\u3092\u7d99\u7d9a\u3057\u305f\u3044\u671f\u9593\u3002.<\/td><\/tr><tr><td>\u8cc7\u7523\u914d\u5206<\/td><td>\u7570\u306a\u308b\u8cc7\u7523\u30af\u30e9\u30b9\u3078\u306e\u8cc7\u672c\u914d\u5206\u3002.<\/td><\/tr><tr><td>\u914d\u5e03<\/td><td>\u5b9a\u671f\u7684\u306b\u914d\u5f53\u91d1\u3092\u652f\u6255\u3046ETF\u307e\u305f\u306f\u30d5\u30a1\u30f3\u30c9\u3002.<\/td><\/tr><tr><td>\u30d0\u30c3\u30af\u30c6\u30b9\u30c8<\/td><td>\u6226\u7565\u306e\u5805\u7262\u6027\u3092\u8a55\u4fa1\u3059\u308b\u305f\u3081\u306e\u3001\u904e\u53bb\u306e\u30c7\u30fc\u30bf\u306b\u57fa\u3065\u304f\u30b7\u30df\u30e5\u30ec\u30fc\u30b7\u30e7\u30f3\u3002.<\/td><\/tr><tr><td>\u5f31\u6c17\u76f8\u5834<\/td><td>\u4fa1\u683c\u304c\u9577\u671f\u306b\u308f\u305f\u3063\u3066\u4e0b\u843d\u3059\u308b\u5e02\u5834\u5c40\u9762\u3002.<\/td><\/tr><tr><td>\u884c\u52d5\u30d5\u30a1\u30a4\u30ca\u30f3\u30b9<\/td><td>\u6295\u8cc7\u5bb6\u306e\u8a8d\u77e5\u30d0\u30a4\u30a2\u30b9\u3068\u884c\u52d5\u30d1\u30bf\u30fc\u30f3\u306b\u95a2\u3059\u308b\u79d1\u5b66\u7684\u7814\u7a76\u3002.<\/td><\/tr><tr><td>\u30d9\u30fc\u30bf<\/td><td>\u5e02\u5834\u5168\u4f53\u3068\u6bd4\u8f03\u3057\u305f\u8a3c\u5238\u306e\u4fa1\u683c\u5909\u52d5\u7387\u3092\u793a\u3059\u6307\u6a19\u3002.<\/td><\/tr><tr><td>\u5165\u672d<\/td><td>\u8cfc\u5165\u8005\u304c\u652f\u6255\u3063\u3066\u3082\u3088\u3044\u3068\u8003\u3048\u308b\u6700\u9ad8\u4fa1\u683c\u3002.<\/td><\/tr><tr><td>\u30d6\u30ed\u30fc\u30ab<\/td><td>\u8a3c\u5238\u306e\u58f2\u8cb7\u3092\u884c\u3046\u305f\u3081\u306e\u53d6\u5f15\u30d7\u30e9\u30c3\u30c8\u30d5\u30a9\u30fc\u30e0\u3002.<\/td><\/tr><tr><td>\u5f37\u6c17\u76f8\u5834<\/td><td>\u4fa1\u683c\u304c\u9577\u671f\u306b\u308f\u305f\u3063\u3066\u4e0a\u6607\u3059\u308b\u5e02\u5834\u5c40\u9762\u3002.<\/td><\/tr><tr><td>\u8cb7\u3063\u3066\u4fdd\u6709\u3059\u308b<\/td><td>\u983b\u7e41\u306a\u30dd\u30fc\u30c8\u30d5\u30a9\u30ea\u30aa\u306e\u30ea\u30d0\u30e9\u30f3\u30b9\u3092\u884c\u308f\u306a\u3044\u3001\u9577\u671f\u6295\u8cc7\u6226\u7565\u3002.<\/td><\/tr><tr><td>\u30ad\u30e3\u30c3\u30b7\u30e5\u30d5\u30ed\u30fc<\/td><td>\u4f01\u696d\u3078\u306e\u6d41\u52d5\u8cc7\u91d1\u306e\u7d14\u6d41\u5165\u984d\u3002.<\/td><\/tr><tr><td>\u30b3\u30a2\u30b5\u30c6\u30e9\u30a4\u30c8<\/td><td>\u5b89\u5b9a\u3057\u305f\u30b3\u30a2\u30dd\u30fc\u30c8\u30d5\u30a9\u30ea\u30aa\u3068\u3001\u53ce\u76ca\u91cd\u8996\u306e\u30b5\u30c6\u30e9\u30a4\u30c8\u30dd\u30fc\u30c8\u30d5\u30a9\u30ea\u30aa\u3092\u7d44\u307f\u5408\u308f\u305b\u305f\u3082\u306e\u3002.<\/td><\/tr><tr><td>\u4fee\u6b63<\/td><td>\u524d\u56de\u306e\u4e0a\u6607\u5f8c\u3001%\u306e\u4fa1\u683c\u306f10\uff5e20\u4e0b\u843d\u3057\u305f\u3002.<\/td><\/tr><tr><td>\u30a2\u30f3\u30d6\u30ec\u30e9 wikifolio<\/td><td>\u4ed6\u306eWikifolio\u306b\u6295\u8cc7\u3059\u308bWikifolio\u3002.<\/td><\/tr><tr><td>\u30c7\u30d5\u30ec<\/td><td>\u7269\u4fa1\u6c34\u6e96\u5168\u822c\u306e\u4f4e\u4e0b\u3002.<\/td><\/tr><tr><td>\u591a\u69d8\u5316<\/td><td>\u30ea\u30b9\u30af\u3092\u8efd\u6e1b\u3059\u308b\u305f\u3081\u306e\u8cc7\u672c\u306e\u5206\u6563\u5316\u3002.<\/td><\/tr><tr><td>\u4f4f\u6240<\/td><td>\u30d5\u30a1\u30f3\u30c9\u304c\u6cd5\u7684\u306b\u767b\u9332\u3055\u308c\u3066\u3044\u308b\u56fd\u3002.<\/td><\/tr><tr><td>\u30c9\u30ed\u30fc\u30c0\u30a6\u30f3<\/td><td>\u30d4\u30fc\u30af\u304b\u3089\u8c37\u307e\u3067\u306e\u640d\u5931\u3002.<\/td><\/tr><tr><td>\u81ea\u5df1\u8cc7\u672c\u5229\u76ca\u7387\uff08ROE\uff09<\/td><td>\u81ea\u5df1\u8cc7\u672c\u306b\u5bfe\u3059\u308b\u5229\u76ca\u3002.<\/td><\/tr><tr><td>\u767a\u884c\u8005\u30ea\u30b9\u30af<\/td><td>\u51fa\u7248\u793e\u306e\u5012\u7523\u30ea\u30b9\u30af\u3002.<\/td><\/tr><tr><td>\u6392\u51fa\u30ac\u30b9\uff08\u8a3c\u660e\u66f8\uff09<\/td><td>\u767a\u884c\u8005\u304cWikifolio\u7528\u306e\u53d6\u5f15\u53ef\u80fd\u306a\u8a3c\u660e\u66f8\u3092\u4f5c\u6210\u3059\u308b\u30d7\u30ed\u30bb\u30b9\u3002.<\/td><\/tr><tr><td>ETF<\/td><td>\u6307\u6570\u306b\u9023\u52d5\u3059\u308b\u4e0a\u5834\u6295\u8cc7\u4fe1\u8a17\uff08ETF\uff09\u3002.<\/td><\/tr><tr><td>\u30d5\u30a1\u30af\u30bf\u30fc\u6295\u8cc7<\/td><td>\u4fa1\u5024\u3084\u52e2\u3044\u3068\u3044\u3063\u305f\u30ea\u30bf\u30fc\u30f3\u3092\u5de6\u53f3\u3059\u308b\u8981\u56e0\u306b\u57fa\u3065\u3044\u3066\u6295\u8cc7\u3092\u884c\u3046\u3002.<\/td><\/tr><tr><td>\u514d\u9664\u547d\u4ee4<\/td><td>\u9280\u884c\u304c\u3001\u975e\u8ab2\u7a0e\u67a0\u306e\u7bc4\u56f2\u5185\u3067\u30ad\u30e3\u30d4\u30bf\u30eb\u30b2\u30a4\u30f3\u3092\u8ab2\u7a0e\u5bfe\u8c61\u304b\u3089\u9664\u5916\u3059\u308b\u3053\u3068\u3092\u8a8d\u3081\u308b\u3002.<\/td><\/tr><tr><td>\u30d5\u30ea\u30fc\u30ad\u30e3\u30c3\u30b7\u30e5\u30d5\u30ed\u30fc<\/td><td>\u6295\u8cc7\u5f8c\u306e\u5229\u7528\u53ef\u80fd\u306a\u30ad\u30e3\u30c3\u30b7\u30e5\u30d5\u30ed\u30fc\u3002.<\/td><\/tr><tr><td>\u30d5\u30a1\u30f3\u30c9\u306e\u53d6\u5f15\u91cf<\/td><td>\u30d5\u30a1\u30f3\u30c9\u306e\u5168\u8cc7\u7523\u306e\u7dcf\u984d\u3002.<\/td><\/tr><tr><td>\u6210\u9577\u6295\u8cc7<\/td><td>\u9ad8\u6210\u9577\u4f01\u696d\u306b\u6295\u8cc7\u3059\u308b\u3002.<\/td><\/tr><tr><td>\u53d6\u5f15\u30d7\u30e9\u30c3\u30c8\u30d5\u30a9\u30fc\u30e0<\/td><td>\u8a3c\u5238\u53d6\u5f15\u6240\u3001\u307e\u305f\u306f\u8a3c\u5238\u304c\u53d6\u5f15\u3055\u308c\u308b\u30d7\u30e9\u30c3\u30c8\u30d5\u30a9\u30fc\u30e0\u3002.<\/td><\/tr><tr><td>\u7fa4\u96c6\u672c\u80fd<\/td><td>\u5468\u56f2\u306b\u6d41\u3055\u308c\u3084\u3059\u3044\u50be\u5411\u3002.<\/td><\/tr><tr><td>\u30db\u30fc\u30e0\u30d0\u30a4\u30a2\u30b9<\/td><td>\u56fd\u5185\u6295\u8cc7\u3078\u306e\u904e\u5ea6\u306e\u91cd\u8996\u3002.<\/td><\/tr><tr><td>\u30a4\u30f3\u30d5\u30ec\u30fc\u30b7\u30e7\u30f3<\/td><td>\u7269\u4fa1\u6c34\u6e96\u5168\u822c\u306e\u4e0a\u6607\u3002.<\/td><\/tr><tr><td>\u30a4\u30f3\u30c7\u30c3\u30af\u30b9\u30d5\u30a1\u30f3\u30c9<\/td><td>\u6307\u6570\u3092\u8907\u88fd\u3059\u308b\u30d5\u30a1\u30f3\u30c9\uff08\u5fc5\u305a\u3057\u3082ETF\u3068\u306f\u9650\u3089\u306a\u3044\uff09\u3002.<\/td><\/tr><tr><td>\u6295\u8cc7\u9069\u683c\u6027<\/td><td>\u8a3c\u660e\u66f8\u304c\u767a\u884c\u3055\u308c\u3001\u53d6\u5f15\u53ef\u80fd\u306b\u306a\u3063\u305f\u6642\u70b9\u3067\u3001Wikifolio\u306e\u30b9\u30c6\u30fc\u30bf\u30b9\u304c\u5909\u308f\u308a\u307e\u3059\u3002.<\/td><\/tr><tr><td>ISIN \/ WKN<\/td><td>\u8a3c\u5238\u306e\u56fa\u6709\u8b58\u5225\u756a\u53f7\u3002.<\/td><\/tr><tr><td>\u30ad\u30e3\u30d4\u30bf\u30eb\u30b2\u30a4\u30f3\u7a0e\uff08KESt\uff09<\/td><td>\u30ad\u30e3\u30d4\u30bf\u30eb\u30b2\u30a4\u30f3\u7a0e\u306f\u3001\u9023\u5e2f\u4ed8\u52a0\u7a0e\u3068\u4f75\u305b\u3066\u8ab2\u7a0e\u3055\u308c\u308b\u3002.<\/td><\/tr><tr><td>\u8cc7\u672c\u53ce\u76ca<\/td><td>\u5229\u606f\u3001\u914d\u5f53\u91d1\u3001\u307e\u305f\u306f\u58f2\u4e0a\u306b\u3088\u308b\u53ce\u5165\u3002.<\/td><\/tr><tr><td>KBV<\/td><td>\u4f01\u696d\u306e\u682a\u4fa1\u7d14\u8cc7\u7523\u500d\u7387\uff08PBR\uff09\u3002.<\/td><\/tr><tr><td>KCV<\/td><td>\u682a\u4fa1\u5bfe\u30ad\u30e3\u30c3\u30b7\u30e5\u30d5\u30ed\u30fc\u6bd4\u7387\u3002.<\/td><\/tr><tr><td>\u682a\u4fa1\u53ce\u76ca\u7387\uff08PER\uff09<\/td><td>\u4f01\u696d\u306e\u682a\u4fa1\u53ce\u76ca\u7387\u3002.<\/td><\/tr><tr><td>\u76f8\u95a2<\/td><td>2\u3064\u306e\u30b7\u30b9\u30c6\u30e0\u306e\u8907\u5408\u7684\u306a\u52d5\u304d\u3092\u793a\u3059\u6307\u6a19\u3002.<\/td><\/tr><tr><td>\u5c64<\/td><td>\u968e\u5c64\u5316\u3055\u308c\u305f\u30ea\u30b9\u30af\u5206\u985e\u3002.<\/td><\/tr><tr><td>\u4e3b\u8981\u91d1\u5229<\/td><td>\u9280\u884c\u304c\u4e2d\u592e\u9280\u884c\u304b\u3089\u8cc7\u91d1\u3092\u501f\u308a\u63db\u3048\u308b\u969b\u306e\u91d1\u5229\u3002.<\/td><\/tr><tr><td>\u6307\u5024\u6ce8\u6587<\/td><td>\u56fa\u5b9a\u4fa1\u683c\u307e\u305f\u306f\u305d\u308c\u4ee5\u4e0a\u306e\u4fa1\u683c\u3067\u306e\u58f2\u8cb7\u3002.<\/td><\/tr><tr><td>\u6d41\u52d5\u6027<\/td><td>\u8a3c\u5238\u306e\u53d6\u5f15\u306e\u3057\u3084\u3059\u3055\u3002.<\/td><\/tr><tr><td>\u5e02\u5834\u6ce8\u6587<\/td><td>\u73fe\u5728\u306e\u5e02\u5834\u4fa1\u683c\u3067\u5373\u6642\u57f7\u884c\u3002.<\/td><\/tr><tr><td>\u6700\u5927\u30c9\u30ed\u30fc\u30c0\u30a6\u30f3\uff08MDD\uff09<\/td><td>\u30dd\u30fc\u30c8\u30d5\u30a9\u30ea\u30aa\u306e\u6700\u9ad8\u5024\u304b\u3089\u6700\u4f4e\u5024\u307e\u3067\u306e\u53f2\u4e0a\u6700\u5927\u306e\u640d\u5931\u984d\u3002.<\/td><\/tr><tr><td>\u30e1\u30ac\u30c8\u30ec\u30f3\u30c9<\/td><td>\u9577\u671f\u7684\u306a\u30b0\u30ed\u30fc\u30d0\u30eb\u5c55\u958b\u3068\u3001\u5e02\u5834\u3078\u306e\u5927\u304d\u306a\u5f71\u97ff\u529b\u3002.<\/td><\/tr><tr><td>\u30e2\u30e1\u30f3\u30bf\u30e0<\/td><td>\u6700\u8fd1\u306e\u597d\u6210\u7e3e\u9298\u67c4\u306b\u7126\u70b9\u3092\u5f53\u3066\u305f\u6226\u7565\u3002.<\/td><\/tr><tr><td>\u30b5\u30f3\u30d7\u30eb\u30dd\u30fc\u30c8\u30d5\u30a9\u30ea\u30aa<\/td><td>\u53c2\u8003\u3068\u3057\u3066\u3001\u30dd\u30fc\u30c8\u30d5\u30a9\u30ea\u30aa\u306e\u4f8b\u3092\u3054\u89a7\u304f\u3060\u3055\u3044\u3002.<\/td><\/tr><tr><td>\u6ce8\u6587\u5e33<\/td><td>\u3059\u3079\u3066\u306e\u58f2\u8cb7\u6ce8\u6587\u306e\u4e00\u89a7\u3002.<\/td><\/tr><tr><td>\u6ce8\u6587\u66f8<\/td><td>\u8a3c\u5238\u4f1a\u793e\u306e\u6ce8\u6587\u5165\u529b\u30d5\u30a9\u30fc\u30e0\u3002.<\/td><\/tr><tr><td>\u512a\u308c\u305f\u30d1\u30d5\u30a9\u30fc\u30de\u30f3\u30b9<\/td><td>\u30d9\u30f3\u30c1\u30de\u30fc\u30af\u6307\u6570\u3092\u4e0a\u56de\u308b\u30ea\u30bf\u30fc\u30f3\u3002.<\/td><\/tr><tr><td>\u30d1\u30d5\u30a9\u30fc\u30de\u30f3\u30b9\u6599\u91d1<\/td><td>\u6210\u679c\u306b\u5fdc\u3058\u3066\u5831\u916c\u304c\u767a\u751f\u3059\u308b\uff08\u826f\u597d\u306a\u9032\u6357\u304c\u3042\u3063\u305f\u5834\u5408\uff09\u3002.<\/td><\/tr><tr><td>\u7269\u7406\u7684\u306b\u8907\u88fd\u3059\u308b<\/td><td>\u5b9f\u969b\u306b\u69cb\u6210\u9298\u67c4\u3092\u8cfc\u5165\u3059\u308bETF\u3002.<\/td><\/tr><tr><td>\u30dd\u30fc\u30c8\u30d5\u30a9\u30ea\u30aa<\/td><td>\u4fdd\u6709\u3059\u308b\u3059\u3079\u3066\u306e\u8a3c\u5238\u306e\u5408\u8a08\u3002.<\/td><\/tr><tr><td>\u5b9a\u91cf\u6295\u8cc7<\/td><td>\u30c7\u30fc\u30bf\u306b\u57fa\u3065\u3044\u305f\u30eb\u30fc\u30eb\u30d9\u30fc\u30b9\u306e\u6295\u8cc7\u3002.<\/td><\/tr><tr><td>\u30d0\u30e9\u30f3\u30b9\u8abf\u6574<\/td><td>\u5143\u306e\u30dd\u30fc\u30c8\u30d5\u30a9\u30ea\u30aa\u69cb\u6210\u6bd4\u7387\u3078\u306e\u5fa9\u5143\u3002.<\/td><\/tr><tr><td>\u623b\u308b<\/td><td>\u4e00\u5b9a\u671f\u9593\u306b\u304a\u3051\u308b\u6295\u8cc7\u53ce\u76ca\u7387\u3002.<\/td><\/tr><tr><td>\u4e0d\u6cc1<\/td><td>\u6570\u56db\u534a\u671f\u306b\u308f\u305f\u308b\u7d4c\u6e08\u6e1b\u901f\u3002.<\/td><\/tr><tr><td>\u30ea\u30b9\u30af\u30d1\u30ea\u30c6\u30a3<\/td><td>\u5404\u8cc7\u7523\u30af\u30e9\u30b9\u304c\u5747\u7b49\u306a\u30ea\u30b9\u30af\u3092\u62c5\u3046\u6226\u7565\u3002.<\/td><\/tr><tr><td>\u30ea\u30b9\u30af\u30af\u30e9\u30b9<\/td><td>\u5909\u52d5\u5f37\u5ea6\u306b\u3088\u308b\u5206\u985e\u3002.<\/td><\/tr><tr><td>\u30b9\u30b3\u30a2\u30ea\u30f3\u30b0\u30e2\u30c7\u30eb<\/td><td>\u9298\u67c4\u9078\u5b9a\u8a55\u4fa1\u30b7\u30b9\u30c6\u30e0\u3002.<\/td><\/tr><tr><td>\u30b7\u30e3\u30fc\u30d7\u30ec\u30b7\u30aa<\/td><td>\u30ea\u30b9\u30af\u30fb\u30ea\u30bf\u30fc\u30f3\u6bd4\u7387\u3002.<\/td><\/tr><tr><td>\u30b7\u30ab\u30d6<\/td><td>\u5909\u52d5\u8cc7\u672c\u5236\u306e\u6b27\u5dde\u578b\u30d5\u30a1\u30f3\u30c9\u69cb\u9020\u3002.<\/td><\/tr><tr><td>\u30bd\u30eb\u30c6\u30a3\u30fc\u30ce\u6bd4\u7387<\/td><td>\u4e0b\u65b9\u30ea\u30b9\u30af\u306b\u5bfe\u3059\u308b\u30ea\u30bf\u30fc\u30f3\u3002.<\/td><\/tr><tr><td>\u8caf\u84c4\u624b\u5f53<\/td><td>\u8b72\u6e21\u76ca\u306b\u5bfe\u3059\u308b\u5e74\u9593\u975e\u8ab2\u7a0e\u67a0\u3002.<\/td><\/tr><tr><td>\u5e83\u3081\u308b<\/td><td>\u8cfc\u5165\u4fa1\u683c\u3068\u8ca9\u58f2\u4fa1\u683c\u306e\u5dee\u3002.<\/td><\/tr><tr><td>\u7a0e\u91d1\u7e70\u308a\u5ef6\u3079\u52b9\u679c<\/td><td>\u7a0e\u91d1\u306e\u652f\u6255\u3044\u3092\u5c06\u6765\u306b\u7e70\u308a\u5ef6\u3079\u308b\u3053\u3068\u3002.<\/td><\/tr><tr><td>\u8cb7\u3044\u6b62\u3081\u6ce8\u6587<\/td><td>\u7279\u5b9a\u306e\u4fa1\u683c\u3092\u8d85\u3048\u305f\u5834\u5408\u306b\u306e\u307f\u767a\u52d5\u3055\u308c\u308b\u8cb7\u3044\u6ce8\u6587\u3002.<\/td><\/tr><tr><td>\u30b9\u30c8\u30c3\u30d7\u30ea\u30df\u30c3\u30c8\u6ce8\u6587<\/td><td>\u30b9\u30c8\u30c3\u30d7\u4fa1\u683c\u306b\u9054\u3057\u305f\u6642\u70b9\u3067\u6709\u52b9\u306b\u306a\u308b\u6ce8\u6587\u3002.<\/td><\/tr><tr><td>\u640d\u5207\u308a\u6ce8\u6587<\/td><td>\u640d\u5931\u3092\u6700\u5c0f\u9650\u306b\u6291\u3048\u308b\u305f\u3081\u306e\u547d\u4ee4\u3002.<\/td><\/tr><tr><td>\u30b9\u30ef\u30c3\u30d7ETF<\/td><td>\u30b9\u30ef\u30c3\u30d7\u53d6\u5f15\u3092\u901a\u3058\u3066\u30a4\u30f3\u30c7\u30c3\u30af\u30b9\u3092\u8907\u88fd\u3059\u308b\u5408\u6210\u578bETF\u3002.<\/td><\/tr><tr><td>\u5408\u6210\u7684\u306b\u8907\u88fd\u3059\u308b<\/td><td>\u30c7\u30ea\u30d0\u30c6\u30a3\u30d6\u307e\u305f\u306f\u30b9\u30ef\u30c3\u30d7\u3092\u7528\u3044\u3066\u6307\u6570\u306b\u9023\u52d5\u3059\u308bETF\u3002.<\/td><\/tr><tr><td>TER<\/td><td>\u30d5\u30a1\u30f3\u30c9\u306e\u7dcf\u7d4c\u8cbb\u7387\u3002.<\/td><\/tr><tr><td>\u84c4\u7a4d<\/td><td>\u5229\u76ca\u306f\u81ea\u52d5\u7684\u306b\u518d\u6295\u8cc7\u3055\u308c\u307e\u3059\u3002.<\/td><\/tr><tr><td>\u30c8\u30e9\u30c3\u30ad\u30f3\u30b0\u306e\u5dee<\/td><td>ETF\u306e\u30ea\u30bf\u30fc\u30f3\u3068\u30a4\u30f3\u30c7\u30c3\u30af\u30b9\u306e\u4e56\u96e2\u3002.<\/td><\/tr><tr><td>\u8ffd\u8de1\u30a8\u30e9\u30fc<\/td><td>\u6307\u6a19\u304b\u3089\u306e\u4e56\u96e2\u306e\u5909\u52d5\u3002.<\/td><\/tr><tr><td>\u30c8\u30ec\u30fc\u30ea\u30f3\u30b0\u30b9\u30c8\u30c3\u30d7<\/td><td>\u4fa1\u683c\u4e0a\u6607\u306b\u5408\u308f\u305b\u3066\u81ea\u52d5\u7684\u306b\u8abf\u6574\u3055\u308c\u308b\u3001\u52d5\u7684\u306a\u30b9\u30c8\u30c3\u30d7\u30ed\u30b9\u3002.<\/td><\/tr><tr><td>\u30c8\u30ec\u30f3\u30c9\u30d5\u30a3\u30eb\u30bf\u30fc<\/td><td>\u5e02\u5834\u52d5\u5411\u3092\u5224\u65ad\u3059\u308b\u305f\u3081\u306e\u30eb\u30fc\u30eb\u3002.<\/td><\/tr><tr><td>\u30c8\u30ec\u30f3\u30c9\u30d5\u30a9\u30ed\u30fc<\/td><td>\u65e2\u5b58\u306e\u30c8\u30ec\u30f3\u30c9\u3092\u57fa\u76e4\u3068\u3057\u305f\u6226\u7565\u3002.<\/td><\/tr><tr><td>UCITS<\/td><td>\u6b27\u5dde\u306b\u304a\u3051\u308b\u30d5\u30a1\u30f3\u30c9\u306b\u95a2\u3059\u308b\u898f\u5236\u3002.<\/td><\/tr><tr><td>\u5b87\u5b99<\/td><td>\u6226\u7565\u304c\u9078\u629e\u3059\u308b\u5bfe\u8c61\u3068\u306a\u308b\u3059\u3079\u3066\u306e\u8a3c\u5238\u306e\u96c6\u5408\u3002.<\/td><\/tr><tr><td>\u696d\u7e3e\u4e0d\u632f<\/td><td>\u30d9\u30f3\u30c1\u30de\u30fc\u30af\u6307\u6570\u3092\u4e0b\u56de\u308b\u5024\u3092\u8fd4\u3057\u307e\u3059\u3002.<\/td><\/tr><tr><td>\u4fa1\u5024<\/td><td>\u5272\u5b89\u306a\u4f01\u696d\u3078\u306e\u6295\u8cc7\u3002.<\/td><\/tr><tr><td>\u640d\u5931\u56de\u907f<\/td><td>\u640d\u5931\u3092\u5229\u76ca\u3088\u308a\u3082\u904e\u5ea6\u306b\u91cd\u8996\u3059\u308b\u50be\u5411\u3002.<\/td><\/tr><tr><td>\u30dc\u30e9\u30c6\u30a3\u30ea\u30c6\u30a3<\/td><td>\u8a3c\u5238\u306e\u4fa1\u683c\u5909\u52d5\u6027\u3092\u793a\u3059\u6307\u6a19\u3002.<\/td><\/tr><tr><td>\u30dc\u30e9\u30c6\u30a3\u30ea\u30c6\u30a3\u30fb\u30bf\u30fc\u30b2\u30c6\u30a3\u30f3\u30b0<\/td><td>\u5b9a\u7fa9\u3055\u308c\u305f\u76ee\u6a19\u30dc\u30e9\u30c6\u30a3\u30ea\u30c6\u30a3\u306b\u5408\u308f\u305b\u3066\u30dd\u30b8\u30b7\u30e7\u30f3\u30b5\u30a4\u30ba\u3092\u8abf\u6574\u3059\u308b\u3002.<\/td><\/tr><tr><td>\u524d\u6255\u3044<\/td><td>\u7a4d\u307f\u7acb\u3066\u8cc7\u91d1\u306b\u5bfe\u3059\u308b\u5b9a\u984d\u8ab2\u7a0e\u3002.<\/td><\/tr><tr><td>\u30a6\u30a3\u30ad\u30d5\u30a9\u30ea\u30aa<\/td><td>\u30e2\u30c7\u30eb\u30dd\u30fc\u30c8\u30d5\u30a9\u30ea\u30aa\u306e\u904b\u7528\u5b9f\u7e3e\u3092\u53cd\u6620\u3057\u305f\u8a3c\u660e\u66f8\u3002.<\/td><\/tr><tr><td>Wikifolio\u8a3c\u660e\u66f8<\/td><td>Wikifolio\u306e\u53d6\u5f15\u53ef\u80fd\u306a\u8a3c\u5238\u3002.<\/td><\/tr><tr><td>\u8a3c\u660e\u66f8\u6599\u91d1<\/td><td>Wikifolio\u8a3c\u660e\u66f8\u306e\u7d99\u7d9a\u7684\u306a\u8cbb\u7528\u3002.<\/td><\/tr><tr><td>\u91d1\u5229\u8ee2\u63db<\/td><td>\u91d1\u878d\u653f\u7b56\u306e\u65b9\u5411\u8ee2\u63db\uff08\u4f8b\uff1a\u5229\u4e0a\u3052\u304b\u3089\u5229\u4e0b\u3052\u3078\uff09\u3002.<\/td><\/tr><\/tbody><\/table><\/figure>","protected":false},"excerpt":{"rendered":"<p>Begriff Definition Abgeltungssteuer Pauschale Steuer auf Kapitalertr\u00e4ge in Deutschland. Aktie Unternehmensanteil, der Eigentumsrechte und potenzielle Kursgewinne bietet. Aktienindex Korb aus Aktien, der die Entwicklung eines Marktes misst. Alpha \u00dcberrendite eines Portfolios im Vergleich zum Markt. Anlagehorizont Zeitraum, \u00fcber den ein Anleger investiert bleiben m\u00f6chte. Asset Allocation Verteilung des Kapitals auf verschiedene Anlageklassen. Aussch\u00fcttend ETF oder Fonds, der Ertr\u00e4ge regelm\u00e4\u00dfig auszahlt. Backtesting Historische Simulation einer Strategie zur Bewertung ihrer Robustheit. Bear Market (B\u00e4renmarkt) Marktphase mit fallenden Kursen \u00fcber l\u00e4ngere Zeit. Behavioral Finance Wissenschaft \u00fcber Denkfehler und Verhaltensmuster von Anlegern. Beta Ma\u00df f\u00fcr die Schwankung eines Wertpapiers im Vergleich zum Markt. Bid H\u00f6chstpreis, den K\u00e4ufer bereit sind zu zahlen. Broker Handelsplattform zum [&hellip;]<\/p>\n","protected":false},"author":1,"featured_media":0,"parent":0,"menu_order":0,"comment_status":"closed","ping_status":"closed","template":"page-no-sidebar","meta":{"pmpro_default_level":"","_monsterinsights_skip_tracking":false,"_monsterinsights_sitenote_active":false,"_monsterinsights_sitenote_note":"","_monsterinsights_sitenote_category":0,"footnotes":""},"class_list":["post-753","page","type-page","status-publish","hentry","pmpro-has-access"],"aioseo_notices":[],"_links":{"self":[{"href":"https:\/\/mueckinvest.com\/ja\/wp-json\/wp\/v2\/pages\/753","targetHints":{"allow":["GET"]}}],"collection":[{"href":"https:\/\/mueckinvest.com\/ja\/wp-json\/wp\/v2\/pages"}],"about":[{"href":"https:\/\/mueckinvest.com\/ja\/wp-json\/wp\/v2\/types\/page"}],"author":[{"embeddable":true,"href":"https:\/\/mueckinvest.com\/ja\/wp-json\/wp\/v2\/users\/1"}],"replies":[{"embeddable":true,"href":"https:\/\/mueckinvest.com\/ja\/wp-json\/wp\/v2\/comments?post=753"}],"version-history":[{"count":2,"href":"https:\/\/mueckinvest.com\/ja\/wp-json\/wp\/v2\/pages\/753\/revisions"}],"predecessor-version":[{"id":2968,"href":"https:\/\/mueckinvest.com\/ja\/wp-json\/wp\/v2\/pages\/753\/revisions\/2968"}],"wp:attachment":[{"href":"https:\/\/mueckinvest.com\/ja\/wp-json\/wp\/v2\/media?parent=753"}],"curies":[{"name":"wp","href":"https:\/\/api.w.org\/{rel}","templated":true}]}}