{"id":3984,"date":"2026-03-13T11:00:00","date_gmt":"2026-03-13T10:00:00","guid":{"rendered":"https:\/\/mueckinvest.com\/?page_id=3984"},"modified":"2026-03-17T17:00:00","modified_gmt":"2026-03-17T16:00:00","slug":"%e8%a9%b1","status":"publish","type":"page","link":"https:\/\/mueckinvest.com\/ja\/geschichte\/","title":{"rendered":"\u6b74\u53f2\u3001\u958b\u767a\u3001\u30ed\u30fc\u30c9\u30de\u30c3\u30d7"},"content":{"rendered":"<p><strong>\u79c1\u304c\u81ea\u5206\u306e\u6210\u9577\u904e\u7a0b\u3092\u516c\u306b\u898b\u305b\u308b\u7406\u7531<\/strong><\/p>\n\n\n\n<p>\u79c1\u306b\u3068\u3063\u3066\u3001Mueckinvest\u304c\u3069\u306e\u3088\u3046\u306b\u6bb5\u968e\u7684\u306b\u767a\u5c55\u3057\u3066\u304d\u305f\u304b\u3092\u900f\u660e\u6027\u3092\u3082\u3063\u3066\u793a\u3059\u3053\u3068\u306f\u91cd\u8981\u3067\u3059\u3002\u7279\u306b\u91d1\u878d\u696d\u754c\u3067\u306f\u4fe1\u983c\u304c\u4e0d\u53ef\u6b20\u3067\u3042\u308a\u3001\u4fe1\u983c\u306f\u88fd\u54c1\u304c\u3069\u306e\u3088\u3046\u306b\u958b\u767a\u3055\u308c\u3001\u6210\u9577\u3057\u3001\u6539\u5584\u3055\u308c\u3066\u3044\u304f\u304b\u3092\u7406\u89e3\u3059\u308b\u3053\u3068\u3067\u7bc9\u304b\u308c\u308b\u3082\u306e\u3067\u3059\u3002\u3060\u304b\u3089\u3053\u305d\u3001\u79c1\u306f2025\u5e74\u304b\u3089\u81ea\u8eab\u306e\u6b69\u307f\u3092\u8a18\u9332\u3057\u3001\u73fe\u5728\u53d6\u308a\u7d44\u3093\u3067\u3044\u308b\u3053\u3068\u3001\u65e2\u306b\u9054\u6210\u3057\u305f\u3053\u3068\u3001\u305d\u3057\u3066\u4eca\u5f8c\u306e\u30b9\u30c6\u30c3\u30d7\u3092\u660e\u78ba\u306b\u793a\u3057\u3066\u304d\u307e\u3057\u305f\u3002.<\/p>\n\n\n\n<details class=\"wp-block-details is-layout-flow wp-block-details-is-layout-flow\"><summary><strong>2025<\/strong><\/summary>\n<h2 class=\"wp-block-heading\">2025\u5e748\u6708 \u2013 \u5206\u6790\u6bb5\u968e\uff1a\u30a6\u30a3\u30ad\u30d5\u30a9\u30ea\u30aa\u306b\u7126\u70b9\u3092\u5f53\u3066\u308b<\/h2>\n\n\n\n<p>Mueckinvest\u306e\u51fa\u767a\u70b9\u3002\u3053\u306e\u6bb5\u968e\u3067\u306f\u3001Wikifolios\u306e\u8a73\u7d30\u306a\u5206\u6790\u3001\u6295\u8cc7\u6226\u7565\u3001\u305d\u3057\u3066\u6295\u8cc7\u5bb6\u304c\u9665\u308a\u304c\u3061\u306a\u5178\u578b\u7684\u306a\u30df\u30b9\u306b\u7126\u70b9\u3092\u5f53\u3066\u307e\u3057\u305f\u3002\u305d\u3053\u3067\u5f97\u3089\u308c\u305f\u77e5\u898b\u306f\u3001\u5f8c\u306b\u660e\u78ba\u3067\u5206\u304b\u308a\u3084\u3059\u304f\u3001\u9577\u671f\u7684\u306a\u8996\u70b9\u306b\u7acb\u3063\u305f\u91d1\u878d\u30d7\u30e9\u30c3\u30c8\u30d5\u30a9\u30fc\u30e0\u3068\u3044\u3046\u69cb\u60f3\u306e\u57fa\u76e4\u3068\u306a\u308a\u307e\u3057\u305f\u3002.<\/p>\n\n\n\n<h2 class=\"wp-block-heading\">2025\u5e7410\u6708 \u2013 \u521d\u306e\u30a6\u30a7\u30d6\u30b5\u30a4\u30c8\u304a\u3088\u3073\u30d6\u30e9\u30f3\u30c9\u69cb\u7bc9<\/h2>\n\n\n\n<p>Mueckinvest\u306e\u30a6\u30a7\u30d6\u30b5\u30a4\u30c8\u306e\u6700\u521d\u306e\u30d0\u30fc\u30b8\u30e7\u30f3\u304c\u516c\u958b\u3055\u308c\u307e\u3057\u305f\u3002\u305d\u306e\u76ee\u7684\u306f\u3001\u91d1\u878d\u77e5\u8b58\u3092\u4f53\u7cfb\u7684\u304b\u3064\u5206\u304b\u308a\u3084\u3059\u304f\u63d0\u793a\u3059\u308b\u3053\u3068\u3067\u3057\u305f\u3002\u540c\u6642\u306b\u3001\u30df\u30cb\u30de\u30eb\u3067\u4e8b\u5b9f\u306b\u57fa\u3065\u304d\u3001\u9577\u671f\u7684\u306a\u8996\u70b9\u306b\u7acb\u3063\u305f\u30d6\u30e9\u30f3\u30c9\u30a2\u30a4\u30c7\u30f3\u30c6\u30a3\u30c6\u30a3\u3082\u78ba\u7acb\u3057\u307e\u3057\u305f\u3002.<\/p>\n\n\n\n<h2 class=\"wp-block-heading\">2025\u5e7412\u6708 \u2013 \u30c6\u30fc\u30de\u5225\u8a73\u7d30\u5206\u6790<\/h2>\n\n\n\n<p>\u30b3\u30f3\u30c6\u30f3\u30c4\u5236\u4f5c\u306b\u5411\u3051\u305f\u96c6\u4e2d\u7684\u306a\u4f5c\u696d\u304c\u958b\u59cb\u3055\u308c\u3001\u5305\u62ec\u7684\u306a\u30d7\u30ed\u30b8\u30a7\u30af\u30c8\u304c\u4f5c\u6210\u3055\u308c\u305f\u3002 <a href=\"https:\/\/mueckinvest.com\/ja\/%e8%a9%b3%e7%b4%b0%e3%81%aa%e3%83%88%e3%83%94%e3%83%83%e3%82%af-2\/\" title=\"\u30c8\u30d4\u30c3\u30af\u306e\u8a73\u7d30\">\u8a73\u7d30\u5206\u6790<\/a> ETF\u3001\u30ea\u30b9\u30af\u3001\u5206\u6563\u6295\u8cc7\u3001, <a href=\"https:\/\/mueckinvest.com\/ja\/%e3%83%aa%e3%83%90%e3%83%a9%e3%83%b3%e3%82%b9\/\" title=\"\u30d0\u30e9\u30f3\u30b9\u8abf\u6574\">\u30d0\u30e9\u30f3\u30b9\u8abf\u6574 <\/a>\u305d\u3057\u3066\u9577\u671f\u6295\u8cc7\u6226\u7565\u3002\u3053\u306e\u30b3\u30f3\u30c6\u30f3\u30c4\u306f\u5f8c\u306bMueckinvest AI\u306e\u77e5\u8b58\u30d9\u30fc\u30b9\u3068\u306a\u3063\u305f\u3002.<\/p>\n<\/details>\n\n\n\n<details class=\"wp-block-details is-layout-flow wp-block-details-is-layout-flow\"><summary><strong>2026<\/strong><\/summary>\n<h2 class=\"wp-block-heading\">2026\u5e741\u6708 \u2013 Android\u30a2\u30d7\u30ea\u958b\u767a\u958b\u59cb<\/h2>\n\n\n\n<p>\u6280\u8853\u5b9f\u88c5\u304c\u6b63\u5f0f\u306b\u958b\u59cb\u3055\u308c\u307e\u3057\u305f\u3002\u30a2\u30fc\u30ad\u30c6\u30af\u30c1\u30e3\u306f\u3001\u8efd\u91cf\u3067\u62e1\u5f35\u6027\u304c\u9ad8\u304f\u3001\u30b0\u30ed\u30fc\u30d0\u30eb\u306b\u9069\u7528\u53ef\u80fd\u306a\u8a2d\u8a08\u3068\u306a\u3063\u3066\u3044\u307e\u3059\u3002\u521d\u671f\u306eUI\u30d7\u30ed\u30c8\u30bf\u30a4\u30d7\u3068ETF\u60c5\u5831\u7528\u306e\u30c7\u30fc\u30bf\u30e2\u30c7\u30eb\u304c\u958b\u767a\u3055\u308c\u307e\u3057\u305f\u3002.<\/p>\n\n\n\n<h2 class=\"wp-block-heading\">2026\u5e742\u6708 \u2013 AI\u8a2d\u7acb<\/h2>\n\n\n\n<p>\u958b\u59cb <a href=\"https:\/\/mueckinvest.com\/ja\/mueckinvest-ki\/\" title=\"\u30df\u30e5\u30c3\u30ad\u30f3\u30d9\u30b9\u30c8AI\">AI\u7d71\u5408<\/a> \u4e00\u822c\u7684\u306a\u56de\u7b54\u3067\u306f\u306a\u304f\u3001\u771f\u306b\u5c02\u9580\u7684\u306a\u8aac\u660e\u80fd\u529b\u306b\u91cd\u70b9\u3092\u7f6e\u3044\u305f\u30a2\u30d7\u30ed\u30fc\u30c1\u3092\u63a1\u7528\u3002RAG\u30d1\u30a4\u30d7\u30e9\u30a4\u30f3\u3001\u521d\u671f\u57cb\u3081\u8fbc\u307f\u3001\u304a\u3088\u3073\u30d9\u30af\u30c8\u30eb\u30c7\u30fc\u30bf\u30d9\u30fc\u30b9\u69cb\u9020\u306e\u958b\u767a\u3092\u5b9f\u65bd\u3002\u4e26\u884c\u3057\u3066\u3001\u30b0\u30ed\u30fc\u30d0\u30eb\u5c55\u958b\u306b\u5411\u3051\u305f\u591a\u8a00\u8a9e\u5bfe\u5fdc\u306e\u8a08\u753b\u3082\u958b\u59cb\u3057\u305f\u3002.<\/p>\n\n\n\n<h2 class=\"wp-block-heading\">2026\u5e743\u670817\u65e5 \u2013 \u6253\u3061\u4e0a\u3052\u304c\u5b8c\u4e86\u3057\u307e\u3057\u305f\ud83c\udf0d<\/h2>\n\n\n\n<p>Android <a href=\"https:\/\/mueckinvest.com\/ja\/android%e3%82%a2%e3%83%97%e3%83%aa\/\" title=\"Mueckinvest\u30a2\u30d7\u30ea\">Mueckinvest\u30a2\u30d7\u30ea<\/a> \u3064\u3044\u306b\u30b5\u30fc\u30d3\u30b9\u958b\u59cb\u3067\u3059\u3002\u7dbf\u5bc6\u306a\u6e96\u5099\u3092\u7d4c\u3066\u3001\u30b0\u30ed\u30fc\u30d0\u30eb\u306a\u30a4\u30f3\u30d5\u30e9\u304c\u6574\u5099\u3055\u308c\u3001\u30b5\u30fc\u30d0\u30fc\u306f\u9806\u8abf\u306b\u7a3c\u50cd\u3057\u3066\u304a\u308a\u3001AI\u306f\u65e2\u306b\u512a\u308c\u305f\u6210\u679c\u3092\u4e0a\u3052\u3066\u3044\u307e\u3059\u3002.<\/p>\n<\/details>\n\n\n\n<details class=\"wp-block-details is-layout-flow wp-block-details-is-layout-flow\"><summary><strong>\u8a08\u753b\uff0f\u30ed\u30fc\u30c9\u30de\u30c3\u30d7<\/strong><\/summary>\n<h2 class=\"wp-block-heading\">2026\u5e744\u6708\uff5e6\u6708<\/h2>\n\n\n\n<p>\u300cMueckinvest\u300d\u3068\u300cMueckinvest AI\u300d\u306e\u30cd\u30a4\u30c6\u30a3\u30d6iOS\u7248\u306e\u958b\u767a\u304c\u958b\u59cb\u3055\u308c\u307e\u3057\u305f\u3002\u76ee\u6a19\u306f\u3001\u65e2\u5b58\u306e\u30a6\u30a7\u30d6\u7248\u304a\u3088\u3073Android\u7248\u306e\u30e6\u30fc\u30b6\u30fc\u30a8\u30af\u30b9\u30da\u30ea\u30a8\u30f3\u30b9\u3092\u5b8c\u5168\u306b\u88dc\u5b8c\u3059\u308b\u3001\u5b89\u5b9a\u6027\u3001\u9ad8\u901f\u6027\u3001\u76f4\u611f\u7684\u306a\u64cd\u4f5c\u6027\u3092\u5099\u3048\u305f\u30a2\u30d7\u30ea\u3092\u63d0\u4f9b\u3059\u308b\u3053\u3068\u3067\u3059\u3002.<\/p>\n\n\n\n<p>Android\u30a2\u30d7\u30ea\uff08\u300cMueckinvest\u300d\uff09\u3068\u540c\u6642\u306b\u3001\u30b9\u30bf\u30f3\u30c9\u30a2\u30ed\u30f3\u30a2\u30d7\u30ea\u300cMueckinvest AI\u300d\u3082\u30ea\u30ea\u30fc\u30b9\u3055\u308c\u307e\u3059\u3002\u3053\u306e\u30a2\u30d7\u30ea\u306f\u3001ETF\u3001\u9577\u671f\u6295\u8cc7\u3001\u91d1\u878d\u6559\u80b2\u306b\u95a2\u3059\u308b\u5c02\u9580\u7684\u306aAI\u30c1\u30e3\u30c3\u30c8\u6a5f\u80fd\u3092\u63d0\u4f9b\u3057\u300120\u8a00\u8a9e\u306b\u5bfe\u5fdc\u3057\u3001\u4e16\u754c\u4e2d\u306e\u30e6\u30fc\u30b6\u30fc\u5411\u3051\u306b\u6700\u9069\u5316\u3055\u308c\u3066\u3044\u307e\u3059\u3002.<\/p>\n\n\n\n<h2 class=\"wp-block-heading\">2026\u5e74\u672b\u307e\u3067\u306b<\/h2>\n\n\n\n<p><strong>\u5efa\u7bc9\u306e\u5b89\u5b9a\u6027<\/strong>\u5e74\u672b\u307e\u3067\u3001Mueckinvest\u306e\u6280\u8853\u57fa\u76e4\u306e\u3055\u3089\u306a\u308b\u5f37\u5316\u306b\u6ce8\u529b\u3057\u307e\u3059\u3002\u65e2\u5b58\u306e\u30b5\u30fc\u30d0\u30fc\u304a\u3088\u3073\u30c7\u30fc\u30bf\u30d9\u30fc\u30b9\u30a2\u30fc\u30ad\u30c6\u30af\u30c1\u30e3\u306f\u3001\u5b9f\u969b\u306e\u30e6\u30fc\u30b6\u30fc\u74b0\u5883\u4e0b\u3067\u7d99\u7d9a\u7684\u306b\u76e3\u8996\u3001\u6700\u9069\u5316\u3001\u30c6\u30b9\u30c8\u3055\u308c\u307e\u3059\u3002\u76ee\u6a19\u306f\u3001\u3059\u3079\u3066\u306e\u56fd\u969b\u5e02\u5834\u306b\u304a\u3044\u3066\u3001\u6c38\u7d9a\u7684\u306b\u5b89\u5b9a\u6027\u3001\u62e1\u5f35\u6027\u3001\u4fe1\u983c\u6027\u3092\u5099\u3048\u305f\u30d7\u30e9\u30c3\u30c8\u30d5\u30a9\u30fc\u30e0\u3092\u69cb\u7bc9\u3059\u308b\u3053\u3068\u3067\u3059\u3002.<\/p>\n\n\n\n<p><strong>\u30d0\u30b0\u4fee\u6b63\u4f5c\u696d\u7d99\u7d9a\u4e2d<\/strong>\u6a5f\u80fd\u306e\u62e1\u5145\u3068\u521d\u671f\u306e\u30e6\u30fc\u30b6\u30fc\u30d5\u30a3\u30fc\u30c9\u30d0\u30c3\u30af\u3092\u53d7\u3051\u3066\u3001\u73fe\u5728\u306f\u4f53\u7cfb\u7684\u306a\u30a8\u30e9\u30fc\u5206\u6790\u306b\u91cd\u70b9\u304c\u7f6e\u304b\u308c\u3066\u3044\u307e\u3059\u3002\u767a\u898b\u3055\u308c\u305f\u30d0\u30b0\u306f\u901f\u3084\u304b\u306b\u4fee\u6b63\u3055\u308c\u3001\u30d7\u30ed\u30bb\u30b9\u304c\u6d17\u7df4\u3055\u308c\u3001\u30a2\u30d7\u30ea\u5168\u4f53\u306e\u30d1\u30d5\u30a9\u30fc\u30de\u30f3\u30b9\u304c\u3055\u3089\u306b\u5411\u4e0a\u3057\u3066\u3044\u307e\u3059\u3002.<\/p>\n\n\n\n<p><strong>\u54c1\u8cea\u4fdd\u8a3c\u3068\u5fae\u8abf\u6574<\/strong>\u6280\u8853\u7684\u306a\u8abf\u6574\u306b\u52a0\u3048\u3001UI\u306e\u8a73\u7d30\u3001\u8aad\u307f\u8fbc\u307f\u6642\u9593\u3001AI\u306e\u5fdc\u7b54\u54c1\u8cea\u3001\u591a\u8a00\u8a9e\u5bfe\u5fdc\u306a\u3069\u3082\u7d99\u7d9a\u7684\u306b\u6700\u9069\u5316\u3055\u308c\u3066\u3044\u307e\u3059\u3002\u5e74\u672b\u307e\u3067\u306b\u3001Mueckinvest\u3092\u5b89\u5b9a\u3057\u3066\u30b9\u30e0\u30fc\u30ba\u306b\u6a5f\u80fd\u3057\u3001\u56fd\u969b\u7684\u306b\u5c55\u958b\u53ef\u80fd\u306a\u91d1\u878dAI\u30d7\u30e9\u30c3\u30c8\u30d5\u30a9\u30fc\u30e0\u3078\u3068\u5909\u9769\u3059\u308b\u3053\u3068\u3092\u76ee\u6307\u3057\u3066\u3044\u307e\u3059\u3002.<\/p>\n<\/details>","protected":false},"excerpt":{"rendered":"<p>Warum ich meine Entwicklung offen zeige F\u00fcr mich ist es wichtig, transparent zu zeigen, wie sich Mueckinvest Schritt f\u00fcr Schritt entwickelt hat. Gerade im Finanzbereich z\u00e4hlt Vertrauen \u2013 und Vertrauen entsteht, wenn man nachvollziehen kann, wie ein Produkt entsteht, w\u00e4chst und sich verbessert. Deshalb dokumentiere ich meinen Weg seit 2025 und zeige klar, woran ich arbeite, was bereits erreicht wurde und welche n\u00e4chsten Schritte geplant sind.<\/p>","protected":false},"author":1,"featured_media":0,"parent":0,"menu_order":0,"comment_status":"closed","ping_status":"closed","template":"","meta":{"pmpro_default_level":"","_monsterinsights_skip_tracking":false,"_monsterinsights_sitenote_active":false,"_monsterinsights_sitenote_note":"","_monsterinsights_sitenote_category":0,"footnotes":""},"class_list":["post-3984","page","type-page","status-publish","hentry","pmpro-has-access"],"aioseo_notices":[],"_links":{"self":[{"href":"https:\/\/mueckinvest.com\/ja\/wp-json\/wp\/v2\/pages\/3984","targetHints":{"allow":["GET"]}}],"collection":[{"href":"https:\/\/mueckinvest.com\/ja\/wp-json\/wp\/v2\/pages"}],"about":[{"href":"https:\/\/mueckinvest.com\/ja\/wp-json\/wp\/v2\/types\/page"}],"author":[{"embeddable":true,"href":"https:\/\/mueckinvest.com\/ja\/wp-json\/wp\/v2\/users\/1"}],"replies":[{"embeddable":true,"href":"https:\/\/mueckinvest.com\/ja\/wp-json\/wp\/v2\/comments?post=3984"}],"version-history":[{"count":13,"href":"https:\/\/mueckinvest.com\/ja\/wp-json\/wp\/v2\/pages\/3984\/revisions"}],"predecessor-version":[{"id":4021,"href":"https:\/\/mueckinvest.com\/ja\/wp-json\/wp\/v2\/pages\/3984\/revisions\/4021"}],"wp:attachment":[{"href":"https:\/\/mueckinvest.com\/ja\/wp-json\/wp\/v2\/media?parent=3984"}],"curies":[{"name":"wp","href":"https:\/\/api.w.org\/{rel}","templated":true}]}}