{"id":380,"date":"2025-10-09T10:03:20","date_gmt":"2025-10-09T10:03:20","guid":{"rendered":"https:\/\/mueckinvest.de\/?page_id=380"},"modified":"2026-01-05T07:00:00","modified_gmt":"2026-01-05T06:00:00","slug":"corewikifolio%e3%81%ae%e6%af%94%e8%bc%83-2","status":"publish","type":"page","link":"https:\/\/mueckinvest.com\/ja\/kernwikifolio-vergleich\/","title":{"rendered":"\u30b3\u30a2Wikifolio\u306e\u6bd4\u8f03"},"content":{"rendered":"<div class=\"tabelle-vollbild\">\n  <table class=\"info-tabelle vergleich has-fixed-layout\">\n    <thead>\n      <tr>\n        <th class=\"kategorie\">\u30ab\u30c6\u30b4\u30ea<\/th>\n        <th class=\"wikifolio\">\n          <a href=\"https:\/\/mueckinvest.com\/ja\/%e4%b8%96%e7%95%8c%e4%b8%ad%e3%81%a7%e8%b3%a2%e3%81%84%e6%8a%95%e8%b3%87\/\" target=\"_blank\" rel=\"noopener\">\n            \u30b0\u30ed\u30fc\u30d0\u30eb\u306b\u30b9\u30de\u30fc\u30c8\u306a\u6295\u8cc7\n          <\/a>\n        <\/th>\n        <th class=\"wikifolio\">\n          <a href=\"https:\/\/mueckinvest.com\/ja\/%e3%82%b0%e3%83%ad%e3%83%bc%e3%83%90%e3%83%ab%e3%82%b3%e3%82%a2%e3%81%a8%e3%83%88%e3%83%ac%e3%83%b3%e3%83%89-2\/\" target=\"_blank\" rel=\"noopener\">\n            \u30b0\u30ed\u30fc\u30d0\u30eb\u30b3\u30a2\u3068\u30c8\u30ec\u30f3\u30c9\n          <\/a>\n        <\/th>\n        <th class=\"wikifolio\">\n          <a href=\"https:\/\/mueckinvest.com\/ja\/%e3%82%b0%e3%83%ad%e3%83%bc%e3%83%90%e3%83%ab%e3%82%b7%e3%83%bc%e3%83%ab%e3%83%89-2\/\" target=\"_blank\" rel=\"noopener\">\n            \u30b0\u30ed\u30fc\u30d0\u30eb\u30b7\u30fc\u30eb\u30c9\n          <\/a>\n        <\/th>\n      <\/tr>\n    <\/thead>\n\n    <tbody>\n      <tr>\n        <td class=\"highlight\">\u30a2\u30e9\u30a4\u30e1\u30f3\u30c8<\/td>\n        <td>ESG\u3001\u30de\u30eb\u30c1\u30d5\u30a1\u30af\u30bf\u30fc\u3001\u6697\u53f7\u901a\u8ca8\u3092\u542b\u3080\u30b0\u30ed\u30fc\u30d0\u30eb\u30de\u30eb\u30c1\u30a2\u30bb\u30c3\u30c8<\/td>\n        <td>\u7d14\u7c8b\u306a\u682a\u5f0f\u30dd\u30fc\u30c8\u30d5\u30a9\u30ea\u30aa\u3068\u30d5\u30a1\u30af\u30bf\u30fc\u6226\u7565<\/td>\n        <td>\u50b5\u5238\u3001\u30b3\u30e2\u30c7\u30a3\u30c6\u30a3\u3001\u91d1\u306b\u91cd\u70b9\u3092\u7f6e\u3044\u305f\u9632\u5fa1\u7684\u306a\u30de\u30eb\u30c1\u30a2\u30bb\u30c3\u30c8\u30dd\u30fc\u30c8\u30d5\u30a9\u30ea\u30aa<\/td>\n      <\/tr>\n\n      <tr>\n        <td class=\"highlight\">\u30ea\u30b9\u30af\u30af\u30e9\u30b9<\/td>\n        <td class=\"risiko-ausgewogen\">\u30d0\u30e9\u30f3\u30b9\u306e\u53d6\u308c\u305f<\/td>\n        <td class=\"risiko-chancenorientiert\">\u6a5f\u4f1a\u5fd7\u5411<\/td>\n        <td class=\"risiko-defensiv\">\u9632\u5fa1\u7684\u306a<\/td>\n      <\/tr>\n\n      <tr>\n        <td class=\"highlight\">\u30d1\u30d5\u30a9\u30fc\u30de\u30f3\u30b9\u6599\u91d1<\/td>\n        <td>10%<\/td>\n        <td>10%<\/td>\n        <td>15%<\/td>\n      <\/tr>\n\n      <tr>\n        <td class=\"highlight\">\u6295\u8cc7\u5bfe\u8c61<\/td>\n        <td>\u3059\u3079\u3066\u306eETF\u306fWikifolio.com\u3067\u5165\u624b\u53ef\u80fd\u3067\u3059<\/td>\n        <td>\u3059\u3079\u3066\u306e\u682a\u5f0fETF\u306fWikifolio.com\u3067\u5165\u624b\u53ef\u80fd\u3067\u3059<\/td>\n        <td>\u3059\u3079\u3066\u306eETF\u306fWikifolio.com\u3067\u5165\u624b\u53ef\u80fd\u3067\u3059<\/td>\n      <\/tr>\n\n      <tr>\n        <td class=\"highlight\">\u30d0\u30e9\u30f3\u30b9\u8abf\u6574<\/td>\n        <td>\u56db\u534a\u671f\u3054\u3068<\/td>\n        <td>\u56db\u534a\u671f\u3054\u3068<\/td>\n        <td>\u56db\u534a\u671f\u3054\u3068<\/td>\n      <\/tr>\n\n      <tr>\n        <td class=\"highlight\">\u682a\u5f0f<\/td>\n        <td>\u7d0460 %\uff08ESG + \u30de\u30eb\u30c1\u30d5\u30a1\u30af\u30bf\u30fc\uff09<br>\u7d045,800\u793e<\/td>\n        <td>100 %\uff08\u30b9\u30e2\u30fc\u30eb\u30ad\u30e3\u30c3\u30d7\u3001\u65b0\u8208\u56fd\u3001\u30d5\u30a1\u30af\u30bf\u30fc\u3092\u542b\u3080\uff09<br>\u7d048,500\u793e<\/td>\n        <td>\u7d0430 %\uff08\u30c7\u30a3\u30d5\u30a7\u30f3\u30b7\u30d6\uff1aESG\u3001\u6d88\u8cbb\u8ca1\u3001\u6700\u5c0f\u30dc\u30e9\u30c6\u30a3\u30ea\u30c6\u30a3\uff09<br>\u7d04600\u793e<\/td>\n      <\/tr>\n\n      <tr>\n        <td class=\"highlight\">\u50b5\u5238<\/td>\n        <td>~25 %\uff08\u7dcf\u5408\u3001\u30cf\u30a4\u30a4\u30fc\u30eb\u30c9\u3001\u65b0\u8208\u56fd\u3001\u30a4\u30f3\u30d5\u30ec\u9023\u52d5\uff09<br>\u7d0421,500\u50b5\u5238<\/td>\n        <td>\u2013<\/td>\n        <td>\u7d0450 %\uff08\u30a2\u30b0\u30ea\u30b2\u30fc\u30c8\u3001\u30cf\u30a4\u30a4\u30fc\u30eb\u30c9\u3001\u30a8\u30de\u30fc\u30b8\u30f3\u30b0\u3001\u30a4\u30f3\u30d5\u30ec\u9023\u52d5\u3001\u8d85\u77ed\u671f\uff09<br>\u7d0422,000\u50b5\u5238<\/td>\n      <\/tr>\n\n      <tr>\n        <td class=\"highlight\">\u539f\u6750\u6599<\/td>\n        <td>~ 6 %\uff08\u5e45\u5e83\u3044\u539f\u6750\u6599\u30d0\u30b9\u30b1\u30c3\u30c8\uff09<br>\u5546\u54c1\u5e02\u5834\u306e\u7d0490%<\/td>\n        <td>\u2013<\/td>\n        <td>~ 10 %\uff08\u5e45\u5e83\u3044\u539f\u6750\u6599\u30d0\u30b9\u30b1\u30c3\u30c8\uff09<br>\u5546\u54c1\u5e02\u5834\u306e\u7d0490%<\/td>\n      <\/tr>\n\n      <tr>\n        <td class=\"highlight\">\u91d1<\/td>\n        <td>~ 4 %<\/td>\n        <td>\u2013<\/td>\n        <td>~ 10 %<\/td>\n      <\/tr>\n\n      <tr>\n        <td class=\"highlight\">\u6697\u53f7<\/td>\n        <td>~ 5 % (\u30c8\u30c3\u30d720\u306e\u6697\u53f7\u901a\u8ca8)<\/td>\n        <td>\u2013<\/td>\n        <td>\u2013<\/td>\n      <\/tr>\n\n      <tr>\n        <td class=\"highlight\">\u30d5\u30a1\u30af\u30bf\u30fc\u6226\u7565<\/td>\n        <td>\u30de\u30eb\u30c1\u30d5\u30a1\u30af\u30bf\u30fc\uff08\u7d0420 %\uff09<\/td>\n        <td>\u30de\u30eb\u30c1\u30d5\u30a1\u30af\u30bf\u30fc\u3001\u30e2\u30e1\u30f3\u30bf\u30e0\u3001\u30d0\u30ea\u30e5\u30fc\u3001\u30b9\u30e2\u30fc\u30eb\u30ad\u30e3\u30c3\u30d7\uff08~37 %\uff09<\/td>\n        <td>\u6700\u5c0f\u30dc\u30e9\u30c6\u30a3\u30ea\u30c6\u30a3\uff08\u65b0\u8208\u56fd\uff09\u3001\u30c7\u30a3\u30d5\u30a7\u30f3\u30b7\u30d6\u30bb\u30af\u30bf\u30fc<\/td>\n      <\/tr>\n\n      <tr>\n        <td class=\"highlight\">ESG\u7d71\u5408<\/td>\n        <td>\u30b9\u30bf\u30fc\u30af\uff08\u682a\u5f0f\uff0b\u50b5\u5238\uff09<\/td>\n        <td>\u90e8\u5206\u7684\u306b\uff08\u30de\u30eb\u30c1\u30d5\u30a1\u30af\u30bf\u30fcETF\u7d4c\u7531\uff09<\/td>\n        <td>\u30b9\u30bf\u30fc\u30af\uff08ESG\u50b5\u5238\u3001ESG\u682a\u5f0f\uff09<\/td>\n      <\/tr>\n    <\/tbody>\n  <\/table>\n<\/div>\n\n<!-- Wrapper f\u00fcr die mobilen Spalten-Cards -->\n<div class=\"vergleich-cards\"><\/div>\n\n\n\n\n<section id=\"important-note\">\n<div class=\"note-container\">\n<p>\u3053\u306e\u60c5\u5831\u306f\u30ac\u30a4\u30c0\u30f3\u30b9\u306e\u307f\u3092\u76ee\u7684\u3068\u3057\u3066\u304a\u308a\u3001\u6295\u8cc7\u30a2\u30c9\u30d0\u30a4\u30b9\u306b\u4ee3\u308f\u308b\u3082\u306e\u3067\u306f\u3042\u308a\u307e\u305b\u3093\u3002.<\/p>\n<\/div>\n<\/section>","protected":false},"excerpt":{"rendered":"<p>Kategorie Weltweit Smart Investiert Global Core and Trends Global Shield Ausrichtung Globales Multi-Asset mit ESG, Multifaktor &amp; Krypto Reines Aktienportfolio &amp; Faktorstrategien Defensives Multi-Asset mit Fokus Anleihen, Rohstoffe &amp; Gold Risikoklasse ausgewogen chancenorientiert defensiv Performance Geb\u00fchr 10% 10% 15% Anlageuniversum Alle auf Wikifolio.com verf\u00fcgbaren ETFs Alle auf Wikifolio.com verf\u00fcgbaren Aktien ETFs Alle auf Wikifolio.com verf\u00fcgbaren ETFs Rebalancing Quartalsweise Quartalsweise Quartalsweise Aktien ~ 60 % (ESG + Multifaktor)ca. 5.800 Unternehmen 100 % (inkl. Small Caps, EM, Faktoren)ca. 8.500 Unternehmen ~ 30 % (defensiv: ESG, Konsumg\u00fcter, Minimum Volatility)ca. 600 Unternehmen Anleihen ~ 25 % (Aggregate, HY, EM, Inflation Linked)ca. 21.500 Anleihen \u2013 ~ 50 % (Aggregate, HY, EM, Inflation Linked, Ultrashort)ca. 22.000 [&hellip;]<\/p>\n","protected":false},"author":1,"featured_media":0,"parent":0,"menu_order":0,"comment_status":"closed","ping_status":"closed","template":"page-no-sidebar","meta":{"pmpro_default_level":"","_monsterinsights_skip_tracking":false,"_monsterinsights_sitenote_active":false,"_monsterinsights_sitenote_note":"","_monsterinsights_sitenote_category":0,"footnotes":""},"class_list":["post-380","page","type-page","status-publish","hentry","pmpro-has-access"],"aioseo_notices":[],"_links":{"self":[{"href":"https:\/\/mueckinvest.com\/ja\/wp-json\/wp\/v2\/pages\/380","targetHints":{"allow":["GET"]}}],"collection":[{"href":"https:\/\/mueckinvest.com\/ja\/wp-json\/wp\/v2\/pages"}],"about":[{"href":"https:\/\/mueckinvest.com\/ja\/wp-json\/wp\/v2\/types\/page"}],"author":[{"embeddable":true,"href":"https:\/\/mueckinvest.com\/ja\/wp-json\/wp\/v2\/users\/1"}],"replies":[{"embeddable":true,"href":"https:\/\/mueckinvest.com\/ja\/wp-json\/wp\/v2\/comments?post=380"}],"version-history":[{"count":0,"href":"https:\/\/mueckinvest.com\/ja\/wp-json\/wp\/v2\/pages\/380\/revisions"}],"wp:attachment":[{"href":"https:\/\/mueckinvest.com\/ja\/wp-json\/wp\/v2\/media?parent=380"}],"curies":[{"name":"wp","href":"https:\/\/api.w.org\/{rel}","templated":true}]}}