{"id":3336,"date":"2026-02-01T22:00:00","date_gmt":"2026-02-01T21:00:00","guid":{"rendered":"https:\/\/mueckinvest.de\/?page_id=3336"},"modified":"2026-03-18T15:17:14","modified_gmt":"2026-03-18T14:17:14","slug":"%e5%8e%9f%e5%89%87%e3%81%af%e7%b4%84%e6%9d%9f%e3%81%99%e3%82%8b","status":"publish","type":"page","link":"https:\/\/mueckinvest.com\/ja\/prinzipien-versprechen\/","title":{"rendered":"\u539f\u5247 \/ \u7d04\u675f"},"content":{"rendered":"<h2 class=\"wp-block-heading\"><strong>\u79c1\u306e\u539f\u5247<\/strong><\/h2>\n\n\n\n<h3 class=\"wp-block-heading\"><strong>\u79c1\u306f\u9577\u671f\u7684\u306a\u8996\u70b9\u3067\u6295\u8cc7\u3057\u307e\u3059<\/strong><\/h3>\n\n\n\n<p>\u79c1\u306f\u4eca\u65e5\u3084\u660e\u65e5\u306e\u3053\u3068\u3067\u306f\u306a\u304f\u3001\u4eca\u5f8c\u6570\u5341\u5e74\u3092\u898b\u636e\u3048\u3066\u6c7a\u65ad\u3092\u4e0b\u3059\u3002.<\/p>\n\n\n\n<h3 class=\"wp-block-heading\"><strong>\u79c1\u306f\u51b7\u9759\u3055\u3092\u4fdd\u3064<\/strong><\/h3>\n\n\n\n<p>\u79c1\u306f\u6d41\u884c\u3084\u898b\u51fa\u3057\u3001\u77ed\u671f\u7684\u306a\u96d1\u97f3\u306b\u60d1\u308f\u3055\u308c\u306a\u3044\u3088\u3046\u306b\u3057\u3066\u3044\u308b\u3002.<\/p>\n\n\n\n<h3 class=\"wp-block-heading\"><strong>\u79c1\u306f\u7269\u4e8b\u3092\u30b7\u30f3\u30d7\u30eb\u306b\u8003\u3048\u308b\u3002<\/strong><\/h3>\n\n\n\n<p>\u79c1\u306f\u660e\u78ba\u306a\u69cb\u9020\u3001\u7406\u89e3\u3057\u3084\u3059\u3044\u6226\u7565\u3001\u305d\u3057\u3066\u5f37\u56fa\u306a\u57fa\u76e4\u3092\u91cd\u8996\u3057\u307e\u3059\u3002.<\/p>\n\n\n\n<hr class=\"wp-block-separator has-alpha-channel-opacity\"\/>\n\n\n\n<h1 class=\"wp-block-heading\">\u2b50 <strong>\u79c1\u306e\u4fe1\u6761<\/strong><\/h1>\n\n\n\n<h3 class=\"wp-block-heading\"><strong>\u79c1\u306f\u611f\u60c5\u3067\u306f\u306a\u304f\u3001\u30c7\u30fc\u30bf\u3092\u4fe1\u983c\u3059\u308b\u3002<\/strong><\/h3>\n\n\n\n<p>\u79c1\u306e\u5224\u65ad\u306f\u4e8b\u5b9f\u306b\u57fa\u3065\u3044\u3066\u304a\u308a\u3001\u611f\u60c5\u306b\u57fa\u3065\u3044\u3066\u3044\u308b\u308f\u3051\u3067\u306f\u3042\u308a\u307e\u305b\u3093\u3002.<\/p>\n\n\n\n<h3 class=\"wp-block-heading\"><strong>\u79c1\u306f\u72ec\u7acb\u3057\u305f\u7acb\u5834\u3092\u7dad\u6301\u3059\u308b\u3002<\/strong><\/h3>\n\n\n\n<p>\u79c1\u306f\u5e83\u544a\u3082\u3001\u624b\u6570\u6599\u3082\u3001\u96a0\u308c\u305f\u5229\u76ca\u3082\u4e00\u5207\u53d7\u3051\u53d6\u3089\u305a\u306b\u4ed5\u4e8b\u3092\u3057\u3066\u3044\u307e\u3059\u3002.<\/p>\n\n\n\n<h3 class=\"wp-block-heading\"><strong>\u79c1\u306f\u6642\u9593\u3092\u6700\u5927\u306e\u5473\u65b9\u3068\u3057\u3066\u6d3b\u7528\u3059\u308b\u3002<\/strong><\/h3>\n\n\n\n<p>\u79c1\u306f\u3001\u30bf\u30a4\u30df\u30f3\u30b0\u3084\u6295\u6a5f\u3067\u306f\u306a\u304f\u3001\u8907\u5229\u306e\u529b\u306b\u983c\u3063\u3066\u3044\u307e\u3059\u3002.<\/p>\n\n\n\n<hr class=\"wp-block-separator has-alpha-channel-opacity\"\/>\n\n\n\n<h1 class=\"wp-block-heading\">\u2b50 <strong>\u79c1\u304c\u610f\u56f3\u7684\u306b\u3057\u306a\u3044\u3053\u3068<\/strong><\/h1>\n\n\n\n<h3 class=\"wp-block-heading\"><strong>\u79c1\u306f\u500b\u5225\u306e\u9298\u67c4\u306e\u6295\u8cc7\u30a2\u30c9\u30d0\u30a4\u30b9\u306f\u3057\u307e\u305b\u3093\u3002<\/strong><\/h3>\n\n\n\n<p>\u79c1\u306f\u30a2\u30ca\u30ea\u30b9\u30c8\u3067\u306f\u3042\u308a\u307e\u305b\u3093\u3057\u3001\u58f2\u8cb7\u30b7\u30b0\u30ca\u30eb\u3082\u51fa\u3057\u307e\u305b\u3093\u3002.<\/p>\n\n\n\n<h3 class=\"wp-block-heading\"><strong>\u79c1\u306f\u53d6\u5f15\u306f\u4e00\u5207\u3057\u307e\u305b\u3093\u3002<\/strong><\/h3>\n\n\n\n<p>\u79c1\u306f\u6d41\u884c\u3084\u30df\u30fc\u30e0\u682a\u3001\u77ed\u671f\u7684\u306a\u5229\u76ca\u3092\u8ffd\u3044\u6c42\u3081\u307e\u305b\u3093\u3002.<\/p>\n\n\n\n<h3 class=\"wp-block-heading\"><strong>\u8fd1\u9053\u306f\u4e00\u5207\u3057\u306a\u3044\u3068\u7d04\u675f\u3057\u307e\u3059\u3002<\/strong><\/h3>\n\n\n\n<p>\u79c1\u306f\u3001\u8003\u3048\u65b9\u3092\u5909\u3048\u308b\u5947\u8de1\u3084\u3001\u3042\u308a\u304d\u305f\u308a\u306a\u52b1\u307e\u3057\u306e\u8a00\u8449\u3001\u5e7b\u60f3\u306a\u3069\u3092\u58f2\u308b\u3064\u3082\u308a\u306f\u3042\u308a\u307e\u305b\u3093\u3002.<\/p>\n\n\n\n<h3 class=\"wp-block-heading\"><strong>\u79c1\u306f\u5e83\u544a\u3092\u51fa\u3057\u307e\u305b\u3093\u3002<\/strong><\/h3>\n\n\n\n<p>\u79c1\u306f\u30a2\u30d5\u30a3\u30ea\u30a8\u30a4\u30c8\u30ea\u30f3\u30af\u3084\u5546\u696d\u7684\u306a\u63d0\u643a\u95a2\u4fc2\u306f\u4e00\u5207\u5229\u7528\u3057\u3066\u3044\u307e\u305b\u3093\u3002.<\/p>\n\n\n\n<h3 class=\"wp-block-heading\"><strong>\u79c1\u306f\u76f8\u624b\u3092\u5727\u5012\u3057\u307e\u305b\u3093\u3002<\/strong><\/h3>\n\n\n\n<p>\u79c1\u306f\u8907\u96d1\u3055\u3092\u5897\u3084\u3059\u306e\u3067\u306f\u306a\u304f\u3001\u6e1b\u3089\u3059\u3088\u3046\u306b\u3057\u3066\u3044\u307e\u3059\u3002.<\/p>","protected":false},"excerpt":{"rendered":"<p>Meine Prinzipien Ich investiere langfristig Ich treffe Entscheidungen nicht f\u00fcr heute oder morgen, sondern f\u00fcr die n\u00e4chsten Jahrzehnte. Ich bleibe ruhig Ich lasse mich nicht von Trends, Schlagzeilen oder kurzfristigem L\u00e4rm ablenken. Ich halte Dinge einfach Ich setze auf klare Strukturen, verst\u00e4ndliche Strategien und robuste Grundlagen. \u2b50 Meine Grunds\u00e4tze Ich vertraue auf Daten, nicht auf Gef\u00fchle Meine Entscheidungen basieren auf Fakten, nicht auf Stimmungen. Ich bleibe unabh\u00e4ngig Ich arbeite ohne Werbung, ohne Provisionen und ohne versteckte Interessen. Ich nutze die Zeit als st\u00e4rksten Verb\u00fcndeten Ich vertraue auf den Zinseszinseffekt \u2013 nicht auf Timing oder Spekulation. \u2b50 Was ich bewusst nicht tue Ich gebe keine Einzelaktien\u2011Tipps Ich spiele nicht Analyst und [&hellip;]<\/p>\n","protected":false},"author":1,"featured_media":0,"parent":0,"menu_order":0,"comment_status":"closed","ping_status":"closed","template":"","meta":{"pmpro_default_level":"","_monsterinsights_skip_tracking":false,"_monsterinsights_sitenote_active":false,"_monsterinsights_sitenote_note":"","_monsterinsights_sitenote_category":0,"footnotes":""},"class_list":["post-3336","page","type-page","status-publish","hentry","pmpro-has-access"],"aioseo_notices":[],"_links":{"self":[{"href":"https:\/\/mueckinvest.com\/ja\/wp-json\/wp\/v2\/pages\/3336","targetHints":{"allow":["GET"]}}],"collection":[{"href":"https:\/\/mueckinvest.com\/ja\/wp-json\/wp\/v2\/pages"}],"about":[{"href":"https:\/\/mueckinvest.com\/ja\/wp-json\/wp\/v2\/types\/page"}],"author":[{"embeddable":true,"href":"https:\/\/mueckinvest.com\/ja\/wp-json\/wp\/v2\/users\/1"}],"replies":[{"embeddable":true,"href":"https:\/\/mueckinvest.com\/ja\/wp-json\/wp\/v2\/comments?post=3336"}],"version-history":[{"count":2,"href":"https:\/\/mueckinvest.com\/ja\/wp-json\/wp\/v2\/pages\/3336\/revisions"}],"predecessor-version":[{"id":4030,"href":"https:\/\/mueckinvest.com\/ja\/wp-json\/wp\/v2\/pages\/3336\/revisions\/4030"}],"wp:attachment":[{"href":"https:\/\/mueckinvest.com\/ja\/wp-json\/wp\/v2\/media?parent=3336"}],"curies":[{"name":"wp","href":"https:\/\/api.w.org\/{rel}","templated":true}]}}