{"id":2969,"date":"2026-01-23T08:00:00","date_gmt":"2026-01-23T07:00:00","guid":{"rendered":"https:\/\/mueckinvest.de\/?page_id=2969"},"modified":"2026-03-30T10:00:00","modified_gmt":"2026-03-30T08:00:00","slug":"%f0%9f%8c%90-%e3%82%bd%e3%83%bc%e3%82%b7%e3%83%a3%e3%83%ab%e3%83%a1%e3%83%87%e3%82%a3%e3%82%a2%e3%82%b3%e3%83%9f%e3%83%a5%e3%83%8b%e3%83%86%e3%82%a3-2","status":"publish","type":"page","link":"https:\/\/mueckinvest.com\/ja\/%f0%9f%8c%90-social-media-community\/","title":{"rendered":"\u30bd\u30fc\u30b7\u30e3\u30eb\u30e1\u30c7\u30a3\u30a2\u3068\u30b3\u30df\u30e5\u30cb\u30c6\u30a3\ud83c\udf10"},"content":{"rendered":"<h2 class=\"wp-block-heading\">\u3042\u3089\u3086\u308b\u30c1\u30e3\u30f3\u30cd\u30eb\u3067\u5e38\u306b\u30a2\u30af\u30b7\u30e7\u30f3\u3092\u8eab\u8fd1\u306b<\/h2>\n\n\n\n<p>\u79c1\u306e\u5206\u6790\u3084\u6700\u65b0\u60c5\u5831\u3092\u3069\u3053\u304b\u3089\u3067\u3082\u7c21\u5358\u306b\u30d5\u30a9\u30ed\u30fc\u3067\u304d\u308b\u3088\u3046\u306b\u3001\u53b3\u9078\u3057\u305f\u30b3\u30f3\u30c6\u30f3\u30c4\u3092\u30bd\u30fc\u30b7\u30e3\u30eb \u30e1\u30c7\u30a3\u30a2 \u30c1\u30e3\u30f3\u30cd\u30eb\u3067\u3082\u516c\u958b\u3057\u3066\u3044\u307e\u3059\u3002. <strong>\u3059\u3079\u3066\u306e\u6295\u7a3f\u306e\u5185\u5bb9\u306f\u3001\u3053\u306e Web \u30b5\u30a4\u30c8\u306b\u63b2\u8f09\u3055\u308c\u3066\u3044\u308b\u5185\u5bb9\u3068\u5b8c\u5168\u306b\u4e00\u81f4\u3057\u3066\u3044\u307e\u3059\u3002.<\/strong> \u8ffd\u52a0\u306e\u8a18\u8ff0\u3084\u7570\u306a\u308b\u60c5\u5831\u306f\u306a\u304f\u3001\u5b8c\u5168\u306a\u900f\u660e\u6027\u304c\u4fdd\u305f\u308c\u307e\u3059\u3002.<\/p>\n\n\n\n<div style=\"height:20px\" aria-hidden=\"true\" class=\"wp-block-spacer\"><\/div>\n\n\n\n<hr class=\"wp-block-separator has-alpha-channel-opacity\"\/>\n\n\n\n<div style=\"height:20px\" aria-hidden=\"true\" class=\"wp-block-spacer\"><\/div>\n\n\n\n<h2 class=\"wp-block-heading\">\ud83d\udcf1 WhatsApp\u30c1\u30e3\u30f3\u30cd\u30eb<\/h2>\n\n\n\n<p>WhatsApp\u30c1\u30e3\u30f3\u30cd\u30eb\u3067\u306f\u3001\u65b0\u7740\u8a18\u4e8b\u3084\u91cd\u8981\u306a\u30a2\u30c3\u30d7\u30c7\u30fc\u30c8\u306b\u95a2\u3059\u308b\u7c21\u6f54\u306a\u901a\u77e5\u3092\u304a\u5c4a\u3051\u3057\u307e\u3059\u3002\u5185\u5bb9\u306f\u30a6\u30a7\u30d6\u30b5\u30a4\u30c8\u306b\u63b2\u8f09\u3055\u308c\u3066\u3044\u308b\u3082\u306e\u3068\u540c\u4e00\u3067\u3042\u308a\u3001\u304a\u5ba2\u69d8\u306e\u4fbf\u5b9c\u3092\u56f3\u308b\u76ee\u7684\u3067\u306e\u307f\u63d0\u4f9b\u3055\u308c\u3066\u3044\u307e\u3059\u3002.<\/p>\n\n\n\n<div class=\"wp-block-buttons is-layout-flex wp-block-buttons-is-layout-flex\">\n<div class=\"wp-block-button\"><a class=\"wp-block-button__link wp-element-button\" href=\"https:\/\/whatsapp.com\/channel\/0029VbAgHt2FnSz8koFrbi3e\">WhatsApp\u30c1\u30e3\u30f3\u30cd\u30eb<\/a><\/div>\n<\/div>\n\n\n\n<div style=\"height:20px\" aria-hidden=\"true\" class=\"wp-block-spacer\"><\/div>\n\n\n\n<hr class=\"wp-block-separator has-alpha-channel-opacity\"\/>\n\n\n\n<div style=\"height:20px\" aria-hidden=\"true\" class=\"wp-block-spacer\"><\/div>\n\n\n\n<h2 class=\"wp-block-heading\">\ud83d\udcf8\u30a4\u30f3\u30b9\u30bf\u30b0\u30e9\u30e0<\/h2>\n\n\n\n<p>Instagram \u3067\u306f\u3001\u79c1\u306e\u30a6\u30a7\u30d6\u30b5\u30a4\u30c8\u306e\u30b3\u30f3\u30c6\u30f3\u30c4\u304b\u3089\u306e\u30d3\u30b8\u30e5\u30a2\u30eb\u629c\u7c8b\u3092\u3054\u89a7\u3044\u305f\u3060\u3051\u307e\u3059\u3002<\/p>\n\n\n\n<ul class=\"wp-block-list\">\n<li>\u65b0\u3057\u3044\u6295\u7a3f\u306e\u7c21\u5358\u306a\u6982\u8981<\/li>\n\n\n\n<li>\u65b0\u305f\u306b\u516c\u958b\u3055\u308c\u305f\u60c5\u5831\u3078\u306e\u53c2\u7167<\/li>\n<\/ul>\n\n\n\n<p>\u3053\u3053\u3067\u3082\u540c\u3058\u3053\u3068\u304c\u5f53\u3066\u306f\u307e\u308a\u307e\u3059: <strong>\u8ffd\u52a0\u60c5\u5831\u306f\u3042\u308a\u307e\u305b\u3093\u3002\u3059\u3079\u3066\u306f\u3053\u306e Web \u30b5\u30a4\u30c8\u306e\u30b3\u30f3\u30c6\u30f3\u30c4\u306b\u57fa\u3065\u3044\u3066\u3044\u307e\u3059\u3002.<\/strong><\/p>\n\n\n\n<div class=\"wp-block-buttons is-layout-flex wp-block-buttons-is-layout-flex\">\n<div class=\"wp-block-button\"><a class=\"wp-block-button__link wp-element-button\" href=\"https:\/\/www.instagram.com\/mueckinvest\/\">\u30a4\u30f3\u30b9\u30bf\u30b0\u30e9\u30e0<\/a><\/div>\n<\/div>\n\n\n\n<div style=\"height:20px\" aria-hidden=\"true\" class=\"wp-block-spacer\"><\/div>\n\n\n\n<hr class=\"wp-block-separator has-alpha-channel-opacity\"\/>\n\n\n\n<div style=\"height:20px\" aria-hidden=\"true\" class=\"wp-block-spacer\"><\/div>\n\n\n\n<h2 class=\"wp-block-heading\">\ud83d\udcd8 Facebook<\/h2>\n\n\n\n<p>Auf Facebook finden Sie ausgew\u00e4hlte Inhalte meiner Website in textorientierter Form:<\/p>\n\n\n\n<ul class=\"wp-block-list\">\n<li>Kurze Hinweise auf neue Beitr\u00e4ge<\/li>\n\n\n\n<li>Kompakte Zusammenfassungen aktueller Ver\u00f6ffentlichungen<\/li>\n\n\n\n<li>Gelegentliche Hervorhebungen wichtiger Themen<\/li>\n<\/ul>\n\n\n\n<p>Auch hier gilt: Es erscheinen ausschlie\u00dflich Inhalte, die auf dieser Website basieren \u2013 ohne zus\u00e4tzliche Informationen.<\/p>\n\n\n\n<div class=\"wp-block-buttons is-layout-flex wp-block-buttons-is-layout-flex\">\n<div class=\"wp-block-button\"><a class=\"wp-block-button__link wp-element-button\" href=\"https:\/\/www.facebook.com\/profile.php?id=61575444270604\">Facebook<\/a><\/div>\n<\/div>\n\n\n\n<div style=\"height:20px\" aria-hidden=\"true\" class=\"wp-block-spacer\"><\/div>\n\n\n\n<hr class=\"wp-block-separator has-alpha-channel-opacity\"\/>\n\n\n\n<div style=\"height:20px\" aria-hidden=\"true\" class=\"wp-block-spacer\"><\/div>\n\n\n\n<h2 class=\"wp-block-heading\">\ud83d\udc26 X (ehemals Twitter)<\/h2>\n\n\n\n<p>Auf X erhalten Sie pr\u00e4gnante, stark verdichtete Ausz\u00fcge meiner Website\u2011Inhalte:<\/p>\n\n\n\n<ul class=\"wp-block-list\">\n<li>Kurze Hinweise auf neue Artikel<\/li>\n\n\n\n<li>Kompakte Kernbotschaften aktueller Ver\u00f6ffentlichungen<\/li>\n\n\n\n<li>Fokus auf Klarheit und Relevanz<\/li>\n<\/ul>\n\n\n\n<p>Wie \u00fcberall: Keine zus\u00e4tzlichen Informationen \u2013 alle Beitr\u00e4ge basieren ausschlie\u00dflich auf den Inhalten dieser Website.<\/p>\n\n\n\n<div class=\"wp-block-buttons is-layout-flex wp-block-buttons-is-layout-flex\">\n<div class=\"wp-block-button\"><a class=\"wp-block-button__link wp-element-button\" href=\"https:\/\/x.com\/mueckinvest\">Zum X Profil<\/a><\/div>\n<\/div>\n\n\n\n<div style=\"height:20px\" aria-hidden=\"true\" class=\"wp-block-spacer\"><\/div>\n\n\n\n<hr class=\"wp-block-separator has-alpha-channel-opacity\"\/>\n\n\n\n<div style=\"height:20px\" aria-hidden=\"true\" class=\"wp-block-spacer\"><\/div>\n\n\n\n<h2 class=\"wp-block-heading\">\ud83d\udcc8 Wikifolio.com<\/h2>\n\n\n\n<p>\u79c1\u306eWikifolio\u3067\u306f\u3001\u79c1\u306e\u6226\u7565\u306e\u5b9f\u8df5\u7684\u306a\u5b9f\u8df5\u306b\u3064\u3044\u3066\u3001\u900f\u660e\u6027\u306e\u3042\u308b\u6d1e\u5bdf\u3092\u63d0\u4f9b\u3057\u3066\u3044\u307e\u3059\u3002\u305d\u3053\u306b\u63b2\u8f09\u3055\u308c\u3066\u3044\u308b\u30b3\u30e1\u30f3\u30c8\u3084\u8aac\u660e\u3082\u3001\u3053\u306e\u30a6\u30a7\u30d6\u30b5\u30a4\u30c8\u306b\u63b2\u8f09\u3055\u308c\u3066\u3044\u308b\u5185\u5bb9\u306b\u57fa\u3065\u3044\u3066\u3044\u307e\u3059\u3002.<\/p>\n\n\n\n<div class=\"wp-block-buttons is-layout-flex wp-block-buttons-is-layout-flex\">\n<div class=\"wp-block-button\"><a class=\"wp-block-button__link wp-element-button\" href=\"https:\/\/www.wikifolio.com\/de\/de\/p\/mueckinvest?tab=wikifolios\">\u30a6\u30a3\u30ad\u30d5\u30a9\u30ea\u30aa<\/a><\/div>\n<\/div>\n\n\n\n<div style=\"height:20px\" aria-hidden=\"true\" class=\"wp-block-spacer\"><\/div>\n\n\n\n<hr class=\"wp-block-separator has-alpha-channel-opacity\"\/>\n\n\n\n<div style=\"height:20px\" aria-hidden=\"true\" class=\"wp-block-spacer\"><\/div>\n\n\n\n<h2 class=\"wp-block-heading\">\ud83d\udcf1Android\u7248Mueckinvest\u30a2\u30d7\u30ea + Mueckinvest AI\u30a2\u30d7\u30ea<\/h2>\n\n\n\n<p>\u3053\u3061\u3089\u3067\u306f\u3001Mueckinvest\u30a2\u30d7\u30ea\u306b\u95a2\u3059\u308b\u3059\u3079\u3066\u306e\u60c5\u5831\u3092\u3054\u89a7\u3044\u305f\u3060\u3051\u307e\u3059\u3002.<\/p>\n\n\n\n<div class=\"wp-block-buttons is-layout-flex wp-block-buttons-is-layout-flex\">\n<div class=\"wp-block-button\"><a class=\"wp-block-button__link wp-element-button\" href=\"https:\/\/mueckinvest.com\/ja\/android%e3%82%a2%e3%83%97%e3%83%aa\/\">Mueckinvest\u30a2\u30d7\u30ea<\/a><\/div>\n\n\n\n<div class=\"wp-block-button\"><a class=\"wp-block-button__link wp-element-button\" href=\"https:\/\/mueckinvest.com\/ja\/mueckinvest-ki%e3%82%a2%e3%83%97%e3%83%aa\/\">Mueckinvest AI\u30a2\u30d7\u30ea<\/a><\/div>\n<\/div>","protected":false},"excerpt":{"rendered":"<p>Immer nah dran auf allen Kan\u00e4len Damit Sie meine Analysen und Updates bequem dort verfolgen k\u00f6nnen, wo Sie m\u00f6chten, ver\u00f6ffentliche ich ausgew\u00e4hlte Inhalte zus\u00e4tzlich auf meinen Social\u2011Media\u2011Kan\u00e4len. Alle Beitr\u00e4ge entsprechen inhaltlich exakt dem, was auch auf dieser Website erscheint. Keine zus\u00e4tzlichen Aussagen, keine abweichenden Informationen \u2013 volle Transparenz. \ud83d\udcf1 WhatsApp\u2011Kanal Im WhatsApp\u2011Kanal erhalten Sie kompakte Hinweise zu neuen Artikeln und wichtigen Updates. Die Inhalte sind identisch mit den Ver\u00f6ffentlichungen auf der Website und dienen ausschlie\u00dflich der bequemen Benachrichtigung. \ud83d\udcf8Instagram Auf Instagram finden Sie visuelle Ausz\u00fcge aus meinen Website\u2011Inhalten: Auch hier gilt: Keine zus\u00e4tzlichen Informationen \u2013 alles basiert auf den Inhalten dieser Website. \ud83d\udcd8 Facebook Auf Facebook finden Sie ausgew\u00e4hlte Inhalte [&hellip;]<\/p>\n","protected":false},"author":1,"featured_media":0,"parent":0,"menu_order":0,"comment_status":"closed","ping_status":"closed","template":"page-no-sidebar","meta":{"pmpro_default_level":"","_monsterinsights_skip_tracking":false,"_monsterinsights_sitenote_active":false,"_monsterinsights_sitenote_note":"","_monsterinsights_sitenote_category":0,"footnotes":""},"class_list":["post-2969","page","type-page","status-publish","hentry","pmpro-has-access"],"aioseo_notices":[],"_links":{"self":[{"href":"https:\/\/mueckinvest.com\/ja\/wp-json\/wp\/v2\/pages\/2969","targetHints":{"allow":["GET"]}}],"collection":[{"href":"https:\/\/mueckinvest.com\/ja\/wp-json\/wp\/v2\/pages"}],"about":[{"href":"https:\/\/mueckinvest.com\/ja\/wp-json\/wp\/v2\/types\/page"}],"author":[{"embeddable":true,"href":"https:\/\/mueckinvest.com\/ja\/wp-json\/wp\/v2\/users\/1"}],"replies":[{"embeddable":true,"href":"https:\/\/mueckinvest.com\/ja\/wp-json\/wp\/v2\/comments?post=2969"}],"version-history":[{"count":8,"href":"https:\/\/mueckinvest.com\/ja\/wp-json\/wp\/v2\/pages\/2969\/revisions"}],"predecessor-version":[{"id":4299,"href":"https:\/\/mueckinvest.com\/ja\/wp-json\/wp\/v2\/pages\/2969\/revisions\/4299"}],"wp:attachment":[{"href":"https:\/\/mueckinvest.com\/ja\/wp-json\/wp\/v2\/media?parent=2969"}],"curies":[{"name":"wp","href":"https:\/\/api.w.org\/{rel}","templated":true}]}}