{"id":2435,"date":"2026-01-09T07:13:49","date_gmt":"2026-01-09T06:13:49","guid":{"rendered":"https:\/\/mueckinvest.de\/?page_id=2435"},"modified":"2026-02-04T10:00:00","modified_gmt":"2026-02-04T09:00:00","slug":"mueckinvest-%e3%82%92%e3%82%b5%e3%83%9d%e3%83%bc%e3%83%88","status":"publish","type":"page","link":"https:\/\/mueckinvest.com\/ja\/unterstuetze-mueckinvest\/","title":{"rendered":"Mueckinvest\u3092\u652f\u63f4\u3059\u308b"},"content":{"rendered":"<p>Mueckinvest\u306f\u72ec\u7acb\u3057\u305f\u5e83\u544a\u306a\u3057\u306e\u30b5\u30fc\u30d3\u30b9\u3067\u3001\u3042\u306a\u305f\u306e\u8ca1\u52d9\u72b6\u6cc1\u3092\u5206\u304b\u308a\u3084\u3059\u304f\u628a\u63e1\u3067\u304d\u308b\u3088\u3046\u306b\u8a2d\u8a08\u3055\u308c\u3066\u3044\u307e\u3059\u3002\u3053\u306e\u30b3\u30f3\u30bb\u30d7\u30c8\u306b\u3054\u8cdb\u540c\u3044\u305f\u3060\u3051\u308b\u65b9\u306f\u30011\u56de\u9650\u308a\u306e\u5bc4\u4ed8\u307e\u305f\u306f\u6bce\u6708\u306e\u5bc4\u4ed8\u3067\u3001\u30b5\u30fc\u30d3\u30b9\u306e\u3055\u3089\u306a\u308b\u767a\u5c55\u3092\u652f\u63f4\u3044\u305f\u3060\u3051\u307e\u3059\u3002.<\/p>\n\n\n\n<div style=\"height:20px\" aria-hidden=\"true\" class=\"wp-block-spacer\"><\/div>\n\n\n\n<hr class=\"wp-block-separator has-alpha-channel-opacity\"\/>\n\n\n\n<div style=\"height:20px\" aria-hidden=\"true\" class=\"wp-block-spacer\"><\/div>\n\n\n\n<h2 class=\"wp-block-heading\">\u306a\u305c\u30b5\u30dd\u30fc\u30c8\u30aa\u30d7\u30b7\u30e7\u30f3\u304c\u7528\u610f\u3055\u308c\u3066\u3044\u308b\u306e\u3067\u3059\u304b\uff1f<\/h2>\n\n\n\n<p>Mueckinvest\u306f\u3001\u5e83\u544a\u3084\u30c7\u30fc\u30bf\u8ca9\u58f2\u3067\u306f\u306a\u304f\u3001\u30b7\u30f3\u30d7\u30eb\u306a\u30e2\u30c7\u30eb\u3092\u63a1\u7528\u3057\u3066\u3044\u308b\u3002<br>\u3053\u306e\u30d7\u30e9\u30c3\u30c8\u30d5\u30a9\u30fc\u30e0\u306e\u5229\u7528\u3092\u697d\u3057\u3093\u3067\u304a\u308a\u3001\u7d4c\u6e08\u7684\u306b\u4f59\u88d5\u306e\u3042\u308b\u65b9\u306f\u3001\u81ea\u4e3b\u7684\u306b\u652f\u63f4\u3057\u3066\u3044\u305f\u3060\u304f\u3053\u3068\u3092\u6b53\u8fce\u3057\u307e\u3059\u3002.<br>\u3053\u308c\u306b\u3088\u308a\u3001\u30df\u30e5\u30fc\u30af\u30a4\u30f3\u30d9\u30b9\u30c8\u306f\u9577\u671f\u306b\u308f\u305f\u308a\u3001\u72ec\u7acb\u6027\u3001\u900f\u660e\u6027\u3001\u5b89\u5b9a\u6027\u3092\u7dad\u6301\u3059\u308b\u3053\u3068\u304c\u4fdd\u8a3c\u3055\u308c\u307e\u3059\u3002.<\/p>\n\n\n\n<div style=\"height:20px\" aria-hidden=\"true\" class=\"wp-block-spacer\"><\/div>\n\n\n\n<hr class=\"wp-block-separator has-alpha-channel-opacity\"\/>\n\n\n\n<div style=\"height:20px\" aria-hidden=\"true\" class=\"wp-block-spacer\"><\/div>\n\n\n\n<h2 class=\"wp-block-heading\">\u6708\u984d\u30b5\u30dd\u30fc\u30c8<\/h2>\n\n\n\n<p>\u6bce\u6708\u306e\u5bc4\u4ed8\u91d1\u306f\u3001\u30b5\u30fc\u30d0\u30fc\u8cbb\u7528\u3001\u4eca\u5f8c\u306e\u958b\u767a\u3001\u65b0\u6a5f\u80fd\u306e\u5b9f\u88c5\u8cc7\u91d1\u3068\u3057\u3066\u6d3b\u7528\u3055\u308c\u307e\u3059\u3002\u304a\u652f\u6255\u3044\u306fPayPal\u3092\u901a\u3058\u3066\u81ea\u52d5\u7684\u306b\u51e6\u7406\u3055\u308c\u3001\u3044\u3064\u3067\u3082\u30ad\u30e3\u30f3\u30bb\u30eb\u53ef\u80fd\u3067\u3059\u3002.<\/p>\n\n\n\n<div class=\"wp-block-columns is-layout-flex wp-container-core-columns-is-layout-28f84493 wp-block-columns-is-layout-flex\">\n<div class=\"wp-block-column is-layout-flow wp-block-column-is-layout-flow\" style=\"flex-basis:66.66%\">\n<p><strong>\u30b5\u30dd\u30fc\u30bf\u30fc \u2013 \u6708\u984d2\u30e6\u30fc\u30ed<\/strong><\/p>\n\n\n\n<p>\u3053\u308c\u306f\u3001Mueckinvest\u306e\u72ec\u7acb\u6027\u3068\u5e83\u544a\u63b2\u8f09\u306e\u306a\u3044\u72b6\u614b\u3092\u7dad\u6301\u3059\u308b\u306e\u306b\u5f79\u7acb\u3061\u307e\u3059\u3002.<\/p>\n<\/div>\n\n\n\n<div class=\"wp-block-column is-layout-flow wp-block-column-is-layout-flow\" style=\"flex-basis:33.33%\">\n<div class=\"wp-block-buttons is-layout-flex wp-block-buttons-is-layout-flex\">\n<div class=\"wp-block-button\"><a class=\"wp-block-button__link wp-element-button\" href=\"https:\/\/buy.stripe.com\/00wfZa8Jo8Krfw13ZZ6Na03\">\u30b5\u30dd\u30fc\u30bf\u30fc\u306b\u306a\u308b<\/a><\/div>\n<\/div>\n<\/div>\n<\/div>\n\n\n\n<div class=\"wp-block-columns is-layout-flex wp-container-core-columns-is-layout-28f84493 wp-block-columns-is-layout-flex\">\n<div class=\"wp-block-column is-layout-flow wp-block-column-is-layout-flow\" style=\"flex-basis:66.66%\">\n<p><strong>\u30d7\u30ec\u30df\u30a2\u30e0\u30b5\u30dd\u30fc\u30bf\u30fc \u2013 \u6708\u984d5\u30e6\u30fc\u30ed<\/strong><\/p>\n\n\n\n<p>\u3055\u3089\u306a\u308b\u958b\u767a\u3001\u30db\u30b9\u30c6\u30a3\u30f3\u30b0\u3001\u65b0\u6a5f\u80fd\u306e\u30b5\u30dd\u30fc\u30c8<\/p>\n<\/div>\n\n\n\n<div class=\"wp-block-column is-layout-flow wp-block-column-is-layout-flow\" style=\"flex-basis:33.33%\">\n<div class=\"wp-block-buttons is-layout-flex wp-block-buttons-is-layout-flex\">\n<div class=\"wp-block-button\"><a class=\"wp-block-button__link wp-element-button\" href=\"https:\/\/buy.stripe.com\/14A5kw3p4e4L6Zv7cb6Na04\">\u30d7\u30ec\u30df\u30a2\u30e0\u30b5\u30dd\u30fc\u30bf\u30fc\u306b\u306a\u308b<\/a><\/div>\n<\/div>\n<\/div>\n<\/div>\n\n\n\n<div class=\"wp-block-columns is-layout-flex wp-container-core-columns-is-layout-28f84493 wp-block-columns-is-layout-flex\">\n<div class=\"wp-block-column is-layout-flow wp-block-column-is-layout-flow\" style=\"flex-basis:66.66%\">\n<p><strong>\u6295\u8cc7\u5bb6\u30b5\u30dd\u30fc\u30bf\u30fc \u2013 \u6708\u984d10\u30e6\u30fc\u30ed<\/strong><\/p>\n\n\n\n<p>Mueckinvest\u306e\u672a\u6765\u306b\u7a4d\u6975\u7684\u306b\u8ca2\u732e\u3057\u3066\u304f\u3060\u3055\u3044\u3002.<\/p>\n<\/div>\n\n\n\n<div class=\"wp-block-column is-layout-flow wp-block-column-is-layout-flow\" style=\"flex-basis:33.33%\">\n<div class=\"wp-block-buttons is-layout-flex wp-block-buttons-is-layout-flex\">\n<div class=\"wp-block-button\"><a class=\"wp-block-button__link wp-element-button\" href=\"https:\/\/buy.stripe.com\/00w00c5xc1hZ97D9kj6Na05\">\u6295\u8cc7\u5bb6\u30b5\u30dd\u30fc\u30bf\u30fc\u306b\u306a\u308a\u307e\u3057\u3087\u3046<\/a><\/div>\n<\/div>\n<\/div>\n<\/div>\n\n\n\n<div style=\"height:20px\" aria-hidden=\"true\" class=\"wp-block-spacer\"><\/div>\n\n\n\n<hr class=\"wp-block-separator has-alpha-channel-opacity\"\/>\n\n\n\n<div style=\"height:20px\" aria-hidden=\"true\" class=\"wp-block-spacer\"><\/div>\n\n\n\n<h2 class=\"wp-block-heading\">1\u56de\u9650\u308a\u306e\u30b5\u30dd\u30fc\u30c8<\/h2>\n\n\n\n<div class=\"wp-block-columns is-layout-flex wp-container-core-columns-is-layout-28f84493 wp-block-columns-is-layout-flex\">\n<div class=\"wp-block-column is-layout-flow wp-block-column-is-layout-flow\" style=\"flex-basis:66.66%\">\n<p>\u5b9a\u671f\u8cfc\u8aad\u3092\u3054\u5e0c\u671b\u3067\u306a\u3044\u5834\u5408\u306f\u3001\u4e00\u5ea6\u9650\u308a\u306e\u5bc4\u4ed8\u3067Mueckinvest\u3092\u652f\u63f4\u3059\u308b\u3053\u3068\u3082\u3067\u304d\u307e\u3059\u3002\u91d1\u984d\u306f\u81ea\u7531\u306b\u304a\u9078\u3073\u3044\u305f\u3060\u3051\u307e\u3059\u3002.<\/p>\n<\/div>\n\n\n\n<div class=\"wp-block-column is-layout-flow wp-block-column-is-layout-flow\" style=\"flex-basis:33.33%\">\n<div class=\"wp-block-buttons is-layout-flex wp-block-buttons-is-layout-flex\">\n<div class=\"wp-block-button\"><a class=\"wp-block-button__link wp-element-button\" href=\"https:\/\/buy.stripe.com\/fZu4gsbVA0dV3Nj7cb6Na06\">1\u56de\u9650\u308a\u306e\u30b5\u30dd\u30fc\u30c8<\/a><\/div>\n<\/div>\n<\/div>\n<\/div>\n\n\n\n<div style=\"height:20px\" aria-hidden=\"true\" class=\"wp-block-spacer\"><\/div>\n\n\n\n<hr class=\"wp-block-separator has-alpha-channel-opacity\"\/>\n\n\n\n<div style=\"height:20px\" aria-hidden=\"true\" class=\"wp-block-spacer\"><\/div>\n\n\n\n<h2 class=\"wp-block-heading\">\u900f\u660e\u6027\u3068\u5951\u7d04\u89e3\u9664<\/h2>\n\n\n\n<p>\u3054\u652f\u63f4\u306f\u4efb\u610f\u3067\u3042\u308a\u3001\u3044\u3064\u3067\u3082\u30ad\u30e3\u30f3\u30bb\u30eb\u3067\u304d\u307e\u3059\u3002.<br>\u6708\u984d\u8cfc\u8aad\u306fPayPal\u30a2\u30ab\u30a6\u30f3\u30c8\u304b\u3089\u76f4\u63a5\u30ad\u30e3\u30f3\u30bb\u30eb\u3067\u304d\u307e\u3059\u3002.<br>\u96a0\u308c\u305f\u6761\u4ef6\u306f\u4e00\u5207\u3042\u308a\u307e\u305b\u3093\u3002\u7686\u69d8\u306e\u3054\u5bc4\u4ed8\u306f\u3001\u771f\u306e\u4ed8\u52a0\u4fa1\u5024\u3092\u63d0\u4f9b\u3059\u308b\u30d7\u30e9\u30c3\u30c8\u30d5\u30a9\u30fc\u30e0\u3078\u306e\u611f\u8b1d\u306e\u6c17\u6301\u3061\u3092\u8868\u3059\u3082\u306e\u3067\u3059\u3002.<\/p>","protected":false},"excerpt":{"rendered":"<p>Mueckinvest ist unabh\u00e4ngig, werbefrei und darauf ausgelegt, Ihnen einen klaren \u00dcberblick \u00fcber Ihre Finanzen zu geben. Wenn Sie die Idee dahinter wertvoll finden, k\u00f6nnen Sie die Weiterentwicklung freiwillig unterst\u00fctzen \u2013 einmalig oder monatlich. Warum gibt es Unterst\u00fctzungsm\u00f6glichkeiten? Statt Werbung oder Datenverkauf setzt Mueckinvest auf ein einfaches Modell:Wer die Plattform gerne nutzt und sich das leisten kann, darf sie freiwillig unterst\u00fctzen.So bleibt Mueckinvest unabh\u00e4ngig, transparent und langfristig stabil. Monatliche Unterst\u00fctzung Mit einem monatlichen Beitrag helfen Sie, Serverkosten, Weiterentwicklung und neue Funktionen zu finanzieren. Die Abbuchung erfolgt automatisch \u00fcber PayPal und kann jederzeit gek\u00fcndigt werden. Supporter \u2013 2\u202f\u20ac \/ Monat Hilft, Mueckinvest unabh\u00e4ngig und werbefrei zu halten. Premium Supporter \u2013 5\u202f\u20ac \/ [&hellip;]<\/p>\n","protected":false},"author":1,"featured_media":0,"parent":0,"menu_order":0,"comment_status":"closed","ping_status":"closed","template":"page-no-sidebar","meta":{"pmpro_default_level":"","_monsterinsights_skip_tracking":false,"_monsterinsights_sitenote_active":false,"_monsterinsights_sitenote_note":"","_monsterinsights_sitenote_category":0,"footnotes":""},"class_list":["post-2435","page","type-page","status-publish","hentry","pmpro-has-access"],"aioseo_notices":[],"_links":{"self":[{"href":"https:\/\/mueckinvest.com\/ja\/wp-json\/wp\/v2\/pages\/2435","targetHints":{"allow":["GET"]}}],"collection":[{"href":"https:\/\/mueckinvest.com\/ja\/wp-json\/wp\/v2\/pages"}],"about":[{"href":"https:\/\/mueckinvest.com\/ja\/wp-json\/wp\/v2\/types\/page"}],"author":[{"embeddable":true,"href":"https:\/\/mueckinvest.com\/ja\/wp-json\/wp\/v2\/users\/1"}],"replies":[{"embeddable":true,"href":"https:\/\/mueckinvest.com\/ja\/wp-json\/wp\/v2\/comments?post=2435"}],"version-history":[{"count":9,"href":"https:\/\/mueckinvest.com\/ja\/wp-json\/wp\/v2\/pages\/2435\/revisions"}],"predecessor-version":[{"id":3538,"href":"https:\/\/mueckinvest.com\/ja\/wp-json\/wp\/v2\/pages\/2435\/revisions\/3538"}],"wp:attachment":[{"href":"https:\/\/mueckinvest.com\/ja\/wp-json\/wp\/v2\/media?parent=2435"}],"curies":[{"name":"wp","href":"https:\/\/api.w.org\/{rel}","templated":true}]}}