{"id":1508,"date":"2025-12-09T08:00:00","date_gmt":"2025-12-09T08:00:00","guid":{"rendered":"https:\/\/mueckinvest.de\/?page_id=1508"},"modified":"2026-01-28T12:00:00","modified_gmt":"2026-01-28T11:00:00","slug":"etf%e3%81%a8%e6%af%94%e8%bc%83%e3%81%97%e3%81%9f%e4%bb%98%e5%8a%a0%e4%be%a1%e5%80%a4-2","status":"publish","type":"page","link":"https:\/\/mueckinvest.com\/ja\/mehrwert-gegenueber-etfs\/","title":{"rendered":"ETF\u3068\u6bd4\u8f03\u3057\u305f\u4ed8\u52a0\u4fa1\u5024"},"content":{"rendered":"<p>ETF\u30dd\u30fc\u30c8\u30d5\u30a9\u30ea\u30aa\u306f\u4e00\u822c\u7684\u306b\u826f\u3044\u51fa\u767a\u70b9\u3068\u306a\u308a\u307e\u3059\u3002\u3057\u304b\u3057\u3001\u591a\u304f\u306e\u6295\u8cc7\u5bb6\u306f\u3001\u30dd\u30fc\u30c8\u30d5\u30a9\u30ea\u30aa\u304c\u6642\u9593\u306e\u7d4c\u904e\u3068\u3068\u3082\u306b\u5927\u304d\u304f\u5909\u5316\u3059\u308b\u53ef\u80fd\u6027\u304c\u3042\u308b\u3053\u3068\u3001\u305d\u3057\u3066\u9577\u671f\u7684\u306b\u898f\u5f8b\u3092\u7dad\u6301\u3059\u308b\u3053\u3068\u304c\u3069\u308c\u307b\u3069\u96e3\u3057\u3044\u304b\u3092\u904e\u5c0f\u8a55\u4fa1\u3057\u3066\u3044\u307e\u3059\u3002MueckInvest\u306f\u307e\u3055\u306b\u3053\u306e\u70b9\u306b\u304a\u3044\u3066\u3001\u660e\u78ba\u306a\u30eb\u30fc\u30eb\u3001\u30b0\u30ed\u30fc\u30d0\u30eb\u306a\u5206\u6563\u6295\u8cc7\u3001\u305d\u3057\u3066\u900f\u660e\u6027\u304c\u9ad8\u304f\u3001\u5b9f\u8df5\u7684\u306a\u6226\u7565\u3092\u63d0\u4f9b\u3057\u307e\u3059\u3002.<\/p>\n\n\n\n<div style=\"height:20px\" aria-hidden=\"true\" class=\"wp-block-spacer\"><\/div>\n\n\n\n<hr class=\"wp-block-separator has-alpha-channel-opacity\"\/>\n\n\n\n<div style=\"height:20px\" aria-hidden=\"true\" class=\"wp-block-spacer\"><\/div>\n\n\n\n<h2 class=\"wp-block-heading\"><strong>\ud83d\udd0d \u5f93\u6765\u306eETF\u30dd\u30fc\u30c8\u30d5\u30a9\u30ea\u30aa\u306e\u5178\u578b\u7684\u306a\u8ab2\u984c<\/strong><\/h2>\n\n\n\n<h3 class=\"wp-block-heading\"><strong>\ud83d\udcc9 1. \u6c17\u3065\u304b\u306a\u3044\u30ea\u30b9\u30af\u30b7\u30d5\u30c8\uff08\u30dd\u30fc\u30c8\u30d5\u30a9\u30ea\u30aa\u30c9\u30ea\u30d5\u30c8\uff09<\/strong><\/h3>\n\n\n\n<p>\u7279\u5b9a\u306e\u5730\u57df\u3084\u30bb\u30af\u30bf\u30fc\u304c\u4ed6\u306e\u5730\u57df\u3084\u30bb\u30af\u30bf\u30fc\u3088\u308a\u3082\u30d1\u30d5\u30a9\u30fc\u30de\u30f3\u30b9\u304c\u512a\u308c\u3066\u3044\u308b\u5834\u5408\u3001\u30ea\u30b9\u30af\u30d7\u30ed\u30d5\u30a1\u30a4\u30eb\u306f\u81ea\u52d5\u7684\u306b\u5909\u5316\u3057\u307e\u3059\u3002\u5f53\u521d\u306f\u30c7\u30a3\u30d5\u30a7\u30f3\u30b7\u30d6\u306a\u30dd\u30fc\u30c8\u30d5\u30a9\u30ea\u30aa\uff0870\/30\uff09\u3060\u3063\u305f\u3082\u306e\u304c\u3001\u6570\u5e74\u5f8c\u306b\u306f\u610f\u8b58\u7684\u306b\u6c7a\u3081\u306a\u304f\u3066\u3082\u3001\u682a\u5f0f\u3078\u306e\u30a6\u30a7\u30a4\u30c8\u304c\u5927\u5e45\u306b\u5897\u52a0\u3059\u308b\u53ef\u80fd\u6027\u304c\u3042\u308a\u307e\u3059\u3002.<\/p>\n\n\n\n<h3 class=\"wp-block-heading\"><strong>\u23f3 2. \u30ea\u30d0\u30e9\u30f3\u30b9\u304c\u4e00\u8cab\u3057\u3066\u5b9f\u65bd\u3055\u308c\u308b\u3053\u3068\u306f\u307b\u3068\u3093\u3069\u3042\u308a\u307e\u305b\u3093\u3002<\/strong><\/h3>\n\n\n\n<p>\u5b9a\u671f\u7684\u306a\u30ea\u30d0\u30e9\u30f3\u30b9\u306e\u91cd\u8981\u6027\u306f\u591a\u304f\u306e\u4eba\u304c\u8a8d\u8b58\u3057\u3066\u3044\u307e\u3059\u3002\u3057\u304b\u3057\u5b9f\u969b\u306b\u306f\u3001\u5fd8\u308c\u3089\u308c\u305f\u308a\u3001\u5148\u5ef6\u3070\u3057\u306b\u3055\u308c\u305f\u308a\u3001\u611f\u60c5\u306b\u5de6\u53f3\u3055\u308c\u305f\u308a\u3059\u308b\u3053\u3068\u304c\u3088\u304f\u3042\u308a\u307e\u3059\u3002\u9577\u671f\u7684\u306b\u306f\u3001\u30dd\u30fc\u30c8\u30d5\u30a9\u30ea\u30aa\u306e\u69cb\u9020\u3068\u5b89\u5b9a\u6027\u304c\u5931\u308f\u308c\u3066\u3057\u307e\u3044\u307e\u3059\u3002.<\/p>\n\n\n\n<h3 class=\"wp-block-heading\"><strong>\ud83e\udde0 3. \u611f\u60c5\u7684\u306a\u6c7a\u65ad\u306f\u9577\u671f\u7684\u306b\u306f\u5229\u76ca\u3092\u5931\u308f\u305b\u308b<\/strong><\/h3>\n\n\n\n<p>ETF\u306b\u304a\u3044\u3066\u3082\u611f\u60c5\u306f\u5f71\u97ff\u3092\u4e0e\u3048\u307e\u3059\u3002\u4eba\u3005\u306f\u8cb7\u3046\u306e\u304c\u9045\u3059\u304e\u305f\u308a\u3001\u58f2\u308b\u306e\u304c\u65e9\u3059\u304e\u305f\u308a\u3001\u3042\u308b\u3044\u306f\u30cb\u30e5\u30fc\u30b9\u306e\u898b\u51fa\u3057\u306b\u53cd\u5fdc\u3057\u305f\u308a\u3057\u307e\u3059\u3002\u3053\u3046\u3057\u305f\u884c\u52d5\u30df\u30b9\u306f\u3001\u500b\u4eba\u6295\u8cc7\u5bb6\u306b\u3068\u3063\u3066\u30ea\u30bf\u30fc\u30f3\u3092\u5f97\u308b\u4e0a\u3067\u6700\u5927\u306e\u969c\u5bb3\u306e\u4e00\u3064\u3067\u3059\u3002.<\/p>\n\n\n\n<div style=\"height:20px\" aria-hidden=\"true\" class=\"wp-block-spacer\"><\/div>\n\n\n\n<hr class=\"wp-block-separator has-alpha-channel-opacity\"\/>\n\n\n\n<div style=\"height:20px\" aria-hidden=\"true\" class=\"wp-block-spacer\"><\/div>\n\n\n\n<h2 class=\"wp-block-heading\"><strong>\ud83e\udded Mueckinvest \u306e\u512a\u308c\u305f\u70b9<\/strong><\/h2>\n\n\n\n<h3 class=\"wp-block-heading\"><strong>\ud83d\udcd8 1. \u660e\u78ba\u3067\u900f\u660e\u306a\u30eb\u30fc\u30eb<\/strong><\/h3>\n\n\n\n<p>\u3053\u308c\u3089\u306e\u6226\u7565\u306f\u3001\u660e\u78ba\u3067\u5206\u304b\u308a\u3084\u3059\u3044\u30eb\u30fc\u30eb\u306b\u5f93\u3063\u3066\u3044\u307e\u3059\u3002\u885d\u52d5\u7684\u306a\u5224\u65ad\u3084\u5e02\u5834\u306e\u30bf\u30a4\u30df\u30f3\u30b0\u3001\u76f4\u611f\u306f\u4e00\u5207\u3042\u308a\u307e\u305b\u3093\u3002\u3059\u3079\u3066\u304c\u6587\u66f8\u5316\u3055\u308c\u3001\u4e00\u8cab\u6027\u304c\u3042\u308a\u307e\u3059\u3002.<\/p>\n\n\n\n<h3 class=\"wp-block-heading\"><strong>\ud83d\udd04 2. \u5b9a\u671f\u7684\u306a\u30eb\u30fc\u30eb\u30d9\u30fc\u30b9\u306e\u30ea\u30d0\u30e9\u30f3\u30b9<\/strong><\/h3>\n\n\n\n<p>\u30a6\u30a7\u30a4\u30c8\u306f\u5b9a\u3081\u3089\u308c\u305f\u9593\u9694\u3067\u898b\u76f4\u3055\u308c\u3001\u8abf\u6574\u3055\u308c\u307e\u3059\u3002\u3053\u308c\u306b\u3088\u308a\u3001\u77ed\u671f\u7684\u306a\u5e02\u5834\u5909\u52d5\u306b\u95a2\u308f\u3089\u305a\u3001\u30ea\u30b9\u30af\u306f\u5b89\u5b9a\u3057\u307e\u3059\u3002.<\/p>\n\n\n\n<h3 class=\"wp-block-heading\"><strong>\ud83c\udf0d 3. \u5358\u4e00\u30dd\u30fc\u30c8\u30d5\u30a9\u30ea\u30aa\u3067\u306e\u30b0\u30ed\u30fc\u30d0\u30eb\u5206\u6563<\/strong><\/h3>\n\n\n\n<p>MueckInvest \u306f\u3001\u8907\u6570\u306e ETF \u3092\u7d44\u307f\u5408\u308f\u305b\u308b\u306e\u3067\u306f\u306a\u304f\u3001\u30b0\u30ed\u30fc\u30d0\u30eb\u306a\u5206\u6563\u5316\u3092\u660e\u78ba\u306b\u69cb\u9020\u5316\u3055\u308c\u305f\u30a2\u30d7\u30ed\u30fc\u30c1\u306b\u307e\u3068\u3081\u3066\u3044\u307e\u3059\u3002<\/p>\n\n\n\n<ul class=\"wp-block-list\">\n<li>\u5148\u9032\u56fd\u304a\u3088\u3073\u65b0\u8208\u56fd\u306e\u682a\u5f0f<\/li>\n\n\n\n<li>\u7c73\u56fd\u3001\u30e8\u30fc\u30ed\u30c3\u30d1\u3001\u30a2\u30b8\u30a2\u306a\u3069\u306e\u5730\u57df\u91cd\u70b9\u5206\u91ce<\/li>\n\n\n\n<li>\u6226\u7565\u306b\u5fdc\u3058\u3066\uff1a\u50b5\u5238\u307e\u305f\u306f\u30ea\u30b9\u30af\u7ba1\u7406\u306e\u305f\u3081\u306e\u4ed6\u306e\u69cb\u6210\u8981\u7d20<\/li>\n<\/ul>\n\n\n\n<p>\u7d50\u679c: \u30e9\u30f3\u30c0\u30e0\u306b\u5897\u52a0\u3057\u305f ETF \u30b3\u30ec\u30af\u30b7\u30e7\u30f3\u3067\u306f\u306a\u304f\u3001\u4e00\u8cab\u6027\u306e\u3042\u308b\u5c02\u9580\u7684\u306b\u69cb\u7bc9\u3055\u308c\u305f\u30dd\u30fc\u30c8\u30d5\u30a9\u30ea\u30aa\u304c\u5b9f\u73fe\u3057\u307e\u3059\u3002.<\/p>\n\n\n\n<h3 class=\"wp-block-heading\"><strong>\ud83e\udde9 4. \u52b4\u529b\u304c\u6e1b\u308c\u3070\u30df\u30b9\u3082\u6e1b\u308b<\/strong><\/h3>\n\n\n\n<p>\u30bf\u30a4\u30df\u30f3\u30b0\u3001\u30a6\u30a7\u30a4\u30c8\u3001\u5e02\u5834\u52d5\u5411\u3092\u6c17\u306b\u3059\u308b\u5fc5\u8981\u306f\u3042\u308a\u307e\u305b\u3093\u3002\u30eb\u30fc\u30eb\u306f\u56fa\u5b9a\u3055\u308c\u3066\u304a\u308a\u3001\u4e00\u8cab\u3057\u3066\u9069\u7528\u3055\u308c\u307e\u3059\u3002\u3053\u308c\u306b\u3088\u308a\u3001\u3088\u304f\u3042\u308b\u884c\u52d5\u30a8\u30e9\u30fc\u304c\u8efd\u6e1b\u3055\u308c\u3001\u9577\u671f\u7684\u306a\u5b89\u5b9a\u6027\u304c\u78ba\u4fdd\u3055\u308c\u307e\u3059\u3002.<\/p>\n\n\n\n<h2 class=\"wp-block-heading\"><strong>\ud83d\udca1 \u3053\u308c\u304c\u3042\u306a\u305f\u306b\u3068\u3063\u3066\u4f55\u3092\u610f\u5473\u3059\u308b\u304b<\/strong><\/h2>\n\n\n\n<p>\u30eb\u30fc\u30eb\u30d9\u30fc\u30b9\u306e\u30dd\u30fc\u30c8\u30d5\u30a9\u30ea\u30aa\u306f\u3001\u69cb\u9020\u7684\u306a\u5229\u70b9\u3060\u3051\u3067\u306a\u304f\u3001\u5fc3\u7406\u7684\u306a\u5229\u70b9\u3082\u3082\u305f\u3089\u3057\u307e\u3059\u3002<\/p>\n\n\n\n<ul class=\"wp-block-list\">\n<li>\u5e02\u5834\u5909\u52d5\u6642\u306e\u30b9\u30c8\u30ec\u30b9\u8efd\u6e1b<\/li>\n\n\n\n<li>\u91cd\u8981\u306a\u6c7a\u5b9a\u3092\u898b\u9003\u3059\u3053\u3068\u3092\u6050\u308c\u306a\u3044\u3067\u304f\u3060\u3055\u3044\u3002<\/li>\n\n\n\n<li>\u3042\u306a\u305f\u306e\u30ea\u30b9\u30af\u30af\u30e9\u30b9\u306b\u6c38\u7d9a\u7684\u306b\u4e00\u81f4\u3059\u308b\u30dd\u30fc\u30c8\u30d5\u30a9\u30ea\u30aa<\/li>\n\n\n\n<li>\u65e5\u5e38\u751f\u6d3b\u3067\u6c7a\u65ad\u3092\u4e0b\u3059\u30d7\u30ec\u30c3\u30b7\u30e3\u30fc\u304c\u8efd\u6e1b\u3055\u308c\u308b<\/li>\n\n\n\n<li>\u8907\u96d1\u3055\u3067\u306f\u306a\u304f\u30b7\u30f3\u30d7\u30eb\u3055<\/li>\n<\/ul>\n\n\n\n<p>\u3057\u305f\u304c\u3063\u3066\u3001\u771f\u306e\u4ed8\u52a0\u4fa1\u5024\u306f\u30dd\u30fc\u30c8\u30d5\u30a9\u30ea\u30aa\u306e\u69cb\u7bc9\u3060\u3051\u3067\u306a\u304f\u3001\u9577\u5e74\u306b\u308f\u305f\u308b\u4e00\u8cab\u6027\u3068\u898f\u5f8b\u3042\u308b\u5b9f\u88c5\u306b\u3042\u308a\u307e\u3059\u3002.<\/p>\n\n\n\n<div style=\"height:20px\" aria-hidden=\"true\" class=\"wp-block-spacer\"><\/div>\n\n\n\n<hr class=\"wp-block-separator has-alpha-channel-opacity\"\/>\n\n\n\n<div style=\"height:20px\" aria-hidden=\"true\" class=\"wp-block-spacer\"><\/div>\n\n\n\n<h2 class=\"wp-block-heading\"><strong>\ud83d\udcca Wikifolio \u306b\u3088\u308b\u900f\u660e\u306a\u5b9f\u88c5<\/strong><\/h2>\n\n\n\n<p>MueckInvest\u306e\u6226\u7565\u306fWikifolio\u3092\u901a\u3058\u3066\u30ea\u30a2\u30eb\u30bf\u30a4\u30e0\u3067\u5b9f\u88c5\u3055\u308c\u3066\u304a\u308a\u3001\u3044\u3064\u3067\u3082\u30d5\u30a9\u30ed\u30fc\u3067\u304d\u307e\u3059\u3002<\/p>\n\n\n\n<ul class=\"wp-block-list\">\n<li>\u73fe\u5728\u306e\u91cd\u307f\u4ed8\u3051\u3068\u69cb\u6210<\/li>\n\n\n\n<li>\u3059\u3079\u3066\u306e\u8abf\u6574\u3068\u518d\u8abf\u6574\u624b\u9806<\/li>\n\n\n\n<li>\u30ea\u30b9\u30af\u6307\u6a19\u3068\u6b74\u53f2\u7684\u767a\u5c55<\/li>\n\n\n\n<li>\u3059\u3079\u3066\u306e\u53d6\u5f15<\/li>\n<\/ul>\n\n\n\n<p>\u4ed5\u7d44\u307f <a href=\"https:\/\/mueckinvest.com\/ja\/%f0%9f%93%88-wikifolios\/\" title=\"\u30a6\u30a3\u30ad\u30d5\u30a9\u30ea\u30aa\">\u30a6\u30a3\u30ad\u30d5\u30a9\u30ea\u30aa<\/a> \u6a5f\u4f1a\u3068\u30ea\u30b9\u30af\u306b\u3064\u3044\u3066\u306f\u3001 <a href=\"https:\/\/mueckinvest.com\/ja\/%e8%a9%b3%e7%b4%b0%e3%81%aa%e3%83%88%e3%83%94%e3%83%83%e3%82%af-2\/\" title=\"\u30c8\u30d4\u30c3\u30af\u306e\u8a73\u7d30\">\u30c7\u30a3\u30fc\u30d7\u30c0\u30a4\u30d6\u30c8\u30d4\u30c3\u30af<\/a> \u305d\u3057\u3066\u3001 <a href=\"https:\/\/mueckinvest.com\/ja\/%e3%82%88%e3%81%8f%e3%81%82%e3%82%8b%e8%b3%aa%e5%95%8f-2\/\" title=\"FAQ \u2013 \u3088\u304f\u3042\u308b\u8cea\u554f\">\u3088\u304f\u3042\u308b\u8cea\u554f <\/a>\u8aac\u660e\u3057\u305f\u3002.<\/p>\n\n\n\n<div style=\"height:20px\" aria-hidden=\"true\" class=\"wp-block-spacer\"><\/div>\n\n\n\n<hr class=\"wp-block-separator has-alpha-channel-opacity\"\/>\n\n\n\n<div style=\"height:20px\" aria-hidden=\"true\" class=\"wp-block-spacer\"><\/div>\n\n\n\n<figure class=\"wp-block-table\">\n  <table class=\"info-tabelle mehrwert has-fixed-layout\">\n    <thead>\n      <tr>\n        <th>\u57fa\u6e96<\/th>\n        <th>ETF\u30dd\u30fc\u30c8\u30d5\u30a9\u30ea\u30aa<\/th>\n        <th>\u30a2\u30f3\u30d6\u30ec\u30e9Wikifolio\uff1a\u30b0\u30ed\u30fc\u30d0\u30eb\u30ec\u30a4\u30e4\u30fc<\/th>\n      <\/tr>\n    <\/thead>\n    <tbody>\n      <tr>\n        <td>\u5de5\u4e8b<\/td>\n        <td>3\uff5e7\u306e\u500b\u5225ETF\u3001\u624b\u52d5\u30a6\u30a7\u30a4\u30c8\u8a2d\u5b9a<\/td>\n        <td>\u5358\u4e00\u306e\u30dd\u30b8\u30b7\u30e7\u30f3\u3001\u3059\u3079\u3066\u306e\u69cb\u6210\u8981\u7d20\u304c\u7d71\u5408<\/td>\n      <\/tr>\n      <tr>\n        <td>\u6d3b\u52d5<\/td>\n        <td>\u5b8c\u5168\u306b\u53d7\u52d5\u7684\u3067\u8abf\u6574\u306a\u3057<\/td>\n        <td>\u30eb\u30fc\u30eb\u30d9\u30fc\u30b9\u306e\u30a2\u30af\u30c6\u30a3\u30d6\u3001\u30ea\u30d0\u30e9\u30f3\u30b9\u3001\u30c8\u30ec\u30f3\u30c9\u30ed\u30b8\u30c3\u30af<\/td>\n      <\/tr>\n      <tr>\n        <td>\u591a\u69d8\u5316<\/td>\n        <td>\u5168\u4e16\u754c\u7684\u3060\u304c\u3001\u591a\u304f\u306e\u5834\u54082\uff5e3\u5730\u57df\u306e\u307f<\/td>\n        <td>\u30b0\u30ed\u30fc\u30d0\u30eb + \u8981\u56e0 + \u30c8\u30ec\u30f3\u30c9 + \u30c8\u30d4\u30c3\u30af<\/td>\n      <\/tr>\n      <tr>\n        <td>\u8cbb\u7528<\/td>\n        <td>\u5b9a\u671f\u7684\u306a\u30ea\u30d0\u30e9\u30f3\u30b9\u3001\u9078\u629e\u6c7a\u5b9a<\/td>\n        <td>\u5b8c\u5168\u306b\u81ea\u52d5\u5316\u3055\u308c\u3066\u304a\u308a\u3001\u30e1\u30f3\u30c6\u30ca\u30f3\u30b9\u306f\u4e0d\u8981\u3067\u3059<\/td>\n      <\/tr>\n      <tr>\n        <td>\u67d4\u8edf\u6027<\/td>\n        <td>\u30a4\u30f3\u30c7\u30c3\u30af\u30b9\u306b\u53b3\u5bc6\u306b\u7d50\u3073\u3064\u3044\u3066\u3044\u308b<\/td>\n        <td>\u5e02\u5834\u306e\u6bb5\u968e\u3084\u65b0\u3057\u3044\u30c8\u30ec\u30f3\u30c9\u306b\u9069\u5fdc\u53ef\u80fd<\/td>\n      <\/tr>\n      <tr>\n        <td>\u900f\u660e\u6027<\/td>\n        <td>\u30a4\u30f3\u30c7\u30c3\u30af\u30b9\u30eb\u30fc\u30eb\u306f\u3042\u308b\u304c\u3001\u8aac\u660e\u304c\u307b\u3068\u3093\u3069\u306a\u3044<\/td>\n        <td>\u660e\u78ba\u306a\u66f4\u65b0\u3001\u7406\u89e3\u3057\u3084\u3059\u3044\u6c7a\u5b9a<\/td>\n      <\/tr>\n      <tr>\n        <td>\u30b3\u30b9\u30c8\u8a8d\u8b58<\/td>\n        <td>TER\u306f\u4f4e\u3044\u304c\u3001\u521d\u671f\u8cbb\u7528\u304c\u304b\u304b\u308b<\/td>\n        <td>\u624b\u6570\u6599\u306f\u9ad8\u3044\u304c\u3001\u30b5\u30dd\u30fc\u30c8\u306f\u5145\u5b9f<\/td>\n      <\/tr>\n    <\/tbody>\n    <tfoot>\n      <tr>\n        <td class=\"has-text-align-center\" data-align=\"center\" colspan=\"3\">\n          ETF\u30dd\u30fc\u30c8\u30d5\u30a9\u30ea\u30aa\u306f\u826f\u3044\u51fa\u767a\u70b9\u3067\u3059\u3002\u79c1\u306e\u6226\u7565\u306f\u6b21\u306e\u30b9\u30c6\u30c3\u30d7\u3067\u3059\u3002.\n        <\/td>\n      <\/tr>\n    <\/tfoot>\n  <\/table>\n<\/figure>\n\n<!-- Wrapper f\u00fcr die mobilen Spalten-Cards -->\n<div class=\"mehrwert-cards\"><\/div>\n\n\n\n<div class=\"wp-block-columns is-layout-flex wp-container-core-columns-is-layout-28f84493 wp-block-columns-is-layout-flex\">\n<div class=\"wp-block-column is-layout-flow wp-block-column-is-layout-flow\">\n<div class=\"wp-block-buttons is-layout-flex wp-block-buttons-is-layout-flex\">\n<div class=\"wp-block-button\"><a class=\"wp-block-button__link wp-element-button\" href=\"https:\/\/mueckinvest.com\/ja\/%e3%82%b0%e3%83%ad%e3%83%bc%e3%83%90%e3%83%ab%e3%83%ac%e3%82%a4%e3%83%a4%e3%83%bc\/\">\u5305\u62ec\u7684\u306a\u30a6\u30a3\u30ad\u30d5\u30a9\u30ea\u30aa\u300c\u30b0\u30ed\u30fc\u30d0\u30eb\u30ec\u30a4\u30e4\u30fc\u300d\u3078<\/a><\/div>\n<\/div>\n<\/div>\n\n\n\n<div class=\"wp-block-column is-layout-flow wp-block-column-is-layout-flow\">\n<div class=\"wp-block-buttons is-layout-flex wp-block-buttons-is-layout-flex\">\n<div class=\"wp-block-button\"><a class=\"wp-block-button__link wp-element-button\" href=\"https:\/\/mueckinvest.com\/ja\/wikifolios\/\">\u3055\u3089\u306a\u308b\u6226\u7565\u3092\u767a\u898b<\/a><\/div>\n<\/div>\n<\/div>\n<\/div>\n\n\n\n<div class=\"wp-block-buttons is-layout-flex wp-block-buttons-is-layout-flex\"><\/div>","protected":false},"excerpt":{"rendered":"<p>Ein ETF\u2011Portfolio ist grunds\u00e4tzlich ein guter Start. Doch viele Anlegerinnen und Anleger untersch\u00e4tzen, wie stark sich ein Portfolio im Laufe der Zeit ver\u00e4ndert \u2013 und wie schwierig es ist, langfristig diszipliniert zu bleiben. Genau hier setzt MueckInvest an: mit klaren Regeln, globaler Diversifikation und einer transparenten, live umgesetzten Strategie. \ud83d\udd0d Typische Herausforderungen bei klassischen ETF\u2011Portfolios \ud83d\udcc9 1. Unbemerkte Risikoverschiebungen (Portfolio Drift) Wenn einzelne Regionen oder Branchen st\u00e4rker steigen als andere, verschiebt sich das Risiko automatisch. Ein urspr\u00fcnglich defensives 70\/30\u2011Portfolio kann nach einigen Jahren deutlich aktienlastiger sein \u2013 ohne bewusste Entscheidung. \u23f3 2. Rebalancing wird selten konsequent umgesetzt Viele wissen, dass regelm\u00e4\u00dfiges Rebalancing wichtig ist. In der Praxis wird es jedoch [&hellip;]<\/p>\n","protected":false},"author":1,"featured_media":0,"parent":0,"menu_order":0,"comment_status":"closed","ping_status":"closed","template":"page-no-sidebar","meta":{"pmpro_default_level":"","_monsterinsights_skip_tracking":false,"_monsterinsights_sitenote_active":false,"_monsterinsights_sitenote_note":"","_monsterinsights_sitenote_category":0,"footnotes":""},"class_list":["post-1508","page","type-page","status-publish","hentry","pmpro-has-access"],"aioseo_notices":[],"_links":{"self":[{"href":"https:\/\/mueckinvest.com\/ja\/wp-json\/wp\/v2\/pages\/1508","targetHints":{"allow":["GET"]}}],"collection":[{"href":"https:\/\/mueckinvest.com\/ja\/wp-json\/wp\/v2\/pages"}],"about":[{"href":"https:\/\/mueckinvest.com\/ja\/wp-json\/wp\/v2\/types\/page"}],"author":[{"embeddable":true,"href":"https:\/\/mueckinvest.com\/ja\/wp-json\/wp\/v2\/users\/1"}],"replies":[{"embeddable":true,"href":"https:\/\/mueckinvest.com\/ja\/wp-json\/wp\/v2\/comments?post=1508"}],"version-history":[{"count":2,"href":"https:\/\/mueckinvest.com\/ja\/wp-json\/wp\/v2\/pages\/1508\/revisions"}],"predecessor-version":[{"id":3201,"href":"https:\/\/mueckinvest.com\/ja\/wp-json\/wp\/v2\/pages\/1508\/revisions\/3201"}],"wp:attachment":[{"href":"https:\/\/mueckinvest.com\/ja\/wp-json\/wp\/v2\/media?parent=1508"}],"curies":[{"name":"wp","href":"https:\/\/api.w.org\/{rel}","templated":true}]}}