{"id":1134,"date":"2025-11-12T09:16:37","date_gmt":"2025-11-12T09:16:37","guid":{"rendered":"https:\/\/mueckinvest.de\/?page_id=1134"},"modified":"2026-03-18T15:18:00","modified_gmt":"2026-03-18T14:18:00","slug":"mueckinvest%e8%a8%ad%e7%ab%8b%e3%81%ae%e8%83%8c%e6%99%af-2","status":"publish","type":"page","link":"https:\/\/mueckinvest.com\/ja\/hintergrund-zur-entstehung-von-mueckinvest\/","title":{"rendered":"\u30d3\u30b8\u30e7\u30f3\u304b\u3089\u5b9f\u884c\u3078"},"content":{"rendered":"<p>Mueckinvest\u306f\u3001\u6295\u8cc7\u5bb6\u304c\u30b0\u30ed\u30fc\u30d0\u30eb\u5e02\u5834\u306b\u7c21\u5358\u306b\u30a2\u30af\u30bb\u30b9\u3067\u304d\u308b\u65b9\u6cd5\u3092\u63d0\u4f9b\u3059\u308b\u3068\u3044\u3046\u660e\u78ba\u306a\u76ee\u6a19\u306b\u57fa\u3065\u3044\u3066\u8a2d\u7acb\u3055\u308c\u307e\u3057\u305f\u3002 <strong>\u5358\u4e00\u306e\u30dd\u30fc\u30c8\u30d5\u30a9\u30ea\u30aa\u30dd\u30b8\u30b7\u30e7\u30f3<\/strong> \u4ee3\u8868\u3059\u308b\u3002\u53e4\u5178\u7684\u306a\u6226\u7565\u306f\u3001\u591a\u304f\u306e\u5834\u5408\u3001\u591a\u6570\u306e\u500b\u5225\u9298\u67c4\u3084\u30d5\u30a1\u30f3\u30c9\u3067\u69cb\u6210\u3055\u308c\u3066\u304a\u308a\u3001\u7ba1\u7406\u304c\u8907\u96d1\u3067\u3001\u904e\u5270\u6295\u8cc7\u3084\u904e\u5c11\u6295\u8cc7\u306b\u306a\u308a\u3084\u3059\u3044\u3002.<\/p>\n\n\n\n<p>\u3057\u305f\u304c\u3063\u3066\u3001\u79c1\u306e\u30a2\u30d7\u30ed\u30fc\u30c1\u306f\u660e\u78ba\u306a\u76ee\u6a19\u3092\u8ffd\u6c42\u3057\u3066\u3044\u307e\u3059\u3002 <strong>\u69cb\u9020\u5316\u3055\u308c\u305f\u30b0\u30ed\u30fc\u30d0\u30eb\u5206\u6563\u30dd\u30fc\u30c8\u30d5\u30a9\u30ea\u30aa\u30921\u3064\u306e\u30dd\u30b8\u30b7\u30e7\u30f3\u306b\u96c6\u7d04<\/strong>, \u3055\u3089\u306b\u3001\u57fa\u790e\u3068\u306a\u308b\u539f\u5247\u3092\u7406\u89e3\u3067\u304d\u308b\u3088\u3046\u306b\u3001\u660e\u78ba\u306b\u63d0\u793a\u3055\u308c\u305f\u91d1\u878d\u77e5\u8b58\u306b\u3088\u3063\u3066\u88dc\u5b8c\u3055\u308c\u3066\u3044\u308b\u3002.<\/p>\n\n\n\n<p>\u3053\u308c\u306b\u306f2\u3064\u306e\u4e3b\u8981\u306a\u69cb\u6210\u8981\u7d20\u304c\u542b\u307e\u308c\u307e\u3059\u3002<\/p>\n\n\n\n<ul class=\"wp-block-list\">\n<li><strong>\u30eb\u30fc\u30eb\u306b\u57fa\u3065\u3044\u305fWikifolio\u6226\u7565<\/strong>, \u591a\u69d8\u5316\u3001\u69cb\u9020\u3001\u30ea\u30b9\u30af\u7ba1\u7406\u3092\u7d44\u307f\u5408\u308f\u305b\u305f<\/li>\n\n\n\n<li><strong>\u7279\u5b9a\u306e\u30c8\u30d4\u30c3\u30af\u3068\u91d1\u878d\u77e5\u8b58\u306b\u95a2\u3059\u308b\u8a73\u7d30\u306a\u6398\u308a\u4e0b\u3052<\/strong>, \u5e02\u5834\u306e\u4ed5\u7d44\u307f\u3001\u5e02\u5834\u306b\u5f71\u97ff\u3092\u4e0e\u3048\u308b\u8981\u56e0\u3001\u305d\u3057\u3066\u9577\u671f\u7684\u306b\u898b\u3066\u91cd\u8981\u306a\u30c8\u30d4\u30c3\u30af\u3092\u8aac\u660e\u3059\u308b\u3002<\/li>\n<\/ul>\n\n\n\n<p>\u8a73\u7d30\u306a\u89e3\u8aac\u306f\u3001\u4e3b\u8981\u306a\u6295\u8cc7\u30c6\u30fc\u30de\u3001\u5e02\u5834\u30e1\u30ab\u30cb\u30ba\u30e0\u3001\u79d1\u5b66\u7684\u77e5\u898b\u3092\u3001\u7c21\u6f54\u304b\u3064\u5206\u304b\u308a\u3084\u3059\u304f\u3001\u305d\u3057\u3066\u76f4\u63a5\u5fdc\u7528\u53ef\u80fd\u306a\u5f62\u3067\u660e\u3089\u304b\u306b\u3057\u307e\u3059\u3002\u6295\u8cc7\u5bb6\u304c\u95a2\u9023\u6027\u3092\u8a8d\u8b58\u3057\u3001\u610f\u601d\u6c7a\u5b9a\u3092\u6587\u8108\u5316\u3057\u3001\u6226\u7565\u3092\u3088\u308a\u6df1\u304f\u7406\u89e3\u3059\u308b\u306e\u306b\u5f79\u7acb\u3061\u307e\u3059\u3002.<\/p>\n\n\n\n<p>\u5098\u30a6\u30a3\u30ad\u30d5\u30a9\u30ea\u30aa\u4ed8\u304d <strong>\u30b0\u30ed\u30fc\u30d0\u30eb\u30ec\u30a4\u30e4\u30fc<\/strong> \u30b0\u30ed\u30fc\u30d0\u30eb\u5e02\u5834\u30dd\u30fc\u30c8\u30d5\u30a9\u30ea\u30aa\u306e\u76ee\u6a19\u306f\u3001\u5358\u4e00\u306e\u30dd\u30b8\u30b7\u30e7\u30f3\u3067\u4e00\u8cab\u3057\u3066\u5b9f\u73fe\u3055\u308c\u307e\u3057\u305f\u3002\u3088\u308a\u30b3\u30f3\u30d1\u30af\u30c8\u306a\u4ee3\u66ff\u3068\u3057\u3066\u3001\u30b3\u30a2Wikifolio\u3092\u3054\u5229\u7528\u3044\u305f\u3060\u3051\u307e\u3059\u3002 <strong>\u30b0\u30ed\u30fc\u30d0\u30eb\u306b\u30b9\u30de\u30fc\u30c8\u306a\u6295\u8cc7<\/strong> \u4e00\u7a2e\u306e\u300c\u30b0\u30ed\u30fc\u30d0\u30eb \u30ec\u30a4\u30e4\u30fc \u30e9\u30a4\u30c8\u300d\u3067\u3059\u3002.<\/p>\n\n\n\n<p>\u3057\u305f\u304c\u3063\u3066\u3001Mueckinvest \u306f\u3001\u65e2\u5b58\u306e\u30dd\u30fc\u30c8\u30d5\u30a9\u30ea\u30aa\u3078\u306e\u52b9\u7387\u7684\u306a\u8ffd\u52a0\u3092\u6c42\u3081\u308b\u7d4c\u9a13\u8c4a\u5bcc\u306a\u6295\u8cc7\u5bb6\u3068\u3001\u5358\u4e00\u306e\u6295\u8cc7\u3067\u5e45\u5e83\u304f\u5206\u6563\u3055\u308c\u305f\u5e02\u5834\u30dd\u30fc\u30c8\u30d5\u30a9\u30ea\u30aa\u306b\u30a2\u30af\u30bb\u30b9\u3057\u3001\u540c\u6642\u306b\u305d\u308c\u3092\u7406\u89e3\u3059\u308b\u305f\u3081\u306e\u77e5\u8b58\u3092\u6c42\u3081\u308b\u521d\u5fc3\u8005\u306e\u4e21\u65b9\u3092\u5bfe\u8c61\u3068\u3057\u3066\u3044\u307e\u3059\u3002.<\/p>\n\n\n\n<div style=\"height:100px\" aria-hidden=\"true\" class=\"wp-block-spacer\"><\/div>\n\n\n\n<p>\u3054\u6ce8\u610f\uff1aWikifolios\u3078\u306e\u6295\u8cc7\u306b\u306f\u30ea\u30b9\u30af\u304c\u4f34\u3044\u307e\u3059\u3002\u904e\u53bb\u306e\u30d1\u30d5\u30a9\u30fc\u30de\u30f3\u30b9\u306f\u5c06\u6765\u306e\u6210\u679c\u3092\u4fdd\u8a3c\u3059\u308b\u3082\u306e\u3067\u306f\u3042\u308a\u307e\u305b\u3093\u3002\u8a73\u7d30\u306f[link\/document\/section]\u3092\u3054\u89a7\u304f\u3060\u3055\u3044\u3002 <strong><a href=\"https:\/\/mueckinvest.com\/ja\/%e5%88%bb%e5%8d%b0\/\" data-type=\"page\" data-id=\"2\">\u523b\u5370<\/a>.<\/strong><\/p>","protected":false},"excerpt":{"rendered":"<p>Mueckinvest entstand aus einem klaren Anspruch: Anlegern eine einfache M\u00f6glichkeit zu bieten, den globalen Markt in nur einer einzigen Depotposition abzubilden. Klassische Strategien bestehen oft aus vielen Einzelwerten oder Fonds \u2013 komplex in der Verwaltung und anf\u00e4llig f\u00fcr \u00dcber\u2011 oder Untergewichtungen. Mein Ansatz verfolgt deshalb ein eindeutiges Ziel: ein strukturiertes, global diversifiziertes Portfolio in einer Position, erg\u00e4nzt durch verst\u00e4ndlich aufbereitetes Finanzwissen, das die dahinterliegenden Prinzipien nachvollziehbar macht. Dazu geh\u00f6ren zwei zentrale Bausteine: Die Deep\u2011Dives beleuchten zentrale Investmentthemen, Marktmechanismen und wissenschaftliche Erkenntnisse \u2013 kompakt, verst\u00e4ndlich und direkt anwendbar. Sie helfen Anlegern, Zusammenh\u00e4nge zu erkennen, Entscheidungen einzuordnen und Strategien besser zu verstehen. Mit dem Dachwikifolio Global Layers wurde der Anspruch eines globalen [&hellip;]<\/p>\n","protected":false},"author":1,"featured_media":0,"parent":0,"menu_order":0,"comment_status":"closed","ping_status":"closed","template":"page-no-sidebar","meta":{"pmpro_default_level":"","_monsterinsights_skip_tracking":false,"_monsterinsights_sitenote_active":false,"_monsterinsights_sitenote_note":"","_monsterinsights_sitenote_category":0,"footnotes":""},"class_list":["post-1134","page","type-page","status-publish","hentry","pmpro-has-access"],"aioseo_notices":[],"_links":{"self":[{"href":"https:\/\/mueckinvest.com\/ja\/wp-json\/wp\/v2\/pages\/1134","targetHints":{"allow":["GET"]}}],"collection":[{"href":"https:\/\/mueckinvest.com\/ja\/wp-json\/wp\/v2\/pages"}],"about":[{"href":"https:\/\/mueckinvest.com\/ja\/wp-json\/wp\/v2\/types\/page"}],"author":[{"embeddable":true,"href":"https:\/\/mueckinvest.com\/ja\/wp-json\/wp\/v2\/users\/1"}],"replies":[{"embeddable":true,"href":"https:\/\/mueckinvest.com\/ja\/wp-json\/wp\/v2\/comments?post=1134"}],"version-history":[{"count":2,"href":"https:\/\/mueckinvest.com\/ja\/wp-json\/wp\/v2\/pages\/1134\/revisions"}],"predecessor-version":[{"id":4031,"href":"https:\/\/mueckinvest.com\/ja\/wp-json\/wp\/v2\/pages\/1134\/revisions\/4031"}],"wp:attachment":[{"href":"https:\/\/mueckinvest.com\/ja\/wp-json\/wp\/v2\/media?parent=1134"}],"curies":[{"name":"wp","href":"https:\/\/api.w.org\/{rel}","templated":true}]}}