{"id":77,"date":"2025-09-10T11:07:19","date_gmt":"2025-09-10T11:07:19","guid":{"rendered":"https:\/\/mueckinvest.de\/?page_id=77"},"modified":"2026-02-17T14:00:00","modified_gmt":"2026-02-17T13:00:00","slug":"nesso-di-innovazione","status":"publish","type":"page","link":"https:\/\/mueckinvest.com\/it\/innovation-nexus\/","title":{"rendered":"Wikifolio tematico: Nexus dell&#039;innovazione"},"content":{"rendered":"\n<figure class=\"wp-block-image size-full is-resized\"><img loading=\"lazy\" decoding=\"async\" width=\"720\" height=\"480\" src=\"https:\/\/mueckinvest.com\/wp-content\/uploads\/2025\/09\/TechInfra-Future-Mobility.png\" alt=\"\" class=\"wp-image-78\" style=\"width:800px;height:auto\" srcset=\"https:\/\/mueckinvest.com\/wp-content\/uploads\/2025\/09\/TechInfra-Future-Mobility.png 720w, https:\/\/mueckinvest.com\/wp-content\/uploads\/2025\/09\/TechInfra-Future-Mobility-300x200.png 300w\" sizes=\"auto, (max-width: 720px) 100vw, 720px\" \/><\/figure>\n\n\n\n<p>Innovation Nexus investiert entlang der gesamten technologischen Wertsch\u00f6pfungskette \u2013 von Infrastruktur und Hardware \u00fcber Software und digitale Plattformen bis hin zu biowissenschaftlichen Zukunftstechnologien. Das Portfolio b\u00fcndelt jene Innovationsfelder, die gemeinsam den Fortschritt moderner Technologie erm\u00f6glichen und langfristiges Wachstum antreiben.<\/p>\n\n\n\n<div class=\"wp-block-buttons is-layout-flex wp-block-buttons-is-layout-flex\">\n<div class=\"wp-block-button\"><a class=\"wp-block-button__link wp-element-button\" href=\"https:\/\/www.wikifolio.com\/de\/de\/w\/wf9000mz05\" target=\"_blank\" rel=\"noreferrer noopener\">Live Performance ansehen<\/a><\/div>\n\n\n\n<div class=\"wp-block-button\"><a class=\"wp-block-button__link wp-element-button\" href=\"https:\/\/mueckinvest.com\/rebalancing\/\" target=\"_blank\" rel=\"noreferrer noopener\">Rebalancing Historie<\/a><\/div>\n<\/div>\n\n\n\n<div style=\"height:20px\" aria-hidden=\"true\" class=\"wp-block-spacer\"><\/div>\n\n\n\n<hr class=\"wp-block-separator has-alpha-channel-opacity\"\/>\n\n\n\n<div style=\"height:20px\" aria-hidden=\"true\" class=\"wp-block-spacer\"><\/div>\n\n\n\n<h2 class=\"wp-block-heading\">Performance<\/h2>\n\n\n    <script>\n    function miCssVar(name) {\n        return getComputedStyle(document.documentElement).getPropertyValue(name).trim();\n    }\n    function miHslColor(index, total) {\n        if (!total || total < 1) total = 1;\n        const hue = (360 \/ total) * index;\n        return \"hsl(\" + hue + \", 70%, 55%)\";\n    }\n    function miHslColorTransparent(index, total, alpha) {\n        if (!total || total < 1) total = 1;\n        const hue = (360 \/ total) * index;\n        return \"hsla(\" + hue + \", 70%, 55%, \" + alpha + \")\";\n    }\n    <\/script>\n    \n    <div class=\"mi-chart-wrapper\">\n        <canvas id=\"miSingleChart_5\" height=\"600\"><\/canvas>\n    <\/div>\n\n    <script>\n    document.addEventListener(\"DOMContentLoaded\", function() {\n\n        function renderMiChart_miSingleChart_5() {\n            const el = document.getElementById(\"miSingleChart_5\");\n            if (!el || typeof Chart === 'undefined') return;\n\n            const ctx = el.getContext('2d');\n            if (!ctx) return;\n\n            const prefersDark = window.matchMedia && window.matchMedia('(prefers-color-scheme: dark)').matches;\n            const textColor   = prefersDark ? '#ffffff' : '#0f1a33';\n\n            const borderColor = miCssVar('--color-bg-table-head') || '#3776ff';\n            const gridColor   = miCssVar('--color-border') || '#c7d4f5';\n            const cardBg      = miCssVar('--color-bg-card') || '#ffffff';\n\n            let bgColor;\n            if (borderColor.startsWith('rgb')) {\n                bgColor = borderColor.replace(')', ', 0.15)').replace('rgb', 'rgba');\n            } else {\n                bgColor = 'rgba(55, 118, 255, 0.15)';\n            }\n\n            if (window.miChartInstance_miSingleChart_5) {\n                window.miChartInstance_miSingleChart_5.destroy();\n            }\n\n            window.miChartInstance_miSingleChart_5 = new Chart(ctx, {\n                type: 'line',\n                data: {\n                    labels: [\"16/09/2025\",\"22/09/2025\",\"30/09/2025\",\"10/08/2025\",\"15/10/2025\",\"22/10/2025\",\"30/10/2025\",\"11/08/2025\",\"15/11/2025\",\"22/11/2025\",\"30/11/2025\",\"12/08/2025\",\"15/12/2025\",\"22/12/2025\",\"30/12/2025\",\"01/08/2026\",\"15/01/2026\",\"22/01/2026\",\"30/01/2026\",\"02/08/2026\",\"15/02/2026\",\"20/02/2026\",\"28/02/2026\",\"03/08/2026\",\"15/03/2026\",\"22/03/2026\",\"30/03/2026\"],\n                    datasets: [{\n                        label: \"Wert (\u20ac)\",\n                        data: [104.93,105.69,107.01,113.1,113.39,111.2,116.94,112.9,112.84,107.74,113.94,115.5,113.13,114.84,116.09,119.85,124.53,125.14,121,123.86,126.56,127.99,128.78,123.26,125.31,119.47,120.92],\n                        borderColor: borderColor,\n                        backgroundColor: bgColor,\n                        borderWidth: 2,\n                        tension: 0.25,\n                        pointRadius: 2\n                    }]\n                },\n                options: {\n                    responsive: true,\n                    maintainAspectRatio: false,\n                    plugins: {\n                        legend: { labels: { color: textColor } },\n                        tooltip: {\n                            titleColor: textColor,\n                            bodyColor: textColor,\n                            backgroundColor: cardBg,\n                            borderColor: gridColor,\n                            borderWidth: 1,\n                            callbacks: {\n                                label: ctx => {\n                                    const v = ctx.raw;\n                                    return (typeof v === 'number'\n                                        ? v.toLocaleString('de-DE', { minimumFractionDigits: 2, maximumFractionDigits: 2 })\n                                        : '-') + \" \u20ac\";\n                                }\n                            }\n                        }\n                    },\n                    scales: {\n                        x: {\n                            ticks: { color: textColor },\n                            grid: { color: gridColor }\n                        },\n                        y: {\n                            ticks: {\n                                color: textColor,\n                                callback: value => {\n                                    return value.toLocaleString('de-DE', {\n                                        minimumFractionDigits: 2,\n                                        maximumFractionDigits: 2\n                                    }) + \" \u20ac\";\n                                }\n                            },\n                            grid: { color: gridColor }\n                        }\n                    }\n                }\n            });\n        }\n\n        renderMiChart_miSingleChart_5();\n\n        if (window.matchMedia) {\n            const mq = window.matchMedia('(prefers-color-scheme: dark)');\n            if (mq.addEventListener) {\n                mq.addEventListener('change', () => {\n                    renderMiChart_miSingleChart_5();\n                });\n            } else if (mq.addListener) {\n                mq.addListener(() => {\n                    renderMiChart_miSingleChart_5();\n                });\n            }\n        }\n    });\n    <\/script>\n\n    <script>\n    document.addEventListener(\"DOMContentLoaded\", function () {\n\n        const savedScroll = sessionStorage.getItem(\"scroll_restore\");\n        if (savedScroll !== null) {\n            setTimeout(() => {\n                window.scrollTo(0, parseInt(savedScroll));\n                sessionStorage.removeItem(\"scroll_restore\");\n            }, 150);\n        }\n\n        const triggers = document.querySelectorAll(\"[data-scroll-save]\");\n        triggers.forEach(el => {\n            el.addEventListener(\"change\", () => {\n                sessionStorage.setItem(\"scroll_restore\", window.scrollY);\n            });\n            el.addEventListener(\"click\", () => {\n                sessionStorage.setItem(\"scroll_restore\", window.scrollY);\n            });\n        });\n\n    });\n    <\/script>\n\n    \n\n\n\n<details class=\"wp-block-details is-layout-flow wp-block-details-is-layout-flow\"><summary>Performance Tabelle<\/summary>    <form method=\"get\" class=\"mi-year-form\">\n        <label>Jahr:\n            <select name=\"mi_year\" data-scroll-save onchange=\"this.form.submit()\">\n                                    <option value=\"2025\" >\n                        2025                    <\/option>\n                                    <option value=\"2026\"  selected='selected'>\n                        2026                    <\/option>\n                            <\/select>\n        <\/label>\n\n            <\/form>\n\n    <table class=\"mi-perf-table performance-tabelle info-tabelle\">\n        <thead>\n            <tr>\n                <th>Monat<\/th>\n                <th>Wert<\/th>\n                <th>Ver\u00e4nderung zum Vormonat<\/th>\n                <th>Ver\u00e4nderung seit Jahresbeginn<\/th>\n            <\/tr>\n        <\/thead>\n        <tbody>\n                            <tr>\n                    <td>Gennaio<\/td>\n                    <td>121,00 \u20ac<\/td>\n                    <td class=\"\">\n                        0,00 %\n                    <\/td>\n                    <td class=\"\">\n                        0,00 %\n                    <\/td>\n                <\/tr>\n                            <tr>\n                    <td>Febbraio<\/td>\n                    <td>128,78 \u20ac<\/td>\n                    <td class=\"positiv\">\n                        6,43 %\n                    <\/td>\n                    <td class=\"positiv\">\n                        6,43 %\n                    <\/td>\n                <\/tr>\n                            <tr>\n                    <td>Marzo<\/td>\n                    <td>120,92 \u20ac<\/td>\n                    <td class=\"negativ\">\n                        -6,10 %\n                    <\/td>\n                    <td class=\"negativ\">\n                        -0,07 %\n                    <\/td>\n                <\/tr>\n            <tr>\n                            <td>Aprile<\/td>\n                            <td>\u2013<\/td>\n                            <td>\u2013<\/td>\n                            <td>\u2013<\/td>\n                          <\/tr><tr>\n                            <td>Maggio<\/td>\n                            <td>\u2013<\/td>\n                            <td>\u2013<\/td>\n                            <td>\u2013<\/td>\n                          <\/tr><tr>\n                            <td>Giugno<\/td>\n                            <td>\u2013<\/td>\n                            <td>\u2013<\/td>\n                            <td>\u2013<\/td>\n                          <\/tr><tr>\n                            <td>Luglio<\/td>\n                            <td>\u2013<\/td>\n                            <td>\u2013<\/td>\n                            <td>\u2013<\/td>\n                          <\/tr><tr>\n                            <td>Agosto<\/td>\n                            <td>\u2013<\/td>\n                            <td>\u2013<\/td>\n                            <td>\u2013<\/td>\n                          <\/tr><tr>\n                            <td>Settembre<\/td>\n                            <td>\u2013<\/td>\n                            <td>\u2013<\/td>\n                            <td>\u2013<\/td>\n                          <\/tr><tr>\n                            <td>Ottobre<\/td>\n                            <td>\u2013<\/td>\n                            <td>\u2013<\/td>\n                            <td>\u2013<\/td>\n                          <\/tr><tr>\n                            <td>Novembre<\/td>\n                            <td>\u2013<\/td>\n                            <td>\u2013<\/td>\n                            <td>\u2013<\/td>\n                          <\/tr><tr>\n                            <td>Dicembre<\/td>\n                            <td>\u2013<\/td>\n                            <td>\u2013<\/td>\n                            <td>\u2013<\/td>\n                          <\/tr>        <\/tbody>\n    <\/table>\n\n    \n\n\n\n<p><\/p>\n<\/details>\n\n\n\n<div style=\"height:20px\" aria-hidden=\"true\" class=\"wp-block-spacer\"><\/div>\n\n\n\n<hr class=\"wp-block-separator has-alpha-channel-opacity\"\/>\n\n\n\n<div style=\"height:20px\" aria-hidden=\"true\" class=\"wp-block-spacer\"><\/div>\n\n\n\n<section class=\"strategie-ansatz\">\n<h2>Strategie &amp; Ansatz<\/h2>\n<table class=\"info-tabelle\">\n<tbody>\n<tr>\n<th class=\"kategorie\">Zielsetzung<\/th>\n<td>Teilnahme an den gro\u00dfen Innovationssch\u00fcben der Weltwirtschaft<\/td>\n<\/tr>\n<tr>\n<th class=\"kategorie\">Umsetzung<\/th>\n<td>Investition in Unternehmen und ETFs aus den Bereichen:\n<ul>\n<li>Technologie (Halbleiter, KI, Cloud)<\/li>\n<li>Mobilit\u00e4t (Elektrofahrzeuge, Batterietechnologien)<\/li>\n<li>Digitale Infrastruktur (5G, Rechenzentren, Cybersecurity)<\/li>\n<li>Strategische Rohstoffe (Lithium, Seltene Erden)<\/li>\n<\/ul>\n<\/td>\n<\/tr>\n<tr>\n<th class=\"kategorie\">Besonderheit<\/th>\n<td>Kombination von Hightech-Sektoren mit Rohstoffen, die f\u00fcr Innovation unverzichtbar sind<\/td>\n<\/tr>\n<\/tbody>\n<\/table>\n<\/section>\n\n\n\n<div style=\"height:20px\" aria-hidden=\"true\" class=\"wp-block-spacer\"><\/div>\n\n\n\n<hr class=\"wp-block-separator has-alpha-channel-opacity\"\/>\n\n\n\n<div style=\"height:20px\" aria-hidden=\"true\" class=\"wp-block-spacer\"><\/div>\n\n\n\n<section class=\"kerninformationen\">\n<h2>Kerninformationen<\/h2>\n<table class=\"info-tabelle\">\n<tbody>\n<tr>\n<th class=\"kategorie\">Startdatum<\/th>\n<td>28/10/2025<\/td>\n<\/tr>\n<tr>\n<th class=\"kategorie\">Risikoklasse<\/th>\n<td class=\"risiko-chancenorientiert\">chancenorientiert<\/td>\n<\/tr>\n<tr>\n<th class=\"kategorie\">Anlageuniversum<\/th>\n<td>Alle auf Wikifolio.com verf\u00fcgbaren Aktien und Rohstoff ETFs, Aktien Fonds<\/td>\n<\/tr>\n<tr>\n<th class=\"kategorie\">Geb\u00fchrenmodell<\/th>\n<td>15% Performance Geb\u00fchr<\/td>\n<\/tr>\n<tr>\n<th class=\"kategorie\">Strategie<\/th>\n<td>Investition in Unternehmen und M\u00e4rkte, die Innovationen vorantreiben<\/td>\n<\/tr>\n<tr>\n<th class=\"kategorie\">Performance Vergleich<\/th>\n<td><a href=\"https:\/\/mueckinvest.com\/vergleich-mit-zentralen-aktienindizes\/\" target=\"_blank\" rel=\"noopener\">Zum Vergleich<\/a><\/td>\n<\/tr>\n<tr>\n<th class=\"kategorie\">Handelsidee<\/th>\n<td><a href=\"https:\/\/www.wikifolio.com\/de\/de\/w\/wf9000mz05#tradingidea\" target=\"_blank\" rel=\"noopener\">komplette Handelsidee auf Wikifolio.com<\/a><\/td>\n<\/tr>\n<\/tbody>\n<\/table>\n<\/section>\n\n\n\n<div style=\"height:20px\" aria-hidden=\"true\" class=\"wp-block-spacer\"><\/div>\n\n\n\n<hr class=\"wp-block-separator has-alpha-channel-opacity\"\/>\n\n\n\n<div style=\"height:20px\" aria-hidden=\"true\" class=\"wp-block-spacer\"><\/div>\n\n\n\n<section id=\"portfolio-chart\" style=\"padding: 3rem 1rem; background: #f9fafb;\">\n  <div style=\"max-width: 400px; margin: 0 auto; background: white; border-radius: 1rem; box-shadow: 0 4px 20px rgba(0,0,0,0.05); padding: 2rem;\">\n    <header style=\"text-align: center; margin-bottom: 1.5rem;\">\n      <h2 style=\"font-size: 1.5rem; margin-bottom: 0.25rem; color: #111827;\">Portfolio-Aufteilung<\/h2>\n    <\/header>\n\n    <!-- Canvas f\u00fcr das Diagramm -->\n    <canvas id=\"portfolioDonut\"><\/canvas>\n\n    <table style=\"width: 100%; margin-top: 1rem; border-collapse: collapse; font-size: 0.95rem; color: #374151;\" aria-hidden=\"false\">\n      <thead class=\"table-head\">\n        <tr>\n          <th style=\"text-align: left; padding: 0.5rem; color: #FFFFFF\">Anlageklasse<\/th>\n          <th style=\"text-align: right; padding: 0.5rem; color: #FFFFFF\">Anteil<\/th>\n        <\/tr>\n      <\/thead>\n      <tbody>\n        <tr>\n          <td style=\"padding: 0.5rem;\">Aktien-ETFs<\/td>\n          <td style=\"text-align: right; padding: 0.5rem;\">80 %<\/td>\n        <\/tr>\n        <tr>\n          <td style=\"padding: 0.5rem;\">Anleihen-ETFs<\/td>\n          <td style=\"text-align: right; padding: 0.5rem;\">0 %<\/td>\n        <\/tr>\n        <tr>\n          <td style=\"padding: 0.5rem;\">Rohstoff-ETCs<\/td>\n          <td style=\"text-align: right; padding: 0.5rem;\">20 %<\/td>\n        <\/tr>\n        <tr>\n          <td style=\"padding: 0.5rem;\">Krypto-ETCs<\/td>\n          <td style=\"text-align: right; padding: 0.5rem;\">0 %<\/td>\n        <\/tr>\n      <\/tbody>\n    <\/table>\n  <\/div>\n\n  <!-- Chart.js Skript -->\n  <script src=\"https:\/\/cdn.jsdelivr.net\/npm\/chart.js\"><\/script>\n  <script>\n    const ctx = document.getElementById('portfolioDonut').getContext('2d');\n    new Chart(ctx, {\n      type: 'doughnut',\n      data: {\n        labels: ['Aktien-ETFs', 'Anleihen-ETFs', 'Rohstoff-ETCs', 'Krypto-ETCs'],\n        datasets: [{\n          data: [80, 0, 20, 0],\n          backgroundColor: ['#1f77b4', '#2ca02c', '#ff7f0e', '#d62728'],\n          borderColor: '#fff',\n          borderWidth: 2,\n        }]\n      },\n      options: {\n        responsive: true,\n        plugins: {\n          legend: {\n            position: 'bottom',\n            labels: { boxWidth: 12, padding: 10 }\n          },\n          tooltip: {\n            callbacks: {\n              label: (ctx) => {\n                const val = ctx.parsed;\n                const total = ctx.dataset.data.reduce((a, b) => a + b, 0);\n                const pct = (val \/ total * 100).toFixed(1);\n                return `${ctx.label}: ${val}% (${pct}%)`;\n              }\n            }\n          }\n        },\n        cutout: '60%',\n        animation: { animateRotate: true, duration: 700 }\n      }\n    });\n  <\/script>\n<\/section>\n\n\n\n<div style=\"height:20px\" aria-hidden=\"true\" class=\"wp-block-spacer\"><\/div>\n\n\n\n<hr class=\"wp-block-separator has-alpha-channel-opacity\"\/>\n\n\n\n<div style=\"height:20px\" aria-hidden=\"true\" class=\"wp-block-spacer\"><\/div>\n\n\n\n<section class=\"grundstruktur\">\n<h2>Grundstruktur &amp; Gewichtung (Oktober 2025)<\/h2>\n\n<table class=\"info-tabelle\">\n<thead>\n<tr>\n<th class=\"kategorie\">ETF \/ Rohstoff<\/th>\n<th class=\"kategorie\">ISIN<\/th>\n<th class=\"kategorie rechts\">Gewichtung<\/th>\n<\/tr>\n<\/thead>\n\n<tbody>\n\n<!-- Themen-Aktien -->\n<tr class=\"table-section\">\n<td colspan=\"3\">Aktien 80%<\/td>\n<\/tr>\n\n<tr>\n<td>iShares MSCI Global Semiconductors<\/td>\n<td><a href=\"https:\/\/extraetf.com\/de\/etf-profile\/IE000I8KRLL9\" target=\"_blank\" rel=\"noopener\">IE000I8KRLL9<\/a><\/td>\n<td class=\"rechts\">15%<\/td>\n<\/tr>\n\n<tr>\n<td>First Trust Nasdaq Clean Edge Smart Grid Infrastructure<\/td>\n<td><a href=\"https:\/\/extraetf.com\/de\/etf-profile\/IE000J80JTL1\" target=\"_blank\" rel=\"noopener\">IE000J80JTL1<\/a><\/td>\n<td class=\"rechts\">15%<\/td>\n<\/tr>\n\n<tr>\n<td>Amundi MSCI Disruptive Technology<\/td>\n<td><a href=\"https:\/\/extraetf.com\/de\/etf-profile\/LU2023678282\" target=\"_blank\" rel=\"noopener\">LU2023678282<\/a><\/td>\n<td class=\"rechts\">15%<\/td>\n<\/tr>\n\n<tr>\n<td>Global X Data Center REITs &amp; Digital Infrastructure<\/td>\n<td><a href=\"https:\/\/extraetf.com\/de\/etf-profile\/IE00BMH5Y327\" target=\"_blank\" rel=\"noopener\">IE00BMH5Y327<\/a><\/td>\n<td class=\"rechts\">10%<\/td>\n<\/tr>\n\n<tr>\n<td>iShares Lithium &amp; Battery Producers<\/td>\n<td><a href=\"https:\/\/extraetf.com\/de\/etf-profile\/IE000WDG5795\" target=\"_blank\" rel=\"noopener\">IE000WDG5795<\/a><\/td>\n<td class=\"rechts\">10%<\/td>\n<\/tr>\n\n<tr>\n<td>Amundi MSCI Smart Mobility<\/td>\n<td><a href=\"https:\/\/extraetf.com\/de\/etf-profile\/LU2023679090\" target=\"_blank\" rel=\"noopener\">LU2023679090<\/a><\/td>\n<td class=\"rechts\">7.5%<\/td>\n<\/tr>\n\n<tr>\n<td>Invesco Hydrogen Economy<\/td>\n<td><a href=\"https:\/\/extraetf.com\/de\/etf-profile\/IE00053WDH64\" target=\"_blank\" rel=\"noopener\">IE00053WDH64<\/a><\/td>\n<td class=\"rechts\">7.5%<\/td>\n<\/tr>\n\n<!-- Rohstoffe -->\n<tr class=\"table-section\">\n<td colspan=\"3\">Rohstoffe 20%<\/td>\n<\/tr>\n\n<tr>\n<td>iShares Copper Miners<\/td>\n<td><a href=\"https:\/\/extraetf.com\/de\/etf-profile\/IE00063FT9K6\" target=\"_blank\" rel=\"noopener\">IE00063FT9K6<\/a><\/td>\n<td class=\"rechts\">7.5%<\/td>\n<\/tr>\n\n<tr>\n<td>WisdomTree Industrial Metals<\/td>\n<td><a href=\"https:\/\/extraetf.com\/de\/etf-profile\/GB00B15KYG56\" target=\"_blank\" rel=\"noopener\">GB00B15KYG56<\/a><\/td>\n<td class=\"rechts\">7.5%<\/td>\n<\/tr>\n\n<tr>\n<td>VanEck Rare Earth and Strategic Metals<\/td>\n<td><a href=\"https:\/\/extraetf.com\/de\/etf-profile\/IE0002PG6CA6\" target=\"_blank\" rel=\"noopener\">IE0002PG6CA6<\/a><\/td>\n<td class=\"rechts\">5%<\/td>\n<\/tr>\n\n<\/tbody>\n<\/table>\n<\/section>\n\n\n\n<div style=\"height:20px\" aria-hidden=\"true\" class=\"wp-block-spacer\"><\/div>\n\n\n\n<hr class=\"wp-block-separator has-alpha-channel-opacity\"\/>\n\n\n\n<div style=\"height:20px\" aria-hidden=\"true\" class=\"wp-block-spacer\"><\/div>\n\n\n\n<section class=\"boersenabdeckung\">\n<h2>B\u00f6rsenabdeckung (Oktober 2025)<\/h2>\n<table class=\"info-tabelle\">\n<thead>\n<tr>\n<th class=\"kategorie\">Assetklasse<\/th>\n<th class=\"kategorie\">Abdeckung<\/th>\n<\/tr>\n<\/thead>\n<tbody>\n<tr>\n<td>Aktien (80%)<\/td>\n<td>ca. 600 Unternehmen ~18% des Aktienmarktes nach Marktkapitalisierung abgedeckt<\/td>\n<\/tr>\n<tr>\n<td>Rohstoffe (20%)<\/td>\n<td>ca. 17% des an der B\u00f6rse handelbaren Rohstoffmarktes abgedeckt<\/td>\n<\/tr>\n<\/tbody>\n<\/table>\n<\/section>\n\n\n\n<div style=\"height:20px\" aria-hidden=\"true\" class=\"wp-block-spacer\"><\/div>\n\n\n\n<hr class=\"wp-block-separator has-alpha-channel-opacity\"\/>\n\n\n\n<div style=\"height:20px\" aria-hidden=\"true\" class=\"wp-block-spacer\"><\/div>\n\n\n\n<h2 class=\"wp-block-heading\">Globale Aktienmarkt-Abdeckung (Oktober 2025)<\/h2>\n\n\n\n<figure class=\"wp-block-image size-large\"><img loading=\"lazy\" decoding=\"async\" width=\"1024\" height=\"683\" src=\"https:\/\/mueckinvest.com\/wp-content\/uploads\/2026\/01\/Innovation-1024x683.png\" alt=\"\" class=\"wp-image-2654\" srcset=\"https:\/\/mueckinvest.com\/wp-content\/uploads\/2026\/01\/Innovation-1024x683.png 1024w, https:\/\/mueckinvest.com\/wp-content\/uploads\/2026\/01\/Innovation-300x200.png 300w, https:\/\/mueckinvest.com\/wp-content\/uploads\/2026\/01\/Innovation-768x512.png 768w, https:\/\/mueckinvest.com\/wp-content\/uploads\/2026\/01\/Innovation-18x12.png 18w, https:\/\/mueckinvest.com\/wp-content\/uploads\/2026\/01\/Innovation.png 1536w\" sizes=\"auto, (max-width: 1024px) 100vw, 1024px\" \/><\/figure>\n\n\n\n<section class=\"globale-verteilung\">\n<table class=\"info-tabelle\">\n<thead>\n<tr>\n<th class=\"kategorie\">Region<\/th>\n<th class=\"kategorie rechts\">Anteil am Aktienblock<\/th>\n<\/tr>\n<\/thead>\n<tbody>\n<tr>\n<td>Nordamerika<\/td>\n<td class=\"rechts\">ca. 64%<\/td>\n<\/tr>\n<tr>\n<td>Europa<\/td>\n<td class=\"rechts\">ca. 14%<\/td>\n<\/tr>\n<tr>\n<td>Pazifik (Japan, Australien, Neuseeland)<\/td>\n<td class=\"rechts\">ca. 8%<\/td>\n<\/tr>\n<tr>\n<td>Schwellenl\u00e4nder (China, Indien, Taiwan, S\u00fcdkorea etc.)<\/td>\n<td class=\"rechts\">ca. 13%<\/td>\n<\/tr>\n<tr>\n<td>Lateinamerika<\/td>\n<td class=\"rechts\">ca. 1%<\/td>\n<\/tr>\n<tr>\n<td>Afrika &amp; Naher Osten<\/td>\n<td class=\"rechts\">ca. 1%<\/td>\n<\/tr>\n<\/tbody>\n<\/table>\n<\/section>\n\n\n\n<div style=\"height:20px\" aria-hidden=\"true\" class=\"wp-block-spacer\"><\/div>\n\n\n\n<hr class=\"wp-block-separator has-alpha-channel-opacity\"\/>\n\n\n\n<div style=\"height:20px\" aria-hidden=\"true\" class=\"wp-block-spacer\"><\/div>\n\n\n\n<section class=\"branchenverteilung\">\n<h2>Branchenallokation (Oktober 2025)<\/h2>\n<table class=\"info-tabelle\">\n<thead>\n<tr>\n<th class=\"kategorie\">Branche<\/th>\n<th class=\"kategorie rechts\">Anteil am Aktienblock<\/th>\n<\/tr>\n<\/thead>\n<tbody>\n<tr>\n<td>Informationstechnologie<\/td>\n<td class=\"rechts\">ca. 39%<\/td>\n<\/tr>\n<tr>\n<td>Industrie (inkl. Smart Grid, Smart Mobility, Wasserstofftechnik)<\/td>\n<td class=\"rechts\">ca. 27%<\/td>\n<\/tr>\n<tr>\n<td>Materialien (Lithium, Batterierohstoffe, Spezialchemie)<\/td>\n<td class=\"rechts\">ca. 11%<\/td>\n<\/tr>\n<tr>\n<td>Immobilien (Data Center REITs &amp; digitale Infrastruktur)<\/td>\n<td class=\"rechts\">ca. 7%<\/td>\n<\/tr>\n<tr>\n<td>Energie (erneuerbare Energien, Wasserstoff)<\/td>\n<td class=\"rechts\">ca. 7%<\/td>\n<\/tr>\n<tr>\n<td>Kommunikationsdienste (Halbleiter- und Tech-Unternehmen mit Kommunikationsfokus)<\/td>\n<td class=\"rechts\">ca. 5%<\/td>\n<\/tr>\n<tr>\n<td>Sonstige<\/td>\n<td class=\"rechts\">ca. 4%<\/td>\n<\/tr>\n<\/tbody>\n<\/table>\n<\/section>\n\n\n\n<div style=\"height:20px\" aria-hidden=\"true\" class=\"wp-block-spacer\"><\/div>\n\n\n\n<hr class=\"wp-block-separator has-alpha-channel-opacity\"\/>\n\n\n\n<div style=\"height:20px\" aria-hidden=\"true\" class=\"wp-block-spacer\"><\/div>\n\n\n\n<h2 class=\"wp-block-heading\">Strategische Zusammenfassung<\/h2>\n\n\n\n<p>Innovation Nexus setzt auf eine <strong>logisch aufgebaute Themenstruktur<\/strong>, die die komplette Kette technologischer Wertsch\u00f6pfung abdeckt: Infrastruktur, Energie, Robotik, Mobilit\u00e4t, digitale Plattformen, KI\u2011getriebene Anwendungen sowie Biowissenschaften. Die Strategie zielt darauf ab, Synergien zwischen diesen Stufen zu nutzen und ein Portfolio zu schaffen, das strukturelles Wachstum \u00fcber alle Ebenen moderner Innovation hinweg einf\u00e4ngt.<\/p>\n","protected":false},"excerpt":{"rendered":"<p>Innovation Nexus investiert entlang der gesamten technologischen Wertsch\u00f6pfungskette \u2013 von Infrastruktur und Hardware \u00fcber Software und digitale Plattformen bis hin zu biowissenschaftlichen Zukunftstechnologien. Das Portfolio b\u00fcndelt jene Innovationsfelder, die gemeinsam den Fortschritt moderner Technologie erm\u00f6glichen und langfristiges Wachstum antreiben. Performance Strategie &amp; Ansatz Zielsetzung Teilnahme an den gro\u00dfen Innovationssch\u00fcben der Weltwirtschaft Umsetzung Investition in Unternehmen [&hellip;]<\/p>\n","protected":false},"author":1,"featured_media":0,"parent":0,"menu_order":0,"comment_status":"closed","ping_status":"closed","template":"page-no-sidebar","meta":{"pmpro_default_level":"","_monsterinsights_skip_tracking":false,"_monsterinsights_sitenote_active":false,"_monsterinsights_sitenote_note":"","_monsterinsights_sitenote_category":0,"footnotes":""},"class_list":["post-77","page","type-page","status-publish","hentry","pmpro-has-access"],"aioseo_notices":[],"_links":{"self":[{"href":"https:\/\/mueckinvest.com\/it\/wp-json\/wp\/v2\/pages\/77","targetHints":{"allow":["GET"]}}],"collection":[{"href":"https:\/\/mueckinvest.com\/it\/wp-json\/wp\/v2\/pages"}],"about":[{"href":"https:\/\/mueckinvest.com\/it\/wp-json\/wp\/v2\/types\/page"}],"author":[{"embeddable":true,"href":"https:\/\/mueckinvest.com\/it\/wp-json\/wp\/v2\/users\/1"}],"replies":[{"embeddable":true,"href":"https:\/\/mueckinvest.com\/it\/wp-json\/wp\/v2\/comments?post=77"}],"version-history":[{"count":10,"href":"https:\/\/mueckinvest.com\/it\/wp-json\/wp\/v2\/pages\/77\/revisions"}],"predecessor-version":[{"id":3836,"href":"https:\/\/mueckinvest.com\/it\/wp-json\/wp\/v2\/pages\/77\/revisions\/3836"}],"wp:attachment":[{"href":"https:\/\/mueckinvest.com\/it\/wp-json\/wp\/v2\/media?parent=77"}],"curies":[{"name":"wp","href":"https:\/\/api.w.org\/{rel}","templated":true}]}}