{"id":4161,"date":"2026-03-23T11:00:00","date_gmt":"2026-03-23T10:00:00","guid":{"rendered":"https:\/\/mueckinvest.com\/?page_id=4161"},"modified":"2026-03-23T11:00:00","modified_gmt":"2026-03-23T10:00:00","slug":"analysen","status":"publish","type":"page","link":"https:\/\/mueckinvest.com\/it\/analysen\/","title":{"rendered":"Analisi"},"content":{"rendered":"<p>Die folgenden Analysen bieten einen kompakten \u00dcberblick \u00fcber die wichtigsten Entwicklungen an den Finanzm\u00e4rkten. Jede Kategorie fasst die j\u00fcngsten Trends zusammen und zeigt, welche Faktoren M\u00e4rkte, Zinsen, Rohstoffe, Immobilien und Kryptow\u00e4hrungen aktuell pr\u00e4gen. Die Beitr\u00e4ge werden automatisch aktualisiert und lassen sich bequem durchbl\u00e4ttern, sodass jederzeit die neuesten Einsch\u00e4tzungen verf\u00fcgbar sind.<\/p>\n\n\n    <form method=\"GET\" class=\"mi-analysis-filter\" style=\"margin-bottom:25px;\" action=\"\">\n\n        <label>Anno:<\/label>\n        <select name=\"jahr\">\n                            <option value=\"2026\" selected>2026<\/option>\n                            <option value=\"2025\" >2025<\/option>\n                    <\/select>\n\n        <label style=\"margin-left:20px;\">Quartal:<\/label>\n        <select name=\"quartal\">\n            <option value=\"0\"  selected>Alle<\/option>\n            <option value=\"1\"  >Q1 (Jan\u2013M\u00e4r)<\/option>\n            <option value=\"2\"  >Q2 (Apr\u2013Jun)<\/option>\n            <option value=\"3\"  >Q3 (Jul\u2013Sep)<\/option>\n            <option value=\"4\"  >Q4 (Okt\u2013Dez)<\/option>\n        <\/select>\n\n        <button type=\"submit\" style=\"margin-left:20px;\">Filtern<\/button>\n\n    <input type=\"hidden\" name=\"trp-form-language\" value=\"it\"\/><\/form>\n    <h4>Analisi di mercato<\/h4><ul class=\"mi-analysis-list\"><li><a href=\"https:\/\/mueckinvest.com\/it\/marktanalyse-maerz-2026\/\">Marktanalyse: M\u00e4rz 2026<\/a> <span style=\"opacity:0.6;\">(04/01/2026)<\/span><\/li><li><a href=\"https:\/\/mueckinvest.com\/it\/marktanalyse-februar-2026\/\">Analisi di mercato: febbraio 2026<\/a> <span style=\"opacity:0.6;\">(03/01/2026)<\/span><\/li><li><a href=\"https:\/\/mueckinvest.com\/it\/marktanalyse-januar-2026\/\">Marktanalyse: Januar 2026<\/a> <span style=\"opacity:0.6;\">(02/01/2026)<\/span><\/li><\/ul><h4>Crypto\u2011Analyse<\/h4><ul class=\"mi-analysis-list\"><li><a href=\"https:\/\/mueckinvest.com\/it\/crypto-analyse-23-maerz-2026\/\">Crypto-Analyse: M\u00e4rz 2026<\/a> <span style=\"opacity:0.6;\">(18/03/2026)<\/span><\/li><\/ul><h4>Analisi immobiliare<\/h4><ul class=\"mi-analysis-list\"><li><a href=\"https:\/\/mueckinvest.com\/it\/immobilienanalyse-maerz-2026\/\">Immobilienanalyse: M\u00e4rz 2026<\/a> <span style=\"opacity:0.6;\">(25/03/2026)<\/span><\/li><\/ul><h4>Analisi delle materie prime<\/h4><ul class=\"mi-analysis-list\"><li><a href=\"https:\/\/mueckinvest.com\/it\/rohstoffanalyse-maerz-2026\/\">Rohstoffanalyse: M\u00e4rz 2026<\/a> <span style=\"opacity:0.6;\">(03/11/2026)<\/span><\/li><\/ul><h4>Sektor\u2011Radar<\/h4><ul class=\"mi-analysis-list\"><li><a href=\"https:\/\/mueckinvest.com\/it\/sektor-radar-maerz-2026\/\">Sektor-Radar: M\u00e4rz 2026<\/a> <span style=\"opacity:0.6;\">(03/08/2026)<\/span><\/li><\/ul><h4>Analisi valutaria<\/h4><ul class=\"mi-analysis-list\"><li><a href=\"https:\/\/mueckinvest.com\/it\/waehrungsanalyse-maerz-2026\/\">W\u00e4hrungsanalyse: M\u00e4rz 2026<\/a> <span style=\"opacity:0.6;\">(15/03/2026)<\/span><\/li><\/ul><h4>Analisi del tasso di interesse<\/h4><ul class=\"mi-analysis-list\"><li><a href=\"https:\/\/mueckinvest.com\/it\/zinsanalyse-april-2026\/\">Zinsanalyse: April 2026<\/a> <span style=\"opacity:0.6;\">(04/04/2026)<\/span><\/li><li><a href=\"https:\/\/mueckinvest.com\/it\/zinsanalyse-maerz-2026\/\">Zinsanalyse: M\u00e4rz 2026<\/a> <span style=\"opacity:0.6;\">(03/04/2026)<\/span><\/li><\/ul><h4>Analisi annuale<\/h4><ul class=\"mi-analysis-list\"><li style=\"opacity:0.6;\">Keine Beitr\u00e4ge im gew\u00e4hlten Zeitraum.<\/li><\/ul>","protected":false},"excerpt":{"rendered":"<div class=\"pmpro\"><div class=\"pmpro_card pmpro_content_message\"><h2 class=\"pmpro_card_title pmpro_font-large\"><svg xmlns=\"http:\/\/www.w3.org\/2000\/svg\" width=\"24\" height=\"24\" viewbox=\"0 0 24 24\" fill=\"none\" stroke=\"var(--pmpro--color--accent)\" stroke-width=\"2\" stroke-linecap=\"round\" stroke-linejoin=\"round\" class=\"feather feather-lock\"><rect x=\"3\" y=\"11\" width=\"18\" height=\"11\" rx=\"2\" ry=\"2\"><\/rect><path d=\"M7 11V7a5 5 0 0 1 10 0v4\"><\/path><\/svg>Membership Required<\/h2><div class=\"pmpro_card_content\"><p> You must be a member to access this content.<\/p><p><a class=\"pmpro_btn\" href=\"https:\/\/mueckinvest.com\/it\/pakete\/\">View Membership Levels<\/a><\/p><\/div><div class=\"pmpro_card_actions pmpro_font-medium\">Already a member? <a href=\"https:\/\/mueckinvest.com\/it\/login-2\/?redirect_to=https%3A%2F%2Fmueckinvest.com%2Fit%2Fzinsanalyse-maerz-2026%2F\">Log in here<\/a><\/div><\/div><\/div>","protected":false},"author":1,"featured_media":0,"parent":0,"menu_order":0,"comment_status":"closed","ping_status":"closed","template":"","meta":{"pmpro_default_level":"","_monsterinsights_skip_tracking":false,"_monsterinsights_sitenote_active":false,"_monsterinsights_sitenote_note":"","_monsterinsights_sitenote_category":0,"footnotes":""},"class_list":["post-4161","page","type-page","status-publish","hentry","pmpro-has-access"],"aioseo_notices":[],"_links":{"self":[{"href":"https:\/\/mueckinvest.com\/it\/wp-json\/wp\/v2\/pages\/4161","targetHints":{"allow":["GET"]}}],"collection":[{"href":"https:\/\/mueckinvest.com\/it\/wp-json\/wp\/v2\/pages"}],"about":[{"href":"https:\/\/mueckinvest.com\/it\/wp-json\/wp\/v2\/types\/page"}],"author":[{"embeddable":true,"href":"https:\/\/mueckinvest.com\/it\/wp-json\/wp\/v2\/users\/1"}],"replies":[{"embeddable":true,"href":"https:\/\/mueckinvest.com\/it\/wp-json\/wp\/v2\/comments?post=4161"}],"version-history":[{"count":1,"href":"https:\/\/mueckinvest.com\/it\/wp-json\/wp\/v2\/pages\/4161\/revisions"}],"predecessor-version":[{"id":4162,"href":"https:\/\/mueckinvest.com\/it\/wp-json\/wp\/v2\/pages\/4161\/revisions\/4162"}],"wp:attachment":[{"href":"https:\/\/mueckinvest.com\/it\/wp-json\/wp\/v2\/media?parent=4161"}],"curies":[{"name":"wp","href":"https:\/\/api.w.org\/{rel}","templated":true}]}}