{"id":3984,"date":"2026-03-13T11:00:00","date_gmt":"2026-03-13T10:00:00","guid":{"rendered":"https:\/\/mueckinvest.com\/?page_id=3984"},"modified":"2026-03-17T17:00:00","modified_gmt":"2026-03-17T16:00:00","slug":"storia","status":"publish","type":"page","link":"https:\/\/mueckinvest.com\/it\/geschichte\/","title":{"rendered":"Storia, sviluppo e tabella di marcia"},"content":{"rendered":"<p><strong>Perch\u00e9 mostro apertamente il mio percorso di sviluppo<\/strong><\/p>\n\n\n\n<p>Per me \u00e8 fondamentale mostrare in modo trasparente come Mueckinvest si \u00e8 sviluppata passo dopo passo. Soprattutto nel settore finanziario, la fiducia \u00e8 cruciale, e si costruisce quando si comprende come un prodotto viene creato, cresce e migliora. Per questo motivo, dal 2025 documento il mio percorso, mostrando chiaramente su cosa sto lavorando, cosa \u00e8 gi\u00e0 stato realizzato e quali sono i prossimi passi.<\/p>\n\n\n\n<details class=\"wp-block-details is-layout-flow wp-block-details-is-layout-flow\"><summary><strong>2025<\/strong><\/summary>\n<h2 class=\"wp-block-heading\">Agosto 2025 \u2013 Fase di analisi: i wikifogli sotto i riflettori<\/h2>\n\n\n\n<p>Il punto di partenza di Mueckinvest. Durante questa fase, l&#039;attenzione si \u00e8 concentrata sull&#039;analisi dettagliata dei Wikifolio, delle strategie di investimento e degli errori tipici degli investitori. Le conoscenze acquisite hanno costituito la base per la successiva idea di una piattaforma finanziaria chiara, comprensibile e orientata al lungo termine.<\/p>\n\n\n\n<h2 class=\"wp-block-heading\">Ottobre 2025 \u2013 Primo sito web e costruzione del marchio<\/h2>\n\n\n\n<p>La prima versione del sito web di Mueckinvest \u00e8 stata pubblicata online. L&#039;obiettivo era presentare le conoscenze finanziarie in modo strutturato e comprensibile. Parallelamente, \u00e8 stata sviluppata l&#039;identit\u00e0 del marchio: minimalista, essenziale e con una visione a lungo termine.<\/p>\n\n\n\n<h2 class=\"wp-block-heading\">Dicembre 2025 \u2013 Approfondimenti tematici<\/h2>\n\n\n\n<p>\u00c8 iniziato il lavoro intensivo sui contenuti. Sono stati creati progetti completi. <a href=\"https:\/\/mueckinvest.com\/it\/argomenti-di-approfondimento\/\" title=\"Approfondimento sugli argomenti\">Immersioni profonde<\/a> ETF, rischio, diversificazione, <a href=\"https:\/\/mueckinvest.com\/it\/riequilibrio\/\" title=\"Riequilibrio\">Riequilibrio <\/a>e strategie di investimento a lungo termine. Questo contenuto \u00e8 poi diventato la base di conoscenza dell&#039;IA Mueckinvest.<\/p>\n<\/details>\n\n\n\n<details class=\"wp-block-details is-layout-flow wp-block-details-is-layout-flow\"><summary><strong>2026<\/strong><\/summary>\n<h2 class=\"wp-block-heading\">Gennaio 2026 \u2013 Inizio dello sviluppo dell&#039;app Android<\/h2>\n\n\n\n<p>Inizio ufficiale dell&#039;implementazione tecnica. L&#039;architettura \u00e8 stata volutamente progettata per essere snella, scalabile e applicabile a livello globale. Sono stati sviluppati i prototipi iniziali dell&#039;interfaccia utente e il modello dati per le informazioni sugli ETF.<\/p>\n\n\n\n<h2 class=\"wp-block-heading\">Febbraio 2026 \u2013 Creazione dell&#039;IA<\/h2>\n\n\n\n<p>Inizio del <a href=\"https:\/\/mueckinvest.com\/it\/mueckinvest-ki\/\" title=\"Mueckinvest AI\">Integrazione dell&#039;IA<\/a> con particolare attenzione alla competenza esplicativa autentica piuttosto che a risposte generiche. Sviluppo della pipeline RAG, degli embedding iniziali e delle strutture del database vettoriale. Parallelamente, \u00e8 iniziata la pianificazione del supporto multilingue per la distribuzione globale.<\/p>\n\n\n\n<h2 class=\"wp-block-heading\">17 marzo 2026 \u2013 Il lancio \u00e8 stato completato \ud83c\udf0d<\/h2>\n\n\n\n<p>Android <a href=\"https:\/\/mueckinvest.com\/it\/app-android\/\" title=\"App Mueckinvest\">App Mueckinvest<\/a> \u00c8 finalmente online. Dopo un&#039;intensa preparazione, l&#039;infrastruttura globale \u00e8 operativa, i server funzionano senza intoppi e l&#039;intelligenza artificiale sta gi\u00e0 fornendo ottimi risultati.<\/p>\n<\/details>\n\n\n\n<details class=\"wp-block-details is-layout-flow wp-block-details-is-layout-flow\"><summary><strong>Pianificazione \/ Tabella di marcia<\/strong><\/summary>\n<h2 class=\"wp-block-heading\">Aprile \u2013 Giugno 2026<\/h2>\n\n\n\n<p>Lo sviluppo della versione nativa iOS di &quot;Mueckinvest&quot; e &quot;Mueckinvest AI&quot; \u00e8 iniziato. L&#039;obiettivo \u00e8 un&#039;app stabile, veloce e intuitiva che integri perfettamente l&#039;esperienza web e Android gi\u00e0 esistente.<\/p>\n\n\n\n<p>Insieme all&#039;app Android (&quot;Mueckinvest&quot;), verr\u00e0 rilasciata anche l&#039;app standalone &quot;Mueckinvest AI&quot;. Quest&#039;ultima offre una chat basata sull&#039;intelligenza artificiale specializzata in ETF, investimenti a lungo termine e formazione finanziaria, ottimizzata per 20 lingue e utenti internazionali.<\/p>\n\n\n\n<h2 class=\"wp-block-heading\">Entro la fine del 2026<\/h2>\n\n\n\n<p><strong>Stabilit\u00e0 dell&#039;architettura<\/strong>Fino alla fine dell&#039;anno, l&#039;attenzione si concentrer\u00e0 sul rafforzamento delle fondamenta tecniche di Mueckinvest. L&#039;architettura esistente di server e database sar\u00e0 costantemente monitorata, ottimizzata e testata in condizioni di utilizzo reali. L&#039;obiettivo \u00e8 una piattaforma stabile, scalabile e affidabile in modo permanente per tutti i mercati internazionali.<\/p>\n\n\n\n<p><strong>Correzione continua dei bug<\/strong>Con l&#039;ampliamento delle funzionalit\u00e0 e i primi riscontri degli utenti, l&#039;analisi sistematica degli errori \u00e8 ora al centro dell&#039;attenzione. I bug identificati vengono corretti tempestivamente, i processi vengono perfezionati e le prestazioni complessive delle app vengono ulteriormente migliorate.<\/p>\n\n\n\n<p><strong>Controllo qualit\u00e0 e messa a punto<\/strong>Oltre agli aggiustamenti tecnici, vengono continuamente ottimizzati i dettagli dell&#039;interfaccia utente, i tempi di caricamento, la qualit\u00e0 della risposta dell&#039;IA e il supporto multilingue. L&#039;obiettivo \u00e8 trasformare Mueckinvest in una piattaforma di IA finanziaria stabile, funzionale e implementabile a livello internazionale entro la fine dell&#039;anno.<\/p>\n<\/details>","protected":false},"excerpt":{"rendered":"<p>Warum ich meine Entwicklung offen zeige F\u00fcr mich ist es wichtig, transparent zu zeigen, wie sich Mueckinvest Schritt f\u00fcr Schritt entwickelt hat. Gerade im Finanzbereich z\u00e4hlt Vertrauen \u2013 und Vertrauen entsteht, wenn man nachvollziehen kann, wie ein Produkt entsteht, w\u00e4chst und sich verbessert. Deshalb dokumentiere ich meinen Weg seit 2025 und zeige klar, woran ich [&hellip;]<\/p>\n","protected":false},"author":1,"featured_media":0,"parent":0,"menu_order":0,"comment_status":"closed","ping_status":"closed","template":"","meta":{"pmpro_default_level":"","_monsterinsights_skip_tracking":false,"_monsterinsights_sitenote_active":false,"_monsterinsights_sitenote_note":"","_monsterinsights_sitenote_category":0,"footnotes":""},"class_list":["post-3984","page","type-page","status-publish","hentry","pmpro-has-access"],"aioseo_notices":[],"_links":{"self":[{"href":"https:\/\/mueckinvest.com\/it\/wp-json\/wp\/v2\/pages\/3984","targetHints":{"allow":["GET"]}}],"collection":[{"href":"https:\/\/mueckinvest.com\/it\/wp-json\/wp\/v2\/pages"}],"about":[{"href":"https:\/\/mueckinvest.com\/it\/wp-json\/wp\/v2\/types\/page"}],"author":[{"embeddable":true,"href":"https:\/\/mueckinvest.com\/it\/wp-json\/wp\/v2\/users\/1"}],"replies":[{"embeddable":true,"href":"https:\/\/mueckinvest.com\/it\/wp-json\/wp\/v2\/comments?post=3984"}],"version-history":[{"count":13,"href":"https:\/\/mueckinvest.com\/it\/wp-json\/wp\/v2\/pages\/3984\/revisions"}],"predecessor-version":[{"id":4021,"href":"https:\/\/mueckinvest.com\/it\/wp-json\/wp\/v2\/pages\/3984\/revisions\/4021"}],"wp:attachment":[{"href":"https:\/\/mueckinvest.com\/it\/wp-json\/wp\/v2\/media?parent=3984"}],"curies":[{"name":"wp","href":"https:\/\/api.w.org\/{rel}","templated":true}]}}