{"id":380,"date":"2025-10-09T10:03:20","date_gmt":"2025-10-09T10:03:20","guid":{"rendered":"https:\/\/mueckinvest.de\/?page_id=380"},"modified":"2026-01-05T07:00:00","modified_gmt":"2026-01-05T06:00:00","slug":"confronto-di-corewikifolio","status":"publish","type":"page","link":"https:\/\/mueckinvest.com\/it\/kernwikifolio-vergleich\/","title":{"rendered":"Confronto dei principali Wikifolio"},"content":{"rendered":"<div class=\"tabelle-vollbild\">\n  <table class=\"info-tabelle vergleich has-fixed-layout\">\n    <thead>\n      <tr>\n        <th class=\"kategorie\">categoria<\/th>\n        <th class=\"wikifolio\">\n          <a href=\"https:\/\/mueckinvest.com\/it\/investimenti-intelligenti-in-tutto-il-mondo-2\/\" target=\"_blank\" rel=\"noopener\">\n            Investimenti intelligenti a livello globale\n          <\/a>\n        <\/th>\n        <th class=\"wikifolio\">\n          <a href=\"https:\/\/mueckinvest.com\/it\/nucleo-e-tendenze-globali-2\/\" target=\"_blank\" rel=\"noopener\">\n            Nucleo globale e tendenze\n          <\/a>\n        <\/th>\n        <th class=\"wikifolio\">\n          <a href=\"https:\/\/mueckinvest.com\/it\/scudo-globale-2\/\" target=\"_blank\" rel=\"noopener\">\n            Scudo Globale\n          <\/a>\n        <\/th>\n      <\/tr>\n    <\/thead>\n\n    <tbody>\n      <tr>\n        <td class=\"highlight\">allineamento<\/td>\n        <td>Portafoglio globale multi-asset con criteri ESG, multifattoriali e criptovalute.<\/td>\n        <td>Strategie di portafoglio azionario puro e basate su fattori<\/td>\n        <td>Portafoglio difensivo multi-asset incentrato su obbligazioni, materie prime e oro.<\/td>\n      <\/tr>\n\n      <tr>\n        <td class=\"highlight\">Classe di rischio<\/td>\n        <td class=\"risiko-ausgewogen\">equilibrato<\/td>\n        <td class=\"risiko-chancenorientiert\">orientato alle opportunit\u00e0<\/td>\n        <td class=\"risiko-defensiv\">difensiva<\/td>\n      <\/tr>\n\n      <tr>\n        <td class=\"highlight\">compenso per la performance<\/td>\n        <td>10%<\/td>\n        <td>10%<\/td>\n        <td>15%<\/td>\n      <\/tr>\n\n      <tr>\n        <td class=\"highlight\">universo degli investimenti<\/td>\n        <td>Tutti gli ETF sono disponibili su Wikifolio.com<\/td>\n        <td>Tutti gli ETF azionari sono disponibili su Wikifolio.com<\/td>\n        <td>Tutti gli ETF sono disponibili su Wikifolio.com<\/td>\n      <\/tr>\n\n      <tr>\n        <td class=\"highlight\">Riequilibrio<\/td>\n        <td>Trimestrale<\/td>\n        <td>Trimestrale<\/td>\n        <td>Trimestrale<\/td>\n      <\/tr>\n\n      <tr>\n        <td class=\"highlight\">Azioni<\/td>\n        <td>~ 60 % (ESG + multifattoriale)<br>circa 5.800 aziende<\/td>\n        <td>100 % (incl. Small Caps, mercati emergenti, fattori)<br>circa 8.500 aziende<\/td>\n        <td>~ 30 % (difensivo: ESG, beni di consumo, volatilit\u00e0 minima)<br>circa 600 aziende<\/td>\n      <\/tr>\n\n      <tr>\n        <td class=\"highlight\">obbligazioni<\/td>\n        <td>~25 % (Aggregati, HY, EM, legati all&#039;inflazione)<br>circa 21.500 obbligazioni<\/td>\n        <td>\u2013<\/td>\n        <td>~ 50 % (Aggregati, HY, EM, legati all&#039;inflazione, ultrabrevi)<br>circa 22.000 obbligazioni<\/td>\n      <\/tr>\n\n      <tr>\n        <td class=\"highlight\">Materie prime<\/td>\n        <td>~ 6 % (paniere di materie prime ampio)<br>circa 90% del mercato delle materie prime<\/td>\n        <td>\u2013<\/td>\n        <td>~ 10 % (paniere di materie prime ampio)<br>circa 90% del mercato delle materie prime<\/td>\n      <\/tr>\n\n      <tr>\n        <td class=\"highlight\">Oro<\/td>\n        <td>~ 4 %<\/td>\n        <td>\u2013<\/td>\n        <td>~ 10 %<\/td>\n      <\/tr>\n\n      <tr>\n        <td class=\"highlight\">Criptovalute<\/td>\n        <td>~ 5 % (Le 20 principali criptovalute)<\/td>\n        <td>\u2013<\/td>\n        <td>\u2013<\/td>\n      <\/tr>\n\n      <tr>\n        <td class=\"highlight\">Strategie fattoriali<\/td>\n        <td>Multifattoriale (~20 %)<\/td>\n        <td>Multifattoriale, Momentum, Valore, Small Cap (~37 %)<\/td>\n        <td>Volatilit\u00e0 minima (EM), settori difensivi<\/td>\n      <\/tr>\n\n      <tr>\n        <td class=\"highlight\">Integrazione ESG<\/td>\n        <td>Stark (azioni + obbligazioni)<\/td>\n        <td>Parzialmente (tramite ETF multifattoriale)<\/td>\n        <td>Stark (obbligazioni ESG, azioni ESG)<\/td>\n      <\/tr>\n    <\/tbody>\n  <\/table>\n<\/div>\n\n<!-- Wrapper f\u00fcr die mobilen Spalten-Cards -->\n<div class=\"vergleich-cards\"><\/div>\n\n\n\n\n<section id=\"important-note\">\n<div class=\"note-container\">\n<p>Queste informazioni sono fornite a titolo puramente indicativo e non sostituiscono la consulenza in materia di investimenti.<\/p>\n<\/div>\n<\/section>","protected":false},"excerpt":{"rendered":"<p>Kategorie Weltweit Smart Investiert Global Core and Trends Global Shield Ausrichtung Globales Multi-Asset mit ESG, Multifaktor &amp; Krypto Reines Aktienportfolio &amp; Faktorstrategien Defensives Multi-Asset mit Fokus Anleihen, Rohstoffe &amp; Gold Risikoklasse ausgewogen chancenorientiert defensiv Performance Geb\u00fchr 10% 10% 15% Anlageuniversum Alle auf Wikifolio.com verf\u00fcgbaren ETFs Alle auf Wikifolio.com verf\u00fcgbaren Aktien ETFs Alle auf Wikifolio.com verf\u00fcgbaren [&hellip;]<\/p>\n","protected":false},"author":1,"featured_media":0,"parent":0,"menu_order":0,"comment_status":"closed","ping_status":"closed","template":"page-no-sidebar","meta":{"pmpro_default_level":"","_monsterinsights_skip_tracking":false,"_monsterinsights_sitenote_active":false,"_monsterinsights_sitenote_note":"","_monsterinsights_sitenote_category":0,"footnotes":""},"class_list":["post-380","page","type-page","status-publish","hentry","pmpro-has-access"],"aioseo_notices":[],"_links":{"self":[{"href":"https:\/\/mueckinvest.com\/it\/wp-json\/wp\/v2\/pages\/380","targetHints":{"allow":["GET"]}}],"collection":[{"href":"https:\/\/mueckinvest.com\/it\/wp-json\/wp\/v2\/pages"}],"about":[{"href":"https:\/\/mueckinvest.com\/it\/wp-json\/wp\/v2\/types\/page"}],"author":[{"embeddable":true,"href":"https:\/\/mueckinvest.com\/it\/wp-json\/wp\/v2\/users\/1"}],"replies":[{"embeddable":true,"href":"https:\/\/mueckinvest.com\/it\/wp-json\/wp\/v2\/comments?post=380"}],"version-history":[{"count":0,"href":"https:\/\/mueckinvest.com\/it\/wp-json\/wp\/v2\/pages\/380\/revisions"}],"wp:attachment":[{"href":"https:\/\/mueckinvest.com\/it\/wp-json\/wp\/v2\/media?parent=380"}],"curies":[{"name":"wp","href":"https:\/\/api.w.org\/{rel}","templated":true}]}}