{"id":3336,"date":"2026-02-01T22:00:00","date_gmt":"2026-02-01T21:00:00","guid":{"rendered":"https:\/\/mueckinvest.de\/?page_id=3336"},"modified":"2026-03-18T15:17:14","modified_gmt":"2026-03-18T14:17:14","slug":"i-principi-promettono","status":"publish","type":"page","link":"https:\/\/mueckinvest.com\/it\/prinzipien-versprechen\/","title":{"rendered":"Principi \/ Promessa"},"content":{"rendered":"<h2 class=\"wp-block-heading\"><strong>I miei principi<\/strong><\/h2>\n\n\n\n<h3 class=\"wp-block-heading\"><strong>Investo a lungo termine<\/strong><\/h3>\n\n\n\n<p>Non prendo decisioni per oggi o per domani, ma per i prossimi decenni.<\/p>\n\n\n\n<h3 class=\"wp-block-heading\"><strong>Rimango calmo<\/strong><\/h3>\n\n\n\n<p>Non mi lascio distrarre dalle tendenze, dai titoli dei giornali o dal rumore di fondo a breve termine.<\/p>\n\n\n\n<h3 class=\"wp-block-heading\"><strong>Cerco di mantenere le cose semplici.<\/strong><\/h3>\n\n\n\n<p>Mi concentro su strutture chiare, strategie comprensibili e fondamenta solide.<\/p>\n\n\n\n<hr class=\"wp-block-separator has-alpha-channel-opacity\"\/>\n\n\n\n<h1 class=\"wp-block-heading\">\u2b50 <strong>I miei principi<\/strong><\/h1>\n\n\n\n<h3 class=\"wp-block-heading\"><strong>Mi fido dei dati, non delle sensazioni.<\/strong><\/h3>\n\n\n\n<p>Le mie decisioni si basano sui fatti, non sulle emozioni.<\/p>\n\n\n\n<h3 class=\"wp-block-heading\"><strong>Rimarr\u00f2 indipendente.<\/strong><\/h3>\n\n\n\n<p>Lavoro senza pubblicit\u00e0, senza commissioni e senza interessi nascosti.<\/p>\n\n\n\n<h3 class=\"wp-block-heading\"><strong>Considero il tempo il mio alleato pi\u00f9 potente.<\/strong><\/h3>\n\n\n\n<p>Mi affido al potere dell&#039;interesse composto, non al tempismo o alla speculazione.<\/p>\n\n\n\n<hr class=\"wp-block-separator has-alpha-channel-opacity\"\/>\n\n\n\n<h1 class=\"wp-block-heading\">\u2b50 <strong>Ci\u00f2 che deliberatamente non faccio<\/strong><\/h1>\n\n\n\n<h3 class=\"wp-block-heading\"><strong>Non fornisco consigli su singoli titoli azionari.<\/strong><\/h3>\n\n\n\n<p>Non mi comporto da analista e non fornisco segnali di acquisto o di vendita.<\/p>\n\n\n\n<h3 class=\"wp-block-heading\"><strong>Non mi occupo di trading.<\/strong><\/h3>\n\n\n\n<p>Non inseguo le mode, i titoli azionari legati ai meme o i guadagni a breve termine.<\/p>\n\n\n\n<h3 class=\"wp-block-heading\"><strong>Prometto che non ci saranno scorciatoie.<\/strong><\/h3>\n\n\n\n<p>Non vendo miracoli mentali, banalit\u00e0 motivazionali o illusioni.<\/p>\n\n\n\n<h3 class=\"wp-block-heading\"><strong>Non faccio pubblicit\u00e0.<\/strong><\/h3>\n\n\n\n<p>Non utilizzo link di affiliazione n\u00e9 partnership commerciali.<\/p>\n\n\n\n<h3 class=\"wp-block-heading\"><strong>Non mi lascio sopraffare.<\/strong><\/h3>\n\n\n\n<p>Riduco la complessit\u00e0 anzich\u00e9 aumentarla.<\/p>","protected":false},"excerpt":{"rendered":"<p>Meine Prinzipien Ich investiere langfristig Ich treffe Entscheidungen nicht f\u00fcr heute oder morgen, sondern f\u00fcr die n\u00e4chsten Jahrzehnte. Ich bleibe ruhig Ich lasse mich nicht von Trends, Schlagzeilen oder kurzfristigem L\u00e4rm ablenken. Ich halte Dinge einfach Ich setze auf klare Strukturen, verst\u00e4ndliche Strategien und robuste Grundlagen. \u2b50 Meine Grunds\u00e4tze Ich vertraue auf Daten, nicht auf [&hellip;]<\/p>\n","protected":false},"author":1,"featured_media":0,"parent":0,"menu_order":0,"comment_status":"closed","ping_status":"closed","template":"","meta":{"pmpro_default_level":"","_monsterinsights_skip_tracking":false,"_monsterinsights_sitenote_active":false,"_monsterinsights_sitenote_note":"","_monsterinsights_sitenote_category":0,"footnotes":""},"class_list":["post-3336","page","type-page","status-publish","hentry","pmpro-has-access"],"aioseo_notices":[],"_links":{"self":[{"href":"https:\/\/mueckinvest.com\/it\/wp-json\/wp\/v2\/pages\/3336","targetHints":{"allow":["GET"]}}],"collection":[{"href":"https:\/\/mueckinvest.com\/it\/wp-json\/wp\/v2\/pages"}],"about":[{"href":"https:\/\/mueckinvest.com\/it\/wp-json\/wp\/v2\/types\/page"}],"author":[{"embeddable":true,"href":"https:\/\/mueckinvest.com\/it\/wp-json\/wp\/v2\/users\/1"}],"replies":[{"embeddable":true,"href":"https:\/\/mueckinvest.com\/it\/wp-json\/wp\/v2\/comments?post=3336"}],"version-history":[{"count":2,"href":"https:\/\/mueckinvest.com\/it\/wp-json\/wp\/v2\/pages\/3336\/revisions"}],"predecessor-version":[{"id":4030,"href":"https:\/\/mueckinvest.com\/it\/wp-json\/wp\/v2\/pages\/3336\/revisions\/4030"}],"wp:attachment":[{"href":"https:\/\/mueckinvest.com\/it\/wp-json\/wp\/v2\/media?parent=3336"}],"curies":[{"name":"wp","href":"https:\/\/api.w.org\/{rel}","templated":true}]}}