{"id":3,"date":"2025-09-09T17:11:37","date_gmt":"2025-09-09T17:11:37","guid":{"rendered":"https:\/\/mueckinvest.de\/?page_id=3"},"modified":"2026-03-08T19:20:48","modified_gmt":"2026-03-08T18:20:48","slug":"informativa-sulla-privacy","status":"publish","type":"page","link":"https:\/\/mueckinvest.com\/it\/privacy-policy\/","title":{"rendered":"Politica sulla riservatezza"},"content":{"rendered":"<h2 class=\"wp-block-heading\"><strong>1. Introduzione<\/strong><\/h2>\n\n\n\n<p>La presente informativa sulla privacy spiega come mueckinvest.com (di seguito &quot;Sito Web&quot;) e le app di mueckinvest trattano i dati personali dei visitatori (&quot;Utenti&quot;). La protezione dei vostri dati \u00e8 la nostra massima priorit\u00e0. Tutti i dati vengono trattati in conformit\u00e0 al Regolamento generale sulla protezione dei dati (GDPR) e alle leggi applicabili in materia di protezione dei dati.<\/p>\n\n\n\n<p>Autorit\u00e0 di controllo competente: il Commissario di Stato per la protezione dei dati e la libert\u00e0 di informazione della Renania-Palatinato \u27a1 <a href=\"https:\/\/www.datenschutz.rlp.de\">https:\/\/www.datenschutz.rlp.de<\/a><\/p>\n\n\n\n<hr class=\"wp-block-separator has-alpha-channel-opacity\"\/>\n\n\n\n<h2 class=\"wp-block-heading\"><strong>2. Diritti dell&#039;utente<\/strong><\/h2>\n\n\n\n<p>Ai sensi del GDPR, in particolare, l&#039;utente gode dei seguenti diritti:<\/p>\n\n\n\n<ul class=\"wp-block-list\">\n<li>Informazioni sui dati personali memorizzati (Art. 15 GDPR)<\/li>\n\n\n\n<li>Rettifica dei dati inesatti o incompleti (Art. 16 GDPR)<\/li>\n\n\n\n<li>Cancellazione (diritto all&#039;oblio, art. 17 GDPR)<\/li>\n\n\n\n<li>Limitazione del trattamento (Art. 18 GDPR)<\/li>\n\n\n\n<li>Diritto di opposizione al trattamento (Art. 21 GDPR)<\/li>\n\n\n\n<li>Portabilit\u00e0 dei dati (art. 20 GDPR)<\/li>\n\n\n\n<li>Diritto di proporre reclamo a un&#039;autorit\u00e0 di controllo (art. 77 GDPR)<\/li>\n<\/ul>\n\n\n\n<p>Per esercitare i tuoi diritti, contattaci via email all&#039;indirizzo: \ud83d\udce7 <strong><a href=\"mailto:kontakt@mueckinvest.de\"><\/a><a href=\"https:\/\/mein.ionos.de\/email-account-details\/mailbox\/17798553002\">contact@mueckinvest.com<\/a><\/strong><\/p>\n\n\n\n<hr class=\"wp-block-separator has-alpha-channel-opacity\"\/>\n\n\n\n<h2 class=\"wp-block-heading\">3. Hosting<\/h2>\n\n\n\n<p>La mia app e i relativi server sono ospitati da IONOS SE (Elgendorfer Str. 57, 56410 Montabaur, Germania). I dati personali elaborati tramite l&#039;app vengono memorizzati sui server di IONOS. Ci\u00f2 include, in particolare, i file di log del server, i dati tecnici di utilizzo e i dati generati durante l&#039;utilizzo dei nostri servizi.<\/p>\n\n\n\n<p>Il trattamento si basa sull&#039;articolo 6, paragrafo 1, lettera f) del GDPR, in quanto ho un interesse legittimo al funzionamento sicuro e affidabile della nostra app. Nella misura in cui la memorizzazione o il trattamento siano necessari per l&#039;adempimento di finalit\u00e0 contrattuali, ci\u00f2 avviene sulla base dell&#039;articolo 6, paragrafo 1, lettera b) del GDPR.<\/p>\n\n\n\n<p>Abbiamo stipulato un accordo sul trattamento dei dati con IONOS ai sensi dell&#039;articolo 28 del GDPR, che garantisce che i dati personali siano trattati esclusivamente secondo le nostre istruzioni e nel rispetto dei requisiti di legge.<\/p>\n\n\n\n<hr class=\"wp-block-separator has-alpha-channel-opacity\"\/>\n\n\n\n<h2 class=\"wp-block-heading\"><strong>4. Archiviazione ed eliminazione<\/strong><\/h2>\n\n\n\n<p>I dati personali vengono conservati solo per il tempo necessario alla fornitura dei servizi, all&#039;adempimento degli obblighi di legge o all&#039;esercizio o alla difesa di diritti in sede legale. Una volta venuto meno lo scopo per cui i dati sono stati raccolti, questi vengono cancellati o anonimizzati.<\/p>\n\n\n\n<hr class=\"wp-block-separator has-alpha-channel-opacity\"\/>\n\n\n\n<h2 class=\"wp-block-heading\"><strong>5. Dati raccolti<\/strong><\/h2>\n\n\n\n<h3 class=\"wp-block-heading\"><strong>a) Dati non personali<\/strong><\/h3>\n\n\n\n<p>Quando accedi al sito web, vengono raccolte automaticamente informazioni tecniche, ad esempio:<\/p>\n\n\n\n<ul class=\"wp-block-list\">\n<li>Tipo e versione del browser<\/li>\n\n\n\n<li>sistema operativo<\/li>\n\n\n\n<li>Impostazione della lingua<\/li>\n\n\n\n<li>Data e ora di accesso<\/li>\n\n\n\n<li>Pagine visitate e percorsi di clic<\/li>\n<\/ul>\n\n\n\n<p>Questi dati vengono memorizzati in forma anonima e utilizzati esclusivamente per migliorare il sito web.<\/p>\n\n\n\n<h3 class=\"wp-block-heading\"><strong>b) Dati personali<\/strong><\/h3>\n\n\n\n<p>Verranno raccolti solo i dati che fornirai attivamente, ad esempio:<\/p>\n\n\n\n<ul class=\"wp-block-list\">\n<li>indirizzo IP<\/li>\n\n\n\n<li>Identificatori del dispositivo<\/li>\n\n\n\n<li>Informazioni inserite nel modulo di contatto (nome, indirizzo email, messaggio)<\/li>\n<\/ul>\n\n\n\n<p>Questi dati saranno utilizzati esclusivamente per l&#039;elaborazione della tua richiesta.<\/p>\n\n\n\n<hr class=\"wp-block-separator has-alpha-channel-opacity\"\/>\n\n\n\n<h2 class=\"wp-block-heading\"><strong>6. Base giuridica del trattamento<\/strong><\/h2>\n\n\n\n<p>Il trattamento dei dati personali si basa su:<\/p>\n\n\n\n<ul class=\"wp-block-list\">\n<li>Articolo 6 paragrafo 1 lettera a GDPR \u2013 Consenso<\/li>\n\n\n\n<li>Articolo 6 paragrafo 1 lettera b GDPR \u2013 Esecuzione del contratto<\/li>\n\n\n\n<li>Articolo 6(1)(c) GDPR \u2013 obblighi legali<\/li>\n\n\n\n<li>Articolo 6 paragrafo 1 lettera f del GDPR \u2013 interesse legittimo (funzionamento, sicurezza, ottimizzazione)<\/li>\n<\/ul>\n\n\n\n<hr class=\"wp-block-separator has-alpha-channel-opacity\"\/>\n\n\n\n<h2 class=\"wp-block-heading\"><strong>7. Utilizzo e divulgazione dei dati<\/strong><\/h2>\n\n\n\n<p>I dati personali saranno utilizzati esclusivamente per le finalit\u00e0 indicate. Saranno condivisi con terze parti solo se:<\/p>\n\n\n\n<ul class=\"wp-block-list\">\n<li>ai fornitori di servizi tecnici (hosting, analisi, manutenzione) che operano nel rispetto del GDPR.<\/li>\n\n\n\n<li>alle autorit\u00e0, se esiste un obbligo legale<\/li>\n<\/ul>\n\n\n\n<p>I tuoi dati non saranno condivisi per scopi pubblicitari o di profilazione.<\/p>\n\n\n\n<hr class=\"wp-block-separator has-alpha-channel-opacity\"\/>\n\n\n\n<h2 class=\"wp-block-heading\"><strong>8. Cookie e tracciamento<\/strong><\/h2>\n\n\n\n<p>Questo sito web utilizza cookie e tecnologie simili per offrire un&#039;esperienza utente ottimale e per scopi di analisi.<\/p>\n\n\n\n<p>Tipi di cookie:<\/p>\n\n\n\n<ul class=\"wp-block-list\">\n<li>Cookie di sessione<\/li>\n\n\n\n<li>Cookie persistenti<\/li>\n\n\n\n<li>Cookie di terze parti<\/li>\n<\/ul>\n\n\n\n<p>La gestione dei consensi \u00e8 gestita tramite <strong>Banner di biscotti veri<\/strong> (devowl.io). Ulteriori informazioni: <a href=\"https:\/\/devowl.io\/de\/rcb\/datenverarbeitung\/\">https:\/\/devowl.io\/de\/rcb\/datenverarbeitung\/<\/a><\/p>\n\n\n\n<hr class=\"wp-block-separator has-alpha-channel-opacity\"\/>\n\n\n\n<h2 class=\"wp-block-heading\"><strong>9. Strumenti di analisi<\/strong><\/h2>\n\n\n\n<h3 class=\"wp-block-heading\"><strong>Analisi dello spazzaneve<\/strong><\/h3>\n\n\n\n<p>Snowplow Analytics viene utilizzato per raccogliere dati di utilizzo in forma anonima. Non vengono creati profili personali.<\/p>\n\n\n\n<h3 class=\"wp-block-heading\"><strong>Google Analytics<\/strong><\/h3>\n\n\n\n<p>Google Analytics viene utilizzato solo con il tuo esplicito consenso. L&#039;anonimizzazione dell&#039;indirizzo IP \u00e8 attiva. I dati potrebbero essere trasferiti negli Stati Uniti (clausole contrattuali standard).<\/p>\n\n\n\n<hr class=\"wp-block-separator has-alpha-channel-opacity\"\/>\n\n\n\n<h2 class=\"wp-block-heading\"><strong>10. Contenuti e servizi esterni<\/strong><\/h2>\n\n\n\n<h3 class=\"wp-block-heading\"><strong>Google Web Fonts<\/strong><\/h3>\n\n\n\n<p>Per garantire una visualizzazione uniforme dei caratteri, vengono utilizzati i Google Web Fonts. Si consiglia l&#039;installazione locale per evitare il trasferimento di dati a Google.<\/p>\n\n\n\n<h3 class=\"wp-block-heading\"><strong>Altri contenuti esterni<\/strong><\/h3>\n\n\n\n<p>I contenuti incorporati (ad esempio, video, mappe, post sui social media) potrebbero trasmettere dati al rispettivo fornitore. Si prega di consultare le informative sulla privacy di questi fornitori terzi.<\/p>\n\n\n\n<hr class=\"wp-block-separator has-alpha-channel-opacity\"\/>\n\n\n\n<h1 class=\"wp-block-heading\"><strong>11. Elaborazione vocale, formattazione della data, funzione di condivisione e notifiche push<\/strong><\/h1>\n\n\n\n<h3 class=\"wp-block-heading\"><strong>a) Riconoscimento automatico della lingua e formattazione della data<\/strong><\/h3>\n\n\n\n<p>Il sito web riconosce l&#039;impostazione della lingua trasmessa dal browser (intestazione Accept-Language) per visualizzare automaticamente contenuti e date nella lingua appropriata. Queste informazioni sono <strong>non salvato<\/strong>, non collegato e non utilizzato per la profilazione. Base giuridica: art. 6 par. 1 lett. f GDPR.<\/p>\n\n\n\n<h3 class=\"wp-block-heading\"><strong>b) Selezione manuale della lingua<\/strong><\/h3>\n\n\n\n<p>Quando si utilizza il selettore della lingua, la lingua selezionata viene elaborata esclusivamente tramite l&#039;URL (ad esempio, \/en\/). <strong>Nessun dato personale memorizzato<\/strong>. Base giuridica: art. 6 par. 1 lett. f GDPR.<\/p>\n\n\n\n<h3 class=\"wp-block-heading\"><strong>c) Funzione di condivisione (API Web Share)<\/strong><\/h3>\n\n\n\n<p>Il sito web utilizza la funzione di condivisione nativa del browser. Ci\u00f2 comporta... <strong>Nessun dato viene trasferito al sito web o a terzi.<\/strong>. La funzione viene eseguita interamente in locale sul dispositivo. Base giuridica: art. 6 par. 1 lett. f GDPR.<\/p>\n\n\n\n<h3 class=\"wp-block-heading\"><strong>d) Notifiche push (solo nell&#039;app Mueckinvest)<\/strong><\/h3>\n\n\n\n<p>Le notifiche push vengono inviate esclusivamente tramite <strong>App Mueckinvest<\/strong> Fornito direttamente, non tramite il sito web. Per la consegna viene utilizzato Firebase Cloud Messaging (Google Ireland Ltd.).<\/p>\n\n\n\n<p>Notifiche push <strong>solo con il consenso esplicito all&#039;interno dell&#039;app<\/strong> Attivato. Viene generato e trasmesso a Firebase un token push anonimo e specifico per il dispositivo. Questo token viene utilizzato esclusivamente per la consegna tecnica delle notifiche.<\/p>\n\n\n\n<p>Firebase potrebbe trasferire i dati negli Stati Uniti. Il trattamento dei dati si basa sulle clausole contrattuali standard dell&#039;UE.<\/p>\n\n\n\n<p>Ulteriori informazioni: <a href=\"https:\/\/firebase.google.com\/support\/privacy\">https:\/\/firebase.google.com\/support\/privacy<\/a><\/p>\n\n\n\n<p>Base giuridica: art. 6 par. 1 lett. a GDPR (consenso).<\/p>\n\n\n\n<hr class=\"wp-block-separator has-alpha-channel-opacity\"\/>\n\n\n\n<h2 class=\"wp-block-heading\"><strong>12. Utilizzo dell&#039;IA (Intelligenza Artificiale) di Mueckinvest<\/strong><\/h2>\n\n\n\n<p>Sul mio sito web e nell&#039;app Mueckinvest AI, fornisco una funzione interattiva di intelligenza artificiale (&quot;Mueckinvest AI&quot;). Gli utenti possono inserire domande e ricevere risposte automatiche. L&#039;IA serve esclusivamente a fini informativi ed educativi generali e non fornisce <strong>Non si tratta di consulenza finanziaria.<\/strong> dar.<\/p>\n\n\n\n<h2 class=\"wp-block-heading\"><strong>Quali dati vengono elaborati<\/strong><\/h2>\n\n\n\n<p>Quando si utilizza l&#039;intelligenza artificiale, vengono elaborati i seguenti dati:<\/p>\n\n\n\n<ul class=\"wp-block-list\">\n<li><strong>Input utente<\/strong> (Domanda o messaggio)<\/li>\n\n\n\n<li><strong>metadati tecnici<\/strong>, ad esempio, ora della richiesta, informazioni sul browser o sul dispositivo, indirizzo IP troncato<\/li>\n\n\n\n<li><strong>dati di sistema interni<\/strong>, che sono necessari per il funzionamento tecnico (ad esempio, registri degli errori, meccanismi di sicurezza)<\/li>\n<\/ul>\n\n\n\n<p>Chiedo espressamente che, <strong>nessun dato personale<\/strong> da inserire nel campo di input.<\/p>\n\n\n\n<h2 class=\"wp-block-heading\"><strong>Inoltrato a OpenAI (USA)<\/strong><\/h2>\n\n\n\n<p>Utilizzo il servizio per elaborare le richieste. <strong>OpenAI<\/strong> (OpenAI, LLC, USA). Il testo inserito viene trasmesso a OpenAI per generare una risposta adeguata.<\/p>\n\n\n\n<p>OpenAI elabora i dati esclusivamente allo scopo di fornire la risposta e in conformit\u00e0 con la propria politica sulla privacy: <a href=\"https:\/\/openai.com\/policies\/privacy-policy\">https:\/\/openai.com\/policies\/privacy-policy<\/a><\/p>\n\n\n\n<p>Non utilizzer\u00f2 i dati per nessun altro scopo.<\/p>\n\n\n\n<h2 class=\"wp-block-heading\"><strong>Base giuridica del trattamento<\/strong><\/h2>\n\n\n\n<p>L&#039;elaborazione si basa su <strong>Articolo 6 paragrafo 1 lettera f del GDPR<\/strong>. Il mio legittimo interesse risiede nel fornire agli utenti una funzione informativa moderna, efficiente e utile.<\/p>\n\n\n\n<h2 class=\"wp-block-heading\"><strong>Durata di conservazione<\/strong><\/h2>\n\n\n\n<p>Le domande inserite verranno conservate solo per il tempo necessario a:<\/p>\n\n\n\n<ul class=\"wp-block-list\">\n<li>la dotazione tecnica,<\/li>\n\n\n\n<li>la stabilit\u00e0 della funzione,<\/li>\n\n\n\n<li>garanzia di qualit\u00e0 e<\/li>\n\n\n\n<li>l&#039;ulteriore sviluppo dell&#039;IA<\/li>\n<\/ul>\n\n\n\n<p>\u00e8 obbligatorio. <strong>conservazione permanente dei dati personali<\/strong> Non sta accadendo.<\/p>\n\n\n\n<h2 class=\"wp-block-heading\"><strong>Nessuna decisione automatizzata in senso legale.<\/strong><\/h2>\n\n\n\n<p>L&#039;IA genera risposte automatiche, tuttavia <strong>nessuna decisione con effetto legale<\/strong> incontrato. Ha luogo <strong>nessuna profilazione<\/strong> invece di.<\/p>\n\n\n\n<h2 class=\"wp-block-heading\"><strong>Nota sulla responsabilit\u00e0 personale<\/strong><\/h2>\n\n\n\n<p>L&#039;IA fornisce solo informazioni generali. Sostituisce <strong>Nessuna consulenza finanziaria individuale<\/strong>, <strong>Nessuna consulenza fiscale<\/strong> E <strong>Nessuna consulenza legale<\/strong>.<\/p>\n\n\n\n<p>Tutte le decisioni prese sulla base delle informazioni fornite sono <strong>a proprio rischio e pericolo<\/strong> l&#039;utente.<\/p>\n\n\n\n<hr class=\"wp-block-separator has-alpha-channel-opacity\"\/>\n\n\n\n<h2 class=\"wp-block-heading\"><strong>13. Sicurezza dei dati<\/strong><\/h2>\n\n\n\n<p>mueckinvest.de adotta misure tecniche e organizzative standard del settore per proteggere i dati personali da perdita, uso improprio o accesso non autorizzato. I dati sensibili vengono trasmessi tramite crittografia (SSL\/TLS).<\/p>\n\n\n\n<hr class=\"wp-block-separator has-alpha-channel-opacity\"\/>\n\n\n\n<h2 class=\"wp-block-heading\"><strong>14. Minori<\/strong><\/h2>\n\n\n\n<p>Questa offerta \u00e8 destinata esclusivamente agli adulti. L&#039;utilizzo da parte di minori \u00e8 consentito solo con il consenso dei genitori o dei tutori legali.<\/p>\n\n\n\n<hr class=\"wp-block-separator has-alpha-channel-opacity\"\/>\n\n\n\n<h2 class=\"wp-block-heading\"><strong>15. Trasferimenti di dati al di fuori dello Spazio economico europeo<\/strong><\/h2>\n\n\n\n<p>I dati personali saranno trasferiti a paesi terzi solo se \u00e8 garantito un livello adeguato di protezione dei dati in conformit\u00e0 agli articoli 45 e seguenti del GDPR (ad esempio, clausole contrattuali standard dell&#039;UE).<\/p>\n\n\n\n<hr class=\"wp-block-separator has-alpha-channel-opacity\"\/>\n\n\n\n<h2 class=\"wp-block-heading\"><strong>16. Modifiche alla presente Informativa sulla privacy<\/strong><\/h2>\n\n\n\n<p>Mi riservo il diritto di modificare la presente informativa sulla privacy in qualsiasi momento per adeguarla a eventuali sviluppi legali o tecnici. La versione aggiornata \u00e8 sempre disponibile su questo sito web.<\/p>\n\n\n\n<hr class=\"wp-block-separator has-alpha-channel-opacity\"\/>\n\n\n\n<h2 class=\"wp-block-heading\"><strong>17. Contatto<\/strong><\/h2>\n\n\n\n<p>Per domande relative alla protezione dei dati, si prega di contattare: \ud83d\udce7 <strong><strong><a href=\"mailto:kontakt@mueckinvest.de\"><a href=\"https:\/\/mein.ionos.de\/email-account-details\/mailbox\/17798553002\">contact@mueckinvest.com<\/a><\/a><\/strong><\/strong><\/p>\n\n\n\n<hr class=\"wp-block-separator has-alpha-channel-opacity\"\/>\n\n\n\n<p>\ud83d\udca1 <strong>Un avviso:<\/strong> Queste disposizioni in materia di protezione dei dati soddisfano gli obblighi di informazione previsti dagli articoli 13 e 14 del GDPR e sono specificamente adattate a un sito web privato di informazioni finanziarie non di consulenza come mueckinvest.de.<\/p>\n\n\n\n<p><\/p>\n\n\n\n<p><strong>A partire da marzo 2026<\/strong><\/p>","protected":false},"excerpt":{"rendered":"","protected":false},"author":1,"featured_media":0,"parent":0,"menu_order":0,"comment_status":"closed","ping_status":"open","template":"page-no-sidebar","meta":{"pmpro_default_level":"","_monsterinsights_skip_tracking":false,"_monsterinsights_sitenote_active":false,"_monsterinsights_sitenote_note":"","_monsterinsights_sitenote_category":0,"footnotes":""},"class_list":["post-3","page","type-page","status-publish","hentry","pmpro-has-access"],"aioseo_notices":[],"_links":{"self":[{"href":"https:\/\/mueckinvest.com\/it\/wp-json\/wp\/v2\/pages\/3","targetHints":{"allow":["GET"]}}],"collection":[{"href":"https:\/\/mueckinvest.com\/it\/wp-json\/wp\/v2\/pages"}],"about":[{"href":"https:\/\/mueckinvest.com\/it\/wp-json\/wp\/v2\/types\/page"}],"author":[{"embeddable":true,"href":"https:\/\/mueckinvest.com\/it\/wp-json\/wp\/v2\/users\/1"}],"replies":[{"embeddable":true,"href":"https:\/\/mueckinvest.com\/it\/wp-json\/wp\/v2\/comments?post=3"}],"version-history":[{"count":6,"href":"https:\/\/mueckinvest.com\/it\/wp-json\/wp\/v2\/pages\/3\/revisions"}],"predecessor-version":[{"id":3947,"href":"https:\/\/mueckinvest.com\/it\/wp-json\/wp\/v2\/pages\/3\/revisions\/3947"}],"wp:attachment":[{"href":"https:\/\/mueckinvest.com\/it\/wp-json\/wp\/v2\/media?parent=3"}],"curies":[{"name":"wp","href":"https:\/\/api.w.org\/{rel}","templated":true}]}}