{"id":2411,"date":"2026-01-08T16:00:00","date_gmt":"2026-01-08T15:00:00","guid":{"rendered":"https:\/\/mueckinvest.de\/?page_id=2411"},"modified":"2026-03-17T16:00:00","modified_gmt":"2026-03-17T15:00:00","slug":"home","status":"publish","type":"page","link":"https:\/\/mueckinvest.com\/it\/","title":{"rendered":"Casa"},"content":{"rendered":"<div style=\"height:100px\" aria-hidden=\"true\" class=\"wp-block-spacer\"><\/div>\n\n\n\n<main class=\"wp-block-group has-global-padding is-layout-constrained wp-block-group-is-layout-constrained\">\n<div class=\"wp-block-columns is-layout-flex wp-container-core-columns-is-layout-28f84493 wp-block-columns-is-layout-flex\">\n<div class=\"wp-block-column is-layout-flow wp-block-column-is-layout-flow\" style=\"flex-basis:75%\">\n<h2 class=\"wp-block-heading\"><strong>Conoscenza finanziaria. Chiara. Globale. Comprensibile.<\/strong> <\/h2>\n\n\n\n<p>Analisi approfondite e strutturate degli argomenti, intelligenza artificiale precisa e strategie trasparenti: tutto in un unico posto.<\/p>\n\n\n\n<div class=\"wp-block-buttons is-layout-flex wp-block-buttons-is-layout-flex\">\n<div class=\"wp-block-button\"><a class=\"wp-block-button__link wp-element-button\" href=\"https:\/\/mueckinvest.com\/it\/mueckinvest-ki\/\">Mueckinvest AI<\/a><\/div>\n\n\n\n<div class=\"wp-block-button\"><a class=\"wp-block-button__link wp-element-button\" href=\"https:\/\/mueckinvest.com\/it\/argomenti-di-approfondimento\/\">Approfondimenti sugli argomenti<\/a><\/div>\n\n\n\n<div class=\"wp-block-button\"><a class=\"wp-block-button__link wp-element-button\" href=\"https:\/\/mueckinvest.com\/it\/wikifolios\/\">Strategie Wikifolio<\/a><\/div>\n<\/div>\n\n\n\n<div style=\"height:30px\" aria-hidden=\"true\" class=\"wp-block-spacer\"><\/div>\n\n\n\n<hr class=\"wp-block-separator has-alpha-channel-opacity\"\/>\n\n\n\n<div style=\"height:30px\" aria-hidden=\"true\" class=\"wp-block-spacer\"><\/div>\n\n\n\n<h2 class=\"wp-block-heading\"><strong>\ud83e\udde9<\/strong> L&#039;idea alla base di Mueckinvest<\/h2>\n\n\n\n<p>Mueckinvest \u00e8 nato da una semplice ambizione: offrire agli investitori non solo un portafoglio strutturato a livello globale in una posizione di conto unico, ma anche il <strong>Per sapere<\/strong>, i principi fondamentali. Le strategie classiche sono spesso complesse, opache e soggette a errori di valutazione, soprattutto se i loro principi non vengono compresi.<\/p>\n\n\n\n<p>Il mio approccio, pertanto, combina due elementi: <strong>Massima diversificazione all&#039;interno di una struttura chiara.<\/strong> E <strong>Conoscenze finanziarie presentate in modo semplice e comprensibile.<\/strong>, Questo spiega perch\u00e9 questa struttura funziona. Crea un portafoglio che non solo \u00e8 investito a livello globale, ma \u00e8 anche trasparente, grazie a una gestione professionale del rischio e a un insieme chiaro di regole.<\/p>\n\n\n\n<div style=\"height:30px\" aria-hidden=\"true\" class=\"wp-block-spacer\"><\/div>\n\n\n\n<hr class=\"wp-block-separator has-alpha-channel-opacity\"\/>\n\n\n\n<div style=\"height:30px\" aria-hidden=\"true\" class=\"wp-block-spacer\"><\/div>\n\n\n\n<h2 class=\"wp-block-heading\">\ud83e\udde0 Approfondimenti su argomenti e conoscenze finanziarie<\/h2>\n\n\n\n<p><strong>Compatto, comprensibile e di immediata applicazione.<\/strong> Insegno i principi, le regole e i meccanismi di mercato che rendono vincenti gli investimenti a lungo termine, e l&#039;intelligenza artificiale mi aiuta ad approfondire, classificare e applicare individualmente questi contenuti alle tue domande.<\/p>\n\n\n\n<div class=\"wp-block-buttons is-layout-flex wp-block-buttons-is-layout-flex\">\n<div class=\"wp-block-button\"><a class=\"wp-block-button__link wp-element-button\" href=\"https:\/\/mueckinvest.com\/it\/mueckinvest-ki\/\">Mueckinvest AI<\/a><\/div>\n\n\n\n<div class=\"wp-block-button\"><a class=\"wp-block-button__link wp-element-button\" href=\"https:\/\/mueckinvest.com\/it\/argomenti-di-approfondimento\/\">Approfondimenti sugli argomenti<\/a><\/div>\n<\/div>\n\n\n\n<div style=\"height:30px\" aria-hidden=\"true\" class=\"wp-block-spacer\"><\/div>\n\n\n\n<hr class=\"wp-block-separator has-alpha-channel-opacity\"\/>\n\n\n\n<div style=\"height:30px\" aria-hidden=\"true\" class=\"wp-block-spacer\"><\/div>\n\n\n\n<h2 class=\"wp-block-heading\"><strong>\ud83d\udd0d Perch\u00e9 Mueckinvest Wikifolios?<\/strong><\/h2>\n\n\n\n<p> Molti investitori acquistano singoli ETF, ma in assenza di regole chiare, i portafogli tendono a variare nel tempo, il ribilanciamento viene trascurato e le decisioni emotive compromettono i rendimenti a lungo termine.<\/p>\n\n\n\n<p><strong>\ud83e\udded Mueckinvest risolve proprio questi problemi:<\/strong><\/p>\n\n\n\n<ul class=\"wp-block-list\">\n<li><strong>\ud83d\udcd8 Regole chiare:<\/strong> Niente decisioni spontanee, niente previsioni di mercato.<\/li>\n\n\n\n<li><strong>\ud83d\udd04 Ribilanciamento basato su regole:<\/strong> Il rischio rimane permanentemente stabile.<\/li>\n\n\n\n<li><strong>\ud83c\udf0d Diversificazione globale:<\/strong> Diversificazione globale in un unico portafoglio.<\/li>\n\n\n\n<li><strong>\ud83e\udde9 Meno sforzo:<\/strong> Non devi preoccuparti dei pesi o dei tempi.<\/li>\n\n\n\n<li><strong>\ud83d\udcca Trasparenza:<\/strong> Tutte le fasi possono essere visualizzate in tempo reale tramite Wikifolio.<\/li>\n<\/ul>\n\n\n\n<p><strong>\ud83d\udca1 Il risultato:<\/strong> Un portafoglio strutturato e disciplinato, adatto al tuo profilo di rischio nel lungo termine, senza sforzi aggiuntivi e senza decisioni affrettate dettate dalle emozioni.<\/p>\n\n\n\n<div class=\"wp-block-buttons is-layout-flex wp-block-buttons-is-layout-flex\">\n<div class=\"wp-block-button\"><a class=\"wp-block-button__link wp-element-button\" href=\"https:\/\/mueckinvest.com\/it\/wikifolios\/\">Scoprire le strategie<\/a><\/div>\n<\/div>\n\n\n\n<div style=\"height:30px\" aria-hidden=\"true\" class=\"wp-block-spacer\"><\/div>\n\n\n\n<hr class=\"wp-block-separator has-alpha-channel-opacity\"\/>\n\n\n\n<div style=\"height:30px\" aria-hidden=\"true\" class=\"wp-block-spacer\"><\/div>\n\n\n\n<h2 class=\"wp-block-heading\">Come funziona un Wikifolio<\/h2>\n\n\n\n<p>Un Wikifolio \u00e8 un portafoglio modello digitale che riflette una strategia ben definita. \u00c8 possibile parteciparvi tramite un certificato investibile, direttamente attraverso il proprio portafoglio esistente, senza conti aggiuntivi o ostacoli tecnici.<\/p>\n\n\n\n<p><strong>Importante<\/strong>I certificati Wikifolio sono soggetti ai rischi di mercato e al rischio dell&#039;emittente. Tutti i dettagli sono disponibili in modo trasparente nella sezione di aiuto sul sito [indirizzo del sito web]. <a href=\"http:\/\/wikifolio.com\">wikifolio.com<\/a>.<\/p>\n\n\n\n<div class=\"wp-block-columns is-layout-flex wp-container-core-columns-is-layout-28f84493 wp-block-columns-is-layout-flex\">\n<div class=\"wp-block-column is-layout-flow wp-block-column-is-layout-flow\">\n<div class=\"wp-block-buttons is-layout-flex wp-block-buttons-is-layout-flex\">\n<div class=\"wp-block-button\"><a class=\"wp-block-button__link wp-element-button\" href=\"https:\/\/mueckinvest.com\/it\/%f0%9f%93%88-wikifolios\/\">Approfondimento sull&#039;argomento: Wikifolio<\/a><\/div>\n<\/div>\n<\/div>\n<\/div>\n\n\n\n<div style=\"height:30px\" aria-hidden=\"true\" class=\"wp-block-spacer\"><\/div>\n\n\n\n<hr class=\"wp-block-separator has-alpha-channel-opacity\"\/>\n\n\n\n<div style=\"height:30px\" aria-hidden=\"true\" class=\"wp-block-spacer\"><\/div>\n\n\n\n<h2 class=\"wp-block-heading\">\ud83c\udf0d Investi a livello globale \u2013 in modo semplice e trasparente<\/h2>\n\n\n\n<p>Con <strong>Livelli globali<\/strong> Ottieni l&#039;accesso a un portafoglio che riflette il mercato globale in un&#039;unica posizione. L&#039;idea: <strong>massima diversificazione<\/strong>, uno <strong>struttura chiara<\/strong> e un <strong>soluzione facilmente implementabile<\/strong> per gli investitori che desiderano utilizzare il mercato globale in modo efficiente.<\/p>\n\n\n\n<p>\ud83d\udc49 <strong>Un unico investimento. Un unico portafoglio. Un unico mercato globale.<\/strong><\/p>\n\n\n\n<div class=\"wp-block-buttons is-layout-flex wp-block-buttons-is-layout-flex\">\n<div class=\"wp-block-button\"><a class=\"wp-block-button__link wp-element-button\" href=\"https:\/\/mueckinvest.com\/it\/global-layers\/\">Al wikifoglio ombrello Livelli globali<\/a><\/div>\n\n\n\n<div class=\"wp-block-button\"><a class=\"wp-block-button__link wp-element-button\" href=\"https:\/\/mueckinvest.com\/it\/wikifolios\/\">Scopri altre strategie<\/a><\/div>\n<\/div>\n\n\n\n<p><em>Nota: gli investimenti in Wikifolios comportano dei rischi. Le performance passate non sono un indicatore affidabile dei risultati futuri.<\/em><\/p>\n\n\n\n<div style=\"height:30px\" aria-hidden=\"true\" class=\"wp-block-spacer\"><\/div>\n\n\n\n<hr class=\"wp-block-separator has-alpha-channel-opacity\"\/>\n<\/div>\n\n\n\n<div class=\"wp-block-column is-layout-flow wp-block-column-is-layout-flow\" style=\"padding-top:0;padding-right:0;padding-bottom:0;padding-left:0;flex-basis:25%\">\n<div class=\"wp-block-group have-shadow has-base-background-color has-background has-global-padding is-layout-constrained wp-container-core-group-is-layout-fc440037 wp-block-group-is-layout-constrained\" style=\"border-radius:15px;margin-bottom:var(--wp--preset--spacing--30);padding-top:var(--wp--preset--spacing--30);padding-right:var(--wp--preset--spacing--30);padding-bottom:var(--wp--preset--spacing--30);padding-left:var(--wp--preset--spacing--30)\">\n<h3 class=\"wp-block-heading\"><strong>Ricerca<\/strong><\/h3>\n\n\n\n<hr class=\"wp-block-separator has-text-color has-primary-color has-alpha-channel-opacity has-primary-background-color has-background is-style-default\" style=\"margin-top:0;margin-bottom:0\"\/>\n\n\n<form role=\"search\" method=\"get\" action=\"https:\/\/mueckinvest.com\/it\/\" class=\"wp-block-search__button-inside wp-block-search__icon-button wp-block-search\" data-trp-original-action=\"https:\/\/mueckinvest.com\/it\/\"    ><label class=\"wp-block-search__label screen-reader-text\" for=\"wp-block-search__input-1\" >Cerca<\/label><div class=\"wp-block-search__inside-wrapper\" ><input class=\"wp-block-search__input\" id=\"wp-block-search__input-1\" placeholder=\"\" value=\"\" type=\"search\" name=\"s\" required style=\"border-radius: 0px\"\/><button aria-label=\"Ricerca\" class=\"wp-block-search__button has-icon wp-element-button\" type=\"submit\"  style=\"border-radius: 0px\"><svg class=\"search-icon\" viewbox=\"0 0 24 24\" width=\"24\" height=\"24\">\n\t\t\t\t\t<path d=\"M13 5c-3.3 0-6 2.7-6 6 0 1.4.5 2.7 1.3 3.7l-3.8 3.8 1.1 1.1 3.8-3.8c1 .8 2.3 1.3 3.7 1.3 3.3 0 6-2.7 6-6S16.3 5 13 5zm0 10.5c-2.5 0-4.5-2-4.5-4.5s2-4.5 4.5-4.5 4.5 2 4.5 4.5-2 4.5-4.5 4.5z\"><\/path>\n\t\t\t\t<\/svg><\/button><\/div><input type=\"hidden\" name=\"trp-form-language\" value=\"it\"\/><\/form><\/div>\n\n\n\n<div class=\"wp-block-group have-shadow has-base-background-color has-background has-global-padding is-layout-constrained wp-container-core-group-is-layout-fc440037 wp-block-group-is-layout-constrained\" style=\"border-radius:15px;margin-bottom:var(--wp--preset--spacing--30);padding-top:var(--wp--preset--spacing--30);padding-right:var(--wp--preset--spacing--30);padding-bottom:var(--wp--preset--spacing--30);padding-left:var(--wp--preset--spacing--30)\">\n<h3 class=\"wp-block-heading\" style=\"font-size:clamp(1.25rem, 1.25rem + ((1vw - 0.2rem) * 1), 2rem);font-style:normal;font-weight:700\">Notizia<\/h3>\n\n\n\n<hr class=\"wp-block-separator has-text-color has-primary-color has-alpha-channel-opacity has-primary-background-color has-background is-style-default\" style=\"margin-top:0;margin-bottom:0\"\/>\n\n\n\n<ul class=\"other-posts-list\"><li><a href=\"https:\/\/mueckinvest.com\/it\/zinsanalyse-april-2026\/\">Zinsanalyse: April 2026<\/a><\/li><li><a href=\"https:\/\/mueckinvest.com\/it\/marktanalyse-maerz-2026\/\">Marktanalyse: M\u00e4rz 2026<\/a><\/li><li><a href=\"https:\/\/mueckinvest.com\/it\/emittentenrisiko-april-2026\/\">Emittentenrisiko: April 2026<\/a><\/li><li><a href=\"https:\/\/mueckinvest.com\/it\/immobilienanalyse-maerz-2026\/\">Immobilienanalyse: M\u00e4rz 2026<\/a><\/li><\/ul>\n<\/div>\n\n\n\n<div class=\"wp-block-group have-shadow has-base-background-color has-background has-global-padding is-layout-constrained wp-container-core-group-is-layout-fc440037 wp-block-group-is-layout-constrained\" style=\"border-radius:15px;margin-bottom:var(--wp--preset--spacing--30);padding-top:var(--wp--preset--spacing--30);padding-right:var(--wp--preset--spacing--30);padding-bottom:var(--wp--preset--spacing--30);padding-left:var(--wp--preset--spacing--30)\">\n<h3 class=\"wp-block-heading\" style=\"font-size:clamp(1.25rem, 1.25rem + ((1vw - 0.2rem) * 1), 2rem);font-style:normal;font-weight:700\">Immersioni profonde<\/h3>\n\n\n\n<hr class=\"wp-block-separator has-text-color has-primary-color has-alpha-channel-opacity has-primary-background-color has-background is-style-default\" style=\"margin-top:0;margin-bottom:0\"\/>\n\n\n\n<ul class=\"deep-dive-list\"><li><a href=\"https:\/\/mueckinvest.com\/it\/%f0%9f%93%9a-fonds\/\">\ud83d\udcda Fonds<\/a><\/li><li><a href=\"https:\/\/mueckinvest.com\/it\/%f0%9f%92%bb-hightech-sektoren\/\">\ud83d\udcbb Hightech\u2011Sektoren<\/a><\/li><li><a href=\"https:\/\/mueckinvest.com\/it\/%f0%9f%93%88-etf-risikoanalyse\/\">\ud83d\udcc8 ETF Risikoanalyse<\/a><\/li><li><a href=\"https:\/\/mueckinvest.com\/it\/die-auswirkungen-steigender-zinsen-auf-etf-strategien-und-langfristigen-vermoegensaufbau\/\">Zinsen beeinflussen ETF\u2011Wachstum<\/a><\/li><\/ul>\n\n\n\n<hr class=\"wp-block-separator has-alpha-channel-opacity\"\/>\n\n\n\n<p><a href=\"https:\/\/mueckinvest.com\/it\/argomenti-di-approfondimento\/\" data-type=\"page\" data-id=\"1635\">Tutte le immersioni approfondite<\/a><\/p>\n<\/div>\n\n\n\n<div class=\"wp-block-group have-shadow has-base-background-color has-background has-global-padding is-layout-constrained wp-container-core-group-is-layout-fc440037 wp-block-group-is-layout-constrained\" style=\"border-radius:15px;margin-bottom:var(--wp--preset--spacing--30);padding-top:var(--wp--preset--spacing--30);padding-right:var(--wp--preset--spacing--30);padding-bottom:var(--wp--preset--spacing--30);padding-left:var(--wp--preset--spacing--30)\">\n<h3 class=\"wp-block-heading\" style=\"font-size:clamp(1.25rem, 1.25rem + ((1vw - 0.2rem) * 1), 2rem);font-style:normal;font-weight:700\">Analisi di mercato<\/h3>\n\n\n\n<hr class=\"wp-block-separator has-text-color has-primary-color has-alpha-channel-opacity has-primary-background-color has-background is-style-default\" style=\"margin-top:0;margin-bottom:0\"\/>\n\n\n\n<ul class=\"marktanalye-list\"><li><a href=\"https:\/\/mueckinvest.com\/it\/marktanalyse-maerz-2026\/\">Marktanalyse: M\u00e4rz 2026<\/a><\/li><li><a href=\"https:\/\/mueckinvest.com\/it\/marktanalyse-februar-2026\/\">Analisi di mercato: febbraio 2026<\/a><\/li><\/ul>\n\n\n\n<hr class=\"wp-block-separator has-alpha-channel-opacity\"\/>\n\n\n\n<p><a href=\"https:\/\/mueckinvest.com\/it\/marktanalyse\/\" data-type=\"page\" data-id=\"3213\">Tutte le analisi di mercato<\/a><\/p>\n<\/div>\n\n\n\n<div class=\"wp-block-group have-shadow has-base-background-color has-background has-global-padding is-layout-constrained wp-container-core-group-is-layout-fc440037 wp-block-group-is-layout-constrained\" style=\"border-radius:15px;margin-bottom:var(--wp--preset--spacing--30);padding-top:var(--wp--preset--spacing--30);padding-right:var(--wp--preset--spacing--30);padding-bottom:var(--wp--preset--spacing--30);padding-left:var(--wp--preset--spacing--30)\">\n<h3 class=\"wp-block-heading\" style=\"font-size:clamp(1.25rem, 1.25rem + ((1vw - 0.2rem) * 1), 2rem);font-style:normal;font-weight:700\">Riequilibrio<\/h3>\n\n\n\n<hr class=\"wp-block-separator has-text-color has-primary-color has-alpha-channel-opacity has-primary-background-color has-background is-style-default\" style=\"margin-top:0;margin-bottom:0\"\/>\n\n\n\n<ul class=\"rebalancing-list\"><li><a href=\"https:\/\/mueckinvest.com\/it\/04/01/2026-rebalancing\/\">04/01/2026: Rebalancing<\/a><\/li><li><a href=\"https:\/\/mueckinvest.com\/it\/rebalancing-01/02/2026\/\">01/02/2026: Rebalancing<\/a><\/li><\/ul>\n\n\n\n<hr class=\"wp-block-separator has-alpha-channel-opacity\"\/>\n\n\n\n<p><a href=\"https:\/\/mueckinvest.com\/it\/%f0%9f%94%84-rebalancing\/\" data-type=\"post\" data-id=\"1747\">Tutte le misure<\/a><\/p>\n<\/div>\n\n\n\n<div class=\"wp-block-group have-shadow has-base-background-color has-background has-global-padding is-layout-constrained wp-container-core-group-is-layout-fc440037 wp-block-group-is-layout-constrained\" style=\"border-radius:15px;margin-bottom:var(--wp--preset--spacing--30);padding-top:var(--wp--preset--spacing--30);padding-right:var(--wp--preset--spacing--30);padding-bottom:var(--wp--preset--spacing--30);padding-left:var(--wp--preset--spacing--30)\">\n<h3 class=\"wp-block-heading\" style=\"font-size:clamp(1.25rem, 1.25rem + ((1vw - 0.2rem) * 1), 2rem);font-style:normal;font-weight:700\">rischio di insolvenza<\/h3>\n\n\n\n<hr class=\"wp-block-separator has-text-color has-primary-color has-alpha-channel-opacity has-primary-background-color has-background is-style-default\" style=\"margin-top:0;margin-bottom:0\"\/>\n\n\n\n<ul class=\"Emittentenrisiko-list\"><li><a href=\"https:\/\/mueckinvest.com\/it\/emittentenrisiko-april-2026\/\">Emittentenrisiko: April 2026<\/a><\/li><li><a href=\"https:\/\/mueckinvest.com\/it\/jan-26-einschaetzung-des-emittenrisikos\/\">Emittentenrisiko: Januar 2026<\/a><\/li><\/ul>\n\n\n\n<hr class=\"wp-block-separator has-alpha-channel-opacity\"\/>\n\n\n\n<p><a href=\"https:\/\/mueckinvest.com\/it\/rischio-dellemittente-con-i-certificati-wikifolio\/\" data-type=\"page\" data-id=\"1759\">Tutte le valutazioni<\/a><\/p>\n<\/div>\n<\/div>\n<\/div>\n\n\n\n<div class=\"wp-block-cover alignwide is-light\" style=\"min-height:540px;aspect-ratio:unset;\"><span aria-hidden=\"true\" class=\"wp-block-cover__background has-background-dim-100 has-background-dim\" style=\"background-color:#ffffff\"><\/span><div class=\"wp-block-cover__inner-container is-layout-flow wp-block-cover-is-layout-flow\">\n<div class=\"wp-block-media-text alignwide is-stacked-on-mobile is-vertically-aligned-center is-image-fill-element\" style=\"grid-template-columns:24% auto\"><figure class=\"wp-block-media-text__media\"><img loading=\"lazy\" decoding=\"async\" width=\"376\" height=\"480\" src=\"https:\/\/mueckinvest.com\/wp-content\/uploads\/2025\/12\/image.jpeg\" alt=\"\" class=\"wp-image-1210 size-full\" style=\"object-position:50% 50%\" srcset=\"https:\/\/mueckinvest.com\/wp-content\/uploads\/2025\/12\/image.jpeg 376w, https:\/\/mueckinvest.com\/wp-content\/uploads\/2025\/12\/image-235x300.jpeg 235w\" sizes=\"auto, (max-width: 376px) 100vw, 376px\" \/><\/figure><div class=\"wp-block-media-text__content\">\n<h2 class=\"wp-block-heading\">\ud83d\udc64 Chi sono e cosa penso<\/h2>\n\n\n\n<p>Dal 2010 mi occupo intensamente dei mercati finanziari e dello sviluppo di approcci di investimento basati su regole e diversificati a livello globale. Il mio focus \u00e8 su <strong>strutture chiare<\/strong>, <strong>principi scientificamente validi<\/strong> e uno <strong>attuazione disciplinata e a lungo termine<\/strong>.<\/p>\n\n\n\n<p>Con Mueckinvest, unisco questa conoscenza alla tecnologia moderna: <strong>Analisi approfondite strutturate, intelligenza artificiale precisa e strategie trasparenti<\/strong>, che offrono chiarezza e orientamento agli investitori.<\/p>\n\n\n\n<p><\/p>\n\n\n\n<p class=\"has-text-color\" style=\"color:#000000;font-size:clamp(14px, 0.875rem + ((1vw - 3.2px) * 0.25), 17px);\"><strong>Tema principale:<\/strong> Pensare in un&#039;ottica globale. Agire con disciplina.<\/p>\n\n\n\n<div style=\"height:20px\" aria-hidden=\"true\" class=\"wp-block-spacer\"><\/div>\n\n\n\n<p class=\"has-text-color\" style=\"color:#000000;font-size:clamp(14px, 0.875rem + ((1vw - 3.2px) * 0.25), 17px);\"><\/p>\n\n\n\n<div class=\"wp-block-buttons is-layout-flex wp-block-buttons-is-layout-flex\">\n<div class=\"wp-block-button is-style-fill\"><a class=\"wp-block-button__link wp-element-button\" href=\"https:\/\/mueckinvest.com\/it\/contesto-della-creazione-di-mueckinvest\/\">Scopri di pi\u00f9 sulla mia visione<\/a><\/div>\n\n\n\n<div class=\"wp-block-button is-style-fill\"><a class=\"wp-block-button__link wp-element-button\" href=\"https:\/\/mueckinvest.com\/it\/su-di-me\/\">Scopri di pi\u00f9 su di me<\/a><\/div>\n\n\n\n<div class=\"wp-block-button is-style-fill\"><a class=\"wp-block-button__link wp-element-button\" href=\"https:\/\/mueckinvest.com\/it\/i-principi-promettono\/\">I miei principi<\/a><\/div>\n<\/div>\n<\/div><\/div>\n<\/div><\/div>\n\n\n\n<div class=\"wp-block-group alignfull has-background is-layout-flow wp-block-group-is-layout-flow\" style=\"background-color:#f5eac1;padding-top:6vw;padding-right:6vw;padding-bottom:6vw;padding-left:6vw\">\n<h2 class=\"wp-block-heading\">Avviso legale:<\/h2>\n\n\n\n<div style=\"height:1vw\" aria-hidden=\"true\" class=\"wp-block-spacer\"><\/div>\n\n\n\n<div class=\"wp-block-columns is-layout-flex wp-container-core-columns-is-layout-28f84493 wp-block-columns-is-layout-flex\">\n<div class=\"wp-block-column is-layout-flow wp-block-column-is-layout-flow\" style=\"flex-basis:33.33%\">\n<figure class=\"wp-block-image size-full is-resized\"><img loading=\"lazy\" decoding=\"async\" width=\"320\" height=\"320\" src=\"https:\/\/mueckinvest.com\/wp-content\/uploads\/2025\/09\/BCO.1d7afb31-98e1-4953-8037-4bc32a614099-1.png\" alt=\"\" class=\"wp-image-100\" style=\"width:364px;height:auto\" srcset=\"https:\/\/mueckinvest.com\/wp-content\/uploads\/2025\/09\/BCO.1d7afb31-98e1-4953-8037-4bc32a614099-1.png 320w, https:\/\/mueckinvest.com\/wp-content\/uploads\/2025\/09\/BCO.1d7afb31-98e1-4953-8037-4bc32a614099-1-300x300.png 300w, https:\/\/mueckinvest.com\/wp-content\/uploads\/2025\/09\/BCO.1d7afb31-98e1-4953-8037-4bc32a614099-1-150x150.png 150w\" sizes=\"auto, (max-width: 320px) 100vw, 320px\" \/><\/figure>\n<\/div>\n\n\n\n<div class=\"wp-block-column is-layout-flow wp-block-column-is-layout-flow\" style=\"flex-basis:66.66%\">\n<p><strong>Il contenuto di questo sito web, comprese le risposte generate dall&#039;intelligenza artificiale, \u00e8 fornito a solo scopo informativo generale e riguarda i miei Wikifolio (portfolio di esempio).<\/strong> <strong>Queste informazioni non costituiscono una consulenza in materia di investimenti n\u00e9 una raccomandazione all&#039;acquisto o alla vendita di strumenti finanziari.<\/strong> <strong>Gli investimenti comportano dei rischi, incluso il rischio di perdita totale. Le informazioni ufficiali sul prodotto sono da considerarsi autorevoli.<\/strong><\/p>\n\n\n\n<p><strong>L&#039;intelligenza artificiale accede esclusivamente a contenuti verificati provenienti dalla mia base di conoscenza, nonch\u00e9 a fonti finanziarie ed economiche selezionate e affidabili.<\/strong> <strong>Nonostante la massima attenzione, le risposte fornite dall&#039;intelligenza artificiale potrebbero contenere errori o essere presentate in forma abbreviata.<\/strong> <strong>La responsabilit\u00e0 di tutte le decisioni di investimento \u00e8 interamente a carico dell&#039;utente. Prima di investire, si prega di valutare attentamente se il prodotto in questione \u00e8 compatibile con la propria propensione al rischio.<\/strong><\/p>\n\n\n\n<p><strong>Le traduzioni presenti su questo sito web sono automatiche. La versione originale tedesca \u00e8 sempre quella ufficiale.<\/strong><\/p>\n\n\n\n<p><strong>Ulteriori dettagli sono disponibili nel <a href=\"https:\/\/mueckinvest.com\/it\/impronta\/\">impronta<\/a>.<\/strong><\/p>\n<\/div>\n<\/div>\n\n\n\n<div class=\"wp-block-group alignwide is-vertical is-nowrap is-layout-flex wp-container-core-group-is-layout-7946b6b8 wp-block-group-is-layout-flex\" style=\"padding-top:0;padding-right:0;padding-bottom:0;padding-left:0\">\n<div class=\"wp-block-columns alignwide is-layout-flex wp-container-core-columns-is-layout-21b20327 wp-block-columns-is-layout-flex\">\n<div class=\"wp-block-column is-layout-flow wp-block-column-is-layout-flow\" style=\"flex-basis:33%\">\n<div style=\"height:2vw\" aria-hidden=\"true\" class=\"wp-block-spacer\"><\/div>\n<\/div>\n<\/div>\n<\/div>\n<\/div>\n\n\n\n<div style=\"height:40px\" aria-hidden=\"true\" class=\"wp-block-spacer\"><\/div>\n\n\n\n<p><strong>Pronti per un approccio di investimento chiaro e strutturato?<\/strong><\/p>\n\n\n\n<p>Approfondisci le tue conoscenze, scopri le strategie alla base di Mueckinvest e utilizza l&#039;intelligenza artificiale per categorizzare in modo personalizzato le tue domande.<\/p>\n\n\n\n<p>\ud83d\udc49 <strong>Acquisire una conoscenza approfondita. Scoprire strategie. Prendere decisioni pi\u00f9 chiare.<\/strong><\/p>\n\n\n\n<div class=\"wp-block-buttons is-layout-flex wp-block-buttons-is-layout-flex\">\n<div class=\"wp-block-button\"><a class=\"wp-block-button__link wp-element-button\" href=\"https:\/\/mueckinvest.com\/it\/mueckinvest-ki\/\">Mueckinvest AI<\/a><\/div>\n\n\n\n<div class=\"wp-block-button\"><a class=\"wp-block-button__link wp-element-button\" href=\"https:\/\/mueckinvest.com\/it\/argomenti-di-approfondimento\/\">Leggi subito articoli approfonditi su questi argomenti.<\/a><\/div>\n\n\n\n<div class=\"wp-block-button\"><a class=\"wp-block-button__link wp-element-button\" href=\"https:\/\/mueckinvest.com\/it\/wikifolios\/\">Scopri subito le strategie di Wikifolio<\/a><\/div>\n<\/div>\n\n\n\n<div style=\"height:40px\" aria-hidden=\"true\" class=\"wp-block-spacer\"><\/div>\n<\/main>","protected":false},"excerpt":{"rendered":"","protected":false},"author":1,"featured_media":0,"parent":0,"menu_order":0,"comment_status":"closed","ping_status":"closed","template":"page-builders","meta":{"pmpro_default_level":"","_monsterinsights_skip_tracking":false,"_monsterinsights_sitenote_active":false,"_monsterinsights_sitenote_note":"","_monsterinsights_sitenote_category":0,"footnotes":""},"class_list":["post-2411","page","type-page","status-publish","hentry","pmpro-has-access"],"aioseo_notices":[],"_links":{"self":[{"href":"https:\/\/mueckinvest.com\/it\/wp-json\/wp\/v2\/pages\/2411","targetHints":{"allow":["GET"]}}],"collection":[{"href":"https:\/\/mueckinvest.com\/it\/wp-json\/wp\/v2\/pages"}],"about":[{"href":"https:\/\/mueckinvest.com\/it\/wp-json\/wp\/v2\/types\/page"}],"author":[{"embeddable":true,"href":"https:\/\/mueckinvest.com\/it\/wp-json\/wp\/v2\/users\/1"}],"replies":[{"embeddable":true,"href":"https:\/\/mueckinvest.com\/it\/wp-json\/wp\/v2\/comments?post=2411"}],"version-history":[{"count":6,"href":"https:\/\/mueckinvest.com\/it\/wp-json\/wp\/v2\/pages\/2411\/revisions"}],"predecessor-version":[{"id":2418,"href":"https:\/\/mueckinvest.com\/it\/wp-json\/wp\/v2\/pages\/2411\/revisions\/2418"}],"wp:attachment":[{"href":"https:\/\/mueckinvest.com\/it\/wp-json\/wp\/v2\/media?parent=2411"}],"curies":[{"name":"wp","href":"https:\/\/api.w.org\/{rel}","templated":true}]}}