{"id":1508,"date":"2025-12-09T08:00:00","date_gmt":"2025-12-09T08:00:00","guid":{"rendered":"https:\/\/mueckinvest.de\/?page_id=1508"},"modified":"2026-01-28T12:00:00","modified_gmt":"2026-01-28T11:00:00","slug":"valore-aggiunto-rispetto-agli-etf","status":"publish","type":"page","link":"https:\/\/mueckinvest.com\/it\/mehrwert-gegenueber-etfs\/","title":{"rendered":"Il valore aggiunto rispetto agli ETF"},"content":{"rendered":"<p>Un portafoglio di ETF \u00e8 generalmente un buon punto di partenza. Tuttavia, molti investitori sottovalutano quanto un portafoglio possa cambiare nel tempo e quanto sia difficile mantenere la disciplina a lungo termine. \u00c8 proprio qui che entra in gioco MueckInvest: con regole chiare, diversificazione globale e una strategia trasparente, implementata in tempo reale.<\/p>\n\n\n\n<div style=\"height:20px\" aria-hidden=\"true\" class=\"wp-block-spacer\"><\/div>\n\n\n\n<hr class=\"wp-block-separator has-alpha-channel-opacity\"\/>\n\n\n\n<div style=\"height:20px\" aria-hidden=\"true\" class=\"wp-block-spacer\"><\/div>\n\n\n\n<h2 class=\"wp-block-heading\"><strong>\ud83d\udd0d Sfide tipiche dei portafogli ETF classici<\/strong><\/h2>\n\n\n\n<h3 class=\"wp-block-heading\"><strong>\ud83d\udcc9 1. Variazioni di rischio non rilevate (deriva del portafoglio)<\/strong><\/h3>\n\n\n\n<p>Se determinate regioni o settori registrano performance migliori di altri, il profilo di rischio si modifica automaticamente. Un portafoglio inizialmente difensivo (70\/30) pu\u00f2, dopo alcuni anni, ritrovarsi con una ponderazione significativamente maggiore verso le azioni, senza alcuna decisione consapevole.<\/p>\n\n\n\n<h3 class=\"wp-block-heading\"><strong>\u23f3 2. Il ribilanciamento viene raramente implementato in modo coerente.<\/strong><\/h3>\n\n\n\n<p>Molti sanno che il ribilanciamento periodico \u00e8 importante. In pratica, tuttavia, spesso viene dimenticato, rimandato o influenzato dalle emozioni. Nel lungo periodo, il portafoglio perde struttura e stabilit\u00e0.<\/p>\n\n\n\n<h3 class=\"wp-block-heading\"><strong>\ud83e\udde0 3. Le decisioni basate sulle emozioni ti costano in termini di rendimento a lungo termine<\/strong><\/h3>\n\n\n\n<p>Anche le emozioni giocano un ruolo importante nel mondo degli ETF: le persone comprano troppo tardi, vendono troppo presto o reagiscono alle notizie. Questi errori comportamentali sono tra i maggiori ostacoli ai rendimenti per gli investitori privati.<\/p>\n\n\n\n<div style=\"height:20px\" aria-hidden=\"true\" class=\"wp-block-spacer\"><\/div>\n\n\n\n<hr class=\"wp-block-separator has-alpha-channel-opacity\"\/>\n\n\n\n<div style=\"height:20px\" aria-hidden=\"true\" class=\"wp-block-spacer\"><\/div>\n\n\n\n<h2 class=\"wp-block-heading\"><strong>\ud83e\udded Cosa rende Mueckinvest migliore?<\/strong><\/h2>\n\n\n\n<h3 class=\"wp-block-heading\"><strong>\ud83d\udcd8 1. Regole chiare e trasparenti<\/strong><\/h3>\n\n\n\n<p>Le strategie seguono regole fisse e comprensibili. Nessuna decisione spontanea, nessun tentativo di prevedere l&#039;andamento del mercato, nessuna intuizione. Tutto \u00e8 documentato e coerente.<\/p>\n\n\n\n<h3 class=\"wp-block-heading\"><strong>\ud83d\udd04 2. Ribilanciamento regolare basato su regole<\/strong><\/h3>\n\n\n\n<p>Le ponderazioni vengono riviste e modificate a intervalli prestabiliti. Ci\u00f2 mantiene il rischio stabile, indipendentemente dalle fluttuazioni di mercato a breve termine.<\/p>\n\n\n\n<h3 class=\"wp-block-heading\"><strong>\ud83c\udf0d 3. Diversificazione globale in un unico portafoglio<\/strong><\/h3>\n\n\n\n<p>Anzich\u00e9 combinare diversi ETF, MueckInvest raggruppa la diversificazione globale in un approccio chiaramente strutturato:<\/p>\n\n\n\n<ul class=\"wp-block-list\">\n<li>Titoli azionari provenienti da mercati sviluppati ed emergenti<\/li>\n\n\n\n<li>Aree di interesse regionale quali Stati Uniti, Europa e Asia<\/li>\n\n\n\n<li>A seconda della strategia: obbligazioni o altri elementi costitutivi per la gestione del rischio<\/li>\n<\/ul>\n\n\n\n<p>Il risultato: un portafoglio coerente e costruito professionalmente, anzich\u00e9 una collezione di ETF cresciuta in modo casuale.<\/p>\n\n\n\n<h3 class=\"wp-block-heading\"><strong>\ud83e\udde9 4. Meno sforzo \u2013 meno errori<\/strong><\/h3>\n\n\n\n<p>Non devi preoccuparti di tempistiche, ponderazioni o fasi di mercato. Le regole sono fisse e applicate in modo coerente. Ci\u00f2 riduce i tipici errori comportamentali e garantisce stabilit\u00e0 a lungo termine.<\/p>\n\n\n\n<h2 class=\"wp-block-heading\"><strong>\ud83d\udca1 Cosa significa questo per te<\/strong><\/h2>\n\n\n\n<p>Un portafoglio basato su regole offre vantaggi non solo strutturali, ma anche psicologici:<\/p>\n\n\n\n<ul class=\"wp-block-list\">\n<li>Meno stress durante le fluttuazioni di mercato.<\/li>\n\n\n\n<li>Non aver paura di perdere decisioni importanti.<\/li>\n\n\n\n<li>Un portafoglio che si adatti in modo permanente alla tua classe di rischio<\/li>\n\n\n\n<li>Meno pressione nel prendere decisioni nella vita di tutti i giorni<\/li>\n\n\n\n<li>Semplicit\u00e0 al posto della complessit\u00e0<\/li>\n<\/ul>\n\n\n\n<p>Il vero valore aggiunto risiede quindi non solo nella costruzione del portafoglio, ma nella sua implementazione coerente e disciplinata nel corso di molti anni.<\/p>\n\n\n\n<div style=\"height:20px\" aria-hidden=\"true\" class=\"wp-block-spacer\"><\/div>\n\n\n\n<hr class=\"wp-block-separator has-alpha-channel-opacity\"\/>\n\n\n\n<div style=\"height:20px\" aria-hidden=\"true\" class=\"wp-block-spacer\"><\/div>\n\n\n\n<h2 class=\"wp-block-heading\"><strong>\ud83d\udcca Implementazione trasparente tramite Wikifolio<\/strong><\/h2>\n\n\n\n<p>Le strategie di MueckInvest vengono implementate in tempo reale tramite Wikifolio. Puoi seguirle l\u00ec in qualsiasi momento.<\/p>\n\n\n\n<ul class=\"wp-block-list\">\n<li>pesi e composizione attuali<\/li>\n\n\n\n<li>tutte le fasi di regolazione e riequilibrio<\/li>\n\n\n\n<li>Indicatori di rischio e andamento storico<\/li>\n\n\n\n<li>ogni singola transazione<\/li>\n<\/ul>\n\n\n\n<p>Come funziona <a href=\"https:\/\/mueckinvest.com\/it\/%f0%9f%93%88-wikifolios\/\" title=\"Wikifogli\">Wikifolio<\/a> cos\u00ec come le opportunit\u00e0 e i rischi sono discussi in dettaglio nel <a href=\"https:\/\/mueckinvest.com\/it\/argomenti-di-approfondimento\/\" title=\"Approfondimento sugli argomenti\">Argomenti di approfondimento<\/a> e nel <a href=\"https:\/\/mueckinvest.com\/it\/faq\/\" title=\"FAQ \u2013 Domande frequenti\">FAQ <\/a>spiegato.<\/p>\n\n\n\n<div style=\"height:20px\" aria-hidden=\"true\" class=\"wp-block-spacer\"><\/div>\n\n\n\n<hr class=\"wp-block-separator has-alpha-channel-opacity\"\/>\n\n\n\n<div style=\"height:20px\" aria-hidden=\"true\" class=\"wp-block-spacer\"><\/div>\n\n\n\n<figure class=\"wp-block-table\">\n  <table class=\"info-tabelle mehrwert has-fixed-layout\">\n    <thead>\n      <tr>\n        <th>criterio<\/th>\n        <th>portafoglio ETF<\/th>\n        <th>Wikifolio Umbrella: Livelli globali<\/th>\n      <\/tr>\n    <\/thead>\n    <tbody>\n      <tr>\n        <td>Costruzione<\/td>\n        <td>Da 3 a 7 ETF individuali, ponderazione manuale<\/td>\n        <td>Un&#039;unica posizione, tutti gli elementi costitutivi integrati<\/td>\n      <\/tr>\n      <tr>\n        <td>attivit\u00e0<\/td>\n        <td>Puramente passivo, senza regolazioni.<\/td>\n        <td>Logica attiva, di ribilanciamento e di tendenza basata su regole<\/td>\n      <\/tr>\n      <tr>\n        <td>Diversificazione<\/td>\n        <td>Globale, ma spesso limitato a sole 2-3 regioni<\/td>\n        <td>Globale + Fattori + Tendenze + Argomenti<\/td>\n      <\/tr>\n      <tr>\n        <td>Spese<\/td>\n        <td>Riequilibrio regolare, decisioni di selezione<\/td>\n        <td>Completamente automatizzato, non richiede manutenzione.<\/td>\n      <\/tr>\n      <tr>\n        <td>flessibilit\u00e0<\/td>\n        <td>Rigidamente legato all&#039;indice<\/td>\n        <td>Adattabile alle fasi di mercato e alle nuove tendenze<\/td>\n      <\/tr>\n      <tr>\n        <td>trasparenza<\/td>\n        <td>Regole di indicizzazione, ma poche spiegazioni<\/td>\n        <td>Aggiornamenti chiari, decisioni comprensibili<\/td>\n      <\/tr>\n      <tr>\n        <td>percezione dei costi<\/td>\n        <td>Basso TER, ma costi iniziali<\/td>\n        <td>Tariffe pi\u00f9 elevate, ma supporto completo.<\/td>\n      <\/tr>\n    <\/tbody>\n    <tfoot>\n      <tr>\n        <td class=\"has-text-align-center\" data-align=\"center\" colspan=\"3\">\n          I portafogli di ETF sono un buon punto di partenza. La mia strategia rappresenta il passo successivo.\n        <\/td>\n      <\/tr>\n    <\/tfoot>\n  <\/table>\n<\/figure>\n\n<!-- Wrapper f\u00fcr die mobilen Spalten-Cards -->\n<div class=\"mehrwert-cards\"><\/div>\n\n\n\n<div class=\"wp-block-columns is-layout-flex wp-container-core-columns-is-layout-28f84493 wp-block-columns-is-layout-flex\">\n<div class=\"wp-block-column is-layout-flow wp-block-column-is-layout-flow\">\n<div class=\"wp-block-buttons is-layout-flex wp-block-buttons-is-layout-flex\">\n<div class=\"wp-block-button\"><a class=\"wp-block-button__link wp-element-button\" href=\"https:\/\/mueckinvest.com\/it\/global-layers\/\">Al wikifoglio ombrello Livelli globali<\/a><\/div>\n<\/div>\n<\/div>\n\n\n\n<div class=\"wp-block-column is-layout-flow wp-block-column-is-layout-flow\">\n<div class=\"wp-block-buttons is-layout-flex wp-block-buttons-is-layout-flex\">\n<div class=\"wp-block-button\"><a class=\"wp-block-button__link wp-element-button\" href=\"https:\/\/mueckinvest.com\/it\/wikifolios\/\">Scopri altre strategie<\/a><\/div>\n<\/div>\n<\/div>\n<\/div>\n\n\n\n<div class=\"wp-block-buttons is-layout-flex wp-block-buttons-is-layout-flex\"><\/div>","protected":false},"excerpt":{"rendered":"<p>Ein ETF\u2011Portfolio ist grunds\u00e4tzlich ein guter Start. Doch viele Anlegerinnen und Anleger untersch\u00e4tzen, wie stark sich ein Portfolio im Laufe der Zeit ver\u00e4ndert \u2013 und wie schwierig es ist, langfristig diszipliniert zu bleiben. Genau hier setzt MueckInvest an: mit klaren Regeln, globaler Diversifikation und einer transparenten, live umgesetzten Strategie. \ud83d\udd0d Typische Herausforderungen bei klassischen ETF\u2011Portfolios [&hellip;]<\/p>\n","protected":false},"author":1,"featured_media":0,"parent":0,"menu_order":0,"comment_status":"closed","ping_status":"closed","template":"page-no-sidebar","meta":{"pmpro_default_level":"","_monsterinsights_skip_tracking":false,"_monsterinsights_sitenote_active":false,"_monsterinsights_sitenote_note":"","_monsterinsights_sitenote_category":0,"footnotes":""},"class_list":["post-1508","page","type-page","status-publish","hentry","pmpro-has-access"],"aioseo_notices":[],"_links":{"self":[{"href":"https:\/\/mueckinvest.com\/it\/wp-json\/wp\/v2\/pages\/1508","targetHints":{"allow":["GET"]}}],"collection":[{"href":"https:\/\/mueckinvest.com\/it\/wp-json\/wp\/v2\/pages"}],"about":[{"href":"https:\/\/mueckinvest.com\/it\/wp-json\/wp\/v2\/types\/page"}],"author":[{"embeddable":true,"href":"https:\/\/mueckinvest.com\/it\/wp-json\/wp\/v2\/users\/1"}],"replies":[{"embeddable":true,"href":"https:\/\/mueckinvest.com\/it\/wp-json\/wp\/v2\/comments?post=1508"}],"version-history":[{"count":2,"href":"https:\/\/mueckinvest.com\/it\/wp-json\/wp\/v2\/pages\/1508\/revisions"}],"predecessor-version":[{"id":3201,"href":"https:\/\/mueckinvest.com\/it\/wp-json\/wp\/v2\/pages\/1508\/revisions\/3201"}],"wp:attachment":[{"href":"https:\/\/mueckinvest.com\/it\/wp-json\/wp\/v2\/media?parent=1508"}],"curies":[{"name":"wp","href":"https:\/\/api.w.org\/{rel}","templated":true}]}}