{"id":1134,"date":"2025-11-12T09:16:37","date_gmt":"2025-11-12T09:16:37","guid":{"rendered":"https:\/\/mueckinvest.de\/?page_id=1134"},"modified":"2026-03-18T15:18:00","modified_gmt":"2026-03-18T14:18:00","slug":"contesto-della-creazione-di-mueckinvest","status":"publish","type":"page","link":"https:\/\/mueckinvest.com\/it\/hintergrund-zur-entstehung-von-mueckinvest\/","title":{"rendered":"Dalla visione all&#039;implementazione."},"content":{"rendered":"<p>Mueckinvest \u00e8 stata fondata su un obiettivo chiaro: offrire agli investitori un modo semplice per accedere al mercato globale in modo semplice <strong>una posizione di portafoglio singola<\/strong> da rappresentare. Le strategie classiche spesso consistono in molti singoli titoli azionari o fondi, complessi da gestire e soggetti a sovrappesamento o sottopesatura.<\/p>\n\n\n\n<p>Il mio approccio persegue quindi un obiettivo chiaro: <strong>un portafoglio strutturato e diversificato a livello globale in un&#039;unica posizione<\/strong>, integrate da conoscenze finanziarie presentate in modo chiaro che rendono comprensibili i principi sottostanti.<\/p>\n\n\n\n<p>Ci\u00f2 include due componenti chiave:<\/p>\n\n\n\n<ul class=\"wp-block-list\">\n<li><strong>Strategie Wikifolio basate su regole<\/strong>, che combinano diversificazione, struttura e gestione del rischio<\/li>\n\n\n\n<li><strong>Approfondimenti su argomenti specifici e conoscenze finanziarie<\/strong>, che spiegano come funzionano i mercati, come i fattori li influenzano e quali argomenti sono rilevanti nel lungo termine<\/li>\n<\/ul>\n\n\n\n<p>Gli approfondimenti illustrano i principali temi di investimento, i meccanismi di mercato e le scoperte scientifiche in modo conciso, comprensibile e direttamente applicabile. Aiutano gli investitori a individuare le connessioni, a contestualizzare le decisioni e a comprendere meglio le strategie.<\/p>\n\n\n\n<p>Con l&#039;ombrello wikifolio <strong>Livelli globali<\/strong> L&#039;obiettivo di un portafoglio di mercato globale \u00e8 stato costantemente implementato in un&#039;unica posizione. Come alternativa pi\u00f9 compatta, \u00e8 disponibile il Wikifolio principale. <strong>Investimenti intelligenti a livello globale<\/strong> una sorta di \u201eGlobal Layers light\u201c.<\/p>\n\n\n\n<p>Mueckinvest si rivolge quindi sia agli investitori esperti che cercano un&#039;integrazione efficiente ai portafogli esistenti, sia ai principianti che desiderano accedere a un portafoglio di mercato ampiamente diversificato con un unico investimento, acquisendo al contempo le conoscenze necessarie per interpretarlo.<\/p>\n\n\n\n<div style=\"height:100px\" aria-hidden=\"true\" class=\"wp-block-spacer\"><\/div>\n\n\n\n<p>Attenzione: gli investimenti in Wikifolios comportano dei rischi. Le performance passate non sono un indicatore affidabile dei risultati futuri. Per maggiori dettagli, consultare il [link\/documento\/sezione]. <strong><a href=\"https:\/\/mueckinvest.com\/it\/impronta\/\" data-type=\"page\" data-id=\"2\">impronta<\/a>.<\/strong><\/p>","protected":false},"excerpt":{"rendered":"<p>Mueckinvest entstand aus einem klaren Anspruch: Anlegern eine einfache M\u00f6glichkeit zu bieten, den globalen Markt in nur einer einzigen Depotposition abzubilden. Klassische Strategien bestehen oft aus vielen Einzelwerten oder Fonds \u2013 komplex in der Verwaltung und anf\u00e4llig f\u00fcr \u00dcber\u2011 oder Untergewichtungen. Mein Ansatz verfolgt deshalb ein eindeutiges Ziel: ein strukturiertes, global diversifiziertes Portfolio in einer [&hellip;]<\/p>\n","protected":false},"author":1,"featured_media":0,"parent":0,"menu_order":0,"comment_status":"closed","ping_status":"closed","template":"page-no-sidebar","meta":{"pmpro_default_level":"","_monsterinsights_skip_tracking":false,"_monsterinsights_sitenote_active":false,"_monsterinsights_sitenote_note":"","_monsterinsights_sitenote_category":0,"footnotes":""},"class_list":["post-1134","page","type-page","status-publish","hentry","pmpro-has-access"],"aioseo_notices":[],"_links":{"self":[{"href":"https:\/\/mueckinvest.com\/it\/wp-json\/wp\/v2\/pages\/1134","targetHints":{"allow":["GET"]}}],"collection":[{"href":"https:\/\/mueckinvest.com\/it\/wp-json\/wp\/v2\/pages"}],"about":[{"href":"https:\/\/mueckinvest.com\/it\/wp-json\/wp\/v2\/types\/page"}],"author":[{"embeddable":true,"href":"https:\/\/mueckinvest.com\/it\/wp-json\/wp\/v2\/users\/1"}],"replies":[{"embeddable":true,"href":"https:\/\/mueckinvest.com\/it\/wp-json\/wp\/v2\/comments?post=1134"}],"version-history":[{"count":2,"href":"https:\/\/mueckinvest.com\/it\/wp-json\/wp\/v2\/pages\/1134\/revisions"}],"predecessor-version":[{"id":4031,"href":"https:\/\/mueckinvest.com\/it\/wp-json\/wp\/v2\/pages\/1134\/revisions\/4031"}],"wp:attachment":[{"href":"https:\/\/mueckinvest.com\/it\/wp-json\/wp\/v2\/media?parent=1134"}],"curies":[{"name":"wp","href":"https:\/\/api.w.org\/{rel}","templated":true}]}}