{"id":753,"date":"2025-11-05T11:00:00","date_gmt":"2025-11-05T11:00:00","guid":{"rendered":"https:\/\/mueckinvest.de\/?page_id=753"},"modified":"2026-01-23T08:08:01","modified_gmt":"2026-01-23T07:08:01","slug":"glosarium","status":"publish","type":"page","link":"https:\/\/mueckinvest.com\/id\/glossar\/","title":{"rendered":"glosarium"},"content":{"rendered":"<figure class=\"wp-block-table\"><table class=\"has-fixed-layout\"><thead><tr><th><strong>Ekspresi<\/strong><\/th><th><strong>definisi<\/strong><\/th><\/tr><\/thead><tbody><tr><td>pajak pemotongan<\/td><td>Pajak tetap atas keuntungan modal di Jerman.<\/td><\/tr><tr><td>membagikan<\/td><td>Saham perusahaan yang menawarkan hak kepemilikan dan potensi kenaikan harga saham.<\/td><\/tr><tr><td>indeks saham<\/td><td>Sekumpulan saham yang mengukur kinerja pasar.<\/td><\/tr><tr><td>alfa<\/td><td>Keuntungan berlebih dari portofolio dibandingkan dengan pasar.<\/td><\/tr><tr><td>Jangka waktu investasi<\/td><td>Jangka waktu di mana investor ingin tetap berinvestasi.<\/td><\/tr><tr><td>Alokasi Aset<\/td><td>Alokasi modal di berbagai kelas aset.<\/td><\/tr><tr><td>Mendistribusikan<\/td><td>ETF atau dana yang secara berkala membayarkan keuntungan.<\/td><\/tr><tr><td>Pengujian balik<\/td><td>Simulasi historis suatu strategi untuk menilai ketahanannya.<\/td><\/tr><tr><td>Pasar Bearish<\/td><td>Fase pasar dengan penurunan harga dalam jangka waktu yang lebih lama.<\/td><\/tr><tr><td>Keuangan Perilaku<\/td><td>Ilmu pengetahuan tentang bias kognitif dan pola perilaku investor.<\/td><\/tr><tr><td>beta<\/td><td>Ukuran volatilitas suatu sekuritas dibandingkan dengan pasar.<\/td><\/tr><tr><td>Penawaran<\/td><td>Harga maksimum yang bersedia dibayar oleh pembeli.<\/td><\/tr><tr><td>makelar<\/td><td>Platform perdagangan untuk membeli dan menjual sekuritas.<\/td><\/tr><tr><td>Pasar Bullish<\/td><td>Fase pasar dengan kenaikan harga dalam jangka waktu yang lebih panjang.<\/td><\/tr><tr><td>Beli dan Tahan<\/td><td>Strategi investasi jangka panjang tanpa penyeimbangan ulang portofolio yang sering.<\/td><\/tr><tr><td>Arus kas<\/td><td>Arus masuk bersih dana likuid ke suatu perusahaan.<\/td><\/tr><tr><td>Satelit Inti<\/td><td>Kombinasi antara portofolio inti yang stabil dan instrumen investasi pendukung yang berorientasi pada imbal hasil.<\/td><\/tr><tr><td>Koreksi<\/td><td>Penurunan harga sebesar 10-20% dari % setelah kenaikan sebelumnya.<\/td><\/tr><tr><td>payung wikifolio<\/td><td>Wikifolio yang berinvestasi di Wikifolio lainnya.<\/td><\/tr><tr><td>deflasi<\/td><td>Penurunan umum pada tingkat harga.<\/td><\/tr><tr><td>Diversifikasi<\/td><td>Diversifikasi modal untuk mengurangi risiko.<\/td><\/tr><tr><td>Tempat tinggal<\/td><td>Negara tempat dana tersebut terdaftar secara sah.<\/td><\/tr><tr><td>Penurunan<\/td><td>Penurunan dari puncak ke titik terendah.<\/td><\/tr><tr><td>Pengembalian atas ekuitas (ROE)<\/td><td>Laba dalam kaitannya dengan ekuitas.<\/td><\/tr><tr><td>Risiko penerbit<\/td><td>Risiko kebangkrutan penerbit.<\/td><\/tr><tr><td>Emisi (Sertifikat)<\/td><td>Proses di mana penerbit membuat sertifikat yang dapat diperdagangkan untuk Wikifolio.<\/td><\/tr><tr><td>ETF<\/td><td>Dana yang diperdagangkan di bursa (ETF) yang mengikuti indeks.<\/td><\/tr><tr><td>Investasi faktor<\/td><td>Berinvestasi berdasarkan pendorong pengembalian seperti nilai atau momentum.<\/td><\/tr><tr><td>Perintah pengecualian<\/td><td>Memungkinkan bank untuk membebaskan keuntungan modal dari pajak hingga batas bebas pajak yang diizinkan.<\/td><\/tr><tr><td>Arus Kas Bebas<\/td><td>Arus kas yang tersedia setelah investasi.<\/td><\/tr><tr><td>Volume dana<\/td><td>Nilai total seluruh aset suatu dana.<\/td><\/tr><tr><td>Investasi Pertumbuhan<\/td><td>Berinvestasilah pada perusahaan-perusahaan dengan pertumbuhan tinggi.<\/td><\/tr><tr><td>Platform perdagangan<\/td><td>Bursa saham atau platform tempat perdagangan sekuritas dilakukan.<\/td><\/tr><tr><td>Naluri kawanan<\/td><td>Kecenderungan untuk mengikuti orang banyak.<\/td><\/tr><tr><td>Bias Rumah<\/td><td>Terlalu menekankan investasi domestik.<\/td><\/tr><tr><td>inflasi<\/td><td>Kenaikan umum pada tingkat harga.<\/td><\/tr><tr><td>Dana indeks<\/td><td>Dana yang mereplikasi suatu indeks (tidak harus ETF).<\/td><\/tr><tr><td>Kelayakan Investasi<\/td><td>Status Wikifolio segera setelah sertifikat diterbitkan dan dapat diperdagangkan.<\/td><\/tr><tr><td>ISIN \/ WKN<\/td><td>Nomor identifikasi unik suatu sekuritas.<\/td><\/tr><tr><td>Pajak Keuntungan Modal (KESt)<\/td><td>Pajak atas keuntungan modal, yang dikenakan bersamaan dengan pungutan solidaritas.<\/td><\/tr><tr><td>Pendapatan modal<\/td><td>Pendapatan dari bunga, dividen, atau penjualan.<\/td><\/tr><tr><td>KBV<\/td><td>Rasio harga terhadap nilai buku suatu perusahaan.<\/td><\/tr><tr><td>KCV<\/td><td>Rasio harga terhadap arus kas.<\/td><\/tr><tr><td>Rasio P\/E<\/td><td>Rasio harga terhadap pendapatan suatu perusahaan.<\/td><\/tr><tr><td>korelasi<\/td><td>Ukuran pergerakan gabungan dari dua sistem.<\/td><\/tr><tr><td>Lapisan<\/td><td>Klasifikasi risiko terstruktur dalam beberapa lapisan.<\/td><\/tr><tr><td>Suku bunga acuan<\/td><td>Tingkat bunga di mana bank dapat melakukan pembiayaan ulang dengan bank sentral.<\/td><\/tr><tr><td>Pesanan Batas<\/td><td>Jual beli dengan harga tetap atau lebih baik.<\/td><\/tr><tr><td>likuiditas<\/td><td>Betapa mudahnya suatu sekuritas dapat diperdagangkan.<\/td><\/tr><tr><td>Pesanan Pasar<\/td><td>Eksekusi langsung pada harga pasar saat ini.<\/td><\/tr><tr><td>Penurunan Maksimum (MDD)<\/td><td>Kerugian historis terbesar dari sebuah portofolio dari titik tertinggi hingga titik terendahnya.<\/td><\/tr><tr><td>Megatrend<\/td><td>Pengembangan global jangka panjang dengan dampak pasar yang signifikan.<\/td><\/tr><tr><td>Momentum<\/td><td>Strategi yang berfokus pada saham-saham yang baru-baru ini meraih kemenangan besar.<\/td><\/tr><tr><td>Contoh portofolio<\/td><td>Contoh portofolio sebagai panduan.<\/td><\/tr><tr><td>Buku pesanan<\/td><td>Daftar semua pesanan beli dan jual.<\/td><\/tr><tr><td>Formulir pemesanan<\/td><td>Formulir pemesanan di broker.<\/td><\/tr><tr><td>Kinerja yang lebih baik<\/td><td>Pengembalian di atas indeks acuan.<\/td><\/tr><tr><td>Biaya penampilan<\/td><td>Biaya berbasis kinerja jika terjadi perkembangan positif.<\/td><\/tr><tr><td>Mereplikasi secara fisik<\/td><td>ETF yang benar-benar membeli sekuritas yang dikandungnya.<\/td><\/tr><tr><td>Portofolio<\/td><td>Jumlah total semua sekuritas yang dimiliki.<\/td><\/tr><tr><td>Investasi kuantitatif<\/td><td>Investasi berbasis aturan yang didasarkan pada data.<\/td><\/tr><tr><td>Penyeimbangan Ulang<\/td><td>Pemulihan bobot portofolio asli.<\/td><\/tr><tr><td>kembali<\/td><td>Pengembalian investasi dalam jangka waktu tertentu.<\/td><\/tr><tr><td>resesi<\/td><td>Perlambatan ekonomi selama beberapa kuartal.<\/td><\/tr><tr><td>Kesetaraan Risiko<\/td><td>Strategi di mana setiap kelas aset memberikan kontribusi risiko yang sama.<\/td><\/tr><tr><td>Kelas risiko<\/td><td>Klasifikasi berdasarkan intensitas fluktuasi.<\/td><\/tr><tr><td>Model penilaian<\/td><td>Sistem peringkat pemilihan saham.<\/td><\/tr><tr><td>Rasio Sharpe<\/td><td>Rasio risiko-imbal hasil.<\/td><\/tr><tr><td>SICAV<\/td><td>Struktur dana Eropa dengan modal variabel.<\/td><\/tr><tr><td>Rasio Sortino<\/td><td>Imbal hasil dalam kaitannya dengan risiko penurunan.<\/td><\/tr><tr><td>Tunjangan tabungan<\/td><td>Tunjangan bebas pajak tahunan untuk keuntungan modal.<\/td><\/tr><tr><td>Menyebar<\/td><td>Selisih antara harga beli dan harga jual.<\/td><\/tr><tr><td>Dampak penangguhan pajak<\/td><td>Menunda pembayaran pajak ke masa mendatang.<\/td><\/tr><tr><td>Perintah stop-beli<\/td><td>Perintah beli yang hanya dipicu ketika harga tertentu terlampaui.<\/td><\/tr><tr><td>Perintah stop-limit<\/td><td>Sebuah order yang menjadi aktif ketika harga stop tercapai.<\/td><\/tr><tr><td>Perintah stop-loss<\/td><td>Perintah untuk membatasi kerugian.<\/td><\/tr><tr><td>Tukar ETF<\/td><td>ETF sintetis yang mereplikasi indeks melalui transaksi swap.<\/td><\/tr><tr><td>Replikasi sintetis<\/td><td>ETF yang melacak indeks menggunakan derivatif atau swap.<\/td><\/tr><tr><td>TER<\/td><td>Rasio biaya total suatu dana.<\/td><\/tr><tr><td>Akumulasi<\/td><td>Keuntungan secara otomatis diinvestasikan kembali.<\/td><\/tr><tr><td>Perbedaan Pelacakan<\/td><td>Penyimpangan imbal hasil ETF dari indeks.<\/td><\/tr><tr><td>Kesalahan Pelacakan<\/td><td>Fluktuasi penyimpangan dari indeks.<\/td><\/tr><tr><td>Berhenti di Belakang<\/td><td>Stop-loss dinamis yang secara otomatis menyesuaikan diri dengan kenaikan harga.<\/td><\/tr><tr><td>Filter tren<\/td><td>Aturan untuk menentukan tren pasar.<\/td><\/tr><tr><td>Mengikuti tren<\/td><td>Strategi yang memanfaatkan tren yang sudah ada.<\/td><\/tr><tr><td>UCITS<\/td><td>Regulasi Eropa untuk dana.<\/td><\/tr><tr><td>semesta<\/td><td>Himpunan semua sekuritas yang dipilih oleh suatu strategi.<\/td><\/tr><tr><td>Kinerja di bawah ekspektasi<\/td><td>Pengembalian di bawah indeks acuan.<\/td><\/tr><tr><td>Nilai<\/td><td>Berinvestasi di perusahaan yang undervalued.<\/td><\/tr><tr><td>Penghindaran kerugian<\/td><td>Kecenderungan untuk terlalu menekankan kerugian daripada keuntungan.<\/td><\/tr><tr><td>Keriangan<\/td><td>Ukuran volatilitas suatu sekuritas.<\/td><\/tr><tr><td>Penargetan Volatilitas<\/td><td>Menyesuaikan ukuran posisi dengan volatilitas target yang telah ditentukan.<\/td><\/tr><tr><td>pembayaran di muka<\/td><td>Pengenaan pajak tarif tetap atas dana yang terkumpul.<\/td><\/tr><tr><td>Wikifolio<\/td><td>Sertifikat yang mencerminkan kinerja portofolio model.<\/td><\/tr><tr><td>Sertifikat Wikifolio<\/td><td>Sekuritas yang dapat diperdagangkan dari Wikifolio.<\/td><\/tr><tr><td>Biaya sertifikat<\/td><td>Biaya berkelanjutan untuk sertifikat Wikifolio.<\/td><\/tr><tr><td>Perubahan suku bunga<\/td><td>Perubahan arah kebijakan moneter (misalnya, dari kenaikan suku bunga menjadi penurunan suku bunga).<\/td><\/tr><\/tbody><\/table><\/figure>","protected":false},"excerpt":{"rendered":"<p>Begriff Definition Abgeltungssteuer Pauschale Steuer auf Kapitalertr\u00e4ge in Deutschland. Aktie Unternehmensanteil, der Eigentumsrechte und potenzielle Kursgewinne bietet. Aktienindex Korb aus Aktien, der die Entwicklung eines Marktes misst. Alpha \u00dcberrendite eines Portfolios im Vergleich zum Markt. Anlagehorizont Zeitraum, \u00fcber den ein Anleger investiert bleiben m\u00f6chte. Asset Allocation Verteilung des Kapitals auf verschiedene Anlageklassen. Aussch\u00fcttend ETF oder [&hellip;]<\/p>\n","protected":false},"author":1,"featured_media":0,"parent":0,"menu_order":0,"comment_status":"closed","ping_status":"closed","template":"page-no-sidebar","meta":{"pmpro_default_level":"","_monsterinsights_skip_tracking":false,"_monsterinsights_sitenote_active":false,"_monsterinsights_sitenote_note":"","_monsterinsights_sitenote_category":0,"footnotes":""},"class_list":["post-753","page","type-page","status-publish","hentry","pmpro-has-access"],"aioseo_notices":[],"_links":{"self":[{"href":"https:\/\/mueckinvest.com\/id\/wp-json\/wp\/v2\/pages\/753","targetHints":{"allow":["GET"]}}],"collection":[{"href":"https:\/\/mueckinvest.com\/id\/wp-json\/wp\/v2\/pages"}],"about":[{"href":"https:\/\/mueckinvest.com\/id\/wp-json\/wp\/v2\/types\/page"}],"author":[{"embeddable":true,"href":"https:\/\/mueckinvest.com\/id\/wp-json\/wp\/v2\/users\/1"}],"replies":[{"embeddable":true,"href":"https:\/\/mueckinvest.com\/id\/wp-json\/wp\/v2\/comments?post=753"}],"version-history":[{"count":2,"href":"https:\/\/mueckinvest.com\/id\/wp-json\/wp\/v2\/pages\/753\/revisions"}],"predecessor-version":[{"id":2968,"href":"https:\/\/mueckinvest.com\/id\/wp-json\/wp\/v2\/pages\/753\/revisions\/2968"}],"wp:attachment":[{"href":"https:\/\/mueckinvest.com\/id\/wp-json\/wp\/v2\/media?parent=753"}],"curies":[{"name":"wp","href":"https:\/\/api.w.org\/{rel}","templated":true}]}}