{"id":3984,"date":"2026-03-13T11:00:00","date_gmt":"2026-03-13T10:00:00","guid":{"rendered":"https:\/\/mueckinvest.com\/?page_id=3984"},"modified":"2026-03-17T17:00:00","modified_gmt":"2026-03-17T16:00:00","slug":"cerita","status":"publish","type":"page","link":"https:\/\/mueckinvest.com\/id\/geschichte\/","title":{"rendered":"Sejarah, perkembangan, dan peta jalan"},"content":{"rendered":"<p><strong>Mengapa saya secara terbuka menunjukkan perkembangan saya?<\/strong><\/p>\n\n\n\n<p>Bagi saya, penting untuk secara transparan menunjukkan bagaimana Mueckinvest telah berkembang selangkah demi selangkah. Terutama di sektor keuangan, kepercayaan sangat penting \u2013 dan kepercayaan dibangun ketika Anda dapat memahami bagaimana suatu produk dibuat, tumbuh, dan meningkat. Itulah mengapa saya telah mendokumentasikan perjalanan saya sejak tahun 2025 dan secara jelas menunjukkan apa yang sedang saya kerjakan, apa yang telah dicapai, dan apa langkah selanjutnya.<\/p>\n\n\n\n<details class=\"wp-block-details is-layout-flow wp-block-details-is-layout-flow\"><summary><strong>2025<\/strong><\/summary>\n<h2 class=\"wp-block-heading\">Agustus 2025 \u2013 Fase analisis: Wikifolios menjadi fokus utama<\/h2>\n\n\n\n<p>Titik awal Mueckinvest. Selama fase ini, fokusnya adalah pada analisis mendetail tentang Wikifolios, strategi investasi, dan kesalahan umum investor. Wawasan yang diperoleh menjadi dasar bagi gagasan selanjutnya tentang platform keuangan yang jelas, mudah dipahami, dan berorientasi jangka panjang.<\/p>\n\n\n\n<h2 class=\"wp-block-heading\">Oktober 2025 \u2013 Situs web pertama &amp; pembangunan merek<\/h2>\n\n\n\n<p>Versi pertama situs web Mueckinvest diluncurkan secara daring. Tujuannya adalah untuk menyajikan pengetahuan keuangan secara terstruktur dan mudah dipahami. Pada saat yang sama, identitas merek dikembangkan: minimalis, faktual, dan berfokus pada jangka panjang.<\/p>\n\n\n\n<h2 class=\"wp-block-heading\">Desember 2025 \u2013 Penelusuran Mendalam Tematik<\/h2>\n\n\n\n<p>Pengerjaan intensif terhadap konten pun dimulai. Proyek-proyek komprehensif pun dibuat. <a href=\"https:\/\/mueckinvest.com\/id\/topik-pembahasan-mendalam-2\/\" title=\"Pembahasan Mendalam tentang Topik\">Penyelaman mendalam<\/a> ETF, risiko, diversifikasi, <a href=\"https:\/\/mueckinvest.com\/id\/penyeimbangan-ulang-2\/\" title=\"Penyeimbangan Ulang\">Penyeimbangan Ulang <\/a>dan strategi investasi jangka panjang. Konten ini kemudian menjadi basis pengetahuan dari Mueckinvest AI.<\/p>\n<\/details>\n\n\n\n<details class=\"wp-block-details is-layout-flow wp-block-details-is-layout-flow\"><summary><strong>2026<\/strong><\/summary>\n<h2 class=\"wp-block-heading\">Januari 2026 \u2013 Dimulainya pengembangan aplikasi Android<\/h2>\n\n\n\n<p>Implementasi teknis resmi dimulai. Arsitektur ini sengaja dirancang agar ramping, mudah diskalakan, dan dapat diterapkan secara global. Prototipe UI awal dan model data untuk informasi ETF telah dikembangkan.<\/p>\n\n\n\n<h2 class=\"wp-block-heading\">Februari 2026 \u2013 Pendirian AI<\/h2>\n\n\n\n<p>Awal dari <a href=\"https:\/\/mueckinvest.com\/id\/mueckinvest-ki\/\" title=\"Mueckinvest AI\">Integrasi AI<\/a> dengan fokus pada keahlian penjelasan yang autentik daripada jawaban generik. Pengembangan pipeline RAG, embedding awal, dan struktur basis data vektor. Secara paralel, perencanaan dimulai untuk dukungan multibahasa untuk penerapan global.<\/p>\n\n\n\n<h2 class=\"wp-block-heading\">17 Maret 2026 \u2013 Peluncuran telah selesai \ud83c\udf0d<\/h2>\n\n\n\n<p>Android <a href=\"https:\/\/mueckinvest.com\/id\/aplikasi-android\/\" title=\"Aplikasi Mueckinvest\">Aplikasi Mueckinvest<\/a> Kini sudah diluncurkan. Setelah persiapan intensif, infrastruktur global telah siap, server berjalan lancar, dan AI sudah memberikan hasil yang memuaskan.<\/p>\n<\/details>\n\n\n\n<details class=\"wp-block-details is-layout-flow wp-block-details-is-layout-flow\"><summary><strong>Perencanaan \/ Peta Jalan<\/strong><\/summary>\n<h2 class=\"wp-block-heading\">April \u2013 Juni 2026<\/h2>\n\n\n\n<p>Pengembangan versi iOS asli dari \u201eMueckinvest\u201c + \u201eMueckinvest AI\u201c dimulai. Tujuannya adalah aplikasi yang stabil, cepat, dan intuitif yang sepenuhnya melengkapi pengalaman web dan Android yang sudah ada.<\/p>\n\n\n\n<p>Bersamaan dengan aplikasi Android (\u201eMueckinvest\u201c), aplikasi mandiri \u201eMueckinvest AI\u201c akan dirilis. Aplikasi ini menawarkan obrolan AI khusus tentang ETF, investasi jangka panjang, dan edukasi keuangan \u2013 dioptimalkan untuk 20 bahasa dan pengguna internasional.<\/p>\n\n\n\n<h2 class=\"wp-block-heading\">Pada akhir tahun 2026<\/h2>\n\n\n\n<p><strong>Stabilitas arsitektur<\/strong>Hingga akhir tahun, fokus akan diarahkan pada penguatan lebih lanjut fondasi teknis Mueckinvest. Arsitektur server dan basis data yang ada akan terus dipantau, dioptimalkan, dan diuji dalam kondisi pengguna nyata. Tujuannya adalah platform yang stabil, terukur, dan andal secara permanen untuk semua pasar internasional.<\/p>\n\n\n\n<p><strong>Perbaikan bug yang sedang berlangsung<\/strong>Dengan semakin banyaknya fungsi dan umpan balik awal dari pengguna, analisis kesalahan sistematis kini menjadi fokus utama. Bug yang teridentifikasi segera diperbaiki, proses disempurnakan, dan kinerja aplikasi secara keseluruhan ditingkatkan lebih lanjut.<\/p>\n\n\n\n<p><strong>Jaminan kualitas &amp; penyempurnaan<\/strong>Selain penyesuaian teknis, detail UI, waktu pemuatan, kualitas respons AI, dan dukungan multibahasa terus dioptimalkan. Fokusnya adalah mengubah Mueckinvest menjadi platform AI keuangan yang stabil, berfungsi lancar, dan dapat diterapkan secara internasional pada akhir tahun ini.<\/p>\n<\/details>","protected":false},"excerpt":{"rendered":"<p>Warum ich meine Entwicklung offen zeige F\u00fcr mich ist es wichtig, transparent zu zeigen, wie sich Mueckinvest Schritt f\u00fcr Schritt entwickelt hat. Gerade im Finanzbereich z\u00e4hlt Vertrauen \u2013 und Vertrauen entsteht, wenn man nachvollziehen kann, wie ein Produkt entsteht, w\u00e4chst und sich verbessert. Deshalb dokumentiere ich meinen Weg seit 2025 und zeige klar, woran ich [&hellip;]<\/p>\n","protected":false},"author":1,"featured_media":0,"parent":0,"menu_order":0,"comment_status":"closed","ping_status":"closed","template":"","meta":{"pmpro_default_level":"","_monsterinsights_skip_tracking":false,"_monsterinsights_sitenote_active":false,"_monsterinsights_sitenote_note":"","_monsterinsights_sitenote_category":0,"footnotes":""},"class_list":["post-3984","page","type-page","status-publish","hentry","pmpro-has-access"],"aioseo_notices":[],"_links":{"self":[{"href":"https:\/\/mueckinvest.com\/id\/wp-json\/wp\/v2\/pages\/3984","targetHints":{"allow":["GET"]}}],"collection":[{"href":"https:\/\/mueckinvest.com\/id\/wp-json\/wp\/v2\/pages"}],"about":[{"href":"https:\/\/mueckinvest.com\/id\/wp-json\/wp\/v2\/types\/page"}],"author":[{"embeddable":true,"href":"https:\/\/mueckinvest.com\/id\/wp-json\/wp\/v2\/users\/1"}],"replies":[{"embeddable":true,"href":"https:\/\/mueckinvest.com\/id\/wp-json\/wp\/v2\/comments?post=3984"}],"version-history":[{"count":13,"href":"https:\/\/mueckinvest.com\/id\/wp-json\/wp\/v2\/pages\/3984\/revisions"}],"predecessor-version":[{"id":4021,"href":"https:\/\/mueckinvest.com\/id\/wp-json\/wp\/v2\/pages\/3984\/revisions\/4021"}],"wp:attachment":[{"href":"https:\/\/mueckinvest.com\/id\/wp-json\/wp\/v2\/media?parent=3984"}],"curies":[{"name":"wp","href":"https:\/\/api.w.org\/{rel}","templated":true}]}}