{"id":380,"date":"2025-10-09T10:03:20","date_gmt":"2025-10-09T10:03:20","guid":{"rendered":"https:\/\/mueckinvest.de\/?page_id=380"},"modified":"2026-01-05T07:00:00","modified_gmt":"2026-01-05T06:00:00","slug":"perbandingan-corewikifolio-2","status":"publish","type":"page","link":"https:\/\/mueckinvest.com\/id\/kernwikifolio-vergleich\/","title":{"rendered":"Perbandingan Wikifolio inti"},"content":{"rendered":"<div class=\"tabelle-vollbild\">\n  <table class=\"info-tabelle vergleich has-fixed-layout\">\n    <thead>\n      <tr>\n        <th class=\"kategorie\">kategori<\/th>\n        <th class=\"wikifolio\">\n          <a href=\"https:\/\/mueckinvest.com\/id\/investasi-cerdas-di-seluruh-dunia-2\/\" target=\"_blank\" rel=\"noopener\">\n            Investasi Cerdas Global\n          <\/a>\n        <\/th>\n        <th class=\"wikifolio\">\n          <a href=\"https:\/\/mueckinvest.com\/id\/inti-dan-tren-global-2\/\" target=\"_blank\" rel=\"noopener\">\n            Inti dan Tren Global\n          <\/a>\n        <\/th>\n        <th class=\"wikifolio\">\n          <a href=\"https:\/\/mueckinvest.com\/id\/global-shield\/\" target=\"_blank\" rel=\"noopener\">\n            Perisai Global\n          <\/a>\n        <\/th>\n      <\/tr>\n    <\/thead>\n\n    <tbody>\n      <tr>\n        <td class=\"highlight\">penyelarasan<\/td>\n        <td>Multi-aset global dengan ESG, multifaktor &amp; kripto<\/td>\n        <td>Portofolio ekuitas murni &amp; strategi faktor<\/td>\n        <td>Portofolio multi-aset defensif yang berfokus pada obligasi, komoditas, dan emas.<\/td>\n      <\/tr>\n\n      <tr>\n        <td class=\"highlight\">Kelas risiko<\/td>\n        <td class=\"risiko-ausgewogen\">seimbang<\/td>\n        <td class=\"risiko-chancenorientiert\">berorientasi pada peluang<\/td>\n        <td class=\"risiko-defensiv\">defensif<\/td>\n      <\/tr>\n\n      <tr>\n        <td class=\"highlight\">Biaya penampilan<\/td>\n        <td>10%<\/td>\n        <td>10%<\/td>\n        <td>15%<\/td>\n      <\/tr>\n\n      <tr>\n        <td class=\"highlight\">Dunia investasi<\/td>\n        <td>Semua ETF tersedia di Wikifolio.com<\/td>\n        <td>Semua ETF ekuitas tersedia di Wikifolio.com<\/td>\n        <td>Semua ETF tersedia di Wikifolio.com<\/td>\n      <\/tr>\n\n      <tr>\n        <td class=\"highlight\">Penyeimbangan Ulang<\/td>\n        <td>Triwulanan<\/td>\n        <td>Triwulanan<\/td>\n        <td>Triwulanan<\/td>\n      <\/tr>\n\n      <tr>\n        <td class=\"highlight\">Saham<\/td>\n        <td>~ 60 % (ESG + multifaktor)<br>sekitar 5.800 perusahaan<\/td>\n        <td>100 % (termasuk Small Caps, EM, faktor)<br>sekitar 8.500 perusahaan<\/td>\n        <td>~ 30 % (defensif: ESG, barang konsumsi, volatilitas minimum)<br>sekitar 600 perusahaan<\/td>\n      <\/tr>\n\n      <tr>\n        <td class=\"highlight\">Obligasi<\/td>\n        <td>~25 % (Agregat, HY, EM, Terkait Inflasi)<br>sekitar 21.500 obligasi<\/td>\n        <td>\u2013<\/td>\n        <td>~ 50 % (Agregat, HY, EM, Terkait Inflasi, Ultrashort)<br>sekitar 22.000 obligasi<\/td>\n      <\/tr>\n\n      <tr>\n        <td class=\"highlight\">Bahan baku<\/td>\n        <td>~ 6 % (keranjang bahan baku yang luas)<br>sekitar 90% dari pasar komoditas<\/td>\n        <td>\u2013<\/td>\n        <td>~ 10 % (keranjang bahan baku yang luas)<br>sekitar 90% dari pasar komoditas<\/td>\n      <\/tr>\n\n      <tr>\n        <td class=\"highlight\">Emas<\/td>\n        <td>~ 4 %<\/td>\n        <td>\u2013<\/td>\n        <td>~ 10 %<\/td>\n      <\/tr>\n\n      <tr>\n        <td class=\"highlight\">Kripto<\/td>\n        <td>~ 5 % (20 mata uang kripto teratas)<\/td>\n        <td>\u2013<\/td>\n        <td>\u2013<\/td>\n      <\/tr>\n\n      <tr>\n        <td class=\"highlight\">Strategi Faktor<\/td>\n        <td>Multifaktor (~20 %)<\/td>\n        <td>Multifaktor, Momentum, Nilai, Kapitalisasi Kecil (~37 %)<\/td>\n        <td>Volatilitas Minimum (EM), Sektor Defensif<\/td>\n      <\/tr>\n\n      <tr>\n        <td class=\"highlight\">Integrasi ESG<\/td>\n        <td>Stark (saham + obligasi)<\/td>\n        <td>Sebagian (melalui ETF multifaktor)<\/td>\n        <td>Stark (obligasi ESG, ekuitas ESG)<\/td>\n      <\/tr>\n    <\/tbody>\n  <\/table>\n<\/div>\n\n<!-- Wrapper f\u00fcr die mobilen Spalten-Cards -->\n<div class=\"vergleich-cards\"><\/div>\n\n\n\n\n<section id=\"important-note\">\n<div class=\"note-container\">\n<p>Informasi ini hanya dimaksudkan sebagai panduan dan tidak menggantikan nasihat investasi.<\/p>\n<\/div>\n<\/section>","protected":false},"excerpt":{"rendered":"<p>Kategorie Weltweit Smart Investiert Global Core and Trends Global Shield Ausrichtung Globales Multi-Asset mit ESG, Multifaktor &amp; Krypto Reines Aktienportfolio &amp; Faktorstrategien Defensives Multi-Asset mit Fokus Anleihen, Rohstoffe &amp; Gold Risikoklasse ausgewogen chancenorientiert defensiv Performance Geb\u00fchr 10% 10% 15% Anlageuniversum Alle auf Wikifolio.com verf\u00fcgbaren ETFs Alle auf Wikifolio.com verf\u00fcgbaren Aktien ETFs Alle auf Wikifolio.com verf\u00fcgbaren [&hellip;]<\/p>\n","protected":false},"author":1,"featured_media":0,"parent":0,"menu_order":0,"comment_status":"closed","ping_status":"closed","template":"page-no-sidebar","meta":{"pmpro_default_level":"","_monsterinsights_skip_tracking":false,"_monsterinsights_sitenote_active":false,"_monsterinsights_sitenote_note":"","_monsterinsights_sitenote_category":0,"footnotes":""},"class_list":["post-380","page","type-page","status-publish","hentry","pmpro-has-access"],"aioseo_notices":[],"_links":{"self":[{"href":"https:\/\/mueckinvest.com\/id\/wp-json\/wp\/v2\/pages\/380","targetHints":{"allow":["GET"]}}],"collection":[{"href":"https:\/\/mueckinvest.com\/id\/wp-json\/wp\/v2\/pages"}],"about":[{"href":"https:\/\/mueckinvest.com\/id\/wp-json\/wp\/v2\/types\/page"}],"author":[{"embeddable":true,"href":"https:\/\/mueckinvest.com\/id\/wp-json\/wp\/v2\/users\/1"}],"replies":[{"embeddable":true,"href":"https:\/\/mueckinvest.com\/id\/wp-json\/wp\/v2\/comments?post=380"}],"version-history":[{"count":0,"href":"https:\/\/mueckinvest.com\/id\/wp-json\/wp\/v2\/pages\/380\/revisions"}],"wp:attachment":[{"href":"https:\/\/mueckinvest.com\/id\/wp-json\/wp\/v2\/media?parent=380"}],"curies":[{"name":"wp","href":"https:\/\/api.w.org\/{rel}","templated":true}]}}