{"id":3336,"date":"2026-02-01T22:00:00","date_gmt":"2026-02-01T21:00:00","guid":{"rendered":"https:\/\/mueckinvest.de\/?page_id=3336"},"modified":"2026-03-18T15:17:14","modified_gmt":"2026-03-18T14:17:14","slug":"prinsip-menjanjikan","status":"publish","type":"page","link":"https:\/\/mueckinvest.com\/id\/prinzipien-versprechen\/","title":{"rendered":"Prinsip \/ Janji"},"content":{"rendered":"<h2 class=\"wp-block-heading\"><strong>Prinsip-prinsipku<\/strong><\/h2>\n\n\n\n<h3 class=\"wp-block-heading\"><strong>Saya berinvestasi untuk jangka panjang.<\/strong><\/h3>\n\n\n\n<p>Saya tidak membuat keputusan untuk hari ini atau besok, tetapi untuk beberapa dekade mendatang.<\/p>\n\n\n\n<h3 class=\"wp-block-heading\"><strong>Saya tetap tenang.<\/strong><\/h3>\n\n\n\n<p>Saya tidak membiarkan diri saya terganggu oleh tren, berita utama, atau hiruk pikuk jangka pendek.<\/p>\n\n\n\n<h3 class=\"wp-block-heading\"><strong>Saya menjaga semuanya tetap sederhana.<\/strong><\/h3>\n\n\n\n<p>Saya berfokus pada struktur yang jelas, strategi yang mudah dipahami, dan fondasi yang kokoh.<\/p>\n\n\n\n<hr class=\"wp-block-separator has-alpha-channel-opacity\"\/>\n\n\n\n<h1 class=\"wp-block-heading\">\u2b50 <strong>Prinsip-prinsipku<\/strong><\/h1>\n\n\n\n<h3 class=\"wp-block-heading\"><strong>Saya percaya data, bukan perasaan.<\/strong><\/h3>\n\n\n\n<p>Keputusan saya didasarkan pada fakta, bukan perasaan.<\/p>\n\n\n\n<h3 class=\"wp-block-heading\"><strong>Saya akan tetap independen.<\/strong><\/h3>\n\n\n\n<p>Saya bekerja tanpa iklan, tanpa komisi, dan tanpa kepentingan tersembunyi.<\/p>\n\n\n\n<h3 class=\"wp-block-heading\"><strong>Aku menggunakan waktu sebagai sekutu terkuatku.<\/strong><\/h3>\n\n\n\n<p>Saya mengandalkan kekuatan bunga majemuk \u2013 bukan pada penentuan waktu atau spekulasi.<\/p>\n\n\n\n<hr class=\"wp-block-separator has-alpha-channel-opacity\"\/>\n\n\n\n<h1 class=\"wp-block-heading\">\u2b50 <strong>Apa yang sengaja tidak saya lakukan<\/strong><\/h1>\n\n\n\n<h3 class=\"wp-block-heading\"><strong>Saya tidak memberikan tips saham individual.<\/strong><\/h3>\n\n\n\n<p>Saya bukan analis dan saya tidak memberikan sinyal beli atau jual.<\/p>\n\n\n\n<h3 class=\"wp-block-heading\"><strong>Saya tidak melakukan perdagangan apa pun.<\/strong><\/h3>\n\n\n\n<p>Saya tidak mengejar tren, saham meme, atau keuntungan jangka pendek.<\/p>\n\n\n\n<h3 class=\"wp-block-heading\"><strong>Saya berjanji tidak akan ada jalan pintas.<\/strong><\/h3>\n\n\n\n<p>Saya tidak menjual keajaiban pola pikir, kata-kata klise motivasi, atau ilusi.<\/p>\n\n\n\n<h3 class=\"wp-block-heading\"><strong>Saya tidak beriklan.<\/strong><\/h3>\n\n\n\n<p>Saya tidak menggunakan tautan afiliasi atau kemitraan komersial.<\/p>\n\n\n\n<h3 class=\"wp-block-heading\"><strong>Saya tidak membuat kewalahan.<\/strong><\/h3>\n\n\n\n<p>Saya mengurangi kompleksitas, bukan meningkatkannya.<\/p>","protected":false},"excerpt":{"rendered":"<p>Meine Prinzipien Ich investiere langfristig Ich treffe Entscheidungen nicht f\u00fcr heute oder morgen, sondern f\u00fcr die n\u00e4chsten Jahrzehnte. Ich bleibe ruhig Ich lasse mich nicht von Trends, Schlagzeilen oder kurzfristigem L\u00e4rm ablenken. Ich halte Dinge einfach Ich setze auf klare Strukturen, verst\u00e4ndliche Strategien und robuste Grundlagen. \u2b50 Meine Grunds\u00e4tze Ich vertraue auf Daten, nicht auf [&hellip;]<\/p>\n","protected":false},"author":1,"featured_media":0,"parent":0,"menu_order":0,"comment_status":"closed","ping_status":"closed","template":"","meta":{"pmpro_default_level":"","_monsterinsights_skip_tracking":false,"_monsterinsights_sitenote_active":false,"_monsterinsights_sitenote_note":"","_monsterinsights_sitenote_category":0,"footnotes":""},"class_list":["post-3336","page","type-page","status-publish","hentry","pmpro-has-access"],"aioseo_notices":[],"_links":{"self":[{"href":"https:\/\/mueckinvest.com\/id\/wp-json\/wp\/v2\/pages\/3336","targetHints":{"allow":["GET"]}}],"collection":[{"href":"https:\/\/mueckinvest.com\/id\/wp-json\/wp\/v2\/pages"}],"about":[{"href":"https:\/\/mueckinvest.com\/id\/wp-json\/wp\/v2\/types\/page"}],"author":[{"embeddable":true,"href":"https:\/\/mueckinvest.com\/id\/wp-json\/wp\/v2\/users\/1"}],"replies":[{"embeddable":true,"href":"https:\/\/mueckinvest.com\/id\/wp-json\/wp\/v2\/comments?post=3336"}],"version-history":[{"count":2,"href":"https:\/\/mueckinvest.com\/id\/wp-json\/wp\/v2\/pages\/3336\/revisions"}],"predecessor-version":[{"id":4030,"href":"https:\/\/mueckinvest.com\/id\/wp-json\/wp\/v2\/pages\/3336\/revisions\/4030"}],"wp:attachment":[{"href":"https:\/\/mueckinvest.com\/id\/wp-json\/wp\/v2\/media?parent=3336"}],"curies":[{"name":"wp","href":"https:\/\/api.w.org\/{rel}","templated":true}]}}