{"id":2969,"date":"2026-01-23T08:00:00","date_gmt":"2026-01-23T07:00:00","guid":{"rendered":"https:\/\/mueckinvest.de\/?page_id=2969"},"modified":"2026-03-30T10:00:00","modified_gmt":"2026-03-30T08:00:00","slug":"%f0%9f%8c%90-komunitas-media-sosial-2","status":"publish","type":"page","link":"https:\/\/mueckinvest.com\/id\/%f0%9f%8c%90-social-media-community\/","title":{"rendered":"Media Sosial &amp; Komunitas \ud83c\udf10"},"content":{"rendered":"<h2 class=\"wp-block-heading\">Selalu dekat dengan Anda di semua saluran.<\/h2>\n\n\n\n<p>Agar Anda dapat dengan mudah mengikuti analisis dan pembaruan saya di mana pun Anda berada, saya juga mempublikasikan konten pilihan di saluran media sosial saya. <strong>Semua unggahan memiliki isi yang sama persis dengan yang ditampilkan di situs web ini.<\/strong> Tidak ada pernyataan tambahan, tidak ada informasi yang berbeda \u2013 transparansi penuh.<\/p>\n\n\n\n<div style=\"height:20px\" aria-hidden=\"true\" class=\"wp-block-spacer\"><\/div>\n\n\n\n<hr class=\"wp-block-separator has-alpha-channel-opacity\"\/>\n\n\n\n<div style=\"height:20px\" aria-hidden=\"true\" class=\"wp-block-spacer\"><\/div>\n\n\n\n<h2 class=\"wp-block-heading\">\ud83d\udcf1 Saluran WhatsApp<\/h2>\n\n\n\n<p>Di saluran WhatsApp kami, Anda akan menerima pemberitahuan singkat tentang artikel baru dan pembaruan penting. Kontennya identik dengan publikasi di situs web dan semata-mata untuk kenyamanan Anda.<\/p>\n\n\n\n<div class=\"wp-block-buttons is-layout-flex wp-block-buttons-is-layout-flex\">\n<div class=\"wp-block-button\"><a class=\"wp-block-button__link wp-element-button\" href=\"https:\/\/whatsapp.com\/channel\/0029VbAgHt2FnSz8koFrbi3e\">Saluran WhatsApp<\/a><\/div>\n<\/div>\n\n\n\n<div style=\"height:20px\" aria-hidden=\"true\" class=\"wp-block-spacer\"><\/div>\n\n\n\n<hr class=\"wp-block-separator has-alpha-channel-opacity\"\/>\n\n\n\n<div style=\"height:20px\" aria-hidden=\"true\" class=\"wp-block-spacer\"><\/div>\n\n\n\n<h2 class=\"wp-block-heading\">\ud83d\udcf8Instagram<\/h2>\n\n\n\n<p>Di Instagram, Anda dapat menemukan cuplikan visual dari konten situs web saya:<\/p>\n\n\n\n<ul class=\"wp-block-list\">\n<li>Ringkasan singkat postingan baru<\/li>\n\n\n\n<li>Referensi ke informasi yang baru dirilis<\/li>\n<\/ul>\n\n\n\n<p>Hal yang sama berlaku di sini: <strong>Tidak ada informasi tambahan \u2013 semuanya berdasarkan isi situs web ini.<\/strong><\/p>\n\n\n\n<div class=\"wp-block-buttons is-layout-flex wp-block-buttons-is-layout-flex\">\n<div class=\"wp-block-button\"><a class=\"wp-block-button__link wp-element-button\" href=\"https:\/\/www.instagram.com\/mueckinvest\/\">Instagram<\/a><\/div>\n<\/div>\n\n\n\n<div style=\"height:20px\" aria-hidden=\"true\" class=\"wp-block-spacer\"><\/div>\n\n\n\n<hr class=\"wp-block-separator has-alpha-channel-opacity\"\/>\n\n\n\n<div style=\"height:20px\" aria-hidden=\"true\" class=\"wp-block-spacer\"><\/div>\n\n\n\n<h2 class=\"wp-block-heading\">\ud83d\udcd8 Facebook<\/h2>\n\n\n\n<p>Di Facebook, Anda akan menemukan konten pilihan dari situs web saya dalam bentuk teks:<\/p>\n\n\n\n<ul class=\"wp-block-list\">\n<li>Pemberitahuan singkat tentang postingan baru<\/li>\n\n\n\n<li>Ringkasan singkat publikasi terkini<\/li>\n\n\n\n<li>Penyorotan berkala terhadap topik-topik penting<\/li>\n<\/ul>\n\n\n\n<p>Di sini juga, hanya konten yang berdasarkan situs web ini yang akan ditampilkan \u2013 tanpa informasi tambahan apa pun.<\/p>\n\n\n\n<div class=\"wp-block-buttons is-layout-flex wp-block-buttons-is-layout-flex\">\n<div class=\"wp-block-button\"><a class=\"wp-block-button__link wp-element-button\" href=\"https:\/\/www.facebook.com\/profile.php?id=61575444270604\">Facebook<\/a><\/div>\n<\/div>\n\n\n\n<div style=\"height:20px\" aria-hidden=\"true\" class=\"wp-block-spacer\"><\/div>\n\n\n\n<hr class=\"wp-block-separator has-alpha-channel-opacity\"\/>\n\n\n\n<div style=\"height:20px\" aria-hidden=\"true\" class=\"wp-block-spacer\"><\/div>\n\n\n\n<h2 class=\"wp-block-heading\">\ud83d\udc26 X (sebelumnya Twitter)<\/h2>\n\n\n\n<p>Di X Anda akan menemukan cuplikan singkat dan padat dari konten situs web saya:<\/p>\n\n\n\n<ul class=\"wp-block-list\">\n<li>Informasi singkat tentang artikel baru.<\/li>\n\n\n\n<li>Ringkasan pesan-pesan utama dari publikasi terkini<\/li>\n\n\n\n<li>Fokus pada kejelasan dan relevansi<\/li>\n<\/ul>\n\n\n\n<p>Seperti halnya di tempat lain: Tidak ada informasi tambahan \u2013 semua postingan hanya berdasarkan konten situs web ini.<\/p>\n\n\n\n<div class=\"wp-block-buttons is-layout-flex wp-block-buttons-is-layout-flex\">\n<div class=\"wp-block-button\"><a class=\"wp-block-button__link wp-element-button\" href=\"https:\/\/x.com\/mueckinvest\">Ke profil X<\/a><\/div>\n<\/div>\n\n\n\n<div style=\"height:20px\" aria-hidden=\"true\" class=\"wp-block-spacer\"><\/div>\n\n\n\n<hr class=\"wp-block-separator has-alpha-channel-opacity\"\/>\n\n\n\n<div style=\"height:20px\" aria-hidden=\"true\" class=\"wp-block-spacer\"><\/div>\n\n\n\n<h2 class=\"wp-block-heading\">\ud83d\udcc8 Wikifolio.com<\/h2>\n\n\n\n<p>Wikifolio saya menawarkan wawasan transparan tentang implementasi praktis strategi saya. Komentar dan penjelasan di sana juga didasarkan pada konten yang akan Anda temukan di situs web ini.<\/p>\n\n\n\n<div class=\"wp-block-buttons is-layout-flex wp-block-buttons-is-layout-flex\">\n<div class=\"wp-block-button\"><a class=\"wp-block-button__link wp-element-button\" href=\"https:\/\/www.wikifolio.com\/de\/de\/p\/mueckinvest?tab=wikifolios\">Wikifolio.com<\/a><\/div>\n<\/div>\n\n\n\n<div style=\"height:20px\" aria-hidden=\"true\" class=\"wp-block-spacer\"><\/div>\n\n\n\n<hr class=\"wp-block-separator has-alpha-channel-opacity\"\/>\n\n\n\n<div style=\"height:20px\" aria-hidden=\"true\" class=\"wp-block-spacer\"><\/div>\n\n\n\n<h2 class=\"wp-block-heading\">\ud83d\udcf1Aplikasi Android Mueckinvest + Aplikasi AI Mueckinvest<\/h2>\n\n\n\n<p>Di sini Anda akan menemukan semua informasi tentang Mueckinvest Apps.<\/p>\n\n\n\n<div class=\"wp-block-buttons is-layout-flex wp-block-buttons-is-layout-flex\">\n<div class=\"wp-block-button\"><a class=\"wp-block-button__link wp-element-button\" href=\"https:\/\/mueckinvest.com\/id\/aplikasi-android\/\">Aplikasi Mueckinvest<\/a><\/div>\n\n\n\n<div class=\"wp-block-button\"><a class=\"wp-block-button__link wp-element-button\" href=\"https:\/\/mueckinvest.com\/id\/mueckinvest-ki-app\/\">Aplikasi AI Mueckinvest<\/a><\/div>\n<\/div>","protected":false},"excerpt":{"rendered":"<p>Immer nah dran auf allen Kan\u00e4len Damit Sie meine Analysen und Updates bequem dort verfolgen k\u00f6nnen, wo Sie m\u00f6chten, ver\u00f6ffentliche ich ausgew\u00e4hlte Inhalte zus\u00e4tzlich auf meinen Social\u2011Media\u2011Kan\u00e4len. Alle Beitr\u00e4ge entsprechen inhaltlich exakt dem, was auch auf dieser Website erscheint. Keine zus\u00e4tzlichen Aussagen, keine abweichenden Informationen \u2013 volle Transparenz. \ud83d\udcf1 WhatsApp\u2011Kanal Im WhatsApp\u2011Kanal erhalten Sie kompakte [&hellip;]<\/p>\n","protected":false},"author":1,"featured_media":0,"parent":0,"menu_order":0,"comment_status":"closed","ping_status":"closed","template":"page-no-sidebar","meta":{"pmpro_default_level":"","_monsterinsights_skip_tracking":false,"_monsterinsights_sitenote_active":false,"_monsterinsights_sitenote_note":"","_monsterinsights_sitenote_category":0,"footnotes":""},"class_list":["post-2969","page","type-page","status-publish","hentry","pmpro-has-access"],"aioseo_notices":[],"_links":{"self":[{"href":"https:\/\/mueckinvest.com\/id\/wp-json\/wp\/v2\/pages\/2969","targetHints":{"allow":["GET"]}}],"collection":[{"href":"https:\/\/mueckinvest.com\/id\/wp-json\/wp\/v2\/pages"}],"about":[{"href":"https:\/\/mueckinvest.com\/id\/wp-json\/wp\/v2\/types\/page"}],"author":[{"embeddable":true,"href":"https:\/\/mueckinvest.com\/id\/wp-json\/wp\/v2\/users\/1"}],"replies":[{"embeddable":true,"href":"https:\/\/mueckinvest.com\/id\/wp-json\/wp\/v2\/comments?post=2969"}],"version-history":[{"count":8,"href":"https:\/\/mueckinvest.com\/id\/wp-json\/wp\/v2\/pages\/2969\/revisions"}],"predecessor-version":[{"id":4299,"href":"https:\/\/mueckinvest.com\/id\/wp-json\/wp\/v2\/pages\/2969\/revisions\/4299"}],"wp:attachment":[{"href":"https:\/\/mueckinvest.com\/id\/wp-json\/wp\/v2\/media?parent=2969"}],"curies":[{"name":"wp","href":"https:\/\/api.w.org\/{rel}","templated":true}]}}