{"id":2435,"date":"2026-01-09T07:13:49","date_gmt":"2026-01-09T06:13:49","guid":{"rendered":"https:\/\/mueckinvest.de\/?page_id=2435"},"modified":"2026-02-04T10:00:00","modified_gmt":"2026-02-04T09:00:00","slug":"dukung-mueckinvest","status":"publish","type":"page","link":"https:\/\/mueckinvest.com\/id\/unterstuetze-mueckinvest\/","title":{"rendered":"Dukung Mueckinvest"},"content":{"rendered":"<p>Mueckinvest adalah platform independen, bebas iklan, dan dirancang untuk memberikan gambaran yang jelas tentang keuangan Anda. Jika Anda menghargai konsep dasarnya, Anda dapat secara sukarela mendukung pengembangannya lebih lanjut \u2013 dengan kontribusi satu kali atau bulanan.<\/p>\n\n\n\n<div style=\"height:20px\" aria-hidden=\"true\" class=\"wp-block-spacer\"><\/div>\n\n\n\n<hr class=\"wp-block-separator has-alpha-channel-opacity\"\/>\n\n\n\n<div style=\"height:20px\" aria-hidden=\"true\" class=\"wp-block-spacer\"><\/div>\n\n\n\n<h2 class=\"wp-block-heading\">Mengapa tersedia opsi dukungan?<\/h2>\n\n\n\n<p>Alih-alih beriklan atau menjual data, Mueckinvest mengandalkan model sederhana:<br>Mereka yang menikmati penggunaan platform ini dan mampu membiayainya dipersilakan untuk mendukungnya secara sukarela.<br>Hal ini memastikan bahwa Mueckinvest tetap independen, transparan, dan stabil dalam jangka panjang.<\/p>\n\n\n\n<div style=\"height:20px\" aria-hidden=\"true\" class=\"wp-block-spacer\"><\/div>\n\n\n\n<hr class=\"wp-block-separator has-alpha-channel-opacity\"\/>\n\n\n\n<div style=\"height:20px\" aria-hidden=\"true\" class=\"wp-block-spacer\"><\/div>\n\n\n\n<h2 class=\"wp-block-heading\">Dukungan bulanan<\/h2>\n\n\n\n<p>Kontribusi bulanan Anda membantu mendanai biaya server, pengembangan lebih lanjut, dan fitur-fitur baru. Pembayaran diproses secara otomatis melalui PayPal dan dapat dibatalkan kapan saja.<\/p>\n\n\n\n<div class=\"wp-block-columns is-layout-flex wp-container-core-columns-is-layout-28f84493 wp-block-columns-is-layout-flex\">\n<div class=\"wp-block-column is-layout-flow wp-block-column-is-layout-flow\" style=\"flex-basis:66.66%\">\n<p><strong>Pendukung \u2013 \u20ac2\/bulan<\/strong><\/p>\n\n\n\n<p>Hal ini membantu menjaga agar Mueckinvest tetap independen dan bebas dari iklan.<\/p>\n<\/div>\n\n\n\n<div class=\"wp-block-column is-layout-flow wp-block-column-is-layout-flow\" style=\"flex-basis:33.33%\">\n<div class=\"wp-block-buttons is-layout-flex wp-block-buttons-is-layout-flex\">\n<div class=\"wp-block-button\"><a class=\"wp-block-button__link wp-element-button\" href=\"https:\/\/buy.stripe.com\/00wfZa8Jo8Krfw13ZZ6Na03\">Jadilah pendukung<\/a><\/div>\n<\/div>\n<\/div>\n<\/div>\n\n\n\n<div class=\"wp-block-columns is-layout-flex wp-container-core-columns-is-layout-28f84493 wp-block-columns-is-layout-flex\">\n<div class=\"wp-block-column is-layout-flow wp-block-column-is-layout-flow\" style=\"flex-basis:66.66%\">\n<p><strong>Pendukung Premium \u2013 \u20ac5\/bulan<\/strong><\/p>\n\n\n\n<p>Mendukung pengembangan lebih lanjut, hosting, dan fitur baru.<\/p>\n<\/div>\n\n\n\n<div class=\"wp-block-column is-layout-flow wp-block-column-is-layout-flow\" style=\"flex-basis:33.33%\">\n<div class=\"wp-block-buttons is-layout-flex wp-block-buttons-is-layout-flex\">\n<div class=\"wp-block-button\"><a class=\"wp-block-button__link wp-element-button\" href=\"https:\/\/buy.stripe.com\/14A5kw3p4e4L6Zv7cb6Na04\">Menjadi Pendukung Premium<\/a><\/div>\n<\/div>\n<\/div>\n<\/div>\n\n\n\n<div class=\"wp-block-columns is-layout-flex wp-container-core-columns-is-layout-28f84493 wp-block-columns-is-layout-flex\">\n<div class=\"wp-block-column is-layout-flow wp-block-column-is-layout-flow\" style=\"flex-basis:66.66%\">\n<p><strong>Pendukung Investor \u2013 \u20ac10 \/ bulan<\/strong><\/p>\n\n\n\n<p>Berkontribusilah secara aktif untuk masa depan Mueckinvest.<\/p>\n<\/div>\n\n\n\n<div class=\"wp-block-column is-layout-flow wp-block-column-is-layout-flow\" style=\"flex-basis:33.33%\">\n<div class=\"wp-block-buttons is-layout-flex wp-block-buttons-is-layout-flex\">\n<div class=\"wp-block-button\"><a class=\"wp-block-button__link wp-element-button\" href=\"https:\/\/buy.stripe.com\/00w00c5xc1hZ97D9kj6Na05\">Menjadi pendukung investor<\/a><\/div>\n<\/div>\n<\/div>\n<\/div>\n\n\n\n<div style=\"height:20px\" aria-hidden=\"true\" class=\"wp-block-spacer\"><\/div>\n\n\n\n<hr class=\"wp-block-separator has-alpha-channel-opacity\"\/>\n\n\n\n<div style=\"height:20px\" aria-hidden=\"true\" class=\"wp-block-spacer\"><\/div>\n\n\n\n<h2 class=\"wp-block-heading\">Dukungan sekali saja<\/h2>\n\n\n\n<div class=\"wp-block-columns is-layout-flex wp-container-core-columns-is-layout-28f84493 wp-block-columns-is-layout-flex\">\n<div class=\"wp-block-column is-layout-flow wp-block-column-is-layout-flow\" style=\"flex-basis:66.66%\">\n<p>Jika Anda tidak ingin berlangganan, Anda juga dapat mendukung Mueckinvest dengan donasi satu kali. Anda dapat memilih jumlahnya sesuka hati.<\/p>\n<\/div>\n\n\n\n<div class=\"wp-block-column is-layout-flow wp-block-column-is-layout-flow\" style=\"flex-basis:33.33%\">\n<div class=\"wp-block-buttons is-layout-flex wp-block-buttons-is-layout-flex\">\n<div class=\"wp-block-button\"><a class=\"wp-block-button__link wp-element-button\" href=\"https:\/\/buy.stripe.com\/fZu4gsbVA0dV3Nj7cb6Na06\">Dukungan sekali saja<\/a><\/div>\n<\/div>\n<\/div>\n<\/div>\n\n\n\n<div style=\"height:20px\" aria-hidden=\"true\" class=\"wp-block-spacer\"><\/div>\n\n\n\n<hr class=\"wp-block-separator has-alpha-channel-opacity\"\/>\n\n\n\n<div style=\"height:20px\" aria-hidden=\"true\" class=\"wp-block-spacer\"><\/div>\n\n\n\n<h2 class=\"wp-block-heading\">Transparansi &amp; Pemutusan Hubungan Kerja<\/h2>\n\n\n\n<p>Dukungan Anda bersifat sukarela dan dapat dibatalkan kapan saja.<br>Anda dapat membatalkan langganan bulanan langsung di akun PayPal Anda.<br>Tidak ada syarat tersembunyi \u2013 kontribusi Anda adalah ucapan terima kasih atas platform yang menawarkan nilai tambah nyata bagi Anda.<\/p>","protected":false},"excerpt":{"rendered":"<p>Mueckinvest ist unabh\u00e4ngig, werbefrei und darauf ausgelegt, Ihnen einen klaren \u00dcberblick \u00fcber Ihre Finanzen zu geben. Wenn Sie die Idee dahinter wertvoll finden, k\u00f6nnen Sie die Weiterentwicklung freiwillig unterst\u00fctzen \u2013 einmalig oder monatlich. Warum gibt es Unterst\u00fctzungsm\u00f6glichkeiten? Statt Werbung oder Datenverkauf setzt Mueckinvest auf ein einfaches Modell:Wer die Plattform gerne nutzt und sich das leisten [&hellip;]<\/p>\n","protected":false},"author":1,"featured_media":0,"parent":0,"menu_order":0,"comment_status":"closed","ping_status":"closed","template":"page-no-sidebar","meta":{"pmpro_default_level":"","_monsterinsights_skip_tracking":false,"_monsterinsights_sitenote_active":false,"_monsterinsights_sitenote_note":"","_monsterinsights_sitenote_category":0,"footnotes":""},"class_list":["post-2435","page","type-page","status-publish","hentry","pmpro-has-access"],"aioseo_notices":[],"_links":{"self":[{"href":"https:\/\/mueckinvest.com\/id\/wp-json\/wp\/v2\/pages\/2435","targetHints":{"allow":["GET"]}}],"collection":[{"href":"https:\/\/mueckinvest.com\/id\/wp-json\/wp\/v2\/pages"}],"about":[{"href":"https:\/\/mueckinvest.com\/id\/wp-json\/wp\/v2\/types\/page"}],"author":[{"embeddable":true,"href":"https:\/\/mueckinvest.com\/id\/wp-json\/wp\/v2\/users\/1"}],"replies":[{"embeddable":true,"href":"https:\/\/mueckinvest.com\/id\/wp-json\/wp\/v2\/comments?post=2435"}],"version-history":[{"count":9,"href":"https:\/\/mueckinvest.com\/id\/wp-json\/wp\/v2\/pages\/2435\/revisions"}],"predecessor-version":[{"id":3538,"href":"https:\/\/mueckinvest.com\/id\/wp-json\/wp\/v2\/pages\/2435\/revisions\/3538"}],"wp:attachment":[{"href":"https:\/\/mueckinvest.com\/id\/wp-json\/wp\/v2\/media?parent=2435"}],"curies":[{"name":"wp","href":"https:\/\/api.w.org\/{rel}","templated":true}]}}