{"id":1508,"date":"2025-12-09T08:00:00","date_gmt":"2025-12-09T08:00:00","guid":{"rendered":"https:\/\/mueckinvest.de\/?page_id=1508"},"modified":"2026-01-28T12:00:00","modified_gmt":"2026-01-28T11:00:00","slug":"nilai-tambah-dibandingkan-dengan-etf-2","status":"publish","type":"page","link":"https:\/\/mueckinvest.com\/id\/mehrwert-gegenueber-etfs\/","title":{"rendered":"Nilai tambah dibandingkan dengan ETF"},"content":{"rendered":"<p>Portofolio ETF umumnya merupakan titik awal yang baik. Namun, banyak investor meremehkan seberapa besar portofolio dapat berubah seiring waktu \u2013 dan betapa sulitnya untuk tetap disiplin dalam jangka panjang. Di sinilah MueckInvest berperan: dengan aturan yang jelas, diversifikasi global, dan strategi yang transparan serta diimplementasikan secara langsung.<\/p>\n\n\n\n<div style=\"height:20px\" aria-hidden=\"true\" class=\"wp-block-spacer\"><\/div>\n\n\n\n<hr class=\"wp-block-separator has-alpha-channel-opacity\"\/>\n\n\n\n<div style=\"height:20px\" aria-hidden=\"true\" class=\"wp-block-spacer\"><\/div>\n\n\n\n<h2 class=\"wp-block-heading\"><strong>\ud83d\udd0d Tantangan umum pada portofolio ETF klasik<\/strong><\/h2>\n\n\n\n<h3 class=\"wp-block-heading\"><strong>\ud83d\udcc9 1. Pergeseran risiko yang tidak disadari (penyimpangan portofolio)<\/strong><\/h3>\n\n\n\n<p>Jika wilayah atau sektor tertentu berkinerja lebih baik daripada yang lain, profil risiko akan bergeser secara otomatis. Portofolio yang awalnya defensif (70\/30) dapat menjadi jauh lebih condong ke saham setelah beberapa tahun \u2013 tanpa keputusan yang disengaja.<\/p>\n\n\n\n<h3 class=\"wp-block-heading\"><strong>\u23f3 2. Penyeimbangan ulang jarang diterapkan secara konsisten.<\/strong><\/h3>\n\n\n\n<p>Banyak orang tahu bahwa penyeimbangan ulang secara berkala itu penting. Namun, dalam praktiknya, hal ini sering dilupakan, ditunda, atau dipengaruhi oleh emosi. Dalam jangka panjang, portofolio kehilangan struktur dan stabilitasnya.<\/p>\n\n\n\n<h3 class=\"wp-block-heading\"><strong>\ud83e\udde0 3. Keputusan emosional akan merugikan Anda dalam jangka panjang<\/strong><\/h3>\n\n\n\n<p>Emosi juga berperan dalam ETF: orang membeli terlalu terlambat, menjual terlalu cepat, atau bereaksi terhadap berita utama. Kesalahan perilaku ini merupakan salah satu hambatan terbesar bagi keuntungan investor swasta.<\/p>\n\n\n\n<div style=\"height:20px\" aria-hidden=\"true\" class=\"wp-block-spacer\"><\/div>\n\n\n\n<hr class=\"wp-block-separator has-alpha-channel-opacity\"\/>\n\n\n\n<div style=\"height:20px\" aria-hidden=\"true\" class=\"wp-block-spacer\"><\/div>\n\n\n\n<h2 class=\"wp-block-heading\"><strong>\ud83e\udded Apa yang membuat Mueckinvest lebih baik?<\/strong><\/h2>\n\n\n\n<h3 class=\"wp-block-heading\"><strong>\ud83d\udcd8 1. Aturan yang jelas dan transparan<\/strong><\/h3>\n\n\n\n<p>Strategi-strategi tersebut mengikuti aturan yang tetap dan mudah dipahami. Tidak ada keputusan spontan, tidak ada penentuan waktu pasar, tidak ada firasat. Semuanya terdokumentasi dan konsisten.<\/p>\n\n\n\n<h3 class=\"wp-block-heading\"><strong>\ud83d\udd04 2. Penyeimbangan ulang secara berkala berdasarkan aturan<\/strong><\/h3>\n\n\n\n<p>Pembobotan ditinjau dan disesuaikan pada interval yang ditentukan. Hal ini menjaga risiko tetap stabil \u2013 terlepas dari pergerakan pasar jangka pendek.<\/p>\n\n\n\n<h3 class=\"wp-block-heading\"><strong>\ud83c\udf0d 3. Diversifikasi global dalam satu portofolio<\/strong><\/h3>\n\n\n\n<p>Alih-alih menggabungkan beberapa ETF secara terpisah, MueckInvest menggabungkan diversifikasi global ke dalam pendekatan yang terstruktur dengan jelas:<\/p>\n\n\n\n<ul class=\"wp-block-list\">\n<li>Saham dari pasar negara maju dan berkembang<\/li>\n\n\n\n<li>Area fokus regional seperti AS, Eropa, dan Asia.<\/li>\n\n\n\n<li>Tergantung pada strateginya: obligasi atau komponen lain untuk manajemen risiko.<\/li>\n<\/ul>\n\n\n\n<p>Hasilnya: portofolio yang konsisten dan dibangun secara profesional, bukan kumpulan ETF yang tumbuh secara acak.<\/p>\n\n\n\n<h3 class=\"wp-block-heading\"><strong>\ud83e\udde9 4. Upaya lebih sedikit \u2013 kesalahan lebih sedikit<\/strong><\/h3>\n\n\n\n<p>Anda tidak perlu khawatir tentang waktu, pembobotan, atau fase pasar. Aturannya tetap dan diterapkan secara konsisten. Hal ini mengurangi kesalahan perilaku umum dan memastikan stabilitas jangka panjang.<\/p>\n\n\n\n<h2 class=\"wp-block-heading\"><strong>\ud83d\udca1 Apa artinya ini bagi Anda<\/strong><\/h2>\n\n\n\n<p>Portofolio berbasis aturan tidak hanya menawarkan keuntungan struktural, tetapi juga keuntungan psikologis:<\/p>\n\n\n\n<ul class=\"wp-block-list\">\n<li>Stres berkurang selama pergerakan pasar.<\/li>\n\n\n\n<li>Jangan takut ketinggalan keputusan penting.<\/li>\n\n\n\n<li>Portofolio yang selalu sesuai dengan kelas risiko Anda.<\/li>\n\n\n\n<li>Tekanan yang lebih sedikit untuk mengambil keputusan dalam kehidupan sehari-hari<\/li>\n\n\n\n<li>Kesederhanaan, bukan kerumitan.<\/li>\n<\/ul>\n\n\n\n<p>Oleh karena itu, nilai tambah yang sebenarnya tidak hanya terletak pada pembangunan portofolio, tetapi juga pada implementasinya yang konsisten dan disiplin selama bertahun-tahun.<\/p>\n\n\n\n<div style=\"height:20px\" aria-hidden=\"true\" class=\"wp-block-spacer\"><\/div>\n\n\n\n<hr class=\"wp-block-separator has-alpha-channel-opacity\"\/>\n\n\n\n<div style=\"height:20px\" aria-hidden=\"true\" class=\"wp-block-spacer\"><\/div>\n\n\n\n<h2 class=\"wp-block-heading\"><strong>\ud83d\udcca Implementasi transparan melalui Wikifolio<\/strong><\/h2>\n\n\n\n<p>Strategi MueckInvest diimplementasikan secara langsung melalui Wikifolio. Anda dapat mengikutinya di sana kapan saja.<\/p>\n\n\n\n<ul class=\"wp-block-list\">\n<li>bobot dan komposisi saat ini<\/li>\n\n\n\n<li>semua langkah penyesuaian dan penyeimbangan ulang<\/li>\n\n\n\n<li>Indikator risiko dan perkembangan historis<\/li>\n\n\n\n<li>setiap transaksi<\/li>\n<\/ul>\n\n\n\n<p>Cara kerjanya <a href=\"https:\/\/mueckinvest.com\/id\/%f0%9f%93%88-wikifolios\/\" title=\"Wikifolios\">Wikifolio<\/a> serta peluang dan risiko dibahas secara rinci di dalam <a href=\"https:\/\/mueckinvest.com\/id\/topik-pembahasan-mendalam-2\/\" title=\"Pembahasan Mendalam tentang Topik\">Topik Pembahasan Mendalam<\/a> dan di dalam <a href=\"https:\/\/mueckinvest.com\/id\/pertanyaan-yang-sering-diajukan-faq\/\" title=\"FAQ \u2013 Pertanyaan yang Sering Diajukan\">Pertanyaan yang Sering Diajukan (FAQ) <\/a>dijelaskan.<\/p>\n\n\n\n<div style=\"height:20px\" aria-hidden=\"true\" class=\"wp-block-spacer\"><\/div>\n\n\n\n<hr class=\"wp-block-separator has-alpha-channel-opacity\"\/>\n\n\n\n<div style=\"height:20px\" aria-hidden=\"true\" class=\"wp-block-spacer\"><\/div>\n\n\n\n<figure class=\"wp-block-table\">\n  <table class=\"info-tabelle mehrwert has-fixed-layout\">\n    <thead>\n      <tr>\n        <th>kriteria<\/th>\n        <th>Portofolio ETF<\/th>\n        <th>Wikifolio Payung: Lapisan Global<\/th>\n      <\/tr>\n    <\/thead>\n    <tbody>\n      <tr>\n        <td>Konstruksi<\/td>\n        <td>3\u20137 ETF individual, pembobotan manual<\/td>\n        <td>Satu posisi tunggal, semua blok bangunan terintegrasi.<\/td>\n      <\/tr>\n      <tr>\n        <td>aktivitas<\/td>\n        <td>Sepenuhnya pasif, tanpa penyesuaian.<\/td>\n        <td>Logika aktif, penyeimbangan ulang, dan tren berbasis aturan.<\/td>\n      <\/tr>\n      <tr>\n        <td>Diversifikasi<\/td>\n        <td>Berskala global, tetapi seringkali hanya mencakup 2-3 wilayah.<\/td>\n        <td>Global + Faktor + Tren + Topik<\/td>\n      <\/tr>\n      <tr>\n        <td>Pengeluaran<\/td>\n        <td>Penyeimbangan ulang secara berkala, keputusan seleksi<\/td>\n        <td>Sepenuhnya otomatis, tidak memerlukan perawatan.<\/td>\n      <\/tr>\n      <tr>\n        <td>fleksibilitas<\/td>\n        <td>Terikat erat pada indeks<\/td>\n        <td>Mampu beradaptasi dengan fase pasar dan tren baru.<\/td>\n      <\/tr>\n      <tr>\n        <td>transparansi<\/td>\n        <td>Aturan pengindeksan, tetapi sedikit penjelasan.<\/td>\n        <td>Pembaruan yang jelas, keputusan yang mudah dipahami.<\/td>\n      <\/tr>\n      <tr>\n        <td>Persepsi biaya<\/td>\n        <td>TER rendah, tetapi biaya di muka<\/td>\n        <td>Biaya lebih tinggi, tetapi dukungan penuh.<\/td>\n      <\/tr>\n    <\/tbody>\n    <tfoot>\n      <tr>\n        <td class=\"has-text-align-center\" data-align=\"center\" colspan=\"3\">\n          Portofolio ETF adalah titik awal yang baik. Strategi saya adalah langkah selanjutnya.\n        <\/td>\n      <\/tr>\n    <\/tfoot>\n  <\/table>\n<\/figure>\n\n<!-- Wrapper f\u00fcr die mobilen Spalten-Cards -->\n<div class=\"mehrwert-cards\"><\/div>\n\n\n\n<div class=\"wp-block-columns is-layout-flex wp-container-core-columns-is-layout-28f84493 wp-block-columns-is-layout-flex\">\n<div class=\"wp-block-column is-layout-flow wp-block-column-is-layout-flow\">\n<div class=\"wp-block-buttons is-layout-flex wp-block-buttons-is-layout-flex\">\n<div class=\"wp-block-button\"><a class=\"wp-block-button__link wp-element-button\" href=\"https:\/\/mueckinvest.com\/id\/global-layers\/\">Menuju lapisan global wikifolio payung<\/a><\/div>\n<\/div>\n<\/div>\n\n\n\n<div class=\"wp-block-column is-layout-flow wp-block-column-is-layout-flow\">\n<div class=\"wp-block-buttons is-layout-flex wp-block-buttons-is-layout-flex\">\n<div class=\"wp-block-button\"><a class=\"wp-block-button__link wp-element-button\" href=\"https:\/\/mueckinvest.com\/id\/wikifolios\/\">Temukan lebih banyak strategi<\/a><\/div>\n<\/div>\n<\/div>\n<\/div>\n\n\n\n<div class=\"wp-block-buttons is-layout-flex wp-block-buttons-is-layout-flex\"><\/div>","protected":false},"excerpt":{"rendered":"<p>Ein ETF\u2011Portfolio ist grunds\u00e4tzlich ein guter Start. Doch viele Anlegerinnen und Anleger untersch\u00e4tzen, wie stark sich ein Portfolio im Laufe der Zeit ver\u00e4ndert \u2013 und wie schwierig es ist, langfristig diszipliniert zu bleiben. Genau hier setzt MueckInvest an: mit klaren Regeln, globaler Diversifikation und einer transparenten, live umgesetzten Strategie. \ud83d\udd0d Typische Herausforderungen bei klassischen ETF\u2011Portfolios [&hellip;]<\/p>\n","protected":false},"author":1,"featured_media":0,"parent":0,"menu_order":0,"comment_status":"closed","ping_status":"closed","template":"page-no-sidebar","meta":{"pmpro_default_level":"","_monsterinsights_skip_tracking":false,"_monsterinsights_sitenote_active":false,"_monsterinsights_sitenote_note":"","_monsterinsights_sitenote_category":0,"footnotes":""},"class_list":["post-1508","page","type-page","status-publish","hentry","pmpro-has-access"],"aioseo_notices":[],"_links":{"self":[{"href":"https:\/\/mueckinvest.com\/id\/wp-json\/wp\/v2\/pages\/1508","targetHints":{"allow":["GET"]}}],"collection":[{"href":"https:\/\/mueckinvest.com\/id\/wp-json\/wp\/v2\/pages"}],"about":[{"href":"https:\/\/mueckinvest.com\/id\/wp-json\/wp\/v2\/types\/page"}],"author":[{"embeddable":true,"href":"https:\/\/mueckinvest.com\/id\/wp-json\/wp\/v2\/users\/1"}],"replies":[{"embeddable":true,"href":"https:\/\/mueckinvest.com\/id\/wp-json\/wp\/v2\/comments?post=1508"}],"version-history":[{"count":2,"href":"https:\/\/mueckinvest.com\/id\/wp-json\/wp\/v2\/pages\/1508\/revisions"}],"predecessor-version":[{"id":3201,"href":"https:\/\/mueckinvest.com\/id\/wp-json\/wp\/v2\/pages\/1508\/revisions\/3201"}],"wp:attachment":[{"href":"https:\/\/mueckinvest.com\/id\/wp-json\/wp\/v2\/media?parent=1508"}],"curies":[{"name":"wp","href":"https:\/\/api.w.org\/{rel}","templated":true}]}}