{"id":3984,"date":"2026-03-13T11:00:00","date_gmt":"2026-03-13T10:00:00","guid":{"rendered":"https:\/\/mueckinvest.com\/?page_id=3984"},"modified":"2026-03-17T17:00:00","modified_gmt":"2026-03-17T16:00:00","slug":"%e0%a4%95%e0%a4%b9%e0%a4%be%e0%a4%a8%e0%a5%80","status":"publish","type":"page","link":"https:\/\/mueckinvest.com\/hi\/geschichte\/","title":{"rendered":"\u0907\u0924\u093f\u0939\u093e\u0938, \u0935\u093f\u0915\u093e\u0938 \u0914\u0930 \u0915\u093e\u0930\u094d\u092f\u092f\u094b\u091c\u0928\u093e"},"content":{"rendered":"<p><strong>\u092e\u0948\u0902 \u0905\u092a\u0928\u0947 \u0935\u093f\u0915\u093e\u0938 \u0915\u094b \u0916\u0941\u0932\u0947\u0906\u092e \u0915\u094d\u092f\u094b\u0902 \u0926\u093f\u0916\u093e\u0924\u093e \u0939\u0942\u0901?<\/strong><\/p>\n\n\n\n<p>\u092e\u0947\u0930\u0947 \u0932\u093f\u090f \u092f\u0939 \u092e\u0939\u0924\u094d\u0935\u092a\u0942\u0930\u094d\u0923 \u0939\u0948 \u0915\u093f \u092e\u0948\u0902 Mueckinvest \u0915\u0947 \u0935\u093f\u0915\u093e\u0938 \u0915\u094b \u091a\u0930\u0923\u092c\u0926\u094d\u0927 \u0924\u0930\u0940\u0915\u0947 \u0938\u0947 \u092a\u093e\u0930\u0926\u0930\u094d\u0936\u0940 \u0922\u0902\u0917 \u0938\u0947 \u0926\u093f\u0916\u093e\u090a\u0902\u0964 \u0935\u093f\u0936\u0947\u0937 \u0930\u0942\u092a \u0938\u0947 \u0935\u093f\u0924\u094d\u0924\u0940\u092f \u0915\u094d\u0937\u0947\u0924\u094d\u0930 \u092e\u0947\u0902, \u0935\u093f\u0936\u094d\u0935\u093e\u0938 \u0905\u0924\u094d\u092f\u0902\u0924 \u092e\u0939\u0924\u094d\u0935\u092a\u0942\u0930\u094d\u0923 \u0939\u0948 \u2013 \u0914\u0930 \u0935\u093f\u0936\u094d\u0935\u093e\u0938 \u0924\u092d\u0940 \u092c\u0928\u0924\u093e \u0939\u0948 \u091c\u092c \u0906\u092a \u092f\u0939 \u0938\u092e\u091d \u0938\u0915\u0947\u0902 \u0915\u093f \u0915\u094b\u0908 \u0909\u0924\u094d\u092a\u093e\u0926 \u0915\u0948\u0938\u0947 \u092c\u0928\u0924\u093e \u0939\u0948, \u0935\u093f\u0915\u0938\u093f\u0924 \u0939\u094b\u0924\u093e \u0939\u0948 \u0914\u0930 \u092c\u0947\u0939\u0924\u0930 \u0939\u094b\u0924\u093e \u0939\u0948\u0964 \u0907\u0938\u0940\u0932\u093f\u090f \u092e\u0948\u0902 2025 \u0938\u0947 \u0905\u092a\u0928\u0940 \u092f\u093e\u0924\u094d\u0930\u093e \u0915\u093e \u0926\u0938\u094d\u0924\u093e\u0935\u0947\u091c\u0940\u0915\u0930\u0923 \u0915\u0930 \u0930\u0939\u093e \u0939\u0942\u0902 \u0914\u0930 \u0938\u094d\u092a\u0937\u094d\u091f \u0930\u0942\u092a \u0938\u0947 \u0926\u093f\u0916\u093e \u0930\u0939\u093e \u0939\u0942\u0902 \u0915\u093f \u092e\u0948\u0902 \u0915\u093f\u0938 \u092a\u0930 \u0915\u093e\u092e \u0915\u0930 \u0930\u0939\u093e \u0939\u0942\u0902, \u0915\u094d\u092f\u093e \u0939\u093e\u0938\u093f\u0932 \u0915\u0930 \u091a\u0941\u0915\u093e \u0939\u0942\u0902 \u0914\u0930 \u0906\u0917\u0947 \u0915\u094d\u092f\u093e \u0915\u0926\u092e \u0909\u0920\u093e\u0928\u0947 \u0939\u0948\u0902\u0964.<\/p>\n\n\n\n<details class=\"wp-block-details is-layout-flow wp-block-details-is-layout-flow\"><summary><strong>2025<\/strong><\/summary>\n<h2 class=\"wp-block-heading\">\u0905\u0917\u0938\u094d\u0924 2025 \u2013 \u0935\u093f\u0936\u094d\u0932\u0947\u0937\u0923 \u091a\u0930\u0923: \u0935\u093f\u0915\u093f\u092b\u094b\u0932\u093f\u092f\u094b \u092a\u0930 \u0935\u093f\u0936\u0947\u0937 \u0927\u094d\u092f\u093e\u0928<\/h2>\n\n\n\n<p>Mueckinvest \u0915\u0940 \u0936\u0941\u0930\u0941\u0906\u0924 \u092f\u0939\u0940\u0902 \u0938\u0947 \u0939\u0941\u0908\u0964 \u0907\u0938 \u091a\u0930\u0923 \u092e\u0947\u0902 Wikifolios, \u0928\u093f\u0935\u0947\u0936 \u0930\u0923\u0928\u0940\u0924\u093f\u092f\u094b\u0902 \u0914\u0930 \u0928\u093f\u0935\u0947\u0936\u0915\u094b\u0902 \u0915\u0940 \u0906\u092e \u0917\u0932\u0924\u093f\u092f\u094b\u0902 \u0915\u0947 \u0935\u093f\u0938\u094d\u0924\u0943\u0924 \u0935\u093f\u0936\u094d\u0932\u0947\u0937\u0923 \u092a\u0930 \u0927\u094d\u092f\u093e\u0928 \u0915\u0947\u0902\u0926\u094d\u0930\u093f\u0924 \u0915\u093f\u092f\u093e \u0917\u092f\u093e\u0964 \u092a\u094d\u0930\u093e\u092a\u094d\u0924 \u091c\u093e\u0928\u0915\u093e\u0930\u093f\u092f\u094b\u0902 \u0928\u0947 \u092c\u093e\u0926 \u092e\u0947\u0902 \u090f\u0915 \u0938\u094d\u092a\u0937\u094d\u091f, \u0938\u0941\u0917\u092e \u0914\u0930 \u0926\u0940\u0930\u094d\u0918\u0915\u093e\u0932\u093f\u0915 \u0935\u093f\u0924\u094d\u0924\u0940\u092f \u092e\u0902\u091a \u0915\u0947 \u0935\u093f\u091a\u093e\u0930 \u0915\u0940 \u0928\u0940\u0902\u0935 \u0930\u0916\u0940\u0964.<\/p>\n\n\n\n<h2 class=\"wp-block-heading\">\u0905\u0915\u094d\u091f\u0942\u092c\u0930 2025 \u2013 \u092a\u0939\u0932\u0940 \u0935\u0947\u092c\u0938\u093e\u0907\u091f \u0914\u0930 \u092c\u094d\u0930\u093e\u0902\u0921 \u0928\u093f\u0930\u094d\u092e\u093e\u0923<\/h2>\n\n\n\n<p>Mueckinvest \u0935\u0947\u092c\u0938\u093e\u0907\u091f \u0915\u093e \u092a\u0939\u0932\u093e \u0938\u0902\u0938\u094d\u0915\u0930\u0923 \u0911\u0928\u0932\u093e\u0907\u0928 \u0932\u0949\u0928\u094d\u091a \u0939\u094b \u0917\u092f\u093e\u0964 \u0907\u0938\u0915\u093e \u0909\u0926\u094d\u0926\u0947\u0936\u094d\u092f \u0935\u093f\u0924\u094d\u0924\u0940\u092f \u091c\u093e\u0928\u0915\u093e\u0930\u0940 \u0915\u094b \u0935\u094d\u092f\u0935\u0938\u094d\u0925\u093f\u0924 \u0914\u0930 \u0938\u092e\u091d\u0928\u0947 \u092f\u094b\u0917\u094d\u092f \u0924\u0930\u0940\u0915\u0947 \u0938\u0947 \u092a\u094d\u0930\u0938\u094d\u0924\u0941\u0924 \u0915\u0930\u0928\u093e \u0925\u093e\u0964 \u0938\u093e\u0925 \u0939\u0940, \u092c\u094d\u0930\u093e\u0902\u0921 \u0915\u0940 \u092a\u0939\u091a\u093e\u0928 \u092d\u0940 \u0935\u093f\u0915\u0938\u093f\u0924 \u0915\u0940 \u0917\u0908: \u0938\u0930\u0932, \u0924\u0925\u094d\u092f\u093e\u0924\u094d\u092e\u0915 \u0914\u0930 \u0926\u0940\u0930\u094d\u0918\u0915\u093e\u0932\u093f\u0915 \u0926\u0943\u0937\u094d\u091f\u093f\u0915\u094b\u0923 \u092a\u0930 \u0915\u0947\u0902\u0926\u094d\u0930\u093f\u0924\u0964.<\/p>\n\n\n\n<h2 class=\"wp-block-heading\">\u0926\u093f\u0938\u0902\u092c\u0930 2025 \u2013 \u0935\u093f\u0937\u092f\u0917\u0924 \u0917\u0939\u0928 \u0935\u093f\u0936\u094d\u0932\u0947\u0937\u0923<\/h2>\n\n\n\n<p>\u0935\u093f\u0937\u092f\u0935\u0938\u094d\u0924\u0941 \u092a\u0930 \u0917\u0939\u0928 \u0915\u093e\u0930\u094d\u092f \u0936\u0941\u0930\u0942 \u0939\u0941\u0906\u0964 \u0935\u094d\u092f\u093e\u092a\u0915 \u092a\u0930\u093f\u092f\u094b\u091c\u0928\u093e\u090f\u0901 \u0924\u0948\u092f\u093e\u0930 \u0915\u0940 \u0917\u0908\u0902\u0964 <a href=\"https:\/\/mueckinvest.com\/hi\/%e0%a4%97%e0%a4%b9%e0%a4%a8-%e0%a4%85%e0%a4%a7%e0%a5%8d%e0%a4%af%e0%a4%af%e0%a4%a8-%e0%a4%b5%e0%a4%bf%e0%a4%b7%e0%a4%af-2\/\" title=\"\u0935\u093f\u0937\u092f\u094b\u0902 \u0915\u093e \u0917\u0939\u0928 \u0935\u093f\u0936\u094d\u0932\u0947\u0937\u0923\">\u0917\u0939\u0928 \u0917\u094b\u0924\u093e\u0916\u094b\u0930\u0940<\/a> \u0908\u091f\u0940\u090f\u092b, \u091c\u094b\u0916\u093f\u092e, \u0935\u093f\u0935\u093f\u0927\u0940\u0915\u0930\u0923, <a href=\"https:\/\/mueckinvest.com\/hi\/%e0%a4%aa%e0%a5%81%e0%a4%a8%e0%a4%b0%e0%a5%8d%e0%a4%b8%e0%a4%82%e0%a4%a4%e0%a5%81%e0%a4%b2%e0%a4%a8-2\/\" title=\"\u092a\u0941\u0928\u0930\u094d\u0938\u0902\u0924\u0941\u0932\u0928\">\u092a\u0941\u0928\u0930\u094d\u0938\u0902\u0924\u0941\u0932\u0928 <\/a>\u0914\u0930 \u0926\u0940\u0930\u094d\u0918\u0915\u093e\u0932\u093f\u0915 \u0928\u093f\u0935\u0947\u0936 \u0930\u0923\u0928\u0940\u0924\u093f\u092f\u093e\u0901\u0964 \u092c\u093e\u0926 \u092e\u0947\u0902 \u092f\u0939\u0940 \u0938\u093e\u092e\u0917\u094d\u0930\u0940 \u092e\u094d\u092f\u0942\u0915\u0907\u0928\u094d\u0935\u0947\u0938\u094d\u091f \u090f\u0906\u0908 \u0915\u093e \u091c\u094d\u091e\u093e\u0928 \u0906\u0927\u093e\u0930 \u092c\u0928 \u0917\u0908\u0964.<\/p>\n<\/details>\n\n\n\n<details class=\"wp-block-details is-layout-flow wp-block-details-is-layout-flow\"><summary><strong>2026<\/strong><\/summary>\n<h2 class=\"wp-block-heading\">\u091c\u0928\u0935\u0930\u0940 2026 \u2013 \u090f\u0902\u0921\u094d\u0930\u0949\u0907\u0921 \u0910\u092a \u0921\u0947\u0935\u0932\u092a\u092e\u0947\u0902\u091f \u0915\u0940 \u0936\u0941\u0930\u0941\u0906\u0924<\/h2>\n\n\n\n<p>\u0924\u0915\u0928\u0940\u0915\u0940 \u0915\u093e\u0930\u094d\u092f\u093e\u0928\u094d\u0935\u092f\u0928 \u0915\u0940 \u0906\u0927\u093f\u0915\u093e\u0930\u093f\u0915 \u0936\u0941\u0930\u0941\u0906\u0924 \u0939\u094b \u0917\u0908 \u0939\u0948\u0964 \u0906\u0930\u094d\u0915\u093f\u091f\u0947\u0915\u094d\u091a\u0930 \u0915\u094b \u091c\u093e\u0928\u092c\u0942\u091d\u0915\u0930 \u0938\u0930\u0932, \u0938\u094d\u0915\u0947\u0932\u0947\u092c\u0932 \u0914\u0930 \u0935\u093f\u0936\u094d\u0935 \u0938\u094d\u0924\u0930 \u092a\u0930 \u0932\u093e\u0917\u0942 \u0939\u094b\u0928\u0947 \u092f\u094b\u0917\u094d\u092f \u092c\u0928\u093e\u092f\u093e \u0917\u092f\u093e \u0939\u0948\u0964 \u092a\u094d\u0930\u093e\u0930\u0902\u092d\u093f\u0915 \u092f\u0942\u0906\u0908 \u092a\u094d\u0930\u094b\u091f\u094b\u091f\u093e\u0907\u092a \u0914\u0930 \u0908\u091f\u0940\u090f\u092b \u091c\u093e\u0928\u0915\u093e\u0930\u0940 \u0915\u0947 \u0932\u093f\u090f \u0921\u0947\u091f\u093e \u092e\u0949\u0921\u0932 \u0935\u093f\u0915\u0938\u093f\u0924 \u0915\u093f\u090f \u0917\u090f \u0939\u0948\u0902\u0964.<\/p>\n\n\n\n<h2 class=\"wp-block-heading\">\u092b\u0930\u0935\u0930\u0940 2026 \u2013 \u0915\u0943\u0924\u094d\u0930\u093f\u092e \u092c\u0941\u0926\u094d\u0927\u093f\u092e\u0924\u094d\u0924\u093e \u0915\u0940 \u0938\u094d\u0925\u093e\u092a\u0928\u093e<\/h2>\n\n\n\n<p>\u0915\u0940 \u0936\u0941\u0930\u0941\u0906\u0924 <a href=\"https:\/\/mueckinvest.com\/hi\/mueckinvest-ki\/\" title=\"\u092e\u094d\u092f\u0942\u0915\u0907\u0928\u094d\u0935\u0947\u0938\u094d\u091f \u090f\u0906\u0908\">\u090f\u0906\u0908 \u090f\u0915\u0940\u0915\u0930\u0923<\/a> \u0938\u093e\u092e\u093e\u0928\u094d\u092f \u0909\u0924\u094d\u0924\u0930\u094b\u0902 \u0915\u0947 \u092c\u091c\u093e\u092f \u0935\u093e\u0938\u094d\u0924\u0935\u093f\u0915 \u0935\u094d\u092f\u093e\u0916\u094d\u092f\u093e\u0924\u094d\u092e\u0915 \u0935\u093f\u0936\u0947\u0937\u091c\u094d\u091e\u0924\u093e \u092a\u0930 \u0927\u094d\u092f\u093e\u0928 \u0915\u0947\u0902\u0926\u094d\u0930\u093f\u0924 \u0915\u093f\u092f\u093e \u0917\u092f\u093e\u0964 RAG \u092a\u093e\u0907\u092a\u0932\u093e\u0907\u0928, \u092a\u094d\u0930\u093e\u0930\u0902\u092d\u093f\u0915 \u090f\u092e\u094d\u092c\u0947\u0921\u093f\u0902\u0917 \u0914\u0930 \u0935\u0947\u0915\u094d\u091f\u0930 \u0921\u0947\u091f\u093e\u092c\u0947\u0938 \u0938\u0902\u0930\u091a\u0928\u093e\u0913\u0902 \u0915\u093e \u0935\u093f\u0915\u093e\u0938 \u0915\u093f\u092f\u093e \u0917\u092f\u093e\u0964 \u0938\u093e\u0925 \u0939\u0940, \u0935\u0948\u0936\u094d\u0935\u093f\u0915 \u0924\u0948\u0928\u093e\u0924\u0940 \u0915\u0947 \u0932\u093f\u090f \u092c\u0939\u0941\u092d\u093e\u0937\u0940 \u0938\u092e\u0930\u094d\u0925\u0928 \u0915\u0940 \u092f\u094b\u091c\u0928\u093e \u092d\u0940 \u0936\u0941\u0930\u0942 \u0915\u0940 \u0917\u0908\u0964.<\/p>\n\n\n\n<h2 class=\"wp-block-heading\">17 \u092e\u093e\u0930\u094d\u091a 2026 \u2013 \u0932\u0949\u0928\u094d\u091a \u0938\u092b\u0932\u0924\u093e\u092a\u0942\u0930\u094d\u0935\u0915 \u0938\u0902\u092a\u0928\u094d\u0928 \u0939\u094b \u0917\u092f\u093e \u0939\u0948 \ud83c\udf0d<\/h2>\n\n\n\n<p>\u090f\u0902\u0921\u094d\u0930\u0949\u0907\u0921 <a href=\"https:\/\/mueckinvest.com\/hi\/%e0%a4%8f%e0%a4%82%e0%a4%a1%e0%a5%8d%e0%a4%b0%e0%a5%89%e0%a4%87%e0%a4%a1-%e0%a4%90%e0%a4%aa\/\" title=\"\u092e\u094d\u092f\u0942\u0915\u0907\u0928\u094d\u0935\u0947\u0938\u094d\u091f \u0910\u092a\">Mueckinvest \u0910\u092a<\/a> \u092f\u0939 \u0905\u092c \u0932\u093e\u0907\u0935 \u0939\u094b \u091a\u0941\u0915\u093e \u0939\u0948\u0964 \u0917\u0939\u0928 \u0924\u0948\u092f\u093e\u0930\u093f\u092f\u094b\u0902 \u0915\u0947 \u092c\u093e\u0926, \u0935\u0948\u0936\u094d\u0935\u093f\u0915 \u092c\u0941\u0928\u093f\u092f\u093e\u0926\u0940 \u0922\u093e\u0902\u091a\u093e \u0924\u0948\u092f\u093e\u0930 \u0939\u0948, \u0938\u0930\u094d\u0935\u0930 \u0938\u0941\u091a\u093e\u0930\u0942 \u0930\u0942\u092a \u0938\u0947 \u091a\u0932 \u0930\u0939\u0947 \u0939\u0948\u0902, \u0914\u0930 \u090f\u0906\u0908 \u092a\u0939\u0932\u0947 \u0938\u0947 \u0939\u0940 \u0926\u092e\u0926\u093e\u0930 \u092a\u0930\u093f\u0923\u093e\u092e \u0926\u0947 \u0930\u0939\u093e \u0939\u0948\u0964.<\/p>\n<\/details>\n\n\n\n<details class=\"wp-block-details is-layout-flow wp-block-details-is-layout-flow\"><summary><strong>\u092f\u094b\u091c\u0928\u093e\/\u092e\u093e\u0930\u094d\u0917\u0926\u0930\u094d\u0936\u0928<\/strong><\/summary>\n<h2 class=\"wp-block-heading\">\u0905\u092a\u094d\u0930\u0948\u0932 \u2013 \u091c\u0942\u0928 2026<\/h2>\n\n\n\n<p>\u201eMueckinvest\u201c + \u201eMueckinvest AI\u201c \u0915\u0947 \u0928\u0947\u091f\u093f\u0935 iOS \u0938\u0902\u0938\u094d\u0915\u0930\u0923 \u0915\u093e \u0935\u093f\u0915\u093e\u0938 \u0915\u093e\u0930\u094d\u092f \u0936\u0941\u0930\u0942 \u0939\u094b \u0917\u092f\u093e \u0939\u0948\u0964 \u0907\u0938\u0915\u093e \u0932\u0915\u094d\u0937\u094d\u092f \u090f\u0915 \u0938\u094d\u0925\u093f\u0930, \u0924\u0947\u091c\u093c \u0914\u0930 \u0938\u0939\u091c \u0910\u092a \u092c\u0928\u093e\u0928\u093e \u0939\u0948 \u091c\u094b \u092e\u094c\u091c\u0942\u0926\u093e \u0935\u0947\u092c \u0914\u0930 \u090f\u0902\u0921\u094d\u0930\u0949\u0907\u0921 \u0905\u0928\u0941\u092d\u0935 \u0915\u094b \u092a\u0942\u0930\u0940 \u0924\u0930\u0939 \u0938\u0947 \u092a\u0942\u0930\u0915 \u0915\u0930\u0947\u0964.<\/p>\n\n\n\n<p>\u090f\u0902\u0921\u094d\u0930\u0949\u0907\u0921 \u0910\u092a (&quot;\u092e\u094d\u092f\u0942\u0915\u0907\u0928\u094d\u0935\u0947\u0938\u094d\u091f&quot;) \u0915\u0947 \u0938\u093e\u0925-\u0938\u093e\u0925, &quot;\u092e\u094d\u092f\u0942\u0915\u0907\u0928\u094d\u0935\u0947\u0938\u094d\u091f \u090f\u0906\u0908&quot; \u0928\u093e\u092e\u0915 \u090f\u0915 \u0905\u0932\u0917 \u0910\u092a \u092d\u0940 \u0932\u0949\u0928\u094d\u091a \u0915\u093f\u092f\u093e \u091c\u093e\u090f\u0917\u093e\u0964 \u092f\u0939 \u0910\u092a \u0908\u091f\u0940\u090f\u092b, \u0926\u0940\u0930\u094d\u0918\u0915\u093e\u0932\u093f\u0915 \u0928\u093f\u0935\u0947\u0936 \u0914\u0930 \u0935\u093f\u0924\u094d\u0924\u0940\u092f \u0936\u093f\u0915\u094d\u0937\u093e \u0915\u0947 \u092c\u093e\u0930\u0947 \u092e\u0947\u0902 \u0935\u093f\u0936\u0947\u0937 \u090f\u0906\u0908 \u091a\u0948\u091f \u0915\u0940 \u0938\u0941\u0935\u093f\u0927\u093e \u092a\u094d\u0930\u0926\u093e\u0928 \u0915\u0930\u0924\u093e \u0939\u0948, \u091c\u094b 20 \u092d\u093e\u0937\u093e\u0913\u0902 \u0914\u0930 \u0905\u0902\u0924\u0930\u0930\u093e\u0937\u094d\u091f\u094d\u0930\u0940\u092f \u0909\u092a\u092f\u094b\u0917\u0915\u0930\u094d\u0924\u093e\u0913\u0902 \u0915\u0947 \u0932\u093f\u090f \u0905\u0928\u0941\u0915\u0942\u0932\u093f\u0924 \u0939\u0948\u0964.<\/p>\n\n\n\n<h2 class=\"wp-block-heading\">2026 \u0915\u0947 \u0905\u0902\u0924 \u0924\u0915<\/h2>\n\n\n\n<p><strong>\u0935\u093e\u0938\u094d\u0924\u0941\u0915\u0932\u093e \u0915\u0940 \u0938\u094d\u0925\u093f\u0930\u0924\u093e<\/strong>\u0935\u0930\u094d\u0937 \u0915\u0947 \u0905\u0902\u0924 \u0924\u0915, Mueckinvest \u0915\u0940 \u0924\u0915\u0928\u0940\u0915\u0940 \u0928\u0940\u0902\u0935 \u0915\u094b \u0914\u0930 \u092e\u091c\u092c\u0942\u0924 \u0915\u0930\u0928\u0947 \u092a\u0930 \u0927\u094d\u092f\u093e\u0928 \u0915\u0947\u0902\u0926\u094d\u0930\u093f\u0924 \u0915\u093f\u092f\u093e \u091c\u093e\u090f\u0917\u093e\u0964 \u092e\u094c\u091c\u0942\u0926\u093e \u0938\u0930\u094d\u0935\u0930 \u0914\u0930 \u0921\u0947\u091f\u093e\u092c\u0947\u0938 \u0906\u0930\u094d\u0915\u093f\u091f\u0947\u0915\u094d\u091a\u0930 \u0915\u0940 \u0932\u0917\u093e\u0924\u093e\u0930 \u0928\u093f\u0917\u0930\u093e\u0928\u0940, \u0905\u0928\u0941\u0915\u0942\u0932\u0928 \u0914\u0930 \u0935\u093e\u0938\u094d\u0924\u0935\u093f\u0915 \u0909\u092a\u092f\u094b\u0917\u0915\u0930\u094d\u0924\u093e \u0938\u094d\u0925\u093f\u0924\u093f\u092f\u094b\u0902 \u0915\u0947 \u0924\u0939\u0924 \u092a\u0930\u0940\u0915\u094d\u0937\u0923 \u0915\u093f\u092f\u093e \u091c\u093e\u090f\u0917\u093e\u0964 \u0932\u0915\u094d\u0937\u094d\u092f \u0938\u092d\u0940 \u0905\u0902\u0924\u0930\u0930\u093e\u0937\u094d\u091f\u094d\u0930\u0940\u092f \u092c\u093e\u091c\u093e\u0930\u094b\u0902 \u0915\u0947 \u0932\u093f\u090f \u090f\u0915 \u0938\u094d\u0925\u093e\u092f\u0940 \u0930\u0942\u092a \u0938\u0947 \u0938\u094d\u0925\u093f\u0930, \u0938\u094d\u0915\u0947\u0932\u0947\u092c\u0932 \u0914\u0930 \u0935\u093f\u0936\u094d\u0935\u0938\u0928\u0940\u092f \u092a\u094d\u0932\u0947\u091f\u092b\u0949\u0930\u094d\u092e \u0924\u0948\u092f\u093e\u0930 \u0915\u0930\u0928\u093e \u0939\u0948\u0964.<\/p>\n\n\n\n<p><strong>\u092c\u0917 \u092b\u093f\u0915\u094d\u0938\u093f\u0902\u0917 \u0915\u093e \u0915\u093e\u092e \u091c\u093e\u0930\u0940 \u0939\u0948<\/strong>\u0915\u093e\u0930\u094d\u092f\u094b\u0902 \u0915\u0940 \u092c\u0922\u093c\u0924\u0940 \u0938\u0902\u0916\u094d\u092f\u093e \u0914\u0930 \u0936\u0941\u0930\u0941\u0906\u0924\u0940 \u0909\u092a\u092f\u094b\u0917\u0915\u0930\u094d\u0924\u093e \u092a\u094d\u0930\u0924\u093f\u0915\u094d\u0930\u093f\u092f\u093e \u0915\u0947 \u0906\u0927\u093e\u0930 \u092a\u0930, \u0905\u092c \u0935\u094d\u092f\u0935\u0938\u094d\u0925\u093f\u0924 \u0924\u094d\u0930\u0941\u091f\u093f \u0935\u093f\u0936\u094d\u0932\u0947\u0937\u0923 \u092a\u0930 \u0927\u094d\u092f\u093e\u0928 \u0915\u0947\u0902\u0926\u094d\u0930\u093f\u0924 \u0915\u093f\u092f\u093e \u091c\u093e \u0930\u0939\u093e \u0939\u0948\u0964 \u092a\u0939\u091a\u093e\u0928\u0940 \u0917\u0908 \u0924\u094d\u0930\u0941\u091f\u093f\u092f\u094b\u0902 \u0915\u094b \u0924\u0941\u0930\u0902\u0924 \u0920\u0940\u0915 \u0915\u093f\u092f\u093e \u091c\u093e\u0924\u093e \u0939\u0948, \u092a\u094d\u0930\u0915\u094d\u0930\u093f\u092f\u093e\u0913\u0902 \u0915\u094b \u092a\u0930\u093f\u0937\u094d\u0915\u0943\u0924 \u0915\u093f\u092f\u093e \u091c\u093e\u0924\u093e \u0939\u0948 \u0914\u0930 \u0910\u092a\u094d\u0938 \u0915\u0947 \u0938\u092e\u0917\u094d\u0930 \u092a\u094d\u0930\u0926\u0930\u094d\u0936\u0928 \u092e\u0947\u0902 \u0914\u0930 \u0938\u0941\u0927\u093e\u0930 \u0915\u093f\u092f\u093e \u091c\u093e\u0924\u093e \u0939\u0948\u0964.<\/p>\n\n\n\n<p><strong>\u0917\u0941\u0923\u0935\u0924\u094d\u0924\u093e \u0906\u0936\u094d\u0935\u093e\u0938\u0928 \u0914\u0930 \u092a\u0930\u093f\u0937\u094d\u0915\u0930\u0923<\/strong>\u0924\u0915\u0928\u0940\u0915\u0940 \u0938\u092e\u093e\u092f\u094b\u091c\u0928 \u0915\u0947 \u0905\u0932\u093e\u0935\u093e, \u092f\u0942\u091c\u0930 \u0907\u0902\u091f\u0930\u092b\u0947\u0938 (UI) \u0935\u093f\u0935\u0930\u0923, \u0932\u094b\u0921\u093f\u0902\u0917 \u0938\u092e\u092f, AI \u092a\u094d\u0930\u0924\u093f\u0915\u094d\u0930\u093f\u092f\u093e \u0915\u0940 \u0917\u0941\u0923\u0935\u0924\u094d\u0924\u093e \u0914\u0930 \u092c\u0939\u0941\u092d\u093e\u0937\u0940 \u0938\u092e\u0930\u094d\u0925\u0928 \u0915\u094b \u0932\u0917\u093e\u0924\u093e\u0930 \u092c\u0947\u0939\u0924\u0930 \u092c\u0928\u093e\u092f\u093e \u091c\u093e \u0930\u0939\u093e \u0939\u0948\u0964 \u0939\u092e\u093e\u0930\u093e \u0932\u0915\u094d\u0937\u094d\u092f \u0939\u0948 \u0915\u093f Mueckinvest \u0915\u094b \u0938\u093e\u0932 \u0915\u0947 \u0905\u0902\u0924 \u0924\u0915 \u090f\u0915 \u0938\u094d\u0925\u093f\u0930, \u0938\u0941\u091a\u093e\u0930\u0942 \u0930\u0942\u092a \u0938\u0947 \u0915\u093e\u0930\u094d\u092f \u0915\u0930\u0928\u0947 \u0935\u093e\u0932\u093e \u0914\u0930 \u0905\u0902\u0924\u0930\u0930\u093e\u0937\u094d\u091f\u094d\u0930\u0940\u092f \u0938\u094d\u0924\u0930 \u092a\u0930 \u0909\u092a\u092f\u094b\u0917 \u092f\u094b\u0917\u094d\u092f \u0935\u093f\u0924\u094d\u0924\u0940\u092f AI \u092a\u094d\u0932\u0947\u091f\u092b\u0949\u0930\u094d\u092e \u092e\u0947\u0902 \u092a\u0930\u093f\u0935\u0930\u094d\u0924\u093f\u0924 \u0915\u093f\u092f\u093e \u091c\u093e\u090f\u0964.<\/p>\n<\/details>","protected":false},"excerpt":{"rendered":"<p>Warum ich meine Entwicklung offen zeige F\u00fcr mich ist es wichtig, transparent zu zeigen, wie sich Mueckinvest Schritt f\u00fcr Schritt entwickelt hat. Gerade im Finanzbereich z\u00e4hlt Vertrauen \u2013 und Vertrauen entsteht, wenn man nachvollziehen kann, wie ein Produkt entsteht, w\u00e4chst und sich verbessert. Deshalb dokumentiere ich meinen Weg seit 2025 und zeige klar, woran ich [&hellip;]<\/p>\n","protected":false},"author":1,"featured_media":0,"parent":0,"menu_order":0,"comment_status":"closed","ping_status":"closed","template":"","meta":{"pmpro_default_level":"","_monsterinsights_skip_tracking":false,"_monsterinsights_sitenote_active":false,"_monsterinsights_sitenote_note":"","_monsterinsights_sitenote_category":0,"footnotes":""},"class_list":["post-3984","page","type-page","status-publish","hentry","pmpro-has-access"],"aioseo_notices":[],"_links":{"self":[{"href":"https:\/\/mueckinvest.com\/hi\/wp-json\/wp\/v2\/pages\/3984","targetHints":{"allow":["GET"]}}],"collection":[{"href":"https:\/\/mueckinvest.com\/hi\/wp-json\/wp\/v2\/pages"}],"about":[{"href":"https:\/\/mueckinvest.com\/hi\/wp-json\/wp\/v2\/types\/page"}],"author":[{"embeddable":true,"href":"https:\/\/mueckinvest.com\/hi\/wp-json\/wp\/v2\/users\/1"}],"replies":[{"embeddable":true,"href":"https:\/\/mueckinvest.com\/hi\/wp-json\/wp\/v2\/comments?post=3984"}],"version-history":[{"count":13,"href":"https:\/\/mueckinvest.com\/hi\/wp-json\/wp\/v2\/pages\/3984\/revisions"}],"predecessor-version":[{"id":4021,"href":"https:\/\/mueckinvest.com\/hi\/wp-json\/wp\/v2\/pages\/3984\/revisions\/4021"}],"wp:attachment":[{"href":"https:\/\/mueckinvest.com\/hi\/wp-json\/wp\/v2\/media?parent=3984"}],"curies":[{"name":"wp","href":"https:\/\/api.w.org\/{rel}","templated":true}]}}