{"id":383,"date":"2025-10-09T10:07:31","date_gmt":"2025-10-09T10:07:31","guid":{"rendered":"https:\/\/mueckinvest.de\/?page_id=383"},"modified":"2026-01-05T08:02:19","modified_gmt":"2026-01-05T07:02:19","slug":"vergleich-der-themenwikifolios","status":"publish","type":"page","link":"https:\/\/mueckinvest.com\/hi\/vergleich-der-themenwikifolios\/","title":{"rendered":"\u0935\u093f\u0937\u092f\u0917\u0924 \u0935\u093f\u0915\u093f\u092b\u094b\u0932\u093f\u092f\u094b \u0915\u0940 \u0924\u0941\u0932\u0928\u093e"},"content":{"rendered":"<div class=\"tabelle-vollbild\">\n  <table class=\"info-tabelle vergleich has-fixed-layout\">\n    <thead>\n      <tr>\n        <th class=\"kategorie\">Kategorie<\/th>\n\n        <th class=\"wikifolio\">\n          <a href=\"https:\/\/mueckinvest.com\/hi\/%e0%a4%b0%e0%a5%81%e0%a4%9d%e0%a4%be%e0%a4%a8%e0%a5%8b%e0%a4%82-%e0%a4%b8%e0%a5%87-%e0%a4%aa%e0%a4%b0%e0%a5%87-%e0%a4%b5%e0%a5%88%e0%a4%b6%e0%a5%8d%e0%a4%b5%e0%a4%bf%e0%a4%95-%e0%a4%b5%e0%a4%bf-2\/\" target=\"_blank\" rel=\"noopener\">\n            \u0930\u0941\u091d\u093e\u0928\u094b\u0902 \u0938\u0947 \u092a\u0930\u0947 \u2013 \u0935\u0948\u0936\u094d\u0935\u093f\u0915 \u0935\u093f\u0915\u093e\u0938\n          <\/a>\n        <\/th>\n\n        <th class=\"wikifolio\">\n          <a href=\"https:\/\/mueckinvest.com\/hi\/%e0%a4%a8%e0%a4%b5%e0%a4%be%e0%a4%9a%e0%a4%be%e0%a4%b0-%e0%a4%b8%e0%a4%82%e0%a4%ac%e0%a4%82%e0%a4%a7-2\/\" target=\"_blank\" rel=\"noopener\">\n            \u0928\u0935\u093e\u091a\u093e\u0930 \u0915\u0947\u0902\u0926\u094d\u0930\n          <\/a>\n        <\/th>\n\n        <th class=\"wikifolio\">\n          <a href=\"https:\/\/mueckinvest.com\/hi\/%e0%a4%9b%e0%a4%bf%e0%a4%aa%e0%a5%87-%e0%a4%b9%e0%a5%81%e0%a4%8f-%e0%a4%b0%e0%a4%a4%e0%a5%8d%e0%a4%a8-%e0%a4%86%e0%a4%b2%e0%a4%be-%e0%a4%86%e0%a4%b5%e0%a4%b0%e0%a4%a3-2\/\" target=\"_blank\" rel=\"noopener\">\n            \u091b\u093f\u092a\u0947 \u0939\u0941\u090f \u0930\u0924\u094d\u0928 \u2013 \u0935\u093f\u0936\u093f\u0937\u094d\u091f \u0915\u094d\u0937\u0947\u0924\u094d\u0930 \u0915\u093e \u0915\u0935\u0930\u0947\u091c\n          <\/a>\n        <\/th>\n      <\/tr>\n    <\/thead>\n\n    <tbody>\n\n      <tr>\n        <td class=\"highlight\">Ausrichtung<\/td>\n        <td>Breite Megatrends (Technik, Nachhaltigkeit, Healthcare, Smart Cities)<\/td>\n        <td>Fokus auf Digitalisierung + Mobilit\u00e4t + Rohstoffe<\/td>\n        <td>Nischen- und Spezialthemen (Raumfahrt, Cybersecurity, Agrar, Metalle, Infrastruktur)<\/td>\n      <\/tr>\n\n      <tr>\n        <td class=\"highlight\">\u091c\u094b\u0916\u093f\u092e \u0935\u0930\u094d\u0917<\/td>\n        <td class=\"risiko-chancenorientiert\">\u0905\u0935\u0938\u0930-\u0909\u0928\u094d\u092e\u0941\u0916<\/td>\n        <td class=\"risiko-chancenorientiert\">\u0905\u0935\u0938\u0930-\u0909\u0928\u094d\u092e\u0941\u0916<\/td>\n        <td class=\"risiko-chancenorientiert\">\u0905\u0935\u0938\u0930-\u0909\u0928\u094d\u092e\u0941\u0916<\/td>\n      <\/tr>\n\n      <tr>\n        <td class=\"highlight\">Performance Geb\u00fchr<\/td>\n        <td>15%<\/td>\n        <td>15%<\/td>\n        <td>15%<\/td>\n      <\/tr>\n\n      <tr>\n        <td class=\"highlight\">\u0928\u093f\u0935\u0947\u0936 \u0915\u093e \u0926\u093e\u092f\u0930\u093e<\/td>\n        <td>Wikifolio.com \u092a\u0930 \u0938\u092d\u0940 \u0938\u094d\u091f\u0949\u0915, \u0938\u094d\u091f\u0949\u0915 \u0908\u091f\u0940\u090f\u092b \u0914\u0930 \u0938\u094d\u091f\u0949\u0915 \u092b\u0902\u0921 \u0909\u092a\u0932\u092c\u094d\u0927 \u0939\u0948\u0902\u0964<\/td>\n        <td>Wikifolio.com \u092a\u0930 \u0938\u092d\u0940 \u0938\u094d\u091f\u0949\u0915 \u0914\u0930 \u0915\u092e\u094b\u0921\u093f\u091f\u0940 \u0908\u091f\u0940\u090f\u092b \u0914\u0930 \u0938\u094d\u091f\u0949\u0915 \u092b\u0902\u0921 \u0909\u092a\u0932\u092c\u094d\u0927 \u0939\u0948\u0902\u0964<\/td>\n        <td>Wikifolio.com \u092a\u0930 \u0938\u092d\u0940 \u0938\u094d\u091f\u0949\u0915 \u0914\u0930 \u0915\u092e\u094b\u0921\u093f\u091f\u0940 \u0908\u091f\u0940\u090f\u092b \u0909\u092a\u0932\u092c\u094d\u0927 \u0939\u0948\u0902\u0964<\/td>\n      <\/tr>\n\n      <tr>\n        <td class=\"highlight\">\u092a\u0941\u0928\u0930\u094d\u0938\u0902\u0924\u0941\u0932\u0928<\/td>\n        <td>Quartalsweise<\/td>\n        <td>Quartalsweise<\/td>\n        <td>Quartalsweise<\/td>\n      <\/tr>\n\n      <tr>\n        <td class=\"highlight\">Aufteilung<\/td>\n        <td>ca. 750 Unternehmen<\/td>\n        <td>ca. 600 Unternehmen<br>ca. 17 % des Rohstoffmarktes<\/td>\n        <td>ca. 700 Unternehmen<br>ca. 1.200 Infrastruktur Anleihen<br>ca. 18 % des Rohstoffmarktes<\/td>\n      <\/tr>\n\n      <tr>\n        <td class=\"highlight\">Technologie<\/td>\n        <td>Robotics, AI, Disruptive Technology, Digital Entertainment, Healthcare Tech, BioRevolution (~50 %)<\/td>\n        <td>Semiconductors, Disruptive Technology, Data Centers (~40 %)<\/td>\n        <td>Tech Megatrends, Space, Cybersecurity (~45 %)<\/td>\n      <\/tr>\n\n      <tr>\n        <td class=\"highlight\">Nachhaltigkeit &amp; Umwelt<\/td>\n        <td>Wasser, Circular Economy, Clean Energy, Electric Vehicles and Driving Technology (~38 %)<\/td>\n        <td>Smart Grids, Smart Mobility, Hydrogen (~30 %)<\/td>\n        <td>Future of Food, Agribusiness, Genomics &amp; Biotechnology (~24 %)<\/td>\n      <\/tr>\n\n      <tr>\n        <td class=\"highlight\">Rohstoffe &amp; Materialien<\/td>\n        <td>kaum (nur indirekt \u00fcber Clean Energy)<\/td>\n        <td>Lithium, Kupfer, Seltene Erden, Industriemetalle (~30 %)<\/td>\n        <td>Seltene Erden, Industriemetalle (~10 %)<\/td>\n      <\/tr>\n\n      <tr>\n        <td class=\"highlight\">Infrastruktur &amp; Immobilien<\/td>\n        <td>Smart Cities (~12 %)<\/td>\n        <td>Data Centers, Smart Grids (~25 %)<\/td>\n        <td>Multi-Asset Global Infrastructure ETF, NAREIT Global ETF (~21 %)<\/td>\n      <\/tr>\n\n      <tr>\n        <td class=\"highlight\">\u0935\u093f\u0935\u093f\u0927\u0924\u093e<\/td>\n        <td>Sehr breit \u00fcber viele Megatrends<\/td>\n        <td>St\u00e4rker fokussiert auf Technik + zuk\u00fcnftige Mobilit\u00e4t + Rohstoffe<\/td>\n        <td>Viele Nischen, Mischung aus Technik, Biotech, Agrar, Rohstoffen<\/td>\n      <\/tr>\n\n    <\/tbody>\n  <\/table>\n<\/div>\n\n<!-- Wrapper f\u00fcr die mobilen Spalten-Cards -->\n<div class=\"vergleich-cards\"><\/div>\n\n\n\n\n<section id=\"important-note\">\n<div class=\"note-container\">\n<p>Diese Darstellung ist nur als Orientierung gedacht und ersetzt keine Anlageberatung.<\/p>\n<\/div>\n<\/section>","protected":false},"excerpt":{"rendered":"<p>Kategorie Beyond Trends \u2013 Global Growth Innovation Nexus Hidden Gems \u2013 Nischenabdeckung Ausrichtung Breite Megatrends (Technik, Nachhaltigkeit, Healthcare, Smart Cities) Fokus auf Digitalisierung + Mobilit\u00e4t + Rohstoffe Nischen- und Spezialthemen (Raumfahrt, Cybersecurity, Agrar, Metalle, Infrastruktur) Risikoklasse chancenorientiert chancenorientiert chancenorientiert Performance Geb\u00fchr 15% 15% 15% Anlageuniversum Alle auf Wikifolio.com verf\u00fcgbaren Aktien, Aktien ETFs und Aktien Fonds [&hellip;]<\/p>\n","protected":false},"author":1,"featured_media":0,"parent":0,"menu_order":0,"comment_status":"closed","ping_status":"closed","template":"page-no-sidebar","meta":{"pmpro_default_level":"","_monsterinsights_skip_tracking":false,"_monsterinsights_sitenote_active":false,"_monsterinsights_sitenote_note":"","_monsterinsights_sitenote_category":0,"footnotes":""},"class_list":["post-383","page","type-page","status-publish","hentry","pmpro-has-access"],"aioseo_notices":[],"_links":{"self":[{"href":"https:\/\/mueckinvest.com\/hi\/wp-json\/wp\/v2\/pages\/383","targetHints":{"allow":["GET"]}}],"collection":[{"href":"https:\/\/mueckinvest.com\/hi\/wp-json\/wp\/v2\/pages"}],"about":[{"href":"https:\/\/mueckinvest.com\/hi\/wp-json\/wp\/v2\/types\/page"}],"author":[{"embeddable":true,"href":"https:\/\/mueckinvest.com\/hi\/wp-json\/wp\/v2\/users\/1"}],"replies":[{"embeddable":true,"href":"https:\/\/mueckinvest.com\/hi\/wp-json\/wp\/v2\/comments?post=383"}],"version-history":[{"count":0,"href":"https:\/\/mueckinvest.com\/hi\/wp-json\/wp\/v2\/pages\/383\/revisions"}],"wp:attachment":[{"href":"https:\/\/mueckinvest.com\/hi\/wp-json\/wp\/v2\/media?parent=383"}],"curies":[{"name":"wp","href":"https:\/\/api.w.org\/{rel}","templated":true}]}}