{"id":380,"date":"2025-10-09T10:03:20","date_gmt":"2025-10-09T10:03:20","guid":{"rendered":"https:\/\/mueckinvest.de\/?page_id=380"},"modified":"2026-01-05T07:00:00","modified_gmt":"2026-01-05T06:00:00","slug":"kernwikifolio-vergleich","status":"publish","type":"page","link":"https:\/\/mueckinvest.com\/hi\/kernwikifolio-vergleich\/","title":{"rendered":"\u092e\u0941\u0916\u094d\u092f \u0935\u093f\u0915\u093f\u092b\u094b\u0932\u093f\u092f\u094b \u0915\u0940 \u0924\u0941\u0932\u0928\u093e"},"content":{"rendered":"<div class=\"tabelle-vollbild\">\n  <table class=\"info-tabelle vergleich has-fixed-layout\">\n    <thead>\n      <tr>\n        <th class=\"kategorie\">Kategorie<\/th>\n        <th class=\"wikifolio\">\n          <a href=\"https:\/\/mueckinvest.com\/hi\/%e0%a4%b5%e0%a4%bf%e0%a4%b6%e0%a5%8d%e0%a4%b5%e0%a4%b5%e0%a5%8d%e0%a4%af%e0%a4%be%e0%a4%aa%e0%a5%80-%e0%a4%b8%e0%a5%8d%e0%a4%ae%e0%a4%be%e0%a4%b0%e0%a5%8d%e0%a4%9f-%e0%a4%a8%e0%a4%bf%e0%a4%b5%e0%a5%87-2\/\" target=\"_blank\" rel=\"noopener\">\n            \u0935\u0948\u0936\u094d\u0935\u093f\u0915 \u0938\u094d\u0924\u0930 \u092a\u0930 \u0938\u094d\u092e\u093e\u0930\u094d\u091f \u0928\u093f\u0935\u0947\u0936\n          <\/a>\n        <\/th>\n        <th class=\"wikifolio\">\n          <a href=\"https:\/\/mueckinvest.com\/hi\/%e0%a4%b5%e0%a5%88%e0%a4%b6%e0%a5%8d%e0%a4%b5%e0%a4%bf%e0%a4%95-%e0%a4%95%e0%a5%87%e0%a4%82%e0%a4%a6%e0%a5%8d%e0%a4%b0-%e0%a4%94%e0%a4%b0-%e0%a4%b0%e0%a5%81%e0%a4%9d%e0%a4%be%e0%a4%a8-2\/\" target=\"_blank\" rel=\"noopener\">\n            \u0935\u0948\u0936\u094d\u0935\u093f\u0915 \u0915\u0947\u0902\u0926\u094d\u0930 \u0914\u0930 \u0930\u0941\u091d\u093e\u0928\n          <\/a>\n        <\/th>\n        <th class=\"wikifolio\">\n          <a href=\"https:\/\/mueckinvest.com\/hi\/global-shield\/\" target=\"_blank\" rel=\"noopener\">\n            \u0935\u0948\u0936\u094d\u0935\u093f\u0915 \u0922\u093e\u0932\n          <\/a>\n        <\/th>\n      <\/tr>\n    <\/thead>\n\n    <tbody>\n      <tr>\n        <td class=\"highlight\">Ausrichtung<\/td>\n        <td>Globales Multi-Asset mit ESG, Multifaktor &amp; Krypto<\/td>\n        <td>Reines Aktienportfolio &amp; Faktorstrategien<\/td>\n        <td>Defensives Multi-Asset mit Fokus Anleihen, Rohstoffe &amp; Gold<\/td>\n      <\/tr>\n\n      <tr>\n        <td class=\"highlight\">\u091c\u094b\u0916\u093f\u092e \u0935\u0930\u094d\u0917<\/td>\n        <td class=\"risiko-ausgewogen\">\u092c\u0948\u0932\u0947\u0902\u0938\u094d\u0921<\/td>\n        <td class=\"risiko-chancenorientiert\">\u0905\u0935\u0938\u0930-\u0909\u0928\u094d\u092e\u0941\u0916<\/td>\n        <td class=\"risiko-defensiv\">defensiv<\/td>\n      <\/tr>\n\n      <tr>\n        <td class=\"highlight\">Performance Geb\u00fchr<\/td>\n        <td>10%<\/td>\n        <td>10%<\/td>\n        <td>15%<\/td>\n      <\/tr>\n\n      <tr>\n        <td class=\"highlight\">\u0928\u093f\u0935\u0947\u0936 \u0915\u093e \u0926\u093e\u092f\u0930\u093e<\/td>\n        <td>Wikifolio.com \u092a\u0930 \u0938\u092d\u0940 ETF \u0909\u092a\u0932\u092c\u094d\u0927 \u0939\u0948\u0902\u0964<\/td>\n        <td>Wikifolio.com \u092a\u0930 \u0938\u092d\u0940 \u0907\u0915\u094d\u0935\u093f\u091f\u0940 \u0908\u091f\u0940\u090f\u092b \u0909\u092a\u0932\u092c\u094d\u0927 \u0939\u0948\u0902\u0964<\/td>\n        <td>Wikifolio.com \u092a\u0930 \u0938\u092d\u0940 ETF \u0909\u092a\u0932\u092c\u094d\u0927 \u0939\u0948\u0902\u0964<\/td>\n      <\/tr>\n\n      <tr>\n        <td class=\"highlight\">\u092a\u0941\u0928\u0930\u094d\u0938\u0902\u0924\u0941\u0932\u0928<\/td>\n        <td>Quartalsweise<\/td>\n        <td>Quartalsweise<\/td>\n        <td>Quartalsweise<\/td>\n      <\/tr>\n\n      <tr>\n        <td class=\"highlight\">\u0936\u0947\u092f\u0930\u094b\u0902<\/td>\n        <td>~ 60 % (ESG + Multifaktor)<br>ca. 5.800 Unternehmen<\/td>\n        <td>100 % (inkl. Small Caps, EM, Faktoren)<br>ca. 8.500 Unternehmen<\/td>\n        <td>~ 30 % (defensiv: ESG, Konsumg\u00fcter, Minimum Volatility)<br>ca. 600 Unternehmen<\/td>\n      <\/tr>\n\n      <tr>\n        <td class=\"highlight\">\u092c\u093e\u0902\u0921<\/td>\n        <td>~ 25 % (Aggregate, HY, EM, Inflation Linked)<br>ca. 21.500 Anleihen<\/td>\n        <td>\u2013<\/td>\n        <td>~ 50 % (Aggregate, HY, EM, Inflation Linked, Ultrashort)<br>ca. 22.000 Anleihen<\/td>\n      <\/tr>\n\n      <tr>\n        <td class=\"highlight\">\u0915\u091a\u094d\u091a\u093e \u092e\u093e\u0932<\/td>\n        <td>~ 6 % (breiter Rohstoffkorb)<br>ca. 90% des Rohstoffmarktes<\/td>\n        <td>\u2013<\/td>\n        <td>~ 10 % (breiter Rohstoffkorb)<br>ca. 90% des Rohstoffmarktes<\/td>\n      <\/tr>\n\n      <tr>\n        <td class=\"highlight\">\u0938\u094b\u0928\u093e<\/td>\n        <td>~ 4 %<\/td>\n        <td>\u2013<\/td>\n        <td>~ 10 %<\/td>\n      <\/tr>\n\n      <tr>\n        <td class=\"highlight\">Krypto<\/td>\n        <td>~ 5 % (Top 20 Kryptow\u00e4hrungen)<\/td>\n        <td>\u2013<\/td>\n        <td>\u2013<\/td>\n      <\/tr>\n\n      <tr>\n        <td class=\"highlight\">Faktor Strategien<\/td>\n        <td>Multifaktor (~20 %)<\/td>\n        <td>Multifaktor, Momentum, Value, Small Caps (~37 %)<\/td>\n        <td>Minimum Volatility (EM), Defensive Sektoren<\/td>\n      <\/tr>\n\n      <tr>\n        <td class=\"highlight\">ESG-Integration<\/td>\n        <td>Stark (Aktien + Anleihen)<\/td>\n        <td>Teilweise (\u00fcber Multifaktor-ETF)<\/td>\n        <td>Stark (ESG-Bonds, ESG-Equity)<\/td>\n      <\/tr>\n    <\/tbody>\n  <\/table>\n<\/div>\n\n<!-- Wrapper f\u00fcr die mobilen Spalten-Cards -->\n<div class=\"vergleich-cards\"><\/div>\n\n\n\n\n<section id=\"important-note\">\n<div class=\"note-container\">\n<p>Diese Darstellung ist nur als Orientierung gedacht und ersetzt keine Anlageberatung.<\/p>\n<\/div>\n<\/section>","protected":false},"excerpt":{"rendered":"<p>Kategorie Weltweit Smart Investiert Global Core and Trends Global Shield Ausrichtung Globales Multi-Asset mit ESG, Multifaktor &amp; Krypto Reines Aktienportfolio &amp; Faktorstrategien Defensives Multi-Asset mit Fokus Anleihen, Rohstoffe &amp; Gold Risikoklasse ausgewogen chancenorientiert defensiv Performance Geb\u00fchr 10% 10% 15% Anlageuniversum Alle auf Wikifolio.com verf\u00fcgbaren ETFs Alle auf Wikifolio.com verf\u00fcgbaren Aktien ETFs Alle auf Wikifolio.com verf\u00fcgbaren [&hellip;]<\/p>\n","protected":false},"author":1,"featured_media":0,"parent":0,"menu_order":0,"comment_status":"closed","ping_status":"closed","template":"page-no-sidebar","meta":{"pmpro_default_level":"","_monsterinsights_skip_tracking":false,"_monsterinsights_sitenote_active":false,"_monsterinsights_sitenote_note":"","_monsterinsights_sitenote_category":0,"footnotes":""},"class_list":["post-380","page","type-page","status-publish","hentry","pmpro-has-access"],"aioseo_notices":[],"_links":{"self":[{"href":"https:\/\/mueckinvest.com\/hi\/wp-json\/wp\/v2\/pages\/380","targetHints":{"allow":["GET"]}}],"collection":[{"href":"https:\/\/mueckinvest.com\/hi\/wp-json\/wp\/v2\/pages"}],"about":[{"href":"https:\/\/mueckinvest.com\/hi\/wp-json\/wp\/v2\/types\/page"}],"author":[{"embeddable":true,"href":"https:\/\/mueckinvest.com\/hi\/wp-json\/wp\/v2\/users\/1"}],"replies":[{"embeddable":true,"href":"https:\/\/mueckinvest.com\/hi\/wp-json\/wp\/v2\/comments?post=380"}],"version-history":[{"count":0,"href":"https:\/\/mueckinvest.com\/hi\/wp-json\/wp\/v2\/pages\/380\/revisions"}],"wp:attachment":[{"href":"https:\/\/mueckinvest.com\/hi\/wp-json\/wp\/v2\/media?parent=380"}],"curies":[{"name":"wp","href":"https:\/\/api.w.org\/{rel}","templated":true}]}}