{"id":3336,"date":"2026-02-01T22:00:00","date_gmt":"2026-02-01T21:00:00","guid":{"rendered":"https:\/\/mueckinvest.de\/?page_id=3336"},"modified":"2026-03-18T15:17:14","modified_gmt":"2026-03-18T14:17:14","slug":"%e0%a4%b8%e0%a4%bf%e0%a4%a6%e0%a5%8d%e0%a4%a7%e0%a4%be%e0%a4%82%e0%a4%a4-%e0%a4%b5%e0%a4%be%e0%a4%a6%e0%a4%be-%e0%a4%95%e0%a4%b0%e0%a4%a4%e0%a5%87-%e0%a4%b9%e0%a5%88%e0%a4%82","status":"publish","type":"page","link":"https:\/\/mueckinvest.com\/hi\/prinzipien-versprechen\/","title":{"rendered":"\u0938\u093f\u0926\u094d\u0927\u093e\u0902\u0924 \/ \u0935\u093e\u0926\u093e"},"content":{"rendered":"<h2 class=\"wp-block-heading\"><strong>\u092e\u0947\u0930\u0947 \u0938\u093f\u0926\u094d\u0927\u093e\u0902\u0924<\/strong><\/h2>\n\n\n\n<h3 class=\"wp-block-heading\"><strong>\u092e\u0948\u0902 \u0926\u0940\u0930\u094d\u0918\u0915\u093e\u0932\u093f\u0915 \u0928\u093f\u0935\u0947\u0936 \u0915\u0930\u0924\u093e \u0939\u0942\u0901\u0964<\/strong><\/h3>\n\n\n\n<p>\u092e\u0948\u0902 \u0906\u091c \u092f\u093e \u0915\u0932 \u0915\u0947 \u0932\u093f\u090f \u0928\u0939\u0940\u0902, \u092c\u0932\u094d\u0915\u093f \u0905\u0917\u0932\u0947 \u0915\u0941\u091b \u0926\u0936\u0915\u094b\u0902 \u0915\u0947 \u0932\u093f\u090f \u0928\u093f\u0930\u094d\u0923\u092f \u0932\u0947\u0924\u093e \u0939\u0942\u0902\u0964.<\/p>\n\n\n\n<h3 class=\"wp-block-heading\"><strong>\u092e\u0948\u0902 \u0936\u093e\u0902\u0924 \u0930\u0939\u0924\u093e \u0939\u0942\u0901<\/strong><\/h3>\n\n\n\n<p>\u092e\u0948\u0902 \u0916\u0941\u0926 \u0915\u094b \u0930\u0941\u091d\u093e\u0928\u094b\u0902, \u0938\u0941\u0930\u094d\u0916\u093f\u092f\u094b\u0902 \u092f\u093e \u0905\u0932\u094d\u092a\u0915\u093e\u0932\u093f\u0915 \u0936\u094b\u0930 \u0938\u0947 \u0935\u093f\u091a\u0932\u093f\u0924 \u0928\u0939\u0940\u0902 \u0939\u094b\u0928\u0947 \u0926\u0947\u0924\u093e\u0964.<\/p>\n\n\n\n<h3 class=\"wp-block-heading\"><strong>\u092e\u0948\u0902 \u091a\u0940\u091c\u094b\u0902 \u0915\u094b \u0938\u0930\u0932 \u0930\u0916\u0924\u093e \u0939\u0942\u0901\u0964<\/strong><\/h3>\n\n\n\n<p>\u092e\u0948\u0902 \u0938\u094d\u092a\u0937\u094d\u091f \u0938\u0902\u0930\u091a\u0928\u093e\u0913\u0902, \u0938\u092e\u091d\u0928\u0947 \u092f\u094b\u0917\u094d\u092f \u0930\u0923\u0928\u0940\u0924\u093f\u092f\u094b\u0902 \u0914\u0930 \u092e\u091c\u092c\u0942\u0924 \u0906\u0927\u093e\u0930\u094b\u0902 \u092a\u0930 \u0927\u094d\u092f\u093e\u0928 \u0915\u0947\u0902\u0926\u094d\u0930\u093f\u0924 \u0915\u0930\u0924\u093e \u0939\u0942\u0902\u0964.<\/p>\n\n\n\n<hr class=\"wp-block-separator has-alpha-channel-opacity\"\/>\n\n\n\n<h1 class=\"wp-block-heading\">\u2b50 <strong>\u092e\u0947\u0930\u0947 \u0938\u093f\u0926\u094d\u0927\u093e\u0902\u0924<\/strong><\/h1>\n\n\n\n<h3 class=\"wp-block-heading\"><strong>\u092e\u0941\u091d\u0947 \u0906\u0902\u0915\u0921\u093c\u094b\u0902 \u092a\u0930 \u092d\u0930\u094b\u0938\u093e \u0939\u0948, \u092d\u093e\u0935\u0928\u093e\u0913\u0902 \u092a\u0930 \u0928\u0939\u0940\u0902\u0964<\/strong><\/h3>\n\n\n\n<p>\u092e\u0947\u0930\u0947 \u0928\u093f\u0930\u094d\u0923\u092f \u0924\u0925\u094d\u092f\u094b\u0902 \u092a\u0930 \u0906\u0927\u093e\u0930\u093f\u0924 \u0939\u094b\u0924\u0947 \u0939\u0948\u0902, \u092d\u093e\u0935\u0928\u093e\u0913\u0902 \u092a\u0930 \u0928\u0939\u0940\u0902\u0964.<\/p>\n\n\n\n<h3 class=\"wp-block-heading\"><strong>\u092e\u0948\u0902 \u0938\u094d\u0935\u0924\u0902\u0924\u094d\u0930 \u0930\u0939\u0942\u0902\u0917\u093e\u0964<\/strong><\/h3>\n\n\n\n<p>\u092e\u0948\u0902 \u092c\u093f\u0928\u093e \u0935\u093f\u091c\u094d\u091e\u093e\u092a\u0928, \u092c\u093f\u0928\u093e \u0915\u092e\u0940\u0936\u0928 \u0914\u0930 \u092c\u093f\u0928\u093e \u0915\u093f\u0938\u0940 \u091b\u093f\u092a\u0947 \u0938\u094d\u0935\u093e\u0930\u094d\u0925 \u0915\u0947 \u0915\u093e\u092e \u0915\u0930\u0924\u093e \u0939\u0942\u0902\u0964.<\/p>\n\n\n\n<h3 class=\"wp-block-heading\"><strong>\u092e\u0948\u0902 \u0938\u092e\u092f \u0915\u094b \u0905\u092a\u0928\u093e \u0938\u092c\u0938\u0947 \u092c\u0921\u093c\u093e \u0938\u0939\u092f\u094b\u0917\u0940 \u092e\u093e\u0928\u0924\u093e \u0939\u0942\u0901\u0964<\/strong><\/h3>\n\n\n\n<p>\u092e\u0948\u0902 \u091a\u0915\u094d\u0930\u0935\u0943\u0926\u094d\u0927\u093f \u092c\u094d\u092f\u093e\u091c \u0915\u0940 \u0936\u0915\u094d\u0924\u093f \u092a\u0930 \u092d\u0930\u094b\u0938\u093e \u0915\u0930\u0924\u093e \u0939\u0942\u0902 - \u0938\u092e\u092f \u092f\u093e \u0905\u091f\u0915\u0932\u094b\u0902 \u092a\u0930 \u0928\u0939\u0940\u0902\u0964.<\/p>\n\n\n\n<hr class=\"wp-block-separator has-alpha-channel-opacity\"\/>\n\n\n\n<h1 class=\"wp-block-heading\">\u2b50 <strong>\u092e\u0948\u0902 \u091c\u093e\u0928\u092c\u0942\u091d\u0915\u0930 \u0915\u094d\u092f\u093e \u0928\u0939\u0940\u0902 \u0915\u0930\u0924\u093e<\/strong><\/h1>\n\n\n\n<h3 class=\"wp-block-heading\"><strong>\u092e\u0948\u0902 \u0935\u094d\u092f\u0915\u094d\u0924\u093f\u0917\u0924 \u0938\u094d\u091f\u0949\u0915 \u091f\u093f\u092a\u094d\u0938 \u0928\u0939\u0940\u0902 \u0926\u0947\u0924\u093e\u0964<\/strong><\/h3>\n\n\n\n<p>\u092e\u0948\u0902 \u0935\u093f\u0936\u094d\u0932\u0947\u0937\u0915 \u0915\u0940 \u092d\u0942\u092e\u093f\u0915\u093e \u0928\u0939\u0940\u0902 \u0928\u093f\u092d\u093e \u0930\u0939\u093e \u0939\u0942\u0902 \u0914\u0930 \u092e\u0948\u0902 \u0916\u0930\u0940\u0926\u0928\u0947 \u092f\u093e \u092c\u0947\u091a\u0928\u0947 \u0915\u0947 \u0938\u0902\u0915\u0947\u0924 \u0928\u0939\u0940\u0902 \u0926\u0947\u0924\u093e \u0939\u0942\u0902\u0964.<\/p>\n\n\n\n<h3 class=\"wp-block-heading\"><strong>\u092e\u0948\u0902 \u0915\u093f\u0938\u0940 \u092d\u0940 \u092a\u094d\u0930\u0915\u093e\u0930 \u0915\u093e \u0935\u094d\u092f\u093e\u092a\u093e\u0930 \u0928\u0939\u0940\u0902 \u0915\u0930\u0924\u093e\u0964<\/strong><\/h3>\n\n\n\n<p>\u092e\u0948\u0902 \u0930\u0941\u091d\u093e\u0928\u094b\u0902, \u0932\u094b\u0915\u092a\u094d\u0930\u093f\u092f \u0936\u0947\u092f\u0930\u094b\u0902 \u092f\u093e \u0905\u0932\u094d\u092a\u0915\u093e\u0932\u093f\u0915 \u0932\u093e\u092d\u094b\u0902 \u0915\u0947 \u092a\u0940\u091b\u0947 \u0928\u0939\u0940\u0902 \u092d\u093e\u0917\u0924\u093e\u0964.<\/p>\n\n\n\n<h3 class=\"wp-block-heading\"><strong>\u092e\u0948\u0902 \u0935\u093e\u0926\u093e \u0915\u0930\u0924\u093e \u0939\u0942\u0902 \u0915\u093f \u0915\u094b\u0908 \u0936\u0949\u0930\u094d\u091f\u0915\u091f \u0928\u0939\u0940\u0902 \u0905\u092a\u0928\u093e\u090a\u0902\u0917\u093e\u0964<\/strong><\/h3>\n\n\n\n<p>\u092e\u0948\u0902 \u092e\u093e\u0928\u0938\u093f\u0915\u0924\u093e \u092e\u0947\u0902 \u092c\u0926\u0932\u093e\u0935 \u0932\u093e\u0928\u0947 \u0935\u093e\u0932\u0947 \u091a\u092e\u0924\u094d\u0915\u093e\u0930, \u092a\u094d\u0930\u0947\u0930\u0923\u093e \u0915\u0947 \u0916\u094b\u0916\u0932\u0947 \u0935\u093e\u0926\u0947 \u092f\u093e \u092d\u094d\u0930\u092e \u0928\u0939\u0940\u0902 \u092c\u0947\u091a\u0924\u093e\u0964.<\/p>\n\n\n\n<h3 class=\"wp-block-heading\"><strong>\u092e\u0948\u0902 \u0935\u093f\u091c\u094d\u091e\u093e\u092a\u0928 \u0928\u0939\u0940\u0902 \u0915\u0930\u0924\u093e\u0964<\/strong><\/h3>\n\n\n\n<p>\u092e\u0948\u0902 \u090f\u092b\u093f\u0932\u093f\u090f\u091f \u0932\u093f\u0902\u0915 \u092f\u093e \u0935\u094d\u092f\u093e\u0935\u0938\u093e\u092f\u093f\u0915 \u0938\u093e\u091d\u0947\u0926\u093e\u0930\u0940 \u0915\u093e \u0909\u092a\u092f\u094b\u0917 \u0928\u0939\u0940\u0902 \u0915\u0930\u0924\u093e \u0939\u0942\u0902\u0964.<\/p>\n\n\n\n<h3 class=\"wp-block-heading\"><strong>\u092e\u0948\u0902 \u0915\u093f\u0938\u0940 \u0915\u094b \u0905\u0924\u094d\u092f\u0927\u093f\u0915 \u092c\u094b\u091d \u0928\u0939\u0940\u0902 \u0921\u093e\u0932\u0924\u093e\u0964<\/strong><\/h3>\n\n\n\n<p>\u092e\u0948\u0902 \u091c\u091f\u093f\u0932\u0924\u093e \u0915\u094b \u092c\u0922\u093c\u093e\u0928\u0947 \u0915\u0947 \u092c\u091c\u093e\u092f \u0915\u092e \u0915\u0930\u0924\u093e \u0939\u0942\u0902\u0964.<\/p>","protected":false},"excerpt":{"rendered":"<p>Meine Prinzipien Ich investiere langfristig Ich treffe Entscheidungen nicht f\u00fcr heute oder morgen, sondern f\u00fcr die n\u00e4chsten Jahrzehnte. Ich bleibe ruhig Ich lasse mich nicht von Trends, Schlagzeilen oder kurzfristigem L\u00e4rm ablenken. Ich halte Dinge einfach Ich setze auf klare Strukturen, verst\u00e4ndliche Strategien und robuste Grundlagen. \u2b50 Meine Grunds\u00e4tze Ich vertraue auf Daten, nicht auf [&hellip;]<\/p>\n","protected":false},"author":1,"featured_media":0,"parent":0,"menu_order":0,"comment_status":"closed","ping_status":"closed","template":"","meta":{"pmpro_default_level":"","_monsterinsights_skip_tracking":false,"_monsterinsights_sitenote_active":false,"_monsterinsights_sitenote_note":"","_monsterinsights_sitenote_category":0,"footnotes":""},"class_list":["post-3336","page","type-page","status-publish","hentry","pmpro-has-access"],"aioseo_notices":[],"_links":{"self":[{"href":"https:\/\/mueckinvest.com\/hi\/wp-json\/wp\/v2\/pages\/3336","targetHints":{"allow":["GET"]}}],"collection":[{"href":"https:\/\/mueckinvest.com\/hi\/wp-json\/wp\/v2\/pages"}],"about":[{"href":"https:\/\/mueckinvest.com\/hi\/wp-json\/wp\/v2\/types\/page"}],"author":[{"embeddable":true,"href":"https:\/\/mueckinvest.com\/hi\/wp-json\/wp\/v2\/users\/1"}],"replies":[{"embeddable":true,"href":"https:\/\/mueckinvest.com\/hi\/wp-json\/wp\/v2\/comments?post=3336"}],"version-history":[{"count":2,"href":"https:\/\/mueckinvest.com\/hi\/wp-json\/wp\/v2\/pages\/3336\/revisions"}],"predecessor-version":[{"id":4030,"href":"https:\/\/mueckinvest.com\/hi\/wp-json\/wp\/v2\/pages\/3336\/revisions\/4030"}],"wp:attachment":[{"href":"https:\/\/mueckinvest.com\/hi\/wp-json\/wp\/v2\/media?parent=3336"}],"curies":[{"name":"wp","href":"https:\/\/api.w.org\/{rel}","templated":true}]}}