{"id":2875,"date":"2026-01-22T18:00:00","date_gmt":"2026-01-22T17:00:00","guid":{"rendered":"https:\/\/mueckinvest.de\/?page_id=2875"},"modified":"2026-02-03T06:00:00","modified_gmt":"2026-02-03T05:00:00","slug":"%f0%9f%93%88-%e0%a4%b5%e0%a4%bf%e0%a4%95%e0%a4%bf%e0%a4%ab%e0%a4%bc%e0%a5%8b%e0%a4%b2%e0%a4%bf%e0%a4%af%e0%a5%8b","status":"publish","type":"page","link":"https:\/\/mueckinvest.com\/hi\/%f0%9f%93%88-wikifolios\/","title":{"rendered":"\u0935\u093f\u0915\u093f\u092b\u094b\u0932\u093f\u092f\u094b"},"content":{"rendered":"<h1 class=\"wp-block-heading\"><strong>\u0938\u0915\u094d\u0930\u093f\u092f \u0928\u093f\u0935\u0947\u0936 \u0915\u093e \u0932\u094b\u0915\u0924\u0902\u0924\u094d\u0930\u0940\u0915\u0930\u0923<\/strong><\/h1>\n\n\n\n<p>\u0935\u093f\u0915\u093f\u092b\u094b\u0932\u093f\u092f\u094b \u0928\u0947 \u0932\u094b\u0917\u094b\u0902 \u0915\u0947 \u0928\u093f\u0935\u0947\u0936 \u0915\u0930\u0928\u0947 \u0915\u0947 \u0924\u0930\u0940\u0915\u0947 \u0915\u094b \u092c\u0926\u0932 \u0926\u093f\u092f\u093e \u0939\u0948\u0964 \u092f\u0947 \u0921\u093f\u091c\u093f\u091f\u0932 \u092a\u094d\u0932\u0947\u091f\u092b\u0949\u0930\u094d\u092e \u0915\u0940 \u092a\u093e\u0930\u0926\u0930\u094d\u0936\u093f\u0924\u093e \u0915\u094b \u0938\u0915\u094d\u0930\u093f\u092f \u0935\u094d\u092f\u093e\u092a\u093e\u0930\u093f\u092f\u094b\u0902 \u0915\u0940 \u0935\u093f\u0936\u0947\u0937\u091c\u094d\u091e\u0924\u093e \u0915\u0947 \u0938\u093e\u0925 \u091c\u094b\u0921\u093c\u0924\u0947 \u0939\u0948\u0902, \u091c\u093f\u0938\u0938\u0947 \u0928\u093f\u0935\u0947\u0936\u0915\u094b\u0902 \u0915\u094b \u0928\u093f\u0935\u0947\u0936 \u0915\u0930\u0928\u0947 \u092e\u0947\u0902 \u092e\u0926\u0926 \u092e\u093f\u0932\u0924\u0940 \u0939\u0948\u0964, <strong>\u092a\u0947\u0936\u0947\u0935\u0930 \u092f\u093e \u0928\u093f\u091c\u0940 \u091f\u094d\u0930\u0947\u0921\u093f\u0902\u0917 \u0930\u0923\u0928\u0940\u0924\u093f\u092f\u094b\u0902 \u0915\u094b \u0939\u0942\u092c\u0939\u0942 \u0926\u094b\u0939\u0930\u093e\u0928\u0947 \u0915\u0947 \u0932\u093f\u090f<\/strong>. \u0907\u0938\u0938\u0947 \u092a\u093e\u0930\u0902\u092a\u0930\u093f\u0915 \u092b\u0902\u0921 \u092a\u094d\u0930\u092c\u0902\u0927\u0928 \u0914\u0930 \u0938\u094b\u0936\u0932 \u091f\u094d\u0930\u0947\u0921\u093f\u0902\u0917 \u0915\u0947 \u092c\u0940\u091a \u090f\u0915 \u092c\u093f\u0932\u094d\u0915\u0941\u0932 \u0928\u092f\u093e \u0907\u0915\u094b\u0938\u093f\u0938\u094d\u091f\u092e \u0924\u0948\u092f\u093e\u0930 \u0939\u094b\u0924\u093e \u0939\u0948\u0964.<\/p>\n\n\n\n<h2 class=\"wp-block-heading\">\ud83c\udf0d <strong>1. \u0935\u093f\u0915\u093f\u092b\u094b\u0932\u093f\u092f\u094b \u0935\u093e\u0938\u094d\u0924\u0935 \u092e\u0947\u0902 \u0915\u094d\u092f\u093e \u0939\u0948\u0902<\/strong><\/h2>\n\n\n\n<h3 class=\"wp-block-heading\">\ud83e\udde9 <strong>\u0921\u093f\u091c\u093f\u091f\u0932 \u092e\u0949\u0921\u0932 \u092a\u094b\u0930\u094d\u091f\u092b\u094b\u0932\u093f\u092f\u094b<\/strong><\/h3>\n\n\n\n<ul class=\"wp-block-list\">\n<li>\u0935\u094d\u092f\u093e\u092a\u093e\u0930\u0940 \u0905\u092a\u0928\u0940 \u0916\u0941\u0926 \u0915\u0940 \u0930\u0923\u0928\u0940\u0924\u093f\u092f\u093e\u0901 \u092c\u0928\u093e\u0924\u0947 \u0939\u0948\u0902\u0964<\/li>\n\n\n\n<li>\u0938\u092d\u0940 \u0932\u0947\u0928-\u0926\u0947\u0928 \u0935\u093e\u0938\u094d\u0924\u0935\u093f\u0915 \u0938\u092e\u092f \u092e\u0947\u0902 \u0926\u093f\u0916\u093e\u0908 \u0926\u0947\u0924\u0947 \u0939\u0948\u0902\u0964<\/li>\n\n\n\n<li>\u0928\u093f\u0935\u0947\u0936\u0915 \u092a\u094d\u0930\u092e\u093e\u0923\u092a\u0924\u094d\u0930\u094b\u0902 \u0915\u093e \u0909\u092a\u092f\u094b\u0917 \u0915\u0930\u0915\u0947 \u0907\u0928 \u0930\u0923\u0928\u0940\u0924\u093f\u092f\u094b\u0902 \u0915\u094b \u0926\u094b\u0939\u0930\u093e \u0938\u0915\u0924\u0947 \u0939\u0948\u0902\u0964<\/li>\n<\/ul>\n\n\n\n<h3 class=\"wp-block-heading\">\ud83e\udd1d <strong>\u0938\u094b\u0936\u0932 \u091f\u094d\u0930\u0947\u0921\u093f\u0902\u0917 \u092a\u094d\u0932\u0947\u091f\u092b\u0949\u0930\u094d\u092e<\/strong><\/h3>\n\n\n\n<ul class=\"wp-block-list\">\n<li>\u0935\u094d\u092f\u093e\u092a\u093e\u0930\u093f\u092f\u094b\u0902 \u0914\u0930 \u0928\u093f\u0935\u0947\u0936\u0915\u094b\u0902 \u0915\u0947 \u092c\u0940\u091a \u0906\u0926\u093e\u0928-\u092a\u094d\u0930\u0926\u093e\u0928<\/li>\n\n\n\n<li>\u092a\u094d\u0930\u0926\u0930\u094d\u0936\u0928, \u091c\u094b\u0916\u093f\u092e \u0914\u0930 \u0935\u094d\u092f\u093e\u092a\u093e\u0930 \u0936\u0948\u0932\u0940 \u0915\u0947 \u0938\u0902\u092c\u0902\u0927 \u092e\u0947\u0902 \u092a\u093e\u0930\u0926\u0930\u094d\u0936\u093f\u0924\u093e<\/li>\n<\/ul>\n\n\n\n<h3 class=\"wp-block-heading\">\ud83d\udcb6 <strong>\u0928\u093f\u0935\u0947\u0936 \u092f\u094b\u0917\u094d\u092f \u092a\u094d\u0930\u092e\u093e\u0923\u092a\u0924\u094d\u0930<\/strong><\/h3>\n\n\n\n<ul class=\"wp-block-list\">\n<li>\u092a\u094d\u0930\u0915\u093e\u0936\u093f\u0924 \u0939\u094b\u0928\u0947 \u0935\u093e\u0932\u0947 \u092a\u094d\u0930\u0924\u094d\u092f\u0947\u0915 \u0935\u093f\u0915\u093f\u092b\u094b\u0932\u093f\u092f\u094b \u0915\u094b \u092a\u094d\u0930\u0924\u093f\u092d\u0942\u0924\u093f \u0915\u0947 \u0930\u0942\u092a \u092e\u0947\u0902 \u0916\u0930\u0940\u0926\u093e \u091c\u093e \u0938\u0915\u0924\u093e \u0939\u0948\u0964<\/li>\n\n\n\n<li>\u0938\u094d\u091f\u0949\u0915 \u092f\u093e \u0908\u091f\u0940\u090f\u092b \u0915\u0940 \u0924\u0930\u0939 \u091f\u094d\u0930\u0947\u0921 \u0915\u0930\u0928\u0947 \u092f\u094b\u0917\u094d\u092f<\/li>\n<\/ul>\n\n\n\n<h2 class=\"wp-block-heading\">\ud83d\ude80 <strong>2. \u0935\u093f\u0915\u093f\u092b\u094b\u0932\u093f\u092f\u094b \u0907\u0924\u0928\u0947 \u0932\u094b\u0915\u092a\u094d\u0930\u093f\u092f \u0915\u094d\u092f\u094b\u0902 \u0939\u094b \u0917\u090f \u0939\u0948\u0902?<\/strong><\/h2>\n\n\n\n<h3 class=\"wp-block-heading\">\u2705 <strong>\u092a\u093e\u0930\u0926\u0930\u094d\u0936\u093f\u0924\u093e<\/strong><\/h3>\n\n\n\n<ul class=\"wp-block-list\">\n<li>\u0939\u0930 \u092a\u094b\u091c\u0940\u0936\u0928, \u0939\u0930 \u091f\u094d\u0930\u0947\u0921, \u0939\u0930 \u0935\u0947\u091f\u0947\u091c \u0938\u093e\u0930\u094d\u0935\u091c\u0928\u093f\u0915 \u0930\u0942\u092a \u0938\u0947 \u0926\u0947\u0916\u093e \u091c\u093e \u0938\u0915\u0924\u093e \u0939\u0948\u0964<\/li>\n\n\n\n<li>\u0915\u0908 \u092b\u0902\u0921\u094b\u0902 \u0915\u0940 \u0924\u0930\u0939 \u0907\u0938\u092e\u0947\u0902 \u0915\u094b\u0908 &quot;\u092c\u094d\u0932\u0948\u0915 \u092c\u0949\u0915\u094d\u0938&quot; \u0928\u0939\u0940\u0902 \u0939\u0948\u0964<\/li>\n<\/ul>\n\n\n\n<h3 class=\"wp-block-heading\">\u2705 <strong>FLEXIBILITY<\/strong><\/h3>\n\n\n\n<ul class=\"wp-block-list\">\n<li>\u0930\u0923\u0928\u0940\u0924\u093f\u092f\u094b\u0902 \u0915\u0940 \u0935\u093f\u0938\u094d\u0924\u0943\u0924 \u0936\u094d\u0930\u0943\u0902\u0916\u0932\u093e: \u0935\u093f\u0915\u093e\u0938, \u092e\u0942\u0932\u094d\u092f, \u0930\u0941\u091d\u093e\u0928 \u0905\u0928\u0941\u0938\u0930\u0923, \u0932\u093e\u092d\u093e\u0902\u0936, \u0915\u094d\u0930\u093f\u092a\u094d\u091f\u094b\u0915\u0930\u0947\u0902\u0938\u0940, \u0915\u092e\u094b\u0921\u093f\u091f\u0940\u091c<\/li>\n\n\n\n<li>\u0935\u094d\u092f\u093e\u092a\u093e\u0930\u0940 \u092c\u093e\u091c\u093e\u0930 \u0915\u0947 \u0909\u0924\u093e\u0930-\u091a\u0922\u093c\u093e\u0935 \u092a\u0930 \u0924\u0947\u091c\u0940 \u0938\u0947 \u092a\u094d\u0930\u0924\u093f\u0915\u094d\u0930\u093f\u092f\u093e \u0926\u0947 \u0938\u0915\u0924\u0947 \u0939\u0948\u0902\u0964<\/li>\n<\/ul>\n\n\n\n<h3 class=\"wp-block-heading\">\u2705 <strong>\u092a\u094d\u0930\u0935\u0947\u0936 \u092e\u0947\u0902 \u0915\u092e \u092c\u093e\u0927\u093e\u090f\u0902<\/strong><\/h3>\n\n\n\n<ul class=\"wp-block-list\">\n<li>\u091b\u094b\u091f\u0940 \u0930\u0915\u092e \u0938\u0947 \u092d\u0940 \u0928\u093f\u0935\u0947\u0936 \u0915\u0930\u0928\u093e \u0938\u0902\u092d\u0935 \u0939\u0948\u0964<\/li>\n\n\n\n<li>\u092a\u093e\u0930\u0902\u092a\u0930\u093f\u0915 \u092b\u0902\u0921\u094b\u0902 \u0915\u0940 \u0924\u0930\u0939 \u0928\u094d\u092f\u0942\u0928\u0924\u092e \u0928\u093f\u0935\u0947\u0936 \u0930\u093e\u0936\u093f \u0915\u0940 \u0915\u094b\u0908 \u0906\u0935\u0936\u094d\u092f\u0915\u0924\u093e \u0928\u0939\u0940\u0902 \u0939\u0948\u0964<\/li>\n<\/ul>\n\n\n\n<h3 class=\"wp-block-heading\">\u2705 <strong>\u0938\u093e\u092e\u0941\u0926\u093e\u092f\u093f\u0915 \u092a\u094d\u0930\u092d\u093e\u0935<\/strong><\/h3>\n\n\n\n<ul class=\"wp-block-list\">\n<li>\u0928\u093f\u0935\u0947\u0936\u0915 \u0930\u0923\u0928\u0940\u0924\u093f\u092f\u094b\u0902 \u0915\u0940 \u0924\u0941\u0932\u0928\u093e \u0915\u0930 \u0938\u0915\u0924\u0947 \u0939\u0948\u0902, \u0909\u0928 \u092a\u0930 \u091f\u093f\u092a\u094d\u092a\u0923\u0940 \u0915\u0930 \u0938\u0915\u0924\u0947 \u0939\u0948\u0902 \u0914\u0930 \u0909\u0928\u094d\u0939\u0947\u0902 \u0930\u0947\u091f\u093f\u0902\u0917 \u0926\u0947 \u0938\u0915\u0924\u0947 \u0939\u0948\u0902\u0964<\/li>\n<\/ul>\n\n\n\n<h2 class=\"wp-block-heading\">\ud83e\udde0 <strong>3. \u0915\u093f\u0928 \u0930\u0923\u0928\u0940\u0924\u093f\u092f\u094b\u0902 \u0915\u0940 \u0935\u093f\u0936\u0947\u0937 \u0930\u0942\u092a \u0938\u0947 \u092e\u093e\u0902\u0917 \u0939\u0948?<\/strong><\/h2>\n\n\n\n<h3 class=\"wp-block-heading\">\ud83d\udcca <strong>\u091f\u094d\u0930\u0947\u0902\u0921 \u092b\u0949\u0932\u094b\u0935\u093f\u0902\u0917 \u0914\u0930 \u092e\u094b\u092e\u0947\u0902\u091f\u092e<\/strong><\/h3>\n\n\n\n<ul class=\"wp-block-list\">\n<li>\u0915\u0940\u092e\u0924\u094b\u0902 \u092e\u0947\u0902 \u0939\u094b\u0928\u0947 \u0935\u093e\u0932\u0947 \u0924\u0940\u0935\u094d\u0930 \u0909\u0924\u093e\u0930-\u091a\u0922\u093c\u093e\u0935 \u092a\u0930 \u0927\u094d\u092f\u093e\u0928 \u0915\u0947\u0902\u0926\u094d\u0930\u093f\u0924 \u0915\u0930\u0947\u0902<\/li>\n\n\n\n<li>\u0938\u0915\u094d\u0930\u093f\u092f \u0935\u094d\u092f\u093e\u092a\u093e\u0930\u093f\u092f\u094b\u0902 \u0915\u0947 \u092c\u0940\u091a \u0932\u094b\u0915\u092a\u094d\u0930\u093f\u092f<\/li>\n<\/ul>\n\n\n\n<h3 class=\"wp-block-heading\">\ud83e\uddf1 <strong>\u092e\u0942\u0932\u094d\u092f \u0914\u0930 \u0917\u0941\u0923\u0935\u0924\u094d\u0924\u093e<\/strong><\/h3>\n\n\n\n<ul class=\"wp-block-list\">\n<li>\u092e\u094c\u0932\u093f\u0915 \u0935\u093f\u0936\u094d\u0932\u0947\u0937\u0923<\/li>\n\n\n\n<li>\u0926\u0940\u0930\u094d\u0918\u0915\u093e\u0932\u093f\u0915, \u0938\u094d\u0925\u093f\u0930 \u092a\u094b\u0930\u094d\u091f\u092b\u094b\u0932\u093f\u092f\u094b<\/li>\n<\/ul>\n\n\n\n<h3 class=\"wp-block-heading\">\ud83e\ude99 <strong>\u0915\u094d\u0930\u093f\u092a\u094d\u091f\u094b \u0930\u0923\u0928\u0940\u0924\u093f\u092f\u093e\u0901<\/strong><\/h3>\n\n\n\n<ul class=\"wp-block-list\">\n<li>\u0909\u091a\u094d\u091a \u0905\u0938\u094d\u0925\u093f\u0930\u0924\u093e, \u0932\u0947\u0915\u093f\u0928 \u0909\u091a\u094d\u091a \u092e\u093e\u0902\u0917<\/li>\n\n\n\n<li>\u092c\u093f\u091f\u0915\u0949\u0907\u0928, \u0911\u0932\u094d\u091f\u0915\u0949\u0907\u0928 \u0914\u0930 \u092c\u094d\u0932\u0949\u0915\u091a\u0947\u0928 \u0938\u094d\u091f\u0949\u0915 \u0915\u093e \u0938\u0902\u092f\u094b\u091c\u0928<\/li>\n<\/ul>\n\n\n\n<h3 class=\"wp-block-heading\">\ud83c\udf31 <strong>\u0935\u0939\u0928\u0940\u092f\u0924\u093e<\/strong><\/h3>\n\n\n\n<ul class=\"wp-block-list\">\n<li>\u0908\u090f\u0938\u091c\u0940 \u092b\u094b\u0915\u0938<\/li>\n\n\n\n<li>\u0939\u0930\u093f\u0924 \u092a\u094d\u0930\u094c\u0926\u094d\u092f\u094b\u0917\u093f\u0915\u093f\u092f\u093e\u0901, \u0928\u0935\u0940\u0915\u0930\u0923\u0940\u092f \u090a\u0930\u094d\u091c\u093e\u090f\u0901<\/li>\n<\/ul>\n\n\n\n<h3 class=\"wp-block-heading\">\ud83e\uddfa <strong>\u092e\u0932\u094d\u091f\u0940-\u090f\u0938\u0947\u091f \u0935\u093f\u0915\u093f\u092b\u094b\u0932\u093f\u092f\u094b<\/strong><\/h3>\n\n\n\n<ul class=\"wp-block-list\">\n<li>\u0936\u0947\u092f\u0930\u094b\u0902, \u0915\u092e\u094b\u0921\u093f\u091f\u0940\u091c \u0914\u0930 \u0908\u091f\u0940\u090f\u092b \u0915\u093e \u092e\u093f\u0936\u094d\u0930\u0923<\/li>\n\n\n\n<li>\u0935\u094d\u092f\u093e\u092a\u0915 \u0935\u093f\u0935\u093f\u0927\u0940\u0915\u0930\u0923 \u091a\u093e\u0939\u0928\u0947 \u0935\u093e\u0932\u0947 \u0928\u093f\u0935\u0947\u0936\u0915\u094b\u0902 \u0915\u0947 \u0932\u093f\u090f<\/li>\n<\/ul>\n\n\n\n<h2 class=\"wp-block-heading\">\u26a0\ufe0f <strong>4. \u091c\u094b\u0916\u093f\u092e \u0914\u0930 \u091a\u0941\u0928\u094c\u0924\u093f\u092f\u093e\u0901<\/strong><\/h2>\n\n\n\n<h3 class=\"wp-block-heading\">\ud83d\udcc9 <strong>\u0935\u094d\u092f\u093e\u092a\u093e\u0930\u0940 \u0928\u093f\u0930\u094d\u092d\u0930\u0924\u093e<\/strong><\/h3>\n\n\n\n<ul class=\"wp-block-list\">\n<li>\u092a\u094d\u0930\u0926\u0930\u094d\u0936\u0928 \u0915\u093e\u092b\u0940 \u0939\u0926 \u0924\u0915 \u091f\u094d\u0930\u0947\u0921\u0930 \u0915\u0940 \u0915\u094d\u0937\u092e\u0924\u093e \u092a\u0930 \u0928\u093f\u0930\u094d\u092d\u0930 \u0915\u0930\u0924\u093e \u0939\u0948\u0964<\/li>\n\n\n\n<li>\u0926\u0940\u0930\u094d\u0918\u0915\u093e\u0932\u093f\u0915 \u0938\u092b\u0932\u0924\u093e \u0915\u0940 \u0915\u094b\u0908 \u0917\u093e\u0930\u0902\u091f\u0940 \u0928\u0939\u0940\u0902 \u0939\u0948<\/li>\n<\/ul>\n\n\n\n<h3 class=\"wp-block-heading\">\ud83d\udd04 <strong>\u0909\u091a\u094d\u091a \u0917\u0924\u093f\u0935\u093f\u0927\u093f<\/strong><\/h3>\n\n\n\n<ul class=\"wp-block-list\">\n<li>\u0915\u0908 \u0935\u093f\u0915\u093f\u092b\u094b\u0932\u093f\u092f\u094b \u092e\u0947\u0902 \u092c\u0939\u0941\u0924 \u0938\u0915\u094d\u0930\u093f\u092f \u0930\u0942\u092a \u0938\u0947 \u0932\u0947\u0928-\u0926\u0947\u0928 \u0939\u094b\u0924\u093e \u0939\u0948\u0964<\/li>\n\n\n\n<li>\u0907\u0938\u0938\u0947 \u0905\u092a\u094d\u0930\u0924\u094d\u092f\u0915\u094d\u0937 \u0932\u093e\u0917\u0924 \u092c\u0922\u093c \u0938\u0915\u0924\u0940 \u0939\u0948\u0964<\/li>\n<\/ul>\n\n\n\n<h3 class=\"wp-block-heading\">\ud83e\uddea <strong>\u0905\u092a\u093e\u0930\u0926\u0930\u094d\u0936\u0940 \u091c\u094b\u0916\u093f\u092e \u092a\u094d\u0930\u092c\u0902\u0927\u0928<\/strong><\/h3>\n\n\n\n<ul class=\"wp-block-list\">\n<li>\u0915\u0941\u091b \u0935\u094d\u092f\u093e\u092a\u093e\u0930\u093f\u092f\u094b\u0902 \u0915\u094b \u091c\u094b\u0916\u093f\u092e \u092a\u094d\u0930\u092c\u0902\u0927\u0928 \u0915\u093e \u092c\u0939\u0941\u0924 \u0915\u092e \u0905\u0928\u0941\u092d\u0935 \u0939\u094b\u0924\u093e \u0939\u0948\u0964<\/li>\n<\/ul>\n\n\n\n<h3 class=\"wp-block-heading\">\ud83d\udcca <strong>\u0905\u0938\u094d\u0925\u093f\u0930\u0924\u093e<\/strong><\/h3>\n\n\n\n<ul class=\"wp-block-list\">\n<li>\u0935\u093f\u0936\u0947\u0937 \u0930\u0942\u092a \u0938\u0947 \u0925\u0940\u092e \u0906\u0927\u093e\u0930\u093f\u0924 \u092f\u093e \u0915\u094d\u0930\u093f\u092a\u094d\u091f\u094b \u0935\u093f\u0915\u093f\u092b\u094b\u0932\u093f\u092f\u094b \u0915\u0947 \u0938\u093e\u0925<\/li>\n<\/ul>\n\n\n\n<h2 class=\"wp-block-heading\">\ud83c\udfe6 <strong>5. \u0928\u093f\u0935\u0947\u0936\u0915 \u0935\u093f\u0915\u093f\u092b\u094b\u0932\u093f\u092f\u094b \u0915\u093e \u0909\u092a\u092f\u094b\u0917 \u0915\u0948\u0938\u0947 \u0915\u0930\u0924\u0947 \u0939\u0948\u0902<\/strong><\/h2>\n\n\n\n<h3 class=\"wp-block-heading\">\ud83d\udd0d <strong>\u0935\u093f\u0936\u094d\u0932\u0947\u0937\u0923 \u0914\u0930 \u0924\u0941\u0932\u0928\u093e<\/strong><\/h3>\n\n\n\n<ul class=\"wp-block-list\">\n<li>\u092a\u094d\u0930\u0926\u0930\u094d\u0936\u0928 \u0907\u0924\u093f\u0939\u093e\u0938<\/li>\n\n\n\n<li>\u0928\u0941\u0915\u094d\u0938\u093e\u0928<\/li>\n\n\n\n<li>\u091f\u094d\u0930\u0947\u0921\u093f\u0902\u0917 \u0906\u0935\u0943\u0924\u094d\u0924\u093f<\/li>\n\n\n\n<li>\u091c\u094b\u0916\u093f\u092e \u0938\u0902\u0915\u0947\u0924\u0915<\/li>\n<\/ul>\n\n\n\n<h3 class=\"wp-block-heading\">\ud83d\udcbc <strong>\u092a\u094b\u0930\u094d\u091f\u092b\u094b\u0932\u093f\u092f\u094b \u0918\u091f\u0915<\/strong><\/h3>\n\n\n\n<ul class=\"wp-block-list\">\n<li>\u0908\u091f\u0940\u090f\u092b \u092f\u093e \u092b\u0902\u0921 \u0915\u0947 \u0932\u093f\u090f \u092a\u0942\u0930\u0915<\/li>\n\n\n\n<li>\u0938\u0915\u094d\u0930\u093f\u092f \u0930\u0923\u0928\u0940\u0924\u093f\u092f\u094b\u0902 \u0915\u094b \u0936\u093e\u092e\u093f\u0932 \u0915\u0930\u0928\u0947 \u0915\u093e \u0905\u0935\u0938\u0930<\/li>\n<\/ul>\n\n\n\n<h3 class=\"wp-block-heading\">\ud83e\uddea <strong>\u0935\u093f\u0937\u092f\u0917\u0924 \u0928\u093f\u0935\u0947\u0936<\/strong><\/h3>\n\n\n\n<ul class=\"wp-block-list\">\n<li>\u090f\u0906\u0908, \u0939\u093e\u0907\u0921\u094d\u0930\u094b\u091c\u0928, \u0917\u0947\u092e\u093f\u0902\u0917, \u092c\u093e\u092f\u094b\u091f\u0947\u0915 \u091c\u0948\u0938\u0940 \u0935\u093f\u0936\u093f\u0937\u094d\u091f \u0915\u094d\u0937\u0947\u0924\u094d\u0930\u094b\u0902 \u0924\u0915 \u092a\u0939\u0941\u0902\u091a<\/li>\n<\/ul>\n\n\n\n<h2 class=\"wp-block-heading\">\ud83d\udd2e <strong>6. \u0935\u093f\u0915\u093f\u092b\u094b\u0932\u093f\u092f\u094b \u0907\u0915\u094b\u0938\u093f\u0938\u094d\u091f\u092e \u092e\u0947\u0902 \u092d\u0935\u093f\u0937\u094d\u092f \u0915\u0947 \u0930\u0941\u091d\u093e\u0928<\/strong><\/h2>\n\n\n\n<h3 class=\"wp-block-heading\">\ud83e\udd16 <strong>\u0905\u0927\u093f\u0915 \u0921\u0947\u091f\u093e-\u0906\u0927\u093e\u0930\u093f\u0924 \u0930\u0923\u0928\u0940\u0924\u093f\u092f\u093e\u0901<\/strong><\/h3>\n\n\n\n<ul class=\"wp-block-list\">\n<li>\u090f\u0906\u0908-\u0906\u0927\u093e\u0930\u093f\u0924 \u092e\u0949\u0921\u0932<\/li>\n\n\n\n<li>\u090f\u0932\u094d\u0917\u094b\u0930\u093f\u0925\u092e \u0906\u0927\u093e\u0930\u093f\u0924 \u0935\u094d\u092f\u093e\u092a\u093e\u0930 \u0926\u0943\u0937\u094d\u091f\u093f\u0915\u094b\u0923<\/li>\n<\/ul>\n\n\n\n<h3 class=\"wp-block-heading\">\ud83c\udf31 <strong>\u0938\u0924\u0924 \u0935\u093f\u0915\u093f\u092b\u094b\u0932\u093f\u092f\u094b<\/strong><\/h3>\n\n\n\n<ul class=\"wp-block-list\">\n<li>\u0908\u090f\u0938\u091c\u0940 \u092a\u0930 \u0927\u094d\u092f\u093e\u0928 \u0932\u0917\u093e\u0924\u093e\u0930 \u092c\u0922\u093c \u0930\u0939\u093e \u0939\u0948\u0964<\/li>\n<\/ul>\n\n\n\n<h3 class=\"wp-block-heading\">\ud83c\udf10 <strong>\u0905\u0902\u0924\u0930\u094d\u0930\u093e\u0937\u094d\u091f\u094d\u0930\u0940\u092f\u0915\u0930\u0923<\/strong><\/h3>\n\n\n\n<ul class=\"wp-block-list\">\n<li>\u0921\u0940\u090f\u0938\u0940\u090f\u091a \u0915\u094d\u0937\u0947\u0924\u094d\u0930 \u0915\u0947 \u092c\u093e\u0939\u0930 \u0938\u0947 \u0905\u0927\u093f\u0915 \u0935\u094d\u092f\u093e\u092a\u093e\u0930\u0940 \u0914\u0930 \u0928\u093f\u0935\u0947\u0936\u0915<\/li>\n<\/ul>\n\n\n\n<h3 class=\"wp-block-heading\">\ud83d\udcca <strong>\u0935\u094d\u092f\u093e\u0935\u0938\u093e\u092f\u093f\u0915\u0924\u093e<\/strong><\/h3>\n\n\n\n<ul class=\"wp-block-list\">\n<li>\u0938\u0902\u0938\u094d\u0925\u093e\u0917\u0924 \u0935\u094d\u092f\u093e\u092a\u093e\u0930\u0940 \u0907\u0938 \u092a\u094d\u0932\u0947\u091f\u092b\u0949\u0930\u094d\u092e \u0915\u094b \u0916\u094b\u091c \u0930\u0939\u0947 \u0939\u0948\u0902\u0964<\/li>\n\n\n\n<li>\u092c\u0947\u0939\u0924\u0930 \u091c\u094b\u0916\u093f\u092e \u0938\u0902\u0915\u0947\u0924\u0915 \u0914\u0930 \u0930\u093f\u092a\u094b\u0930\u094d\u091f\u093f\u0902\u0917<\/li>\n<\/ul>\n\n\n\n<h2 class=\"wp-block-heading\">\u2705 <strong>\u0928\u093f\u0937\u094d\u0915\u0930\u094d\u0937<\/strong><\/h2>\n\n\n\n<p>\u0935\u093f\u0915\u093f\u092b\u094b\u0932\u093f\u092f\u094b \u0938\u093e\u092e\u093e\u091c\u093f\u0915 \u0935\u094d\u092f\u093e\u092a\u093e\u0930, \u0938\u0915\u094d\u0930\u093f\u092f \u092a\u094d\u0930\u092c\u0902\u0927\u0928 \u0914\u0930 \u0921\u093f\u091c\u093f\u091f\u0932 \u092a\u093e\u0930\u0926\u0930\u094d\u0936\u093f\u0924\u093e \u0915\u0947 \u092c\u0940\u091a \u090f\u0915 \u0905\u092d\u093f\u0928\u0935 \u0915\u0921\u093c\u0940 \u0939\u0948\u0964 \u092f\u0939 \u0928\u093f\u0935\u0947\u0936\u0915\u094b\u0902 \u0915\u094b \u0938\u0915\u094d\u0937\u092e \u092c\u0928\u093e\u0924\u093e \u0939\u0948 \u0915\u093f \u0935\u0947, <strong>\u092a\u0947\u0936\u0947\u0935\u0930 \u092f\u093e \u0928\u093f\u091c\u0940 \u0930\u0923\u0928\u0940\u0924\u093f\u092f\u094b\u0902 \u0915\u094b \u0906\u0938\u093e\u0928\u0940 \u0938\u0947 \u0926\u094b\u0939\u0930\u093e\u092f\u093e \u091c\u093e \u0938\u0915\u0924\u093e \u0939\u0948<\/strong>, \u092f\u0947 \u0935\u093f\u092d\u093f\u0928\u094d\u0928 \u092a\u094d\u0930\u0915\u093e\u0930 \u0915\u0947 \u0935\u093f\u0937\u092f \u092a\u094d\u0930\u0938\u094d\u0924\u0941\u0924 \u0915\u0930\u0924\u0947 \u0939\u0948\u0902 \u0914\u0930 \u092c\u093e\u091c\u093e\u0930 \u092e\u0947\u0902 \u0938\u0915\u094d\u0930\u093f\u092f \u0930\u0942\u092a \u0938\u0947 \u092d\u093e\u0917 \u0932\u0947\u0928\u0947 \u0915\u0947 \u0928\u090f \u0924\u0930\u0940\u0915\u0947 \u0916\u094b\u0932\u0924\u0947 \u0939\u0948\u0902\u0964.<\/p>","protected":false},"excerpt":{"rendered":"<p>Die Demokratisierung des aktiven Investierens Wikifolios haben die Art ver\u00e4ndert, wie Menschen investieren. Sie verbinden die Transparenz digitaler Plattformen mit der Expertise aktiver Trader und erm\u00f6glichen es Anlegern, professionelle oder private Handelsstrategien 1:1 nachzubilden. Damit entsteht ein v\u00f6llig neues \u00d6kosystem zwischen klassischem Fondsmanagement und Social Trading. \ud83c\udf0d 1. Was Wikifolios eigentlich sind \ud83e\udde9 Digitale Musterdepots [&hellip;]<\/p>\n","protected":false},"author":1,"featured_media":0,"parent":0,"menu_order":0,"comment_status":"closed","ping_status":"closed","template":"","meta":{"pmpro_default_level":"","_monsterinsights_skip_tracking":false,"_monsterinsights_sitenote_active":false,"_monsterinsights_sitenote_note":"","_monsterinsights_sitenote_category":0,"footnotes":""},"class_list":["post-2875","page","type-page","status-publish","hentry","pmpro-has-access"],"aioseo_notices":[],"_links":{"self":[{"href":"https:\/\/mueckinvest.com\/hi\/wp-json\/wp\/v2\/pages\/2875","targetHints":{"allow":["GET"]}}],"collection":[{"href":"https:\/\/mueckinvest.com\/hi\/wp-json\/wp\/v2\/pages"}],"about":[{"href":"https:\/\/mueckinvest.com\/hi\/wp-json\/wp\/v2\/types\/page"}],"author":[{"embeddable":true,"href":"https:\/\/mueckinvest.com\/hi\/wp-json\/wp\/v2\/users\/1"}],"replies":[{"embeddable":true,"href":"https:\/\/mueckinvest.com\/hi\/wp-json\/wp\/v2\/comments?post=2875"}],"version-history":[{"count":3,"href":"https:\/\/mueckinvest.com\/hi\/wp-json\/wp\/v2\/pages\/2875\/revisions"}],"predecessor-version":[{"id":3529,"href":"https:\/\/mueckinvest.com\/hi\/wp-json\/wp\/v2\/pages\/2875\/revisions\/3529"}],"wp:attachment":[{"href":"https:\/\/mueckinvest.com\/hi\/wp-json\/wp\/v2\/media?parent=2875"}],"curies":[{"name":"wp","href":"https:\/\/api.w.org\/{rel}","templated":true}]}}