{"id":2435,"date":"2026-01-09T07:13:49","date_gmt":"2026-01-09T06:13:49","guid":{"rendered":"https:\/\/mueckinvest.de\/?page_id=2435"},"modified":"2026-02-04T10:00:00","modified_gmt":"2026-02-04T09:00:00","slug":"mueckinvest-%e0%a4%95%e0%a4%be-%e0%a4%b8%e0%a4%ae%e0%a4%b0%e0%a5%8d%e0%a4%a5%e0%a4%a8-%e0%a4%95%e0%a4%b0%e0%a5%87%e0%a4%82","status":"publish","type":"page","link":"https:\/\/mueckinvest.com\/hi\/unterstuetze-mueckinvest\/","title":{"rendered":"Mueckinvest \u0915\u093e \u0938\u092e\u0930\u094d\u0925\u0928 \u0915\u0930\u0947\u0902"},"content":{"rendered":"<p>Mueckinvest \u090f\u0915 \u0938\u094d\u0935\u0924\u0902\u0924\u094d\u0930, \u0935\u093f\u091c\u094d\u091e\u093e\u092a\u0928-\u092e\u0941\u0915\u094d\u0924 \u092a\u094d\u0932\u0947\u091f\u092b\u0949\u0930\u094d\u092e \u0939\u0948, \u091c\u093f\u0938\u0947 \u0906\u092a\u0915\u0947 \u0935\u093f\u0924\u094d\u0924 \u0915\u093e \u0938\u094d\u092a\u0937\u094d\u091f \u0905\u0935\u0932\u094b\u0915\u0928 \u092a\u094d\u0930\u0926\u093e\u0928 \u0915\u0930\u0928\u0947 \u0915\u0947 \u0932\u093f\u090f \u0921\u093f\u091c\u093c\u093e\u0907\u0928 \u0915\u093f\u092f\u093e \u0917\u092f\u093e \u0939\u0948\u0964 \u092f\u0926\u093f \u0906\u092a \u0907\u0938 \u092e\u0942\u0932 \u0905\u0935\u0927\u093e\u0930\u0923\u093e \u0915\u094b \u092e\u0939\u0924\u094d\u0935 \u0926\u0947\u0924\u0947 \u0939\u0948\u0902, \u0924\u094b \u0906\u092a \u090f\u0915\u092e\u0941\u0936\u094d\u0924 \u092f\u093e \u092e\u093e\u0938\u093f\u0915 \u092f\u094b\u0917\u0926\u093e\u0928 \u0915\u0947 \u092e\u093e\u0927\u094d\u092f\u092e \u0938\u0947 \u0907\u0938\u0915\u0947 \u0935\u093f\u0915\u093e\u0938 \u092e\u0947\u0902 \u0938\u094d\u0935\u0947\u091a\u094d\u091b\u093e \u0938\u0947 \u0938\u0939\u092f\u094b\u0917 \u0915\u0930 \u0938\u0915\u0924\u0947 \u0939\u0948\u0902\u0964.<\/p>\n\n\n\n<div style=\"height:20px\" aria-hidden=\"true\" class=\"wp-block-spacer\"><\/div>\n\n\n\n<hr class=\"wp-block-separator has-alpha-channel-opacity\"\/>\n\n\n\n<div style=\"height:20px\" aria-hidden=\"true\" class=\"wp-block-spacer\"><\/div>\n\n\n\n<h2 class=\"wp-block-heading\">\u0938\u0939\u093e\u092f\u0924\u093e \u0935\u093f\u0915\u0932\u094d\u092a \u0915\u094d\u092f\u094b\u0902 \u0909\u092a\u0932\u092c\u094d\u0927 \u0939\u0948\u0902?<\/h2>\n\n\n\n<p>\u0921\u0947\u091f\u093e \u0915\u093e \u0935\u093f\u091c\u094d\u091e\u093e\u092a\u0928 \u0915\u0930\u0928\u0947 \u092f\u093e \u092c\u0947\u091a\u0928\u0947 \u0915\u0947 \u092c\u091c\u093e\u092f, \u092e\u094d\u092f\u0942\u0915\u0907\u0928\u094d\u0935\u0947\u0938\u094d\u091f \u090f\u0915 \u0938\u0930\u0932 \u092e\u0949\u0921\u0932 \u092a\u0930 \u0928\u093f\u0930\u094d\u092d\u0930 \u0915\u0930\u0924\u093e \u0939\u0948:<br>\u091c\u094b \u0932\u094b\u0917 \u0907\u0938 \u092a\u094d\u0932\u0947\u091f\u092b\u0949\u0930\u094d\u092e \u0915\u093e \u0909\u092a\u092f\u094b\u0917 \u0915\u0930\u0928\u0947 \u0915\u093e \u0906\u0928\u0902\u0926 \u0932\u0947\u0924\u0947 \u0939\u0948\u0902 \u0914\u0930 \u0907\u0938\u0947 \u0935\u0939\u0928 \u0915\u0930\u0928\u0947 \u092e\u0947\u0902 \u0938\u0915\u094d\u0937\u092e \u0939\u0948\u0902, \u0935\u0947 \u0938\u094d\u0935\u0947\u091a\u094d\u091b\u093e \u0938\u0947 \u0907\u0938\u0915\u093e \u0938\u092e\u0930\u094d\u0925\u0928 \u0915\u0930\u0928\u0947 \u0915\u0947 \u0932\u093f\u090f \u0938\u094d\u0935\u093e\u0917\u0924 \u0939\u0948\u0902\u0964.<br>\u0907\u0938\u0938\u0947 \u092f\u0939 \u0938\u0941\u0928\u093f\u0936\u094d\u091a\u093f\u0924 \u0939\u094b\u0924\u093e \u0939\u0948 \u0915\u093f \u092e\u094d\u092f\u0942\u0915\u0907\u0928\u094d\u0935\u0947\u0938\u094d\u091f \u0926\u0940\u0930\u094d\u0918\u0915\u093e\u0932\u093f\u0915 \u0930\u0942\u092a \u0938\u0947 \u0938\u094d\u0935\u0924\u0902\u0924\u094d\u0930, \u092a\u093e\u0930\u0926\u0930\u094d\u0936\u0940 \u0914\u0930 \u0938\u094d\u0925\u093f\u0930 \u092c\u0928\u093e \u0930\u0939\u0947\u0964.<\/p>\n\n\n\n<div style=\"height:20px\" aria-hidden=\"true\" class=\"wp-block-spacer\"><\/div>\n\n\n\n<hr class=\"wp-block-separator has-alpha-channel-opacity\"\/>\n\n\n\n<div style=\"height:20px\" aria-hidden=\"true\" class=\"wp-block-spacer\"><\/div>\n\n\n\n<h2 class=\"wp-block-heading\">\u092e\u093e\u0938\u093f\u0915 \u0938\u0939\u093e\u092f\u0924\u093e<\/h2>\n\n\n\n<p>\u0906\u092a\u0915\u093e \u092e\u093e\u0938\u093f\u0915 \u092f\u094b\u0917\u0926\u093e\u0928 \u0938\u0930\u094d\u0935\u0930 \u0932\u093e\u0917\u0924, \u0906\u0917\u0947 \u0915\u0947 \u0935\u093f\u0915\u093e\u0938 \u0914\u0930 \u0928\u0908 \u0938\u0941\u0935\u093f\u0927\u093e\u0913\u0902 \u0915\u0947 \u0932\u093f\u090f \u0927\u0928 \u091c\u0941\u091f\u093e\u0928\u0947 \u092e\u0947\u0902 \u0938\u0939\u093e\u092f\u0915 \u0939\u094b\u0924\u093e \u0939\u0948\u0964 \u092d\u0941\u0917\u0924\u093e\u0928 PayPal \u0915\u0947 \u092e\u093e\u0927\u094d\u092f\u092e \u0938\u0947 \u0938\u094d\u0935\u091a\u093e\u0932\u093f\u0924 \u0930\u0942\u092a \u0938\u0947 \u0938\u0902\u0938\u093e\u0927\u093f\u0924 \u0915\u093f\u092f\u093e \u091c\u093e\u0924\u093e \u0939\u0948 \u0914\u0930 \u0907\u0938\u0947 \u0915\u093f\u0938\u0940 \u092d\u0940 \u0938\u092e\u092f \u0930\u0926\u094d\u0926 \u0915\u093f\u092f\u093e \u091c\u093e \u0938\u0915\u0924\u093e \u0939\u0948\u0964.<\/p>\n\n\n\n<div class=\"wp-block-columns is-layout-flex wp-container-core-columns-is-layout-28f84493 wp-block-columns-is-layout-flex\">\n<div class=\"wp-block-column is-layout-flow wp-block-column-is-layout-flow\" style=\"flex-basis:66.66%\">\n<p><strong>\u0938\u092e\u0930\u094d\u0925\u0915 \u2013 \u20ac2\/\u092e\u093e\u0939<\/strong><\/p>\n\n\n\n<p>\u0907\u0938\u0938\u0947 \u092e\u094d\u092f\u0942\u0915\u0907\u0928\u094d\u0935\u0947\u0938\u094d\u091f \u0915\u094b \u0938\u094d\u0935\u0924\u0902\u0924\u094d\u0930 \u0914\u0930 \u0935\u093f\u091c\u094d\u091e\u093e\u092a\u0928 \u092e\u0941\u0915\u094d\u0924 \u0930\u0916\u0928\u0947 \u092e\u0947\u0902 \u092e\u0926\u0926 \u092e\u093f\u0932\u0924\u0940 \u0939\u0948\u0964.<\/p>\n<\/div>\n\n\n\n<div class=\"wp-block-column is-layout-flow wp-block-column-is-layout-flow\" style=\"flex-basis:33.33%\">\n<div class=\"wp-block-buttons is-layout-flex wp-block-buttons-is-layout-flex\">\n<div class=\"wp-block-button\"><a class=\"wp-block-button__link wp-element-button\" href=\"https:\/\/buy.stripe.com\/00wfZa8Jo8Krfw13ZZ6Na03\">\u0938\u092e\u0930\u094d\u0925\u0915 \u092c\u0928\u0947\u0902<\/a><\/div>\n<\/div>\n<\/div>\n<\/div>\n\n\n\n<div class=\"wp-block-columns is-layout-flex wp-container-core-columns-is-layout-28f84493 wp-block-columns-is-layout-flex\">\n<div class=\"wp-block-column is-layout-flow wp-block-column-is-layout-flow\" style=\"flex-basis:66.66%\">\n<p><strong>\u092a\u094d\u0930\u0940\u092e\u093f\u092f\u092e \u0938\u092e\u0930\u094d\u0925\u0915 \u2013 \u20ac5\/\u092e\u093e\u0939<\/strong><\/p>\n\n\n\n<p>\u0906\u0917\u0947 \u0915\u0947 \u0935\u093f\u0915\u093e\u0938, \u0939\u094b\u0938\u094d\u091f\u093f\u0902\u0917 \u0914\u0930 \u0928\u0908 \u0938\u0941\u0935\u093f\u0927\u093e\u0913\u0902 \u0915\u093e \u0938\u092e\u0930\u094d\u0925\u0928 \u0915\u0930\u0924\u093e \u0939\u0948<\/p>\n<\/div>\n\n\n\n<div class=\"wp-block-column is-layout-flow wp-block-column-is-layout-flow\" style=\"flex-basis:33.33%\">\n<div class=\"wp-block-buttons is-layout-flex wp-block-buttons-is-layout-flex\">\n<div class=\"wp-block-button\"><a class=\"wp-block-button__link wp-element-button\" href=\"https:\/\/buy.stripe.com\/14A5kw3p4e4L6Zv7cb6Na04\">\u092a\u094d\u0930\u0940\u092e\u093f\u092f\u092e \u0938\u092e\u0930\u094d\u0925\u0915 \u092c\u0928\u0947\u0902<\/a><\/div>\n<\/div>\n<\/div>\n<\/div>\n\n\n\n<div class=\"wp-block-columns is-layout-flex wp-container-core-columns-is-layout-28f84493 wp-block-columns-is-layout-flex\">\n<div class=\"wp-block-column is-layout-flow wp-block-column-is-layout-flow\" style=\"flex-basis:66.66%\">\n<p><strong>\u0928\u093f\u0935\u0947\u0936\u0915 \u0938\u092e\u0930\u094d\u0925\u0915 \u2013 \u20ac10 \u092a\u094d\u0930\u0924\u093f \u092e\u093e\u0939<\/strong><\/p>\n\n\n\n<p>Mueckinvest \u0915\u0947 \u092d\u0935\u093f\u0937\u094d\u092f \u092e\u0947\u0902 \u0938\u0915\u094d\u0930\u093f\u092f \u0930\u0942\u092a \u0938\u0947 \u092f\u094b\u0917\u0926\u093e\u0928 \u0926\u0947\u0902\u0964.<\/p>\n<\/div>\n\n\n\n<div class=\"wp-block-column is-layout-flow wp-block-column-is-layout-flow\" style=\"flex-basis:33.33%\">\n<div class=\"wp-block-buttons is-layout-flex wp-block-buttons-is-layout-flex\">\n<div class=\"wp-block-button\"><a class=\"wp-block-button__link wp-element-button\" href=\"https:\/\/buy.stripe.com\/00w00c5xc1hZ97D9kj6Na05\">\u0928\u093f\u0935\u0947\u0936\u0915 \u0938\u092e\u0930\u094d\u0925\u0915 \u092c\u0928\u0947\u0902<\/a><\/div>\n<\/div>\n<\/div>\n<\/div>\n\n\n\n<div style=\"height:20px\" aria-hidden=\"true\" class=\"wp-block-spacer\"><\/div>\n\n\n\n<hr class=\"wp-block-separator has-alpha-channel-opacity\"\/>\n\n\n\n<div style=\"height:20px\" aria-hidden=\"true\" class=\"wp-block-spacer\"><\/div>\n\n\n\n<h2 class=\"wp-block-heading\">\u090f\u0915 \u092c\u093e\u0930 \u0915\u093e \u0938\u092e\u0930\u094d\u0925\u0928<\/h2>\n\n\n\n<div class=\"wp-block-columns is-layout-flex wp-container-core-columns-is-layout-28f84493 wp-block-columns-is-layout-flex\">\n<div class=\"wp-block-column is-layout-flow wp-block-column-is-layout-flow\" style=\"flex-basis:66.66%\">\n<p>\u092f\u0926\u093f \u0906\u092a \u0938\u0926\u0938\u094d\u092f\u0924\u093e \u0928\u0939\u0940\u0902 \u0932\u0947\u0928\u093e \u091a\u093e\u0939\u0924\u0947 \u0939\u0948\u0902, \u0924\u094b \u0906\u092a \u090f\u0915\u092e\u0941\u0936\u094d\u0924 \u0926\u093e\u0928 \u0926\u0947\u0915\u0930 \u092d\u0940 Mueckinvest \u0915\u093e \u0938\u092e\u0930\u094d\u0925\u0928 \u0915\u0930 \u0938\u0915\u0924\u0947 \u0939\u0948\u0902\u0964 \u0906\u092a \u0930\u093e\u0936\u093f \u0905\u092a\u0928\u0940 \u0907\u091a\u094d\u091b\u093e\u0928\u0941\u0938\u093e\u0930 \u0924\u092f \u0915\u0930 \u0938\u0915\u0924\u0947 \u0939\u0948\u0902\u0964.<\/p>\n<\/div>\n\n\n\n<div class=\"wp-block-column is-layout-flow wp-block-column-is-layout-flow\" style=\"flex-basis:33.33%\">\n<div class=\"wp-block-buttons is-layout-flex wp-block-buttons-is-layout-flex\">\n<div class=\"wp-block-button\"><a class=\"wp-block-button__link wp-element-button\" href=\"https:\/\/buy.stripe.com\/fZu4gsbVA0dV3Nj7cb6Na06\">\u090f\u0915 \u092c\u093e\u0930 \u0915\u093e \u0938\u092e\u0930\u094d\u0925\u0928<\/a><\/div>\n<\/div>\n<\/div>\n<\/div>\n\n\n\n<div style=\"height:20px\" aria-hidden=\"true\" class=\"wp-block-spacer\"><\/div>\n\n\n\n<hr class=\"wp-block-separator has-alpha-channel-opacity\"\/>\n\n\n\n<div style=\"height:20px\" aria-hidden=\"true\" class=\"wp-block-spacer\"><\/div>\n\n\n\n<h2 class=\"wp-block-heading\">\u092a\u093e\u0930\u0926\u0930\u094d\u0936\u093f\u0924\u093e \u0914\u0930 \u0938\u092e\u093e\u092a\u094d\u0924\u093f<\/h2>\n\n\n\n<p>\u0906\u092a\u0915\u093e \u0938\u0939\u092f\u094b\u0917 \u0938\u094d\u0935\u0948\u091a\u094d\u091b\u093f\u0915 \u0939\u0948 \u0914\u0930 \u0907\u0938\u0947 \u0915\u093f\u0938\u0940 \u092d\u0940 \u0938\u092e\u092f \u0930\u0926\u094d\u0926 \u0915\u093f\u092f\u093e \u091c\u093e \u0938\u0915\u0924\u093e \u0939\u0948\u0964.<br>\u0906\u092a \u0905\u092a\u0928\u0947 PayPal \u0916\u093e\u0924\u0947 \u092e\u0947\u0902 \u0938\u0940\u0927\u0947 \u092e\u093e\u0938\u093f\u0915 \u0938\u0926\u0938\u094d\u092f\u0924\u093e \u0930\u0926\u094d\u0926 \u0915\u0930 \u0938\u0915\u0924\u0947 \u0939\u0948\u0902\u0964.<br>\u0907\u0938\u092e\u0947\u0902 \u0915\u094b\u0908 \u091b\u093f\u092a\u0940 \u0939\u0941\u0908 \u0936\u0930\u094d\u0924\u0947\u0902 \u0928\u0939\u0940\u0902 \u0939\u0948\u0902 \u2013 \u0906\u092a\u0915\u093e \u092f\u094b\u0917\u0926\u093e\u0928 \u0909\u0938 \u092a\u094d\u0932\u0947\u091f\u092b\u0949\u0930\u094d\u092e \u0915\u0947 \u092a\u094d\u0930\u0924\u093f \u0906\u092d\u093e\u0930 \u0935\u094d\u092f\u0915\u094d\u0924 \u0915\u0930\u0928\u0947 \u0915\u093e \u090f\u0915 \u0924\u0930\u0940\u0915\u093e \u0939\u0948 \u091c\u094b \u0906\u092a\u0915\u094b \u0935\u093e\u0938\u094d\u0924\u0935\u093f\u0915 \u0905\u0924\u093f\u0930\u093f\u0915\u094d\u0924 \u092e\u0942\u0932\u094d\u092f \u092a\u094d\u0930\u0926\u093e\u0928 \u0915\u0930\u0924\u093e \u0939\u0948\u0964.<\/p>","protected":false},"excerpt":{"rendered":"<p>Mueckinvest ist unabh\u00e4ngig, werbefrei und darauf ausgelegt, Ihnen einen klaren \u00dcberblick \u00fcber Ihre Finanzen zu geben. Wenn Sie die Idee dahinter wertvoll finden, k\u00f6nnen Sie die Weiterentwicklung freiwillig unterst\u00fctzen \u2013 einmalig oder monatlich. Warum gibt es Unterst\u00fctzungsm\u00f6glichkeiten? Statt Werbung oder Datenverkauf setzt Mueckinvest auf ein einfaches Modell:Wer die Plattform gerne nutzt und sich das leisten [&hellip;]<\/p>\n","protected":false},"author":1,"featured_media":0,"parent":0,"menu_order":0,"comment_status":"closed","ping_status":"closed","template":"page-no-sidebar","meta":{"pmpro_default_level":"","_monsterinsights_skip_tracking":false,"_monsterinsights_sitenote_active":false,"_monsterinsights_sitenote_note":"","_monsterinsights_sitenote_category":0,"footnotes":""},"class_list":["post-2435","page","type-page","status-publish","hentry","pmpro-has-access"],"aioseo_notices":[],"_links":{"self":[{"href":"https:\/\/mueckinvest.com\/hi\/wp-json\/wp\/v2\/pages\/2435","targetHints":{"allow":["GET"]}}],"collection":[{"href":"https:\/\/mueckinvest.com\/hi\/wp-json\/wp\/v2\/pages"}],"about":[{"href":"https:\/\/mueckinvest.com\/hi\/wp-json\/wp\/v2\/types\/page"}],"author":[{"embeddable":true,"href":"https:\/\/mueckinvest.com\/hi\/wp-json\/wp\/v2\/users\/1"}],"replies":[{"embeddable":true,"href":"https:\/\/mueckinvest.com\/hi\/wp-json\/wp\/v2\/comments?post=2435"}],"version-history":[{"count":9,"href":"https:\/\/mueckinvest.com\/hi\/wp-json\/wp\/v2\/pages\/2435\/revisions"}],"predecessor-version":[{"id":3538,"href":"https:\/\/mueckinvest.com\/hi\/wp-json\/wp\/v2\/pages\/2435\/revisions\/3538"}],"wp:attachment":[{"href":"https:\/\/mueckinvest.com\/hi\/wp-json\/wp\/v2\/media?parent=2435"}],"curies":[{"name":"wp","href":"https:\/\/api.w.org\/{rel}","templated":true}]}}