{"id":1134,"date":"2025-11-12T09:16:37","date_gmt":"2025-11-12T09:16:37","guid":{"rendered":"https:\/\/mueckinvest.de\/?page_id=1134"},"modified":"2026-03-18T15:18:00","modified_gmt":"2026-03-18T14:18:00","slug":"%e0%a4%ae%e0%a5%8d%e0%a4%af%e0%a5%82%e0%a4%95%e0%a4%87%e0%a4%a8%e0%a5%8d%e0%a4%b5%e0%a5%87%e0%a4%b8%e0%a5%8d%e0%a4%9f-%e0%a4%95%e0%a5%87-%e0%a4%a8%e0%a4%bf%e0%a4%b0%e0%a5%8d%e0%a4%ae%e0%a4%be%e0%a4%a3-2","status":"publish","type":"page","link":"https:\/\/mueckinvest.com\/hi\/hintergrund-zur-entstehung-von-mueckinvest\/","title":{"rendered":"\u092a\u0930\u093f\u0915\u0932\u094d\u092a\u0928\u093e \u0938\u0947 \u0932\u0947\u0915\u0930 \u0915\u093e\u0930\u094d\u092f\u093e\u0928\u094d\u0935\u092f\u0928 \u0924\u0915"},"content":{"rendered":"<p>Mueckinvest \u0915\u0940 \u0938\u094d\u0925\u093e\u092a\u0928\u093e \u090f\u0915 \u0938\u094d\u092a\u0937\u094d\u091f \u0909\u0926\u094d\u0926\u0947\u0936\u094d\u092f \u0915\u0947 \u0938\u093e\u0925 \u0915\u0940 \u0917\u0908 \u0925\u0940: \u0928\u093f\u0935\u0947\u0936\u0915\u094b\u0902 \u0915\u094b \u0935\u0948\u0936\u094d\u0935\u093f\u0915 \u092c\u093e\u091c\u093e\u0930 \u0924\u0915 \u092a\u0939\u0941\u0901\u091a\u0928\u0947 \u0915\u093e \u090f\u0915 \u0938\u0930\u0932 \u0924\u0930\u0940\u0915\u093e \u092a\u094d\u0930\u0926\u093e\u0928 \u0915\u0930\u0928\u093e\u0964 <strong>\u090f\u0915\u0932 \u092a\u094b\u0930\u094d\u091f\u092b\u094b\u0932\u093f\u092f\u094b \u0938\u094d\u0925\u093f\u0924\u093f<\/strong> \u092a\u094d\u0930\u0924\u093f\u0928\u093f\u0927\u093f\u0924\u094d\u0935 \u0915\u0930\u0928\u0947 \u0915\u0947 \u0932\u093f\u090f\u0964 \u092a\u093e\u0930\u0902\u092a\u0930\u093f\u0915 \u0930\u0923\u0928\u0940\u0924\u093f\u092f\u094b\u0902 \u092e\u0947\u0902 \u0905\u0915\u094d\u0938\u0930 \u0915\u0908 \u0935\u094d\u092f\u0915\u094d\u0924\u093f\u0917\u0924 \u0938\u094d\u091f\u0949\u0915 \u092f\u093e \u092b\u0902\u0921 \u0936\u093e\u092e\u093f\u0932 \u0939\u094b\u0924\u0947 \u0939\u0948\u0902 - \u091c\u093f\u0928\u0915\u093e \u092a\u094d\u0930\u092c\u0902\u0927\u0928 \u0915\u0930\u0928\u093e \u091c\u091f\u093f\u0932 \u0939\u094b\u0924\u093e \u0939\u0948 \u0914\u0930 \u0909\u0928\u092e\u0947\u0902 \u0905\u0927\u093f\u0915 \u092f\u093e \u0915\u092e \u092d\u093e\u0930 \u0939\u094b\u0928\u0947 \u0915\u0940 \u0938\u0902\u092d\u093e\u0935\u0928\u093e \u0939\u094b\u0924\u0940 \u0939\u0948\u0964.<\/p>\n\n\n\n<p>\u0907\u0938\u0932\u093f\u090f \u092e\u0947\u0930\u093e \u0926\u0943\u0937\u094d\u091f\u093f\u0915\u094b\u0923 \u090f\u0915 \u0938\u094d\u092a\u0937\u094d\u091f \u0932\u0915\u094d\u0937\u094d\u092f \u0915\u0940 \u0913\u0930 \u0905\u0917\u094d\u0930\u0938\u0930 \u0939\u0948: <strong>\u090f\u0915 \u0939\u0940 \u0938\u094d\u0925\u093e\u0928 \u092a\u0930 \u0938\u0902\u0930\u091a\u093f\u0924, \u0935\u0948\u0936\u094d\u0935\u093f\u0915 \u0938\u094d\u0924\u0930 \u092a\u0930 \u0935\u093f\u0935\u093f\u0927 \u092a\u094b\u0930\u094d\u091f\u092b\u094b\u0932\u093f\u092f\u094b<\/strong>, \u0938\u094d\u092a\u0937\u094d\u091f \u0930\u0942\u092a \u0938\u0947 \u092a\u094d\u0930\u0938\u094d\u0924\u0941\u0924 \u0935\u093f\u0924\u094d\u0924\u0940\u092f \u091c\u094d\u091e\u093e\u0928 \u0926\u094d\u0935\u093e\u0930\u093e \u092a\u0942\u0930\u0915, \u091c\u094b \u0905\u0902\u0924\u0930\u094d\u0928\u093f\u0939\u093f\u0924 \u0938\u093f\u0926\u094d\u0927\u093e\u0902\u0924\u094b\u0902 \u0915\u094b \u0938\u092e\u091d\u0928\u0947 \u092f\u094b\u0917\u094d\u092f \u092c\u0928\u093e\u0924\u093e \u0939\u0948\u0964.<\/p>\n\n\n\n<p>\u0907\u0938\u092e\u0947\u0902 \u0926\u094b \u092a\u094d\u0930\u092e\u0941\u0916 \u0918\u091f\u0915 \u0936\u093e\u092e\u093f\u0932 \u0939\u0948\u0902:<\/p>\n\n\n\n<ul class=\"wp-block-list\">\n<li><strong>\u0928\u093f\u092f\u092e-\u0906\u0927\u093e\u0930\u093f\u0924 \u0935\u093f\u0915\u093f\u092b\u094b\u0932\u093f\u092f\u094b \u0930\u0923\u0928\u0940\u0924\u093f\u092f\u093e\u0901<\/strong>, \u091c\u094b \u0935\u093f\u0935\u093f\u0927\u0940\u0915\u0930\u0923, \u0938\u0902\u0930\u091a\u0928\u093e \u0914\u0930 \u091c\u094b\u0916\u093f\u092e \u092a\u094d\u0930\u092c\u0902\u0927\u0928 \u0915\u094b \u0938\u0902\u092f\u094b\u091c\u093f\u0924 \u0915\u0930\u0924\u0947 \u0939\u0948\u0902<\/li>\n\n\n\n<li><strong>\u0935\u093f\u0936\u093f\u0937\u094d\u091f \u0935\u093f\u0937\u092f\u094b\u0902 \u0914\u0930 \u0935\u093f\u0924\u094d\u0924\u0940\u092f \u091c\u094d\u091e\u093e\u0928 \u0915\u093e \u0917\u0939\u0928 \u0905\u0927\u094d\u092f\u092f\u0928<\/strong>, \u092f\u0947 \u0932\u0947\u0916 \u092c\u0924\u093e\u0924\u0947 \u0939\u0948\u0902 \u0915\u093f \u092c\u093e\u091c\u093e\u0930 \u0915\u0948\u0938\u0947 \u0915\u093e\u092e \u0915\u0930\u0924\u0947 \u0939\u0948\u0902, \u0915\u094c\u0928 \u0938\u0947 \u0915\u093e\u0930\u0915 \u0909\u0928\u094d\u0939\u0947\u0902 \u092a\u094d\u0930\u092d\u093e\u0935\u093f\u0924 \u0915\u0930\u0924\u0947 \u0939\u0948\u0902 \u0914\u0930 \u0915\u094c\u0928 \u0938\u0947 \u0935\u093f\u0937\u092f \u0926\u0940\u0930\u094d\u0918\u0915\u093e\u0932\u093f\u0915 \u0930\u0942\u092a \u0938\u0947 \u092a\u094d\u0930\u093e\u0938\u0902\u0917\u093f\u0915 \u0939\u0948\u0902\u0964<\/li>\n<\/ul>\n\n\n\n<p>\u0907\u0928 \u0917\u0939\u0928 \u0935\u093f\u0936\u094d\u0932\u0947\u0937\u0923\u094b\u0902 \u0938\u0947 \u092a\u094d\u0930\u092e\u0941\u0916 \u0928\u093f\u0935\u0947\u0936 \u0935\u093f\u0937\u092f\u094b\u0902, \u092c\u093e\u091c\u093e\u0930 \u0924\u0902\u0924\u094d\u0930\u094b\u0902 \u0914\u0930 \u0935\u0948\u091c\u094d\u091e\u093e\u0928\u093f\u0915 \u0928\u093f\u0937\u094d\u0915\u0930\u094d\u0937\u094b\u0902 \u0915\u094b \u0938\u0902\u0915\u094d\u0937\u093f\u092a\u094d\u0924, \u0938\u0941\u0917\u092e \u0914\u0930 \u0938\u0940\u0927\u0947 \u0924\u094c\u0930 \u092a\u0930 \u0932\u093e\u0917\u0942 \u0915\u0930\u0928\u0947 \u092f\u094b\u0917\u094d\u092f \u0924\u0930\u0940\u0915\u0947 \u0938\u0947 \u0938\u094d\u092a\u0937\u094d\u091f \u0915\u093f\u092f\u093e \u0917\u092f\u093e \u0939\u0948\u0964 \u092f\u0947 \u0928\u093f\u0935\u0947\u0936\u0915\u094b\u0902 \u0915\u094b \u0906\u092a\u0938\u0940 \u0938\u0902\u092c\u0902\u0927 \u092a\u0939\u091a\u093e\u0928\u0928\u0947, \u0928\u093f\u0930\u094d\u0923\u092f\u094b\u0902 \u0915\u094b \u0938\u0902\u0926\u0930\u094d\u092d \u092e\u0947\u0902 \u0938\u092e\u091d\u0928\u0947 \u0914\u0930 \u0930\u0923\u0928\u0940\u0924\u093f\u092f\u094b\u0902 \u0915\u094b \u092c\u0947\u0939\u0924\u0930 \u0922\u0902\u0917 \u0938\u0947 \u091c\u093e\u0928\u0928\u0947 \u092e\u0947\u0902 \u092e\u0926\u0926 \u0915\u0930\u0924\u0947 \u0939\u0948\u0902\u0964.<\/p>\n\n\n\n<p>\u0935\u093f\u0915\u093f\u092b\u094b\u0932\u093f\u092f\u094b \u091b\u093e\u0924\u0947 \u0915\u0947 \u0938\u093e\u0925 <strong>\u0935\u0948\u0936\u094d\u0935\u093f\u0915 \u092a\u0930\u0924\u0947\u0902<\/strong> \u0935\u0948\u0936\u094d\u0935\u093f\u0915 \u092c\u093e\u091c\u093e\u0930 \u092a\u094b\u0930\u094d\u091f\u092b\u094b\u0932\u093f\u092f\u094b \u0915\u093e \u0932\u0915\u094d\u0937\u094d\u092f \u090f\u0915 \u0939\u0940 \u0938\u094d\u0925\u093f\u0924\u093f \u092e\u0947\u0902 \u0932\u0917\u093e\u0924\u093e\u0930 \u0932\u093e\u0917\u0942 \u0915\u093f\u092f\u093e \u0917\u092f\u093e\u0964 \u090f\u0915 \u0905\u0927\u093f\u0915 \u0938\u0902\u0915\u094d\u0937\u093f\u092a\u094d\u0924 \u0935\u093f\u0915\u0932\u094d\u092a \u0915\u0947 \u0930\u0942\u092a \u092e\u0947\u0902, \u0915\u094b\u0930 \u0935\u093f\u0915\u093f\u092b\u094b\u0932\u093f\u092f\u094b \u0909\u092a\u0932\u092c\u094d\u0927 \u0939\u0948\u0964 <strong>\u0935\u0948\u0936\u094d\u0935\u093f\u0915 \u0938\u094d\u0924\u0930 \u092a\u0930 \u0938\u094d\u092e\u093e\u0930\u094d\u091f \u0928\u093f\u0935\u0947\u0936<\/strong> \u090f\u0915 \u092a\u094d\u0930\u0915\u093e\u0930 \u0915\u0940 &quot;\u0917\u094d\u0932\u094b\u092c\u0932 \u0932\u0947\u092f\u0930\u094d\u0938 \u0932\u093e\u0907\u091f&quot;\u0964.<\/p>\n\n\n\n<p>\u0907\u0938\u0932\u093f\u090f, Mueckinvest \u0915\u093e \u0909\u0926\u094d\u0926\u0947\u0936\u094d\u092f \u0905\u0928\u0941\u092d\u0935\u0940 \u0928\u093f\u0935\u0947\u0936\u0915\u094b\u0902 \u0915\u094b \u092e\u094c\u091c\u0942\u0926\u093e \u092a\u094b\u0930\u094d\u091f\u092b\u094b\u0932\u093f\u092f\u094b \u092e\u0947\u0902 \u090f\u0915 \u0915\u0941\u0936\u0932 \u0935\u0943\u0926\u094d\u0927\u093f \u0915\u0940 \u0924\u0932\u093e\u0936 \u0915\u0930\u0928\u0947 \u0914\u0930 \u0909\u0928 \u0928\u094c\u0938\u093f\u0916\u093f\u092f\u094b\u0902 \u0915\u094b \u0932\u0915\u094d\u0937\u093f\u0924 \u0915\u0930\u0928\u093e \u0939\u0948 \u091c\u094b \u090f\u0915 \u0939\u0940 \u0928\u093f\u0935\u0947\u0936 \u0915\u0947 \u0938\u093e\u0925 \u0935\u094d\u092f\u093e\u092a\u0915 \u0930\u0942\u092a \u0938\u0947 \u0935\u093f\u0935\u093f\u0927 \u092c\u093e\u091c\u093e\u0930 \u092a\u094b\u0930\u094d\u091f\u092b\u094b\u0932\u093f\u092f\u094b \u0924\u0915 \u092a\u0939\u0941\u0902\u091a \u091a\u093e\u0939\u0924\u0947 \u0939\u0948\u0902 - \u0914\u0930 \u0938\u093e\u0925 \u0939\u0940 \u0907\u0938\u0947 \u0938\u092e\u091d\u0928\u0947 \u0915\u0947 \u0932\u093f\u090f \u091c\u094d\u091e\u093e\u0928 \u092d\u0940 \u092a\u094d\u0930\u093e\u092a\u094d\u0924 \u0915\u0930\u0928\u093e \u091a\u093e\u0939\u0924\u0947 \u0939\u0948\u0902\u0964.<\/p>\n\n\n\n<div style=\"height:100px\" aria-hidden=\"true\" class=\"wp-block-spacer\"><\/div>\n\n\n\n<p>\u0915\u0943\u092a\u092f\u093e \u0927\u094d\u092f\u093e\u0928 \u0926\u0947\u0902: \u0935\u093f\u0915\u093f\u092b\u094b\u0932\u093f\u092f\u094b \u092e\u0947\u0902 \u0928\u093f\u0935\u0947\u0936 \u091c\u094b\u0916\u093f\u092e \u092d\u0930\u093e \u0939\u0948\u0964 \u092a\u093f\u091b\u0932\u093e \u092a\u094d\u0930\u0926\u0930\u094d\u0936\u0928 \u092d\u0935\u093f\u0937\u094d\u092f \u0915\u0947 \u092a\u0930\u093f\u0923\u093e\u092e\u094b\u0902 \u0915\u093e \u0935\u093f\u0936\u094d\u0935\u0938\u0928\u0940\u092f \u0938\u0902\u0915\u0947\u0924\u0915 \u0928\u0939\u0940\u0902 \u0939\u0948\u0964 \u0935\u093f\u0935\u0930\u0923 \u0915\u0947 \u0932\u093f\u090f [\u0932\u093f\u0902\u0915\/\u0926\u0938\u094d\u0924\u093e\u0935\u0947\u091c\u093c\/\u0905\u0928\u0941\u092d\u093e\u0917] \u0926\u0947\u0916\u0947\u0902\u0964 <strong><a href=\"https:\/\/mueckinvest.com\/hi\/%e0%a4%9b%e0%a4%be%e0%a4%aa\/\" data-type=\"page\" data-id=\"2\">\u091b\u093e\u092a<\/a>.<\/strong><\/p>","protected":false},"excerpt":{"rendered":"<p>Mueckinvest entstand aus einem klaren Anspruch: Anlegern eine einfache M\u00f6glichkeit zu bieten, den globalen Markt in nur einer einzigen Depotposition abzubilden. Klassische Strategien bestehen oft aus vielen Einzelwerten oder Fonds \u2013 komplex in der Verwaltung und anf\u00e4llig f\u00fcr \u00dcber\u2011 oder Untergewichtungen. Mein Ansatz verfolgt deshalb ein eindeutiges Ziel: ein strukturiertes, global diversifiziertes Portfolio in einer [&hellip;]<\/p>\n","protected":false},"author":1,"featured_media":0,"parent":0,"menu_order":0,"comment_status":"closed","ping_status":"closed","template":"page-no-sidebar","meta":{"pmpro_default_level":"","_monsterinsights_skip_tracking":false,"_monsterinsights_sitenote_active":false,"_monsterinsights_sitenote_note":"","_monsterinsights_sitenote_category":0,"footnotes":""},"class_list":["post-1134","page","type-page","status-publish","hentry","pmpro-has-access"],"aioseo_notices":[],"_links":{"self":[{"href":"https:\/\/mueckinvest.com\/hi\/wp-json\/wp\/v2\/pages\/1134","targetHints":{"allow":["GET"]}}],"collection":[{"href":"https:\/\/mueckinvest.com\/hi\/wp-json\/wp\/v2\/pages"}],"about":[{"href":"https:\/\/mueckinvest.com\/hi\/wp-json\/wp\/v2\/types\/page"}],"author":[{"embeddable":true,"href":"https:\/\/mueckinvest.com\/hi\/wp-json\/wp\/v2\/users\/1"}],"replies":[{"embeddable":true,"href":"https:\/\/mueckinvest.com\/hi\/wp-json\/wp\/v2\/comments?post=1134"}],"version-history":[{"count":2,"href":"https:\/\/mueckinvest.com\/hi\/wp-json\/wp\/v2\/pages\/1134\/revisions"}],"predecessor-version":[{"id":4031,"href":"https:\/\/mueckinvest.com\/hi\/wp-json\/wp\/v2\/pages\/1134\/revisions\/4031"}],"wp:attachment":[{"href":"https:\/\/mueckinvest.com\/hi\/wp-json\/wp\/v2\/media?parent=1134"}],"curies":[{"name":"wp","href":"https:\/\/api.w.org\/{rel}","templated":true}]}}