{"id":4161,"date":"2026-03-23T11:00:00","date_gmt":"2026-03-23T10:00:00","guid":{"rendered":"https:\/\/mueckinvest.com\/?page_id=4161"},"modified":"2026-03-23T11:00:00","modified_gmt":"2026-03-23T10:00:00","slug":"analyses","status":"publish","type":"page","link":"https:\/\/mueckinvest.com\/fr\/analysen\/","title":{"rendered":"Analyses"},"content":{"rendered":"<p>Les analyses suivantes offrent un aper\u00e7u concis des principaux d\u00e9veloppements sur les march\u00e9s financiers. Chaque cat\u00e9gorie r\u00e9sume les derni\u00e8res tendances et met en lumi\u00e8re les facteurs qui influencent actuellement les march\u00e9s, les taux d&#039;int\u00e9r\u00eat, les mati\u00e8res premi\u00e8res, l&#039;immobilier et les cryptomonnaies. Les articles sont mis \u00e0 jour automatiquement et leur consultation est ais\u00e9e, garantissant ainsi l&#039;acc\u00e8s permanent aux analyses les plus r\u00e9centes.<\/p>\n\n\n    <form method=\"GET\" class=\"mi-analysis-filter\" style=\"margin-bottom:25px;\" action=\"\">\n\n        <label>ann\u00e9e :<\/label>\n        <select name=\"jahr\">\n                            <option value=\"2026\" selected>2026<\/option>\n                            <option value=\"2025\" >2025<\/option>\n                    <\/select>\n\n        <label style=\"margin-left:20px;\">Quart:<\/label>\n        <select name=\"quartal\">\n            <option value=\"0\"  selected>Tous les<\/option>\n            <option value=\"1\"  >T1 (janvier-mars)<\/option>\n            <option value=\"2\"  >T2 (avril-juin)<\/option>\n            <option value=\"3\"  >T3 (juillet-septembre)<\/option>\n            <option value=\"4\"  >T4 (oct.-d\u00e9c.)<\/option>\n        <\/select>\n\n        <button type=\"submit\" style=\"margin-left:20px;\">Filtre<\/button>\n\n    <input type=\"hidden\" name=\"trp-form-language\" value=\"fr\"\/><\/form>\n    <h4>Analyse du march\u00e9<\/h4><ul class=\"mi-analysis-list\"><li><a href=\"https:\/\/mueckinvest.com\/fr\/marktanalyse-maerz-2026\/\">Marktanalyse: M\u00e4rz 2026<\/a> <span style=\"opacity:0.6;\">(04/01/2026)<\/span><\/li><li><a href=\"https:\/\/mueckinvest.com\/fr\/marktanalyse-februar-2026\/\">Analyse de march\u00e9 : f\u00e9vrier 2026<\/a> <span style=\"opacity:0.6;\">(03/01/2026)<\/span><\/li><li><a href=\"https:\/\/mueckinvest.com\/fr\/marktanalyse-januar-2026\/\">Analyse de march\u00e9 : janvier 2026<\/a> <span style=\"opacity:0.6;\">(02/01/2026)<\/span><\/li><\/ul><h4>Analyse crypto<\/h4><ul class=\"mi-analysis-list\"><li><a href=\"https:\/\/mueckinvest.com\/fr\/crypto-analyse-23-maerz-2026\/\">Crypto-Analyse: M\u00e4rz 2026<\/a> <span style=\"opacity:0.6;\">(18/03/2026)<\/span><\/li><\/ul><h4>Analyse immobili\u00e8re<\/h4><ul class=\"mi-analysis-list\"><li><a href=\"https:\/\/mueckinvest.com\/fr\/immobilienanalyse-maerz-2026\/\">Immobilienanalyse: M\u00e4rz 2026<\/a> <span style=\"opacity:0.6;\">(25/03/2026)<\/span><\/li><\/ul><h4>Analyse des mati\u00e8res premi\u00e8res<\/h4><ul class=\"mi-analysis-list\"><li><a href=\"https:\/\/mueckinvest.com\/fr\/rohstoffanalyse-maerz-2026\/\">Rohstoffanalyse: M\u00e4rz 2026<\/a> <span style=\"opacity:0.6;\">(03/11/2026)<\/span><\/li><\/ul><h4>Radar sectoriel<\/h4><ul class=\"mi-analysis-list\"><li><a href=\"https:\/\/mueckinvest.com\/fr\/sektor-radar-maerz-2026\/\">Sektor-Radar: M\u00e4rz 2026<\/a> <span style=\"opacity:0.6;\">(03/08/2026)<\/span><\/li><\/ul><h4>Analyse des devises<\/h4><ul class=\"mi-analysis-list\"><li><a href=\"https:\/\/mueckinvest.com\/fr\/waehrungsanalyse-maerz-2026\/\">W\u00e4hrungsanalyse: M\u00e4rz 2026<\/a> <span style=\"opacity:0.6;\">(15/03/2026)<\/span><\/li><\/ul><h4>Analyse des taux d&#039;int\u00e9r\u00eat<\/h4><ul class=\"mi-analysis-list\"><li><a href=\"https:\/\/mueckinvest.com\/fr\/zinsanalyse-april-2026\/\">Zinsanalyse: April 2026<\/a> <span style=\"opacity:0.6;\">(04/04/2026)<\/span><\/li><li><a href=\"https:\/\/mueckinvest.com\/fr\/zinsanalyse-maerz-2026\/\">Zinsanalyse: M\u00e4rz 2026<\/a> <span style=\"opacity:0.6;\">(03/04/2026)<\/span><\/li><\/ul><h4>Analyse annuelle<\/h4><ul class=\"mi-analysis-list\"><li style=\"opacity:0.6;\">Aucun message publi\u00e9 durant la p\u00e9riode s\u00e9lectionn\u00e9e.<\/li><\/ul>","protected":false},"excerpt":{"rendered":"<div class=\"pmpro\"><div class=\"pmpro_card pmpro_content_message\"><h2 class=\"pmpro_card_title pmpro_font-large\"><svg xmlns=\"http:\/\/www.w3.org\/2000\/svg\" width=\"24\" height=\"24\" viewbox=\"0 0 24 24\" fill=\"none\" stroke=\"var(--pmpro--color--accent)\" stroke-width=\"2\" stroke-linecap=\"round\" stroke-linejoin=\"round\" class=\"feather feather-lock\"><rect x=\"3\" y=\"11\" width=\"18\" height=\"11\" rx=\"2\" ry=\"2\"><\/rect><path d=\"M7 11V7a5 5 0 0 1 10 0v4\"><\/path><\/svg>Membership Required<\/h2><div class=\"pmpro_card_content\"><p> You must be a member to access this content.<\/p><p><a class=\"pmpro_btn\" href=\"https:\/\/mueckinvest.com\/fr\/pakete\/\">View Membership Levels<\/a><\/p><\/div><div class=\"pmpro_card_actions pmpro_font-medium\">Already a member? <a href=\"https:\/\/mueckinvest.com\/fr\/login-2\/?redirect_to=https%3A%2F%2Fmueckinvest.com%2Ffr%2Fzinsanalyse-maerz-2026%2F\">Log in here<\/a><\/div><\/div><\/div>","protected":false},"author":1,"featured_media":0,"parent":0,"menu_order":0,"comment_status":"closed","ping_status":"closed","template":"","meta":{"pmpro_default_level":"","_monsterinsights_skip_tracking":false,"_monsterinsights_sitenote_active":false,"_monsterinsights_sitenote_note":"","_monsterinsights_sitenote_category":0,"footnotes":""},"class_list":["post-4161","page","type-page","status-publish","hentry","pmpro-has-access"],"aioseo_notices":[],"_links":{"self":[{"href":"https:\/\/mueckinvest.com\/fr\/wp-json\/wp\/v2\/pages\/4161","targetHints":{"allow":["GET"]}}],"collection":[{"href":"https:\/\/mueckinvest.com\/fr\/wp-json\/wp\/v2\/pages"}],"about":[{"href":"https:\/\/mueckinvest.com\/fr\/wp-json\/wp\/v2\/types\/page"}],"author":[{"embeddable":true,"href":"https:\/\/mueckinvest.com\/fr\/wp-json\/wp\/v2\/users\/1"}],"replies":[{"embeddable":true,"href":"https:\/\/mueckinvest.com\/fr\/wp-json\/wp\/v2\/comments?post=4161"}],"version-history":[{"count":1,"href":"https:\/\/mueckinvest.com\/fr\/wp-json\/wp\/v2\/pages\/4161\/revisions"}],"predecessor-version":[{"id":4162,"href":"https:\/\/mueckinvest.com\/fr\/wp-json\/wp\/v2\/pages\/4161\/revisions\/4162"}],"wp:attachment":[{"href":"https:\/\/mueckinvest.com\/fr\/wp-json\/wp\/v2\/media?parent=4161"}],"curies":[{"name":"wp","href":"https:\/\/api.w.org\/{rel}","templated":true}]}}