{"id":3984,"date":"2026-03-13T11:00:00","date_gmt":"2026-03-13T10:00:00","guid":{"rendered":"https:\/\/mueckinvest.com\/?page_id=3984"},"modified":"2026-03-17T17:00:00","modified_gmt":"2026-03-17T16:00:00","slug":"histoire","status":"publish","type":"page","link":"https:\/\/mueckinvest.com\/fr\/geschichte\/","title":{"rendered":"Histoire, d\u00e9veloppement et feuille de route"},"content":{"rendered":"<p><strong>Pourquoi je montre ouvertement mon d\u00e9veloppement<\/strong><\/p>\n\n\n\n<p>Il est important pour moi de montrer en toute transparence comment Mueckinvest s&#039;est d\u00e9velopp\u00e9 \u00e9tape par \u00e9tape. Dans le secteur financier notamment, la confiance est essentielle\u00a0; or, elle se construit en comprenant comment un produit est cr\u00e9\u00e9, \u00e9volue et s&#039;am\u00e9liore. C&#039;est pourquoi je documente mon parcours depuis 2025 et pr\u00e9sente clairement mes projets en cours, mes r\u00e9alisations et mes prochaines \u00e9tapes.<\/p>\n\n\n\n<details class=\"wp-block-details is-layout-flow wp-block-details-is-layout-flow\"><summary><strong>2025<\/strong><\/summary>\n<h2 class=\"wp-block-heading\">Ao\u00fbt 2025 \u2013 Phase d&#039;analyse\u00a0: focus sur Wikifolios<\/h2>\n\n\n\n<p>Le point de d\u00e9part de Mueckinvest. Durant cette phase, l&#039;accent a \u00e9t\u00e9 mis sur l&#039;analyse d\u00e9taill\u00e9e des portefeuilles num\u00e9riques, des strat\u00e9gies d&#039;investissement et des erreurs courantes des investisseurs. Les enseignements tir\u00e9s ont jet\u00e9 les bases de l&#039;id\u00e9e ult\u00e9rieure d&#039;une plateforme financi\u00e8re claire, accessible et orient\u00e9e vers le long terme.<\/p>\n\n\n\n<h2 class=\"wp-block-heading\">Octobre 2025 \u2013 Cr\u00e9ation du premier site web et de la marque<\/h2>\n\n\n\n<p>La premi\u00e8re version du site web de Mueckinvest a \u00e9t\u00e9 mise en ligne. L&#039;objectif \u00e9tait de pr\u00e9senter les connaissances financi\u00e8res de mani\u00e8re structur\u00e9e et compr\u00e9hensible. Parall\u00e8lement, l&#039;identit\u00e9 de marque a \u00e9t\u00e9 d\u00e9velopp\u00e9e\u00a0: minimaliste, factuelle et ax\u00e9e sur le long terme.<\/p>\n\n\n\n<h2 class=\"wp-block-heading\">D\u00e9cembre 2025 \u2013 Explorations th\u00e9matiques approfondies<\/h2>\n\n\n\n<p>Le travail intensif sur le contenu a commenc\u00e9. Des projets d&#039;envergure ont \u00e9t\u00e9 cr\u00e9\u00e9s. <a href=\"https:\/\/mueckinvest.com\/fr\/themes-deep-dive\/\" title=\"Th\u00e8mes Deep-Dive\">Plong\u00e9es en profondeur<\/a> ETF, risque, diversification, <a href=\"https:\/\/mueckinvest.com\/fr\/reequilibrage\/\" title=\"R\u00e9\u00e9quilibrage\">R\u00e9\u00e9quilibrage <\/a>et des strat\u00e9gies d&#039;investissement \u00e0 long terme. Ce contenu a ensuite constitu\u00e9 la base de connaissances de l&#039;IA Mueckinvest.<\/p>\n<\/details>\n\n\n\n<details class=\"wp-block-details is-layout-flow wp-block-details-is-layout-flow\"><summary><strong>2026<\/strong><\/summary>\n<h2 class=\"wp-block-heading\">Janvier 2026 \u2013 D\u00e9but du d\u00e9veloppement de l&#039;application Android<\/h2>\n\n\n\n<p>Lancement officiel de la mise en \u0153uvre technique. L&#039;architecture a \u00e9t\u00e9 con\u00e7ue pour \u00eatre l\u00e9g\u00e8re, \u00e9volutive et applicable \u00e0 l&#039;\u00e9chelle mondiale. Les premiers prototypes d&#039;interface utilisateur et le mod\u00e8le de donn\u00e9es pour les informations sur les ETF ont \u00e9t\u00e9 d\u00e9velopp\u00e9s.<\/p>\n\n\n\n<h2 class=\"wp-block-heading\">F\u00e9vrier 2026 \u2013 Mise en place de l&#039;IA<\/h2>\n\n\n\n<p>D\u00e9but du <a href=\"https:\/\/mueckinvest.com\/fr\/mueckinvest-ki\/\" title=\"Mueckinvest KI\">Int\u00e9gration de l&#039;IA<\/a> L\u2019accent est mis sur une v\u00e9ritable expertise explicative plut\u00f4t que sur des r\u00e9ponses g\u00e9n\u00e9riques. D\u00e9veloppement du pipeline RAG, des premiers plongements lexicaux et des structures de bases de donn\u00e9es vectorielles. Parall\u00e8lement, la planification d\u2019une prise en charge multilingue en vue d\u2019un d\u00e9ploiement mondial a \u00e9t\u00e9 lanc\u00e9e.<\/p>\n\n\n\n<h2 class=\"wp-block-heading\">17 mars 2026 \u2013 Le lancement est termin\u00e9 \ud83c\udf0d<\/h2>\n\n\n\n<p>Android <a href=\"https:\/\/mueckinvest.com\/fr\/application-android\/\" title=\"Application Mueckinvest\">Application Mueckinvest<\/a> C&#039;est d\u00e9sormais op\u00e9rationnel. Apr\u00e8s une pr\u00e9paration intensive, l&#039;infrastructure mondiale est en place, les serveurs fonctionnent parfaitement et l&#039;IA produit d\u00e9j\u00e0 d&#039;excellents r\u00e9sultats.<\/p>\n<\/details>\n\n\n\n<details class=\"wp-block-details is-layout-flow wp-block-details-is-layout-flow\"><summary><strong>Planification \/ Feuille de route<\/strong><\/summary>\n<h2 class=\"wp-block-heading\">Avril \u2013 juin 2026<\/h2>\n\n\n\n<p>Le d\u00e9veloppement d\u00e9bute sur la version iOS native de \u201e\u00a0Mueckinvest\u00a0\u201c et \u201e\u00a0Mueckinvest AI\u00a0\u201c. L\u2019objectif est de proposer une application stable, rapide et intuitive qui compl\u00e8te parfaitement l\u2019exp\u00e9rience utilisateur existante sur le web et Android.<\/p>\n\n\n\n<p>Parall\u00e8lement \u00e0 l&#039;application Android (\u201e\u00a0Mueckinvest\u00a0\u201c), l&#039;application autonome \u201e\u00a0Mueckinvest AI\u00a0\u201c sera lanc\u00e9e. Elle propose un chat IA sp\u00e9cialis\u00e9 sur les ETF, l&#039;investissement \u00e0 long terme et l&#039;\u00e9ducation financi\u00e8re, optimis\u00e9 pour 20 langues et destin\u00e9 aux utilisateurs internationaux.<\/p>\n\n\n\n<h2 class=\"wp-block-heading\">D&#039;ici fin 2026<\/h2>\n\n\n\n<p><strong>Stabilit\u00e9 de l&#039;architecture<\/strong>D&#039;ici la fin de l&#039;ann\u00e9e, l&#039;accent sera mis sur le renforcement de l&#039;infrastructure technique de Mueckinvest. L&#039;architecture serveur et base de donn\u00e9es existante fera l&#039;objet d&#039;une surveillance continue, d&#039;une optimisation et de tests en conditions r\u00e9elles d&#039;utilisation. L&#039;objectif est de disposer d&#039;une plateforme stable, \u00e9volutive et fiable pour tous les march\u00e9s internationaux.<\/p>\n\n\n\n<p><strong>Correction de bugs en cours<\/strong>Gr\u00e2ce \u00e0 l&#039;\u00e9largissement des fonctionnalit\u00e9s et aux premiers retours des utilisateurs, l&#039;analyse syst\u00e9matique des erreurs est d\u00e9sormais au c\u0153ur des pr\u00e9occupations. Les bugs identifi\u00e9s sont corrig\u00e9s rapidement, les processus sont optimis\u00e9s et les performances globales des applications sont ainsi am\u00e9lior\u00e9es.<\/p>\n\n\n\n<p><strong>Assurance qualit\u00e9 et mise au point<\/strong>Outre les ajustements techniques, l&#039;interface utilisateur, les temps de chargement, la qualit\u00e9 de r\u00e9ponse de l&#039;IA et la prise en charge multilingue font l&#039;objet d&#039;optimisations continues. L&#039;objectif est de faire de Mueckinvest une plateforme d&#039;IA financi\u00e8re stable, performante et d\u00e9ployable \u00e0 l&#039;international d&#039;ici la fin de l&#039;ann\u00e9e.<\/p>\n<\/details>","protected":false},"excerpt":{"rendered":"<p>Warum ich meine Entwicklung offen zeige F\u00fcr mich ist es wichtig, transparent zu zeigen, wie sich Mueckinvest Schritt f\u00fcr Schritt entwickelt hat. Gerade im Finanzbereich z\u00e4hlt Vertrauen \u2013 und Vertrauen entsteht, wenn man nachvollziehen kann, wie ein Produkt entsteht, w\u00e4chst und sich verbessert. Deshalb dokumentiere ich meinen Weg seit 2025 und zeige klar, woran ich [&hellip;]<\/p>\n","protected":false},"author":1,"featured_media":0,"parent":0,"menu_order":0,"comment_status":"closed","ping_status":"closed","template":"","meta":{"pmpro_default_level":"","_monsterinsights_skip_tracking":false,"_monsterinsights_sitenote_active":false,"_monsterinsights_sitenote_note":"","_monsterinsights_sitenote_category":0,"footnotes":""},"class_list":["post-3984","page","type-page","status-publish","hentry","pmpro-has-access"],"aioseo_notices":[],"_links":{"self":[{"href":"https:\/\/mueckinvest.com\/fr\/wp-json\/wp\/v2\/pages\/3984","targetHints":{"allow":["GET"]}}],"collection":[{"href":"https:\/\/mueckinvest.com\/fr\/wp-json\/wp\/v2\/pages"}],"about":[{"href":"https:\/\/mueckinvest.com\/fr\/wp-json\/wp\/v2\/types\/page"}],"author":[{"embeddable":true,"href":"https:\/\/mueckinvest.com\/fr\/wp-json\/wp\/v2\/users\/1"}],"replies":[{"embeddable":true,"href":"https:\/\/mueckinvest.com\/fr\/wp-json\/wp\/v2\/comments?post=3984"}],"version-history":[{"count":13,"href":"https:\/\/mueckinvest.com\/fr\/wp-json\/wp\/v2\/pages\/3984\/revisions"}],"predecessor-version":[{"id":4021,"href":"https:\/\/mueckinvest.com\/fr\/wp-json\/wp\/v2\/pages\/3984\/revisions\/4021"}],"wp:attachment":[{"href":"https:\/\/mueckinvest.com\/fr\/wp-json\/wp\/v2\/media?parent=3984"}],"curies":[{"name":"wp","href":"https:\/\/api.w.org\/{rel}","templated":true}]}}