{"id":4161,"date":"2026-03-23T11:00:00","date_gmt":"2026-03-23T10:00:00","guid":{"rendered":"https:\/\/mueckinvest.com\/?page_id=4161"},"modified":"2026-03-23T11:00:00","modified_gmt":"2026-03-23T10:00:00","slug":"analisis","status":"publish","type":"page","link":"https:\/\/mueckinvest.com\/es\/analysen\/","title":{"rendered":"An\u00e1lisis"},"content":{"rendered":"<p>Los siguientes an\u00e1lisis ofrecen una visi\u00f3n general concisa de los acontecimientos m\u00e1s importantes en los mercados financieros. Cada categor\u00eda resume las \u00faltimas tendencias y muestra qu\u00e9 factores est\u00e1n influyendo actualmente en los mercados, los tipos de inter\u00e9s, las materias primas, el sector inmobiliario y las criptomonedas. Los art\u00edculos se actualizan autom\u00e1ticamente y se pueden consultar f\u00e1cilmente, lo que garantiza que siempre se disponga de las evaluaciones m\u00e1s recientes.<\/p>\n\n\n    <form method=\"GET\" class=\"mi-analysis-filter\" style=\"margin-bottom:25px;\" action=\"\">\n\n        <label>A\u00f1o:<\/label>\n        <select name=\"jahr\">\n                            <option value=\"2026\" selected>2026<\/option>\n                            <option value=\"2025\" >2025<\/option>\n                    <\/select>\n\n        <label style=\"margin-left:20px;\">Cuarto:<\/label>\n        <select name=\"quartal\">\n            <option value=\"0\"  selected>Todos<\/option>\n            <option value=\"1\"  >Primer trimestre (enero-marzo)<\/option>\n            <option value=\"2\"  >Segundo trimestre (abril-junio)<\/option>\n            <option value=\"3\"  >Tercer trimestre (julio-septiembre)<\/option>\n            <option value=\"4\"  >Cuarto trimestre (octubre-diciembre)<\/option>\n        <\/select>\n\n        <button type=\"submit\" style=\"margin-left:20px;\">Filtrar<\/button>\n\n    <input type=\"hidden\" name=\"trp-form-language\" value=\"es\"\/><\/form>\n    <h4>An\u00e1lisis del mercado<\/h4><ul class=\"mi-analysis-list\"><li><a href=\"https:\/\/mueckinvest.com\/es\/marktanalyse-maerz-2026\/\">Marktanalyse: M\u00e4rz 2026<\/a> <span style=\"opacity:0.6;\">(04/01/2026)<\/span><\/li><li><a href=\"https:\/\/mueckinvest.com\/es\/marktanalyse-februar-2026\/\">An\u00e1lisis de mercado: febrero de 2026<\/a> <span style=\"opacity:0.6;\">(03/01/2026)<\/span><\/li><li><a href=\"https:\/\/mueckinvest.com\/es\/marktanalyse-januar-2026\/\">An\u00e1lisis del mercado: enero de 2026<\/a> <span style=\"opacity:0.6;\">(02/01/2026)<\/span><\/li><\/ul><h4>An\u00e1lisis criptogr\u00e1fico<\/h4><ul class=\"mi-analysis-list\"><li><a href=\"https:\/\/mueckinvest.com\/es\/crypto-analyse-23-maerz-2026\/\">Crypto-Analyse: M\u00e4rz 2026<\/a> <span style=\"opacity:0.6;\">(18/03/2026)<\/span><\/li><\/ul><h4>An\u00e1lisis inmobiliario<\/h4><ul class=\"mi-analysis-list\"><li><a href=\"https:\/\/mueckinvest.com\/es\/immobilienanalyse-maerz-2026\/\">Immobilienanalyse: M\u00e4rz 2026<\/a> <span style=\"opacity:0.6;\">(25/03/2026)<\/span><\/li><\/ul><h4>An\u00e1lisis de materia prima<\/h4><ul class=\"mi-analysis-list\"><li><a href=\"https:\/\/mueckinvest.com\/es\/rohstoffanalyse-maerz-2026\/\">Rohstoffanalyse: M\u00e4rz 2026<\/a> <span style=\"opacity:0.6;\">(03/11/2026)<\/span><\/li><\/ul><h4>Radar sectorial<\/h4><ul class=\"mi-analysis-list\"><li><a href=\"https:\/\/mueckinvest.com\/es\/sektor-radar-maerz-2026\/\">Sektor-Radar: M\u00e4rz 2026<\/a> <span style=\"opacity:0.6;\">(03/08/2026)<\/span><\/li><\/ul><h4>An\u00e1lisis de divisas<\/h4><ul class=\"mi-analysis-list\"><li><a href=\"https:\/\/mueckinvest.com\/es\/waehrungsanalyse-maerz-2026\/\">W\u00e4hrungsanalyse: M\u00e4rz 2026<\/a> <span style=\"opacity:0.6;\">(15/03/2026)<\/span><\/li><\/ul><h4>An\u00e1lisis de tipos de inter\u00e9s<\/h4><ul class=\"mi-analysis-list\"><li><a href=\"https:\/\/mueckinvest.com\/es\/zinsanalyse-april-2026\/\">Zinsanalyse: April 2026<\/a> <span style=\"opacity:0.6;\">(04/04/2026)<\/span><\/li><li><a href=\"https:\/\/mueckinvest.com\/es\/zinsanalyse-maerz-2026\/\">Zinsanalyse: M\u00e4rz 2026<\/a> <span style=\"opacity:0.6;\">(03/04/2026)<\/span><\/li><\/ul><h4>An\u00e1lisis anual<\/h4><ul class=\"mi-analysis-list\"><li style=\"opacity:0.6;\">No hay publicaciones en el per\u00edodo seleccionado.<\/li><\/ul>","protected":false},"excerpt":{"rendered":"<div class=\"pmpro\"><div class=\"pmpro_card pmpro_content_message\"><h2 class=\"pmpro_card_title pmpro_font-large\"><svg xmlns=\"http:\/\/www.w3.org\/2000\/svg\" width=\"24\" height=\"24\" viewbox=\"0 0 24 24\" fill=\"none\" stroke=\"var(--pmpro--color--accent)\" stroke-width=\"2\" stroke-linecap=\"round\" stroke-linejoin=\"round\" class=\"feather feather-lock\"><rect x=\"3\" y=\"11\" width=\"18\" height=\"11\" rx=\"2\" ry=\"2\"><\/rect><path d=\"M7 11V7a5 5 0 0 1 10 0v4\"><\/path><\/svg>Membership Required<\/h2><div class=\"pmpro_card_content\"><p> You must be a member to access this content.<\/p><p><a class=\"pmpro_btn\" href=\"https:\/\/mueckinvest.com\/es\/pakete\/\">View Membership Levels<\/a><\/p><\/div><div class=\"pmpro_card_actions pmpro_font-medium\">Already a member? <a href=\"https:\/\/mueckinvest.com\/es\/login-2\/?redirect_to=https%3A%2F%2Fmueckinvest.com%2Fes%2Fzinsanalyse-maerz-2026%2F\">Log in here<\/a><\/div><\/div><\/div>","protected":false},"author":1,"featured_media":0,"parent":0,"menu_order":0,"comment_status":"closed","ping_status":"closed","template":"","meta":{"pmpro_default_level":"","_monsterinsights_skip_tracking":false,"_monsterinsights_sitenote_active":false,"_monsterinsights_sitenote_note":"","_monsterinsights_sitenote_category":0,"footnotes":""},"class_list":["post-4161","page","type-page","status-publish","hentry","pmpro-has-access"],"aioseo_notices":[],"_links":{"self":[{"href":"https:\/\/mueckinvest.com\/es\/wp-json\/wp\/v2\/pages\/4161","targetHints":{"allow":["GET"]}}],"collection":[{"href":"https:\/\/mueckinvest.com\/es\/wp-json\/wp\/v2\/pages"}],"about":[{"href":"https:\/\/mueckinvest.com\/es\/wp-json\/wp\/v2\/types\/page"}],"author":[{"embeddable":true,"href":"https:\/\/mueckinvest.com\/es\/wp-json\/wp\/v2\/users\/1"}],"replies":[{"embeddable":true,"href":"https:\/\/mueckinvest.com\/es\/wp-json\/wp\/v2\/comments?post=4161"}],"version-history":[{"count":1,"href":"https:\/\/mueckinvest.com\/es\/wp-json\/wp\/v2\/pages\/4161\/revisions"}],"predecessor-version":[{"id":4162,"href":"https:\/\/mueckinvest.com\/es\/wp-json\/wp\/v2\/pages\/4161\/revisions\/4162"}],"wp:attachment":[{"href":"https:\/\/mueckinvest.com\/es\/wp-json\/wp\/v2\/media?parent=4161"}],"curies":[{"name":"wp","href":"https:\/\/api.w.org\/{rel}","templated":true}]}}